{"id":1263,"date":"2025-06-23T00:28:47","date_gmt":"2025-06-23T00:28:47","guid":{"rendered":"https:\/\/trustpack.lt\/?page_id=1263"},"modified":"2025-07-07T05:24:46","modified_gmt":"2025-07-07T05:24:46","slug":"purchasing-policy","status":"publish","type":"page","link":"https:\/\/trustpack.lt\/en\/purchasing-policy\/","title":{"rendered":"Purchase policy"},"content":{"rendered":"<div data-elementor-type=\"wp-page\" data-elementor-id=\"1263\" class=\"elementor elementor-1263\">\n\t\t\t\t<div class=\"elementor-element elementor-element-3e0f08f e-flex e-con-boxed e-con e-parent\" data-id=\"3e0f08f\" data-element_type=\"container\">\n\t\t\t\t\t<div class=\"e-con-inner\">\n\t\t<div class=\"elementor-element elementor-element-2677945 e-con-full e-flex e-con e-child\" data-id=\"2677945\" data-element_type=\"container\">\n\t\t\t\t<div class=\"elementor-element elementor-element-79633a6 elementor-widget elementor-widget-heading\" data-id=\"79633a6\" data-element_type=\"widget\" data-widget_type=\"heading.default\">\n\t\t\t\t<div class=\"elementor-widget-container\">\n\t\t\t\t\t<h2 class=\"elementor-heading-title elementor-size-default\">Purchase policy<\/h2>\t\t\t\t<\/div>\n\t\t\t\t<\/div>\n\t\t\t\t<div class=\"elementor-element elementor-element-dc57f45 elementor-widget-divider--view-line elementor-widget elementor-widget-divider\" data-id=\"dc57f45\" data-element_type=\"widget\" data-widget_type=\"divider.default\">\n\t\t\t\t<div class=\"elementor-widget-container\">\n\t\t\t\t\t\t\t<div class=\"elementor-divider\">\n\t\t\t<span class=\"elementor-divider-separator\">\n\t\t\t\t\t\t<\/span>\n\t\t<\/div>\n\t\t\t\t\t\t<\/div>\n\t\t\t\t<\/div>\n\t\t\t\t<div class=\"elementor-element elementor-element-6b864b3 elementor-widget elementor-widget-heading\" data-id=\"6b864b3\" data-element_type=\"widget\" data-widget_type=\"heading.default\">\n\t\t\t\t<div class=\"elementor-widget-container\">\n\t\t\t\t\t<h2 class=\"elementor-heading-title elementor-size-default\">JSC \"Trustpack\" PURCHASE POLICY<\/h2>\t\t\t\t<\/div>\n\t\t\t\t<\/div>\n\t\t\t\t<div class=\"elementor-element elementor-element-4b2b3ff elementor-widget elementor-widget-text-editor\" data-id=\"4b2b3ff\" data-element_type=\"widget\" data-widget_type=\"text-editor.default\">\n\t\t\t\t<div class=\"elementor-widget-container\">\n\t\t\t\t\t\t\t\t\t<p>When making purchases, we pay the greatest attention to their transparency and are guided by the principles of honesty and fairness.<\/p><p>WE AIM to ensure that our products are of the highest quality. The success of our products always depends on the quality of the raw materials, therefore we strive to meet the requirements of each customer to the maximum.<\/p><p>Our activities COMPLY with all legal norms and acts. We adhere to the established procurement ethics:<\/p>\t\t\t\t\t\t\t\t<\/div>\n\t\t\t\t<\/div>\n\t\t\t\t<div class=\"elementor-element elementor-element-76b6430 elementor-icon-list--layout-traditional elementor-list-item-link-full_width elementor-widget elementor-widget-icon-list\" data-id=\"76b6430\" data-element_type=\"widget\" data-widget_type=\"icon-list.default\">\n\t\t\t\t<div class=\"elementor-widget-container\">\n\t\t\t\t\t\t\t<ul class=\"elementor-icon-list-items\">\n\t\t\t\t\t\t\t<li class=\"elementor-icon-list-item\">\n\t\t\t\t\t\t\t\t\t\t\t<span class=\"elementor-icon-list-icon\">\n\t\t\t\t\t\t\t<i aria-hidden=\"true\" class=\"fas fa-dot-circle\"><\/i>\t\t\t\t\t\t<\/span>\n\t\t\t\t\t\t\t\t\t\t<span class=\"elementor-icon-list-text\">Personal interests with suppliers are prohibited;<\/span>\n\t\t\t\t\t\t\t\t\t<\/li>\n\t\t\t\t\t\t\t\t<li class=\"elementor-icon-list-item\">\n\t\t\t\t\t\t\t\t\t\t\t<span class=\"elementor-icon-list-icon\">\n\t\t\t\t\t\t\t<i aria-hidden=\"true\" class=\"fas fa-dot-circle\"><\/i>\t\t\t\t\t\t<\/span>\n\t\t\t\t\t\t\t\t\t\t<span class=\"elementor-icon-list-text\">It is prohibited to receive, solicit or offer various hospitality gifts from suppliers;<\/span>\n\t\t\t\t\t\t\t\t\t<\/li>\n\t\t\t\t\t\t\t\t<li class=\"elementor-icon-list-item\">\n\t\t\t\t\t\t\t\t\t\t\t<span class=\"elementor-icon-list-icon\">\n\t\t\t\t\t\t\t<i aria-hidden=\"true\" class=\"fas fa-dot-circle\"><\/i>\t\t\t\t\t\t<\/span>\n\t\t\t\t\t\t\t\t\t\t<span class=\"elementor-icon-list-text\">Social environmental cooperation is encouraged.<\/span>\n\t\t\t\t\t\t\t\t\t<\/li>\n\t\t\t\t\t\t<\/ul>\n\t\t\t\t\t\t<\/div>\n\t\t\t\t<\/div>\n\t\t\t\t<div class=\"elementor-element elementor-element-0952492 elementor-widget elementor-widget-text-editor\" data-id=\"0952492\" data-element_type=\"widget\" data-widget_type=\"text-editor.default\">\n\t\t\t\t<div class=\"elementor-widget-container\">\n\t\t\t\t\t\t\t\t\t<p>We maintain an impartial and FAIR ATTITUDE TOWARDS SUPPLIERS and strive to build working relationships based on trust with them. Requiring our suppliers to provide quality products at the lowest possible price within a pre-agreed time, we cooperate with them, promoting environmental ideas and socially responsible business. We trust our suppliers and expect honest and long-term cooperation from them.<\/p><p>WE ENSURE THE CONFIDENTIALITY of each of our suppliers, we do not disclose or publicly publish confidential information from suppliers that we have received during our purchases.<\/p><p>We are a SOCIALLY RESPONSIBLE COMPANY, so we hope that our suppliers will work with us to find cost-cutting opportunities and reduce the environmental impact of our products.<\/p>\t\t\t\t\t\t\t\t<\/div>\n\t\t\t\t<\/div>\n\t\t\t\t<\/div>\n\t\t\t\t\t<\/div>\n\t\t\t\t<\/div>\n\t\t\t\t<\/div>","protected":false},"excerpt":{"rendered":"<p>Pirkim\u0173 politika UAB \u201eTrustpack\u201c PIRKIM\u0172 POLITIKA Vykdydami pirkimus, did\u017eiausi\u0105 d\u0117mes\u012f teikiame j\u0173 skaidrumui, remiam\u0117s s\u0105\u017einingumo bei teisingumo principais. SIEKIAME, kad m\u016bs\u0173 gaminami produktai b\u016bt\u0173 auk\u0161\u010diausios kokyb\u0117s. M\u016bs\u0173 gamini\u0173 s\u0117km\u0117 visada priklauso nuo \u017ealiav\u0173 kokyb\u0117s, tod\u0117l siekiame maksimaliai patenkinti kiekvieno kliento reikalavimus. M\u016bs\u0173 veikla ATITINKA visas teis\u0117s normas ir aktus. Vykdome nusistatyt\u0105 pirkim\u0173 etik\u0105: Draud\u017eiami asmeniniai [&hellip;]<\/p>","protected":false},"author":1,"featured_media":0,"parent":0,"menu_order":0,"comment_status":"closed","ping_status":"closed","template":"","meta":{"footnotes":""},"class_list":["post-1263","page","type-page","status-publish","hentry"],"_links":{"self":[{"href":"https:\/\/trustpack.lt\/en\/wp-json\/wp\/v2\/pages\/1263","targetHints":{"allow":["GET"]}}],"collection":[{"href":"https:\/\/trustpack.lt\/en\/wp-json\/wp\/v2\/pages"}],"about":[{"href":"https:\/\/trustpack.lt\/en\/wp-json\/wp\/v2\/types\/page"}],"author":[{"embeddable":true,"href":"https:\/\/trustpack.lt\/en\/wp-json\/wp\/v2\/users\/1"}],"replies":[{"embeddable":true,"href":"https:\/\/trustpack.lt\/en\/wp-json\/wp\/v2\/comments?post=1263"}],"version-history":[{"count":0,"href":"https:\/\/trustpack.lt\/en\/wp-json\/wp\/v2\/pages\/1263\/revisions"}],"wp:attachment":[{"href":"https:\/\/trustpack.lt\/en\/wp-json\/wp\/v2\/media?parent=1263"}],"curies":[{"name":"wp","href":"https:\/\/api.w.org\/{rel}","templated":true}]}}