{"id":1247,"date":"2025-06-23T00:22:23","date_gmt":"2025-06-23T00:22:23","guid":{"rendered":"https:\/\/trustpack.lt\/?page_id=1247"},"modified":"2025-06-23T00:23:06","modified_gmt":"2025-06-23T00:23:06","slug":"pressifaili-nouded","status":"publish","type":"page","link":"https:\/\/trustpack.lt\/et\/pressifaili-nouded\/","title":{"rendered":"N\u00f5uded tr\u00fckkimine faili"},"content":{"rendered":"<div data-elementor-type=\"wp-page\" data-elementor-id=\"1247\" class=\"elementor elementor-1247\">\n\t\t\t\t<div class=\"elementor-element elementor-element-3e0f08f e-flex e-con-boxed e-con e-parent\" data-id=\"3e0f08f\" data-element_type=\"container\">\n\t\t\t\t\t<div class=\"e-con-inner\">\n\t\t<div class=\"elementor-element elementor-element-2677945 e-con-full e-flex e-con e-child\" data-id=\"2677945\" data-element_type=\"container\">\n\t\t\t\t<div class=\"elementor-element elementor-element-79633a6 elementor-widget elementor-widget-heading\" data-id=\"79633a6\" data-element_type=\"widget\" data-widget_type=\"heading.default\">\n\t\t\t\t<div class=\"elementor-widget-container\">\n\t\t\t\t\t<h2 class=\"elementor-heading-title elementor-size-default\">N\u00f5uded tr\u00fckkimine faili\n<\/h2>\t\t\t\t<\/div>\n\t\t\t\t<\/div>\n\t\t\t\t<div class=\"elementor-element elementor-element-dc57f45 elementor-widget-divider--view-line elementor-widget elementor-widget-divider\" data-id=\"dc57f45\" data-element_type=\"widget\" data-widget_type=\"divider.default\">\n\t\t\t\t<div class=\"elementor-widget-container\">\n\t\t\t\t\t\t\t<div class=\"elementor-divider\">\n\t\t\t<span class=\"elementor-divider-separator\">\n\t\t\t\t\t\t<\/span>\n\t\t<\/div>\n\t\t\t\t\t\t<\/div>\n\t\t\t\t<\/div>\n\t\t\t\t<div class=\"elementor-element elementor-element-8f2a5a5 elementor-widget elementor-widget-text-editor\" data-id=\"8f2a5a5\" data-element_type=\"widget\" data-widget_type=\"text-editor.default\">\n\t\t\t\t<div class=\"elementor-widget-container\">\n\t\t\t\t\t\t\t\t\t<p>Klient eostatud m\u00f5tet, t\u00f5eline toode, on minna pikk tee \u2013 alates projekteerimisest kuni ettevalmistamisest kuni toote realiseerimise.<\/p><p>Esiteks, v\u00e4ga vastutustundlik tegevus \u2013 repro (ikispaustuviniai) toimib, kui klient graafilise disaini paigutusega, et olla valmis valmistamine: valida sobivad materjalid ja tehnika.<\/p><h3>Memo valmistab pressiteade:<\/h3><p><strong>Faili formaat<\/strong>: PDF (Adobe PDF Preset: Illustraator Vaikimisi), AI, EPS, CDR. Tekstid peavad olema konverteeritud k\u00f5verad. Imporditud graphics lisatud avaldamise v\u00f5i on eraldi v\u00e4lja toodud.<\/p><p><strong>Voldikud, bro\u0161\u00fc\u00fcrid, lankstukai<\/strong>. Esitlus PDF\/X-3, suurus 1:1, u\u017eleidimai jaoks leht v\u00e4ljaspool (2 mm).<\/p><p><strong>Pakend<\/strong>:PDF (PDF ainult Adobe Illustrator, s\u00e4ilitades seda opcij\u0173 komplekt \"Illustrator default\"), AI, EPS, CDR. Disain mock-up (hotmaili, \u012fmaut\u0117 ja samalaadsete ehitust\u00f6\u00f6de, mille tootmisprotsess toimub bigavimas, raie -, ehitus -, liimimine ja t. t.) v\u00f5ib esitada avaldamiseks rakendusi (nt Adobe Indesign v\u00f5i QuarkXpress v\u00f5i i\u0161eksportuotuose PDF v\u00f5i EPS formaadis. Eraldi ringid n\u00e4itavad \u00fcletamist nuga, make-up, kohalikud, kongrevas, kiles. Need objektid olema, et v\u00e4rvi eraldi spot-v\u00e4rvi (see on soovitav, et v\u00e4rvi nimi, et kajastada vastav operatsioon, nagu \"crossing\", \"kongrevas\", \"kuldne foolium\" ja t. jne.). \u00dcletamisel nuga kasutatakse ainult l\u00f5plik, esitada meie firma ehitajalt. Suurus 1:1. U\u017eleidimai 2 mm.<\/p><p><strong>M\u00e4rgistus<\/strong>. Esitlus on sama, pakendis.<br \/>Kui m\u00e4rgistusel v\u00f5i pakend on valmistatud metalizuotam paber, see on vajalik, et t\u00e4psustada valge \"suu\" (baas) asukohad. \"Pad\" \u012fskai\u010duojamas v\u00e4rvi number.<\/p><p><strong>Graafika kvaliteet<\/strong>: imporditud skeem raster graafika, CMYK, \"Halltoonides\") resolutsioon peab olema mitte v\u00e4hem kui 300 DPI \"Bitmap\" \u2013 umbes 1200 DPI.<\/p><p><strong>V\u00e4rvikorrektsiooni profiili<\/strong>: \"Fogra39\". Kokku v\u00e4rviga katmine ei tohi \u00fcletada 260%. offset paber (Uncoated) v\u00f5i 350 protsenti. trahvi paber (Coated).<\/p><p><strong>Point on veenides<\/strong>\u00a0(Dot Gain): 20%. offset paber (Uncoated) v\u00f5i 9%. trahvi paber (Coated).<\/p><p><strong>Kasulik n\u00f5uanne Sulle.<\/strong><\/p><ul><li>V\u00e4ikeste objektide v\u00f5i tekste v\u00e4rvitud musta v\u00e4rvi (0C 0M 0Y 100B) peab olema aktiivne atribuut \"\u00fcletr\u00fckk\" (v\u00f5i \"mitu\").<\/li><li>Kui toode on ristk\u00fcliku v\u00f5i ruudu kuju, asetus m\u00f5\u00f5dud (Page setup), peab vastama apipjaut\u0105 formaadis. Toetus (suru\u00f5hu) apipjovimui ei tohi olla v\u00e4iksem kui 2 mm.<\/li><li>\u00dche korrata maketams palun m\u00e4rkida muudatused, mis ei tohiks perdarin\u0117ti kokku paigutuse (kui muudatused on neradikal\u016bs).<\/li><li>P\u00fcsiklientidele ja toote kaart, kus tooteid tuleks lepingulise identifitseerimise s\u00fcsteem, mis kajastub toote kood ja paigutus versiooni number.<\/li><li>Paigutus versiooni number on muutunud iga l\u00e4bivaatamise aja. Soovitav on, et k\u00f5ik parandused l\u00e4bi disaini agentuur, kes tarnivad paigutusega. Nii, et v\u00e4ltida ohtu, et tootmine l\u00e4heb esialgse versiooni paigutus.<\/li><li>Alati oleme avatud aruteludele ja ettepanekutele, et tugevdada koost\u00f6\u00f6d fondi ja t\u00f5husalt m\u00f5jutada \u00fcldist t\u00f6\u00f6 tulemusi.<\/li><\/ul><p>UAB \"Trustpack\" Repro \u00fcksuse t\u00f6\u00f6tajad<\/p>\t\t\t\t\t\t\t\t<\/div>\n\t\t\t\t<\/div>\n\t\t\t\t<\/div>\n\t\t\t\t\t<\/div>\n\t\t\t\t<\/div>\n\t\t\t\t<\/div>","protected":false},"excerpt":{"rendered":"<p>Reikalavimai spaudos failui Tam, kad kliento sumanyta id\u0117ja virst\u0173 realiu gaminiu, tenka nueiti ilg\u0105 keli\u0105 \u2013 nuo dizaino paruo\u0161imo iki produkto realizavimo. Pirmoji, itin atsakinga veikla \u2013 repro (ikispaustuviniai) darbai, kai klient\u0173 grafinio dizaino maketai paruo\u0161iami gamybai: parenkamos tinkamos med\u017eiagos ir technologijos. Atmintin\u0117 ruo\u0161iantiems spaudai: Byl\u0173 formatas: PDF (Adobe PDF Preset: Illustrator Default), AI, EPS, [&hellip;]<\/p>","protected":false},"author":1,"featured_media":0,"parent":0,"menu_order":0,"comment_status":"closed","ping_status":"closed","template":"","meta":{"footnotes":""},"class_list":["post-1247","page","type-page","status-publish","hentry"],"_links":{"self":[{"href":"https:\/\/trustpack.lt\/et\/wp-json\/wp\/v2\/pages\/1247","targetHints":{"allow":["GET"]}}],"collection":[{"href":"https:\/\/trustpack.lt\/et\/wp-json\/wp\/v2\/pages"}],"about":[{"href":"https:\/\/trustpack.lt\/et\/wp-json\/wp\/v2\/types\/page"}],"author":[{"embeddable":true,"href":"https:\/\/trustpack.lt\/et\/wp-json\/wp\/v2\/users\/1"}],"replies":[{"embeddable":true,"href":"https:\/\/trustpack.lt\/et\/wp-json\/wp\/v2\/comments?post=1247"}],"version-history":[{"count":0,"href":"https:\/\/trustpack.lt\/et\/wp-json\/wp\/v2\/pages\/1247\/revisions"}],"wp:attachment":[{"href":"https:\/\/trustpack.lt\/et\/wp-json\/wp\/v2\/media?parent=1247"}],"curies":[{"name":"wp","href":"https:\/\/api.w.org\/{rel}","templated":true}]}}