{"id":1263,"date":"2025-06-23T00:28:47","date_gmt":"2025-06-23T00:28:47","guid":{"rendered":"https:\/\/trustpack.lt\/?page_id=1263"},"modified":"2025-07-07T05:24:46","modified_gmt":"2025-07-07T05:24:46","slug":"ostupoliitika","status":"publish","type":"page","link":"https:\/\/trustpack.lt\/et\/ostupoliitika\/","title":{"rendered":"Riigihangete poliitika"},"content":{"rendered":"<div data-elementor-type=\"wp-page\" data-elementor-id=\"1263\" class=\"elementor elementor-1263\">\n\t\t\t\t<div class=\"elementor-element elementor-element-3e0f08f e-flex e-con-boxed e-con e-parent\" data-id=\"3e0f08f\" data-element_type=\"container\">\n\t\t\t\t\t<div class=\"e-con-inner\">\n\t\t<div class=\"elementor-element elementor-element-2677945 e-con-full e-flex e-con e-child\" data-id=\"2677945\" data-element_type=\"container\">\n\t\t\t\t<div class=\"elementor-element elementor-element-79633a6 elementor-widget elementor-widget-heading\" data-id=\"79633a6\" data-element_type=\"widget\" data-widget_type=\"heading.default\">\n\t\t\t\t<div class=\"elementor-widget-container\">\n\t\t\t\t\t<h2 class=\"elementor-heading-title elementor-size-default\">Riigihangete poliitika<\/h2>\t\t\t\t<\/div>\n\t\t\t\t<\/div>\n\t\t\t\t<div class=\"elementor-element elementor-element-dc57f45 elementor-widget-divider--view-line elementor-widget elementor-widget-divider\" data-id=\"dc57f45\" data-element_type=\"widget\" data-widget_type=\"divider.default\">\n\t\t\t\t<div class=\"elementor-widget-container\">\n\t\t\t\t\t\t\t<div class=\"elementor-divider\">\n\t\t\t<span class=\"elementor-divider-separator\">\n\t\t\t\t\t\t<\/span>\n\t\t<\/div>\n\t\t\t\t\t\t<\/div>\n\t\t\t\t<\/div>\n\t\t\t\t<div class=\"elementor-element elementor-element-6b864b3 elementor-widget elementor-widget-heading\" data-id=\"6b864b3\" data-element_type=\"widget\" data-widget_type=\"heading.default\">\n\t\t\t\t<div class=\"elementor-widget-container\">\n\t\t\t\t\t<h2 class=\"elementor-heading-title elementor-size-default\">UAB \"Trustpack RIIGIHANGETE POLIITIKA<\/h2>\t\t\t\t<\/div>\n\t\t\t\t<\/div>\n\t\t\t\t<div class=\"elementor-element elementor-element-4b2b3ff elementor-widget elementor-widget-text-editor\" data-id=\"4b2b3ff\" data-element_type=\"widget\" data-widget_type=\"text-editor.default\">\n\t\t\t\t<div class=\"elementor-widget-container\">\n\t\t\t\t\t\t\t\t\t<p>Tulemuslikkuse riigihangete suurim t\u00e4helepanu, et anda oma l\u00e4bipaistvust, l\u00e4htuda \u00f5igluse ja \u00f5igusem\u00f5istmise p\u00f5him\u00f5tted.<\/p><p>Meie eesm\u00e4rgiks on hoida meie valmistatud tooted on k\u00f5rgeima kvaliteediga. Meie toodete edu s\u00f5ltub alati tooraine kvaliteet, seep\u00e4rast p\u00fc\u00fcame rahuldada iga kliendi n\u00f5uetele.<\/p><p>Meie tegevus koosk\u00f5las k\u00f5ikide seaduste ja m\u00e4\u00e4ruste. Me nusistatyt\u0105 hanke eetika:<\/p>\t\t\t\t\t\t\t\t<\/div>\n\t\t\t\t<\/div>\n\t\t\t\t<div class=\"elementor-element elementor-element-76b6430 elementor-icon-list--layout-traditional elementor-list-item-link-full_width elementor-widget elementor-widget-icon-list\" data-id=\"76b6430\" data-element_type=\"widget\" data-widget_type=\"icon-list.default\">\n\t\t\t\t<div class=\"elementor-widget-container\">\n\t\t\t\t\t\t\t<ul class=\"elementor-icon-list-items\">\n\t\t\t\t\t\t\t<li class=\"elementor-icon-list-item\">\n\t\t\t\t\t\t\t\t\t\t\t<span class=\"elementor-icon-list-icon\">\n\t\t\t\t\t\t\t<i aria-hidden=\"true\" class=\"fas fa-dot-circle\"><\/i>\t\t\t\t\t\t<\/span>\n\t\t\t\t\t\t\t\t\t\t<span class=\"elementor-icon-list-text\">Keelatud isiklikud huvid tarnijatega;<\/span>\n\t\t\t\t\t\t\t\t\t<\/li>\n\t\t\t\t\t\t\t\t<li class=\"elementor-icon-list-item\">\n\t\t\t\t\t\t\t\t\t\t\t<span class=\"elementor-icon-list-icon\">\n\t\t\t\t\t\t\t<i aria-hidden=\"true\" class=\"fas fa-dot-circle\"><\/i>\t\t\t\t\t\t<\/span>\n\t\t\t\t\t\t\t\t\t\t<span class=\"elementor-icon-list-text\">Keelatud mitmesuguseid k\u00fclalislahkus kingitusi tarnijate, juurdep\u00e4\u00e4su oma pakkumiste ja ettepanekutega;<\/span>\n\t\t\t\t\t\t\t\t\t<\/li>\n\t\t\t\t\t\t\t\t<li class=\"elementor-icon-list-item\">\n\t\t\t\t\t\t\t\t\t\t\t<span class=\"elementor-icon-list-icon\">\n\t\t\t\t\t\t\t<i aria-hidden=\"true\" class=\"fas fa-dot-circle\"><\/i>\t\t\t\t\t\t<\/span>\n\t\t\t\t\t\t\t\t\t\t<span class=\"elementor-icon-list-text\">Edendada sotsiaalset ja keskkonnaalast koost\u00f6\u00f6d.<\/span>\n\t\t\t\t\t\t\t\t\t<\/li>\n\t\t\t\t\t\t<\/ul>\n\t\t\t\t\t\t<\/div>\n\t\t\t\t<\/div>\n\t\t\t\t<div class=\"elementor-element elementor-element-0952492 elementor-widget elementor-widget-text-editor\" data-id=\"0952492\" data-element_type=\"widget\" data-widget_type=\"text-editor.default\">\n\t\t\t\t<div class=\"elementor-widget-container\">\n\t\t\t\t\t\t\t\t\t<p>Me s\u00e4ilitada erapooletu ja \u00d5IGLANE L\u00c4HENEMINE TARNIJATE ja p\u00fc\u00fcdma luua t\u00f6\u00f6 -, usaldus-p\u00f5hine suhteid nendega. N\u00f5udlik tarnijate, et pakkuda kvaliteetseid tooteid madalaima hinnaga v\u00f5imalik eelnevalt kokkulepitud ajal oleme nendega koost\u00f6\u00f6d, soodustada keskkonna ideid ja sotsiaalselt vastutustundlik ettev\u00f5tlus. Me toetuda meie tarnijate ja ootavad oma aus ja pikaajaline koost\u00f6\u00f6.<\/p><p>Me tagame igale tarnijate KONFIDENTSIAALSUSE, me ei avalda ja avalikult neskelbiame tarnijate konfidentsiaalset teavet, mille me saime ostude eest.<\/p><p>Meil on SOTSIAALSELT VASTUTUSTUNDLIK ETTEV\u00d5TE, seega me ootame, et tarnijad meiega otsida kulude v\u00e4hendamise v\u00f5imalusi, v\u00e4hendada toote keskkonnam\u00f5ju koormust.<\/p>\t\t\t\t\t\t\t\t<\/div>\n\t\t\t\t<\/div>\n\t\t\t\t<\/div>\n\t\t\t\t\t<\/div>\n\t\t\t\t<\/div>\n\t\t\t\t<\/div>","protected":false},"excerpt":{"rendered":"<p>Pirkim\u0173 politika UAB \u201eTrustpack\u201c PIRKIM\u0172 POLITIKA Vykdydami pirkimus, did\u017eiausi\u0105 d\u0117mes\u012f teikiame j\u0173 skaidrumui, remiam\u0117s s\u0105\u017einingumo bei teisingumo principais. SIEKIAME, kad m\u016bs\u0173 gaminami produktai b\u016bt\u0173 auk\u0161\u010diausios kokyb\u0117s. M\u016bs\u0173 gamini\u0173 s\u0117km\u0117 visada priklauso nuo \u017ealiav\u0173 kokyb\u0117s, tod\u0117l siekiame maksimaliai patenkinti kiekvieno kliento reikalavimus. M\u016bs\u0173 veikla ATITINKA visas teis\u0117s normas ir aktus. Vykdome nusistatyt\u0105 pirkim\u0173 etik\u0105: Draud\u017eiami asmeniniai [&hellip;]<\/p>","protected":false},"author":1,"featured_media":0,"parent":0,"menu_order":0,"comment_status":"closed","ping_status":"closed","template":"","meta":{"footnotes":""},"class_list":["post-1263","page","type-page","status-publish","hentry"],"_links":{"self":[{"href":"https:\/\/trustpack.lt\/et\/wp-json\/wp\/v2\/pages\/1263","targetHints":{"allow":["GET"]}}],"collection":[{"href":"https:\/\/trustpack.lt\/et\/wp-json\/wp\/v2\/pages"}],"about":[{"href":"https:\/\/trustpack.lt\/et\/wp-json\/wp\/v2\/types\/page"}],"author":[{"embeddable":true,"href":"https:\/\/trustpack.lt\/et\/wp-json\/wp\/v2\/users\/1"}],"replies":[{"embeddable":true,"href":"https:\/\/trustpack.lt\/et\/wp-json\/wp\/v2\/comments?post=1263"}],"version-history":[{"count":0,"href":"https:\/\/trustpack.lt\/et\/wp-json\/wp\/v2\/pages\/1263\/revisions"}],"wp:attachment":[{"href":"https:\/\/trustpack.lt\/et\/wp-json\/wp\/v2\/media?parent=1263"}],"curies":[{"name":"wp","href":"https:\/\/api.w.org\/{rel}","templated":true}]}}