{"id":1277,"date":"2025-06-23T00:31:50","date_gmt":"2025-06-23T00:31:50","guid":{"rendered":"https:\/\/trustpack.lt\/?page_id=1277"},"modified":"2026-02-13T12:01:25","modified_gmt":"2026-02-13T10:01:25","slug":"privaatsuspoliitika","status":"publish","type":"page","link":"https:\/\/trustpack.lt\/et\/privaatsuspoliitika\/","title":{"rendered":"Eraelu puutumatuse poliitika"},"content":{"rendered":"<div data-elementor-type=\"wp-page\" data-elementor-id=\"1277\" class=\"elementor elementor-1277\">\n\t\t\t\t<div class=\"elementor-element elementor-element-3e0f08f e-flex e-con-boxed e-con e-parent\" data-id=\"3e0f08f\" data-element_type=\"container\">\n\t\t\t\t\t<div class=\"e-con-inner\">\n\t\t<div class=\"elementor-element elementor-element-2677945 e-con-full e-flex e-con e-child\" data-id=\"2677945\" data-element_type=\"container\">\n\t\t\t\t<div class=\"elementor-element elementor-element-79633a6 elementor-widget elementor-widget-heading\" data-id=\"79633a6\" data-element_type=\"widget\" data-widget_type=\"heading.default\">\n\t\t\t\t<div class=\"elementor-widget-container\">\n\t\t\t\t\t<h2 class=\"elementor-heading-title elementor-size-default\">Eraelu puutumatuse poliitika<\/h2>\t\t\t\t<\/div>\n\t\t\t\t<\/div>\n\t\t\t\t<div class=\"elementor-element elementor-element-dc57f45 elementor-widget-divider--view-line elementor-widget elementor-widget-divider\" data-id=\"dc57f45\" data-element_type=\"widget\" data-widget_type=\"divider.default\">\n\t\t\t\t<div class=\"elementor-widget-container\">\n\t\t\t\t\t\t\t<div class=\"elementor-divider\">\n\t\t\t<span class=\"elementor-divider-separator\">\n\t\t\t\t\t\t<\/span>\n\t\t<\/div>\n\t\t\t\t\t\t<\/div>\n\t\t\t\t<\/div>\n\t\t\t\t<div class=\"elementor-element elementor-element-8f2a5a5 elementor-widget elementor-widget-text-editor\" data-id=\"8f2a5a5\" data-element_type=\"widget\" data-widget_type=\"text-editor.default\">\n\t\t\t\t<div class=\"elementor-widget-container\">\n\t\t\t\t\t\t\t\t\t<p>See eraelu Puutumatuse poliitika on m\u00f5eldud neile, kes naudivad JSC \"Trustpack\" (edaspidi Ettev\u00f5te v\u00f5i me) teenused, k\u00fclastage Firma kodulehel www.trustpack.lt (edaspidi Ala).<\/p><p>Saiti kasutades, esitades oma andmed, t\u00e4ites taotluse vormi, saatmise v\u00f5i muul viisil esitada oma elulookirjeldus (CV), j\u00e4tkates lugemas Veebilehel Te n\u00f5ustute, et olete l\u00e4bi k\u00e4esolev privaatsuspoliitika ja ei pahanda selle s\u00e4tete, samuti n\u00f5ustute, et Ettev\u00f5te Teie kohta koguda andmeid, mis Ettev\u00f5te saab, kui sa sirvida Veebilehel, kui te t\u00e4itke p\u00e4ringu vorm, saata CV v\u00f5i muul viisil kohaldata \u00c4ri\u00fchingu.<\/p><p>See eraelu Puutumatuse poliitika me ei tee teiega kokku leppida, kuidas Oma andmeid t\u00f6\u00f6deldakse. Me palun teatada, millist teavet Teie kohta kogume, kui te k\u00fclastate Saiti, kellele see teave edastada, ning kuidas me saame k\u00e4sutada.<\/p><p>Kui sa ei ole n\u00f5us, et Ettev\u00f5te Teie kohta koguda andmeid, palun \u00e4rge meile oma isikuandmeid ja\/ v\u00f5i nenar\u0161yti Kodulehel.<\/p><h5><strong>1. M\u00f5isted, mida me kasutame, see eraelu Puutumatuse poliitika<\/strong><\/h5><p><em>Isikuandmed<\/em>\u00a0\u2013 mis tahes teavet, mis k\u00e4sitleb f\u00fc\u00fcsilise isiku tuvastatud v\u00f5i tuvastatava (\"Teie\"); f\u00fc\u00fcsiline isik, kelle isikut saab tuvastada, kas isik, kelle identiteet on kas otseselt v\u00f5i kaudselt saab m\u00e4\u00e4rata, eelk\u00f5ige identifikaator, nagu nimi ja perekonnanimi, asukoha andmed ja online tunnus v\u00f5i \u00fche v\u00f5i mitme k\u00f5nealuse f\u00fc\u00fcsilise isiku f\u00fc\u00fcsikalised, f\u00fcsioloogilised, geneetilised, vaimse, majandusliku, kultuurilise v\u00f5i sotsiaalse omaduse funktsioone.<\/p><p><em>Andmesubjekti<\/em>\u00a0\u2013 f\u00fc\u00fcsilise isiku (Te), mida kasutate meie teenuseid v\u00f5i teil on seadusliku esindaja isiku v\u00f5i isiku, kes sa sirvida Saidi.<\/p><p><em>Andmete vastutav t\u00f6\u00f6tleja<\/em>\u00a0\u2013 Ettev\u00f5te UAB \"Trustpack\", mis m\u00e4\u00e4rab andmete kogumise raames, t\u00f6\u00f6tlemise eesm\u00e4rke ja meetmeid.Koduleht \u2013 Ettev\u00f5tte veebileht\u00a0<a href=\"https:\/\/trustpack.lt\/et\/\">www.trustpack.lt<\/a>.<\/p><p><em>K\u00fcpsis (eng. selles k\u00fcpsis)<\/em>\u00a0\u2013 madalad-k\u00f5ige sagedamini kasutatakse teksti sisaldav fail identifitseerimisnumber, mis saadetakse igale andmesubjekti seade, mis \u00fchendab see v\u00f5i online Veebilehel. K\u00fcpsised on salvestatud andmesubjekti seadet ainult nende n\u00f5usolekul. Nad v\u00f5imaldavad teil j\u00e4lgida andmesubjekti meetmete Veebilehel, andmete kogumist, et tagada selle t\u00f5rgeteta toimimine Saidi toimimist, kontrollida statistilist teavet, et pakkuda kohandatud pakub.<\/p><p><em>Otseturustuse<\/em>\u00a0\u2013 tegevused, m\u00f5ned andmed andmesubjektile, spetsialiseeritud ettepanekud telefoni teel, e-posti. posti teel v\u00f5i mis tahes muul moel, et pakkuda ja\/ v\u00f5i pakkuda Ettev\u00f5tte kaupade \/ teenuste kontaktisikute vaatamine v\u00f5i saada muud vastust.<\/p><p><em>Andmekaitse seadused<\/em>\u00a0\u2013 2016. aastal. 27. aprillil. Euroopa Parlamendi ja N\u00f5ukogu m\u00e4\u00e4ruse (EL) 2016\/679 kohta f\u00fc\u00fcsiliste isikute kaitse kohta seoses isikuandmete t\u00f6\u00f6tlemise ja selliste andmete vaba liikumise kohta ja millega tunnistatakse kehtetuks Direktiiv 95\/46\/E\u00dc (isikuandmete kaitse \u00fcldm\u00e4\u00e4rus), Leedu Vabariigi juriidiliste isikuandmete kaitse seaduse, riigi p\u00e4deva institutsiooni kehtestatud eeskirjad isikuandmete t\u00f6\u00f6tlemine.<\/p><h5><strong>2. Milliseid p\u00f5him\u00f5tteid j\u00e4rgime isikuandmete t\u00f6\u00f6tlemisel?\u00a0<\/strong><\/h5><p>Me vajame Teie isikuandmeid tuleb t\u00f6\u00f6delda \u00f5iglaselt, l\u00e4bipaistvalt ja seaduslik. Patikiname, et k\u00f5ik isikuandmeid t\u00f6\u00f6deldakse koosk\u00f5las Isikuandmete kaitset k\u00e4sitlevad \u00f5igusaktid, mis reguleerib isikuandmete t\u00f6\u00f6tlemist.<\/p><p>Tagame, et me koguda \u00fcksnes neid isikuandmeid, mis on vajalikud rakendamine Ettev\u00f5tte eesm\u00e4rke, me tahame, et Teie andmeid t\u00f6\u00f6deldakse \u00fcksnes eesm\u00e4rgil, milleks neid koguti ja ainult m\u00e4\u00e4ral, mis on vajalik konkreetse isikuandmete t\u00f6\u00f6tlemise eesm\u00e4rgi saavutamiseks. Me garanteerime, et meil v\u00f5tavad k\u00f5ik vajalikud meetmed tagamaks, et ebat\u00e4psed v\u00f5i eba\u00f5iged andmed nii kiiresti kui v\u00f5imalik, kustutatakse v\u00f5i korrigeeritud \u00f5ige.<\/p><p>Isikuandmete t\u00f6\u00f6tlemise maht s\u00f5ltub, millist teavet V\u00f5ite pakkuda, kui k\u00fclastate veebisaiti, saate t\u00e4ita taotluse vorm, v\u00f5i anda oma andmed t\u00f6\u00f6h\u00f5ive Ettev\u00f5te v\u00f5i k\u00fclastada Ettev\u00f5tte ruumides. Andmeid t\u00f6\u00f6deldakse \u00fcksnes seadusliku t\u00f6\u00f6tlemise alused.\u00a0<\/p><h5><strong>3. Milliseid isiklikke andmeid me hakkama?\u00a0<\/strong><\/h5><p>Sa otseselt anda teavet, mis Teil pakkuda, t\u00e4ites taotluse vorm: nimi, perekonnanimi, e-posti. e-posti aadress, telefoninumber, firma v\u00f5i organisatsiooni, et te esindate, nimi ja muu teave, mida te annate meile sirvimisel Kodulehel.<\/p><p>Teie teavet t\u00f6\u00f6h\u00f5ive Ettev\u00f5te eesm\u00e4rgil. Kui soovite saada t\u00f6\u00f6h\u00f5ive Firma, tavaliselt oleme esitada j\u00e4rgmisi isikuandmeid: curriculum vitae (CV), nimi, perekonnanimi, e-posti aadress. Kui Sa oled umbes s\u00e4\u00e4sta rohkem teavet (isikuandmed), et me saame aru, kui selgelt v\u00e4ljendanud Oma n\u00f5usoleku t\u00f6\u00f6delda selliseid t\u00e4iendavaid andmeid.<\/p><p>Teavet, kuidas Te meie veebisaiti kasutate: teave, mida me saame, kui k\u00fclastate Veebisaiti, sealhulgas Teie IP-aadress, geograafiline lokacij\u0105, jne. teave Teie arvuti v\u00f5i muu kasutamine \u00fcksus. Samuti informatsiooni Oma tegevuse kohta, Veebilehe statistika k\u00fclastuste kestust ja leht otsingute, klikkide arv, sirvimise ajalugu jne.\u00a0<\/p><h5><strong>4. Mis eesm\u00e4rgil me kasutame Teie isikuandmeid?\u00a0<\/strong><\/h5><p>Firma kasutab Isikuandmeid j\u00e4rgmistel eesm\u00e4rkidel:<\/p><p>Ettev\u00f5tte teenuste \/ asjade tellimise eesm\u00e4rgil. Kui t\u00e4idetud taotluse vorm, peab andmesubjekt esitama isikuandmeid ulatuses, mis on vajalik konkreetse teenuse v\u00f5i toote tellinud. Kasutatud andmete esitamise ettepaneku otstarbel t\u00f6\u00f6tlemise \u00f5igusliku aluse lepingu, mille potentsiaalne klient tegemist.\u00a0\u00a0<\/p><p>Isikuandmeid, mida te ette kandidatuodami t\u00f6\u00f6tada Ettev\u00f5ttes, t\u00f6\u00f6tlemine t\u00f6\u00f6lepingu potentsiaalne t\u00f6\u00f6taja s\u00f5lmimise eesm\u00e4rk, \u00f5iguslik alus, t\u00f6\u00f6tlemise lepingu, mille andmeid teema tegemist.<\/p><p>Saidi osalemise statistika anal\u00fc\u00fcs. P\u00fc\u00fcame tagada selle t\u00f5rgeteta toimimise ja k\u00f5rge kvaliteediga Saidi toimimise, selle parandamine, kohandatud klientide vajadustele. Isikuandmete t\u00f6\u00f6tlemise \u00f5iguslik alus \u2013 andmesubjekti n\u00f5usolek.<\/p><p>Otse turustamise eesm\u00e4rgil. Me p\u00fc\u00fcame s\u00e4ilitada suhteid klientidega, nii et meil v\u00f5ib ette n\u00e4ha, eripakkumiste, kampaaniate, jne., ka juhtida n\u00f5uab, et Sa t\u00e4ita, kui taotlev Ettev\u00f5te. Isikuandmete t\u00f6\u00f6tlemise \u00f5iguslik alus \u2013 andmesubjekti n\u00f5usolek.<\/p><p>Muudel eesm\u00e4rkidel. Suudame Teie isikuandmeid muudel eesm\u00e4rkidel, kui meil on Teie n\u00f5usolek.<\/p><h5><strong>5. Isikuandmete t\u00f6\u00f6tlemise t\u00f6\u00f6h\u00f5ive Ettev\u00f5tte eesm\u00e4rk<\/strong><\/h5><p>Kui teeb Sind kandidaat teataval ametikohal, kuid t\u00f6\u00f6 pakkumine Teile ei ole tehtud v\u00f5i Sa ei ole, et kandidatuojate konkreetse seisukoha, Teie n\u00f5usolekul andmeid me v\u00f5ime koguda ja t\u00f6\u00f6delda Ettev\u00f5tte kandidaatide andmebaasi tulevaste t\u00f6\u00f6tajate atrankoms mitte kauem kui kuus (6) kuud) t\u00e4htajalised. Sel juhul esitada andmed sisestanud Ettev\u00f5tte kandidaadid (potentsiaalsete t\u00f6\u00f6tajate) andmebaasi. K\u00f5ik andmete s\u00e4ilitamise t\u00e4htaja saame hinnata Oma kandidatuuri ja pakkuda Teile pakub t\u00f6\u00f6kohti Ettev\u00f5te. Andmete haldamine on aluseks andmesubjekti (Teie) n\u00f5usolekut.\u00a0<\/p><p>Kui Te ei ole n\u00f5us isikuandmete s\u00e4ilitamise ja haldamise Ettev\u00f5tte kandidaatide andmebaasi tulevaste t\u00f6\u00f6tajate atrankoms, p\u00e4rast l\u00f5ppu valiku konkreetset seisukohta, Sinu andmed on h\u00e4vinud.\u00a0<\/p><p>Oma n\u00f5usoleku tagasi, Siis v\u00f5ib igal ajal meiega \u00fchendust allpool nimetatud kontaktid.\u00a0<\/p><h5><strong>6. Teavet k\u00fcpsiste kasutamine<\/strong><\/h5><p>Palun teatavaks, et tagada mugavam lugemas kogemusi ja \u00f5ppida Saidi k\u00fclastajate k\u00e4itumise Veebilehel, kasutame k\u00fcpsiseid. K\u00fcpsised v\u00f5imaldavad meil koguda statistilist teavet, et tagada kvaliteet Saitide funktsionaalsust.\u00a0<\/p><p>Veebisait kasutab k\u00fcpsiseid:<\/p><ul><li>laravel_session<\/li><li>XSRF-TOKEN<\/li><\/ul><p>K\u00fcpsised v\u00f5ib viia ainult juhul, kui seda v\u00f5imaldab Oma installimise s\u00e4tted. Sirvimisel Veebilehel, n\u00f5ustute Te k\u00fcpsiste p\u00f5letamine. Teie n\u00f5usolekuta teil v\u00f5ib igal ajal t\u00fchistada, muuta veebibrauseri seaded ja kustutamine salvestatud k\u00fcpsiseid.<\/p><p>Paljud brauserid on seadistatud aktsepteerib k\u00fcpsiseid automaatselt. Saate brauseri k\u00fcpsised maha, kuid arvesta, et k\u00fcpsiste kustutamine v\u00f5ib aeglustada Saidi navigatsioon, aeg, blokeerida juurdep\u00e4\u00e4su v\u00f5i muul viisil piirata m\u00f5ned Veebisaidi funktsioonid, mis on olulised, et muuta Saidi t\u00f6\u00f6 vastavalt vajadusele. Kui teil on vaja rohkem teavet k\u00fcpsiste kohta, palun k\u00fclastage veebisaiti\u00a0<a href=\"http:\/\/www.allaboutcookies.org\/\" target=\"_blank\" rel=\"noopener\">http:\/\/www.allaboutcookies.org<\/a>kui leiad \u00fcksikasjalikud, s\u00f5ltumatut teavet selle kohta, kuidas blokeerida k\u00fcpsiste kaudu oma brauseri eelistused ja kuidas eemaldada k\u00fcpsised, mis on juba Teie arvutisse. Eemaldada k\u00fcpsised oma mobiiltelefoni, peate vaata telefoni kasutusjuhendist.<\/p><h5><strong>7. Kuidas loobuda otseturustuse?<\/strong><\/h5><p>Keelduda Ettev\u00f5tte otsene turundus, saate kl\u00f5psata loobumise link e-maili saanud v\u00f5i v\u00f5ttes meiega \u00fchendust aadressil allpool mainitud kontaktid.<\/p><h5><strong>8. Kuidas me kaitsta Oma andmeid?<\/strong><\/h5><p>Veenduge, et meie poolt kogutud andmeid on piisavalt, ja ainult selliseid, mis on vajalikud kogumise eesm\u00e4rgil. Me garanteerime, et isikuandmeid tuleb t\u00f6\u00f6delda \u00f5iglaselt ja kasutatakse ainult sel otstarbel, mis oli kogutud.<\/p><p>Ettev\u00f5te on ohutuse Teie isikuandmeid 3 (kolme) aasta jooksul p\u00e4rast nende esitamist, v\u00e4lja arvatud juhul, kui andmesubjekti ei n\u00f5ua teisiti v\u00f5i kui seda n\u00f5uab seadus, v\u00f5i kui ei ole teisiti m\u00e4\u00e4ratletud k\u00e4esoleva privaatsuspoliitika.<\/p><p>Ettev\u00f5te kohustub kaitsma Teie isikuandmeid volitamata muutmise, avalikustamise, pettuse v\u00f5i muu sobimatu k\u00f5rvaldamise neid.<\/p><p>Ettev\u00f5te ei ole vastutav mis tahes sobimatu kasutab andmeid, kui see toimus andmesubjekti s\u00fc\u00fc.<\/p><h5><strong>9. Kas Ettev\u00f5te on t\u00e4nu t\u00f6\u00f6tlejad?<\/strong><\/h5><p>Ettev\u00f5te t\u00f6\u00f6tleb isikuandmeid, mille kaudu isikuandmete administraatorid, kes andis meile raamatupidamine, personalit\u00f6\u00f6, Website hosting, andmekeskuse ja\/v\u00f5i serverite rendi, IT hooldus, v\u00e4lisauditi ja muud teenused.<\/p><p>Me tagama, et isikuandmete t\u00f6\u00f6tlejad, mis kasutada on \u00f5igus t\u00f6\u00f6delda Oma andmeid \u00fcksnes vastavalt Ettev\u00f5tte juhised ja ainult sel m\u00e4\u00e4ral, mil see on vajalik n\u00f5uetekohase lepingu t\u00e4itmise kohustusi, kui Ettev\u00f5tte tegevust. Kasutades t\u00f6\u00f6tlejad, me soovime tagada, et isikuandmete t\u00f6\u00f6tlejad on rakendatud asjakohased korralduslikud ja tehnilised turvameetmed ja hoida Oma andmeid saladus.<\/p><h5><strong>10. Teie andmeid v\u00f5ib avaldada teistele isikutele?<\/strong><\/h5><p>T\u00f6\u00f6tlemiseks oma isikuandmeid kolmandatele isikutele, saame pakkuda:<br \/>(a) vaidluse korral \u2013 \u00f5iguslikke teenuseid pakume advokaadid;<br \/>(b) pasitelktiems andmete t\u00f6\u00f6tlejatele;<br \/>(c) ametiasutuste ja teiste isikute Leedu Vabariigi koosk\u00f5las \u00f5igusaktidega.<\/p><h5><strong>11. Milliseid andmeid ohutuse meetmeid?<\/strong><\/h5><p>Me veenduge, et Teil esitada isikuandmete konfidentsiaalsuse. Ettev\u00f5te on v\u00f5tnud kasutusele vajalikud seadmed, et tagada kasutaja andmete turvalisuse lubamatu h\u00e4kkimise kohta, v\u00f5i kasutamise, muutmise, ebaseadusliku v\u00f5i juhusliku h\u00e4vimise. Isikuandmeid ei edastata v\u00e4ljaspool Euroopa Liitu.<\/p><h5><strong>12. Millised on Teie \u00f5igused?<\/strong><\/h5><p>(a) Juurdep\u00e4\u00e4su oma isiklikke andmeid, ja kuidas nad t\u00f6\u00f6delda (juurdep\u00e4\u00e4su \u00f5igus).<br \/>(b) Taotluse parandamise v\u00f5i, arvestades isikuandmete, t\u00f6\u00f6tlemise, et t\u00e4iendada puudulik isiklikke andmeid (\u00f5igus parandada).<br \/>(c) N\u00f5uda, et nende andmeid on v\u00f5imalik h\u00e4vitada v\u00f5i peatada selle t\u00f6\u00f6tlemise meetmed (v\u00e4lja arvatud ladustamine) (\u00f5igus h\u00e4vitada ja \u00f5igus olla unustatud).<br \/>(d) N\u00f5udma, et isikuandmete t\u00f6\u00f6tleja piirata andmete t\u00f6\u00f6tlemine (\u00f5igus piirata).<br \/>(e) \u00d5igus andmeid edastada (\u00f5igus kanda).<br \/>f) esitada Vastuv\u00e4iteid isikuandmete t\u00f6\u00f6tlemise otseturustuseks, kuid sellisel juhul v\u00f5ite kaotada v\u00f5ime saada teavet \u00f5iguse.<br \/>(g) T\u00fchistada antud n\u00f5usolek isikuandmete t\u00f6\u00f6tlemise eesm\u00e4rgil, mille jaoks on n\u00f5us, kui on esitatud.<br \/>(h) Esitada kaebus Riigi andmekaitse inspektsioon.<br \/>Kasutada neid \u00f5igusi, palun v\u00f5tke \u00fchendust meie kirjalikult v\u00f5i v\u00f5tke meiega \u00fchendust allpool kuusikus kui kirjalikult e-posti aadress, mis oli meile teinud. Telefon sellise info, et me ei anna.<\/p><h5><strong>13. L\u00f5pps\u00e4tted<\/strong><\/h5><p>Ettev\u00f5te ei ole vastutav mis tahes kahju ja\/v\u00f5i andmete kadumise, asendamine v\u00f5i muu ebas\u00fcndsa k\u00f5rvaldamise neid, mis andmesubjekt on Andmete t\u00f5ttu kannatanud nr s\u00fc\u00fc enda tahtliku k\u00e4itumise kolmandate isikute, eba\u00f5ige kasutamise koha v\u00f5i muu sobimatu tegevuse kohta, mis juhtus, ei ole Firma s\u00fc\u00fc.<\/p><p>Firma j\u00e4tab endale \u00f5iguse keelduda Oma taotlused andmete t\u00f6\u00f6tlemisel, kui need on p\u00f5hjendamatud, ebapiisav ja ebaproportsionaalne, samuti juhul, kui andmesubjekti ei sobi Ettev\u00f5tte jaoks ette n\u00e4htud andmete esitamise vorm.<\/p><p>Kui t\u00e4ites taotluse, kirjutage e-maili kui saadate p\u00e4ringu v\u00f5i teisiti ettev\u00f5ttega \u00fchendust, Sa ei pahanda Firma \u00f5igus teiega tagasi.<\/p><p>Ettev\u00f5ttel on \u00f5igus mistahes ajal v\u00e4rskendada privaatsuspoliitika, mis j\u00f5ustub p\u00e4rast selle avaldamist Veebilehel.<\/p><p>K\u00f5iki andmete t\u00f6\u00f6tlemise k\u00fcsimustes saab \u00fchendust allpool nimetatud kontaktid:<\/p><p>UAB \"Trustpack\"<br \/>adresas: V\u0117trungi\u0173 g. 69, LT-06304 Vilnius, Lietuva<br \/>e-post:\u00a0<a href=\"mailto:info@trustpack.lt\"><span style=\"color: #1b2d59;\">info@trustpack.lt<\/span><\/a><\/p><p>See eraelu puutumatuse poliitika uuendatud: 2021-06-14<\/p>\t\t\t\t\t\t\t\t<\/div>\n\t\t\t\t<\/div>\n\t\t\t\t<\/div>\n\t\t\t\t\t<\/div>\n\t\t\t\t<\/div>\n\t\t\t\t<\/div>","protected":false},"excerpt":{"rendered":"<p>Privatumo politika \u0160i Privatumo politika yra skirta asmenims, kurie naudojasi UAB &#8222;Trustpack&#8221; (toliau vadinama Bendrov\u0117 arba mes) teikiamomis paslaugomis ir lankosi Bendrov\u0117s internetin\u0117je svetain\u0117je www.trustpack.lt (toliau vadinama Svetain\u0117). Naudodamiesi Svetaine, pateikdami savo duomenis, pildydami u\u017eklausos form\u0105, si\u0173sdami ar kitu b\u016bdu pateikdami savo gyvenimo apra\u0161ym\u0105 (CV), t\u0119sdami nar\u0161ym\u0105 Svetain\u0117je, J\u016bs patvirtinate, kad susipa\u017einote su \u0161ia Privatumo [&hellip;]<\/p>","protected":false},"author":1,"featured_media":0,"parent":0,"menu_order":0,"comment_status":"closed","ping_status":"closed","template":"","meta":{"footnotes":""},"class_list":["post-1277","page","type-page","status-publish","hentry"],"_links":{"self":[{"href":"https:\/\/trustpack.lt\/et\/wp-json\/wp\/v2\/pages\/1277","targetHints":{"allow":["GET"]}}],"collection":[{"href":"https:\/\/trustpack.lt\/et\/wp-json\/wp\/v2\/pages"}],"about":[{"href":"https:\/\/trustpack.lt\/et\/wp-json\/wp\/v2\/types\/page"}],"author":[{"embeddable":true,"href":"https:\/\/trustpack.lt\/et\/wp-json\/wp\/v2\/users\/1"}],"replies":[{"embeddable":true,"href":"https:\/\/trustpack.lt\/et\/wp-json\/wp\/v2\/comments?post=1277"}],"version-history":[{"count":3,"href":"https:\/\/trustpack.lt\/et\/wp-json\/wp\/v2\/pages\/1277\/revisions"}],"predecessor-version":[{"id":3902,"href":"https:\/\/trustpack.lt\/et\/wp-json\/wp\/v2\/pages\/1277\/revisions\/3902"}],"wp:attachment":[{"href":"https:\/\/trustpack.lt\/et\/wp-json\/wp\/v2\/media?parent=1277"}],"curies":[{"name":"wp","href":"https:\/\/api.w.org\/{rel}","templated":true}]}}