{"id":3237,"date":"2025-09-09T09:30:29","date_gmt":"2025-09-09T09:30:29","guid":{"rendered":"https:\/\/trustpack.lt\/?page_id=3237"},"modified":"2026-03-18T16:10:02","modified_gmt":"2026-03-18T14:10:02","slug":"arutelu","status":"publish","type":"page","link":"https:\/\/trustpack.lt\/et\/arutelu\/","title":{"rendered":"Arutelu"},"content":{"rendered":"<div data-elementor-type=\"wp-page\" data-elementor-id=\"3237\" class=\"elementor elementor-3237\">\n\t\t\t\t<div class=\"elementor-element elementor-element-e242695 e-flex e-con-boxed e-con e-parent\" data-id=\"e242695\" data-element_type=\"container\" data-settings=\"{&quot;background_background&quot;:&quot;classic&quot;}\">\n\t\t\t\t\t<div class=\"e-con-inner\">\n\t\t<div class=\"elementor-element elementor-element-e4babfd e-con-full e-flex e-con e-child\" data-id=\"e4babfd\" data-element_type=\"container\">\n\t\t\t\t<div class=\"elementor-element elementor-element-70fd14e elementor-widget elementor-widget-heading\" data-id=\"70fd14e\" data-element_type=\"widget\" data-widget_type=\"heading.default\">\n\t\t\t\t<div class=\"elementor-widget-container\">\n\t\t\t\t\t<h1 class=\"elementor-heading-title elementor-size-default\">Isiklikku t\u00e4helepanu igale kliendile ja tema vajadustele<\/h1>\t\t\t\t<\/div>\n\t\t\t\t<\/div>\n\t\t\t\t<div class=\"elementor-element elementor-element-ef7594f elementor-widget-divider--view-line elementor-widget elementor-widget-divider\" data-id=\"ef7594f\" data-element_type=\"widget\" data-widget_type=\"divider.default\">\n\t\t\t\t<div class=\"elementor-widget-container\">\n\t\t\t\t\t\t\t<div class=\"elementor-divider\">\n\t\t\t<span class=\"elementor-divider-separator\">\n\t\t\t\t\t\t<\/span>\n\t\t<\/div>\n\t\t\t\t\t\t<\/div>\n\t\t\t\t<\/div>\n\t\t\t\t<\/div>\n\t\t<div class=\"elementor-element elementor-element-f7e8b0d e-con-full e-flex e-con e-child\" data-id=\"f7e8b0d\" data-element_type=\"container\">\n\t\t<div class=\"elementor-element elementor-element-e64ae1f e-con-full e-flex e-con e-child\" data-id=\"e64ae1f\" data-element_type=\"container\">\n\t\t\t\t<div class=\"elementor-element elementor-element-180e821 elementor-widget elementor-widget-text-editor\" data-id=\"180e821\" data-element_type=\"widget\" data-widget_type=\"text-editor.default\">\n\t\t\t\t<div class=\"elementor-widget-container\">\n\t\t\t\t\t\t\t\t\t<p><span style=\"font-weight: 400;\">Iga projekt algab sobivaid lahendusi. Seega, meie spetsialistid annavad professionaalset n\u00f5u k\u00f5igi pakendite ja m\u00e4rgistuste kohta arendamise ja tootmise k\u00fcsimustes. Soovitame, k\u00f5ige optimaalne materjalide valik, aitame luua funktsionaalne ja atraktiivne disain, me hoolitseme esteti\u0161ku disain ja soovitada, kuidas viia tootmise j\u00e4tkusuutlikkuse n\u00f5udeid.<br \/><br \/><\/span><\/p><p><span style=\"font-weight: 400;\">Meie eesm\u00e4rgiks on aidata klientidel teha otsuseid, et tugevdada br\u00e4ndi ja tagada pikaajaline edu turul.<\/span><\/p>\t\t\t\t\t\t\t\t<\/div>\n\t\t\t\t<\/div>\n\t\t\t\t<\/div>\n\t\t<div class=\"elementor-element elementor-element-da06ec4 e-con-full elementor-hidden-mobile e-flex e-con e-child\" data-id=\"da06ec4\" data-element_type=\"container\">\n\t\t<div class=\"elementor-element elementor-element-331d23e e-con-full e-flex e-con e-child\" data-id=\"331d23e\" data-element_type=\"container\">\n\t\t\t\t<div class=\"elementor-element elementor-element-30c809b elementor-widget elementor-widget-button\" data-id=\"30c809b\" data-element_type=\"widget\" data-widget_type=\"button.default\">\n\t\t\t\t<div class=\"elementor-widget-container\">\n\t\t\t\t\t\t\t\t\t<div class=\"elementor-button-wrapper\">\n\t\t\t\t\t<a class=\"elementor-button elementor-button-link elementor-size-sm\" href=\"https:\/\/trustpack.lt\/et\/kontaktid\/\">\n\t\t\t\t\t\t<span class=\"elementor-button-content-wrapper\">\n\t\t\t\t\t\t<span class=\"elementor-button-icon\">\n\t\t\t\t<i aria-hidden=\"true\" class=\"fas fa-long-arrow-alt-right\"><\/i>\t\t\t<\/span>\n\t\t\t\t\t\t\t\t\t<span class=\"elementor-button-text\">Kontakt arutelu<\/span>\n\t\t\t\t\t<\/span>\n\t\t\t\t\t<\/a>\n\t\t\t\t<\/div>\n\t\t\t\t\t\t\t\t<\/div>\n\t\t\t\t<\/div>\n\t\t\t\t<\/div>\n\t\t\t\t<\/div>\n\t\t\t\t<\/div>\n\t\t\t\t\t<\/div>\n\t\t\t\t<\/div>\n\t\t<div class=\"elementor-element elementor-element-f4201f3 e-flex e-con-boxed e-con e-parent\" data-id=\"f4201f3\" data-element_type=\"container\" data-settings=\"{&quot;background_background&quot;:&quot;classic&quot;}\">\n\t\t\t\t\t<div class=\"e-con-inner\">\n\t\t\t\t<div class=\"elementor-element elementor-element-4b7ddfc elementor-widget elementor-widget-heading\" data-id=\"4b7ddfc\" data-element_type=\"widget\" data-widget_type=\"heading.default\">\n\t\t\t\t<div class=\"elementor-widget-container\">\n\t\t\t\t\t<h2 class=\"elementor-heading-title elementor-size-default\">K\u00f5ik teemad n\u00f5u?<\/h2>\t\t\t\t<\/div>\n\t\t\t\t<\/div>\n\t\t\t\t<div class=\"elementor-element elementor-element-a9ed73d elementor-widget elementor-widget-text-editor\" data-id=\"a9ed73d\" data-element_type=\"widget\" data-widget_type=\"text-editor.default\">\n\t\t\t\t<div class=\"elementor-widget-container\">\n\t\t\t\t\t\t\t\t\t<p><b>Valitud materjal<\/b><\/p><p><span style=\"font-weight: 400;\">Me aitavad valida k\u00f5ige sobivamad materjalid vastavalt erip\u00e4ra disaini idee ja eelarve. Me t\u00f6\u00f6tame ainult usaldusv\u00e4\u00e4rsete tarnijate, et saaksime pakkuda laia valikut paber, papp ja muude materjalide valikut. N\u00f5ustamine v\u00f5tab arvesse toote kaal, hoidmis -, veo omadused ja visuaalne m\u00f5ju.<\/span><\/p><p><span style=\"font-weight: 400;\">\u00a0<\/span><\/p><p><b>Disain ja funktsionaalsus<\/b><\/p><p><span style=\"font-weight: 400;\">Kliendile esitamisel infot oma toodet meie disain insenerid otsivad parimaid v\u00f5imalusi, kuidas see inkorporeerida pakendis. Millised struktuurid, mis mitte ainult r\u00f5hutab toote esteetika, vaid ka usaldusv\u00e4\u00e4rselt kaitseb v\u00e4liste teguritega. Me hoolitsema selle eest, et pakk on mugav kasutada, usaldusv\u00e4\u00e4rne t\u00e4idavad oma funktsiooni, ja isolaatide kliendi toote turul.<\/span><\/p><p><span style=\"font-weight: 400;\">\u00a0<\/span><\/p><p><b>Disain ja esteetika<\/b><\/p><p><span style=\"font-weight: 400;\">Me aitame viia tehnilised v\u00f5imalused loomingulisi ideid. N\u00f5u, mis v\u00e4rvi kombinatsioone, ravi, v\u00f5i tr\u00fckkimise tehnoloogiat, et anda Oma toote ainu\u00f5igust. Meie eesm\u00e4rk on, et pakend ei ole mitte ainult toodet kaitsta, kuid ka tugev marketing t\u00f6\u00f6riist.<\/span><\/p><p><span style=\"font-weight: 400;\">\u00a0<\/span><\/p><p><b>J\u00e4tkusuutlikkus ja vastutus<\/b><\/p><p><span style=\"font-weight: 400;\">Rohkem ja rohkem ettev\u00f5tteid, kes valivad keskkonnas\u00f5bralik pakend. Meie meeskond annab n\u00f5u, kuidas v\u00e4hendada tooraine tarbimine, et kohandada ringlussev\u00f5tt v\u00f5i FSC\u00ae sertifitseeritud kartonus ja pikendada toodete olelusringi. N\u00f5u, kuidas \u00fchtlustada j\u00e4tkusuutlikkust esteetika ja tootmise kulud.<\/span><\/p><p><span style=\"font-weight: 400;\">\u00a0<\/span><\/p><p><b>Tehnoloogilised valikud<\/b><\/p><p><span style=\"font-weight: 400;\">Isegi lihtne disain v\u00f5ivad muutuda luksus ta saab v\u00f5luma publik, kasutades paketi, kui kasutada asjakohase tehnoloogia. N\u00f5u, kuidas erinevaid teenetem\u00e4rgi meetmed v\u00f5ivad anda ainu\u00f5igus: kongrevas (maastikul), suurendab visuaalne ja taktilin\u012f m\u00f5ju, erinevate lakkide (l\u00e4ikiv, l\u00e4bipaistmatu, soft touch, pundunud suurendab v\u00e4rv mulje ja pakub kaitset ja hot-foolium lisab metallik pimestavad v\u00f5i holograafiline m\u00f5ju. \u00dcheskoos saame hinnata, milline materjalid ja tehnoloogia kombinatsioonid parim r\u00f5hutada Oma br\u00e4ndi unikaalsus.<\/span><\/p><p><span style=\"font-weight: 400;\">\u00a0<\/span><\/p><p><b>Optimaalseid lahendusi<\/b><\/p><p><span style=\"font-weight: 400;\">Paketi v\u00e4\u00e4rtus on mitte ainult disaini, vaid kulup\u00f5hise otsuseid. Meie meeskond aitab m\u00f5ista, kuidas vajutades valige \u00fchiku hind oleks k\u00f5ige atraktiivsem. N\u00f5uandeid selle kohta, kuidas erinevad aine v\u00f5i viimistlustehnoloogiad m\u00f5jutada l\u00f5plik hind, kui teil on v\u00f5imalik salvestada ohverdamata kvaliteeti, ja kui kompromisse v\u00f5imatu. Sel viisil saavad kliendid mitte ainult erakordne toode, vaid ka ratsionaalselt planeeritud investeeringuid.<\/span><\/p>\t\t\t\t\t\t\t\t<\/div>\n\t\t\t\t<\/div>\n\t\t\t\t\t<\/div>\n\t\t\t\t<\/div>\n\t\t<div class=\"elementor-element elementor-element-a7183df e-flex e-con-boxed e-con e-parent\" data-id=\"a7183df\" data-element_type=\"container\">\n\t\t\t\t\t<div class=\"e-con-inner\">\n\t\t<div class=\"elementor-element elementor-element-2206f75 e-con-full e-flex e-con e-child\" data-id=\"2206f75\" data-element_type=\"container\">\n\t\t\t\t<div class=\"elementor-element elementor-element-938922f elementor-widget elementor-widget-heading\" data-id=\"938922f\" data-element_type=\"widget\" data-widget_type=\"heading.default\">\n\t\t\t\t<div class=\"elementor-widget-container\">\n\t\t\t\t\t<h2 class=\"elementor-heading-title elementor-size-default\">Galerii\n<\/h2>\t\t\t\t<\/div>\n\t\t\t\t<\/div>\n\t\t\t\t<div class=\"elementor-element elementor-element-33d15bb info-box gallery-spacing-custom elementor-widget elementor-widget-image-gallery\" data-id=\"33d15bb\" data-element_type=\"widget\" data-widget_type=\"image-gallery.default\">\n\t\t\t\t<div class=\"elementor-widget-container\">\n\t\t\t\t\t\t\t<div class=\"elementor-image-gallery\">\n\t\t\t<div id='gallery-1' class='gallery galleryid-3237 gallery-columns-3 gallery-size-medium_large'><figure class='gallery-item'>\n\t\t\t<div class='gallery-icon landscape'>\n\t\t\t\t<a data-elementor-open-lightbox=\"yes\" data-elementor-lightbox-slideshow=\"33d15bb\" data-elementor-lightbox-title=\"GP-kompozicija-tabakas\" data-e-action-hash=\"#elementor-action%3Aaction%3Dlightbox%26settings%3DeyJpZCI6OTAyLCJ1cmwiOiJodHRwczpcL1wvdHJ1c3RwYWNrLmx0XC93cC1jb250ZW50XC91cGxvYWRzXC8yMDI1XC8wNlwvR1Ata29tcG96aWNpamEtdGFiYWthcy5qcGciLCJzbGlkZXNob3ciOiIzM2QxNWJiIn0%3D\" href='https:\/\/trustpack.lt\/wp-content\/uploads\/2025\/06\/GP-kompozicija-tabakas.jpg'><img loading=\"lazy\" decoding=\"async\" width=\"768\" height=\"594\" src=\"https:\/\/trustpack.lt\/wp-content\/uploads\/2025\/06\/GP-kompozicija-tabakas-768x594.jpg\" class=\"attachment-medium_large size-medium_large\" alt=\"\" srcset=\"https:\/\/trustpack.lt\/wp-content\/uploads\/2025\/06\/GP-kompozicija-tabakas-768x594.jpg 768w, https:\/\/trustpack.lt\/wp-content\/uploads\/2025\/06\/GP-kompozicija-tabakas-300x232.jpg 300w, https:\/\/trustpack.lt\/wp-content\/uploads\/2025\/06\/GP-kompozicija-tabakas-1024x791.jpg 1024w, https:\/\/trustpack.lt\/wp-content\/uploads\/2025\/06\/GP-kompozicija-tabakas-1536x1187.jpg 1536w, https:\/\/trustpack.lt\/wp-content\/uploads\/2025\/06\/GP-kompozicija-tabakas-2048x1583.jpg 2048w\" sizes=\"auto, (max-width: 768px) 100vw, 768px\" title=\"\"><\/a>\n\t\t\t<\/div><\/figure><figure class='gallery-item'>\n\t\t\t<div class='gallery-icon landscape'>\n\t\t\t\t<a data-elementor-open-lightbox=\"yes\" data-elementor-lightbox-slideshow=\"33d15bb\" data-elementor-lightbox-title=\"GP-kompozicija-reklamine\" data-e-action-hash=\"#elementor-action%3Aaction%3Dlightbox%26settings%3DeyJpZCI6OTIxLCJ1cmwiOiJodHRwczpcL1wvdHJ1c3RwYWNrLmx0XC93cC1jb250ZW50XC91cGxvYWRzXC8yMDI1XC8wNlwvR1Ata29tcG96aWNpamEtcmVrbGFtaW5lLmpwZyIsInNsaWRlc2hvdyI6IjMzZDE1YmIifQ%3D%3D\" href='https:\/\/trustpack.lt\/wp-content\/uploads\/2025\/06\/GP-kompozicija-reklamine.jpg'><img loading=\"lazy\" decoding=\"async\" width=\"768\" height=\"594\" src=\"https:\/\/trustpack.lt\/wp-content\/uploads\/2025\/06\/GP-kompozicija-reklamine-768x594.jpg\" class=\"attachment-medium_large size-medium_large\" alt=\"\" srcset=\"https:\/\/trustpack.lt\/wp-content\/uploads\/2025\/06\/GP-kompozicija-reklamine-768x594.jpg 768w, https:\/\/trustpack.lt\/wp-content\/uploads\/2025\/06\/GP-kompozicija-reklamine-300x232.jpg 300w, https:\/\/trustpack.lt\/wp-content\/uploads\/2025\/06\/GP-kompozicija-reklamine-1024x791.jpg 1024w, https:\/\/trustpack.lt\/wp-content\/uploads\/2025\/06\/GP-kompozicija-reklamine-1536x1187.jpg 1536w, https:\/\/trustpack.lt\/wp-content\/uploads\/2025\/06\/GP-kompozicija-reklamine-2048x1583.jpg 2048w\" sizes=\"auto, (max-width: 768px) 100vw, 768px\" title=\"\"><\/a>\n\t\t\t<\/div><\/figure><figure class='gallery-item'>\n\t\t\t<div class='gallery-icon landscape'>\n\t\t\t\t<a data-elementor-open-lightbox=\"yes\" data-elementor-lightbox-slideshow=\"33d15bb\" data-elementor-lightbox-title=\"GP-kompozicija-maistas-konditerija\" data-e-action-hash=\"#elementor-action%3Aaction%3Dlightbox%26settings%3DeyJpZCI6ODEyLCJ1cmwiOiJodHRwczpcL1wvdHJ1c3RwYWNrLmx0XC93cC1jb250ZW50XC91cGxvYWRzXC8yMDI1XC8wNlwvR1Ata29tcG96aWNpamEtbWFpc3Rhcy1rb25kaXRlcmlqYS5qcGciLCJzbGlkZXNob3ciOiIzM2QxNWJiIn0%3D\" href='https:\/\/trustpack.lt\/wp-content\/uploads\/2025\/06\/GP-kompozicija-maistas-konditerija.jpg'><img loading=\"lazy\" decoding=\"async\" width=\"768\" height=\"594\" src=\"https:\/\/trustpack.lt\/wp-content\/uploads\/2025\/06\/GP-kompozicija-maistas-konditerija-768x594.jpg\" class=\"attachment-medium_large size-medium_large\" alt=\"\" srcset=\"https:\/\/trustpack.lt\/wp-content\/uploads\/2025\/06\/GP-kompozicija-maistas-konditerija-768x594.jpg 768w, https:\/\/trustpack.lt\/wp-content\/uploads\/2025\/06\/GP-kompozicija-maistas-konditerija-300x232.jpg 300w, https:\/\/trustpack.lt\/wp-content\/uploads\/2025\/06\/GP-kompozicija-maistas-konditerija-1024x791.jpg 1024w, https:\/\/trustpack.lt\/wp-content\/uploads\/2025\/06\/GP-kompozicija-maistas-konditerija-1536x1187.jpg 1536w, https:\/\/trustpack.lt\/wp-content\/uploads\/2025\/06\/GP-kompozicija-maistas-konditerija-2048x1583.jpg 2048w\" sizes=\"auto, (max-width: 768px) 100vw, 768px\" title=\"\"><\/a>\n\t\t\t<\/div><\/figure><figure class='gallery-item'>\n\t\t\t<div class='gallery-icon landscape'>\n\t\t\t\t<a data-elementor-open-lightbox=\"yes\" data-elementor-lightbox-slideshow=\"33d15bb\" data-elementor-lightbox-title=\"GP-kompozicija-farmacija-korekcija\" data-e-action-hash=\"#elementor-action%3Aaction%3Dlightbox%26settings%3DeyJpZCI6Mzc3LCJ1cmwiOiJodHRwczpcL1wvdHJ1c3RwYWNrLmx0XC93cC1jb250ZW50XC91cGxvYWRzXC8yMDI1XC8wNlwvR1Ata29tcG96aWNpamEtZmFybWFjaWphLWtvcmVrY2lqYS5qcGciLCJzbGlkZXNob3ciOiIzM2QxNWJiIn0%3D\" href='https:\/\/trustpack.lt\/wp-content\/uploads\/2025\/06\/GP-kompozicija-farmacija-korekcija.jpg'><img loading=\"lazy\" decoding=\"async\" width=\"768\" height=\"594\" src=\"https:\/\/trustpack.lt\/wp-content\/uploads\/2025\/06\/GP-kompozicija-farmacija-korekcija-768x594.jpg\" class=\"attachment-medium_large size-medium_large\" alt=\"\" srcset=\"https:\/\/trustpack.lt\/wp-content\/uploads\/2025\/06\/GP-kompozicija-farmacija-korekcija-768x594.jpg 768w, https:\/\/trustpack.lt\/wp-content\/uploads\/2025\/06\/GP-kompozicija-farmacija-korekcija-300x232.jpg 300w, https:\/\/trustpack.lt\/wp-content\/uploads\/2025\/06\/GP-kompozicija-farmacija-korekcija-1024x791.jpg 1024w, https:\/\/trustpack.lt\/wp-content\/uploads\/2025\/06\/GP-kompozicija-farmacija-korekcija-1536x1187.jpg 1536w, https:\/\/trustpack.lt\/wp-content\/uploads\/2025\/06\/GP-kompozicija-farmacija-korekcija-2048x1583.jpg 2048w\" sizes=\"auto, (max-width: 768px) 100vw, 768px\" title=\"\"><\/a>\n\t\t\t<\/div><\/figure><figure class='gallery-item'>\n\t\t\t<div class='gallery-icon landscape'>\n\t\t\t\t<a data-elementor-open-lightbox=\"yes\" data-elementor-lightbox-slideshow=\"33d15bb\" data-elementor-lightbox-title=\"GP-kompozicija-etiketes\" data-e-action-hash=\"#elementor-action%3Aaction%3Dlightbox%26settings%3DeyJpZCI6Mzc2LCJ1cmwiOiJodHRwczpcL1wvdHJ1c3RwYWNrLmx0XC93cC1jb250ZW50XC91cGxvYWRzXC8yMDI1XC8wNlwvR1Ata29tcG96aWNpamEtZXRpa2V0ZXMuanBnIiwic2xpZGVzaG93IjoiMzNkMTViYiJ9\" href='https:\/\/trustpack.lt\/wp-content\/uploads\/2025\/06\/GP-kompozicija-etiketes.jpg'><img loading=\"lazy\" decoding=\"async\" width=\"768\" height=\"594\" src=\"https:\/\/trustpack.lt\/wp-content\/uploads\/2025\/06\/GP-kompozicija-etiketes-768x594.jpg\" class=\"attachment-medium_large size-medium_large\" alt=\"\" srcset=\"https:\/\/trustpack.lt\/wp-content\/uploads\/2025\/06\/GP-kompozicija-etiketes-768x594.jpg 768w, https:\/\/trustpack.lt\/wp-content\/uploads\/2025\/06\/GP-kompozicija-etiketes-300x232.jpg 300w, https:\/\/trustpack.lt\/wp-content\/uploads\/2025\/06\/GP-kompozicija-etiketes-1024x791.jpg 1024w, https:\/\/trustpack.lt\/wp-content\/uploads\/2025\/06\/GP-kompozicija-etiketes-1536x1187.jpg 1536w, https:\/\/trustpack.lt\/wp-content\/uploads\/2025\/06\/GP-kompozicija-etiketes-2048x1583.jpg 2048w\" sizes=\"auto, (max-width: 768px) 100vw, 768px\" title=\"\"><\/a>\n\t\t\t<\/div><\/figure><figure class='gallery-item'>\n\t\t\t<div class='gallery-icon landscape'>\n\t\t\t\t<a data-elementor-open-lightbox=\"yes\" data-elementor-lightbox-slideshow=\"33d15bb\" data-elementor-lightbox-title=\"GP-kompozicija-gerimai\" data-e-action-hash=\"#elementor-action%3Aaction%3Dlightbox%26settings%3DeyJpZCI6Mzc4LCJ1cmwiOiJodHRwczpcL1wvdHJ1c3RwYWNrLmx0XC93cC1jb250ZW50XC91cGxvYWRzXC8yMDI1XC8wNlwvR1Ata29tcG96aWNpamEtZ2VyaW1haS5qcGciLCJzbGlkZXNob3ciOiIzM2QxNWJiIn0%3D\" href='https:\/\/trustpack.lt\/wp-content\/uploads\/2025\/06\/GP-kompozicija-gerimai.jpg'><img loading=\"lazy\" decoding=\"async\" width=\"768\" height=\"593\" src=\"https:\/\/trustpack.lt\/wp-content\/uploads\/2025\/06\/GP-kompozicija-gerimai-768x593.jpg\" class=\"attachment-medium_large size-medium_large\" alt=\"\" srcset=\"https:\/\/trustpack.lt\/wp-content\/uploads\/2025\/06\/GP-kompozicija-gerimai-768x593.jpg 768w, https:\/\/trustpack.lt\/wp-content\/uploads\/2025\/06\/GP-kompozicija-gerimai-300x232.jpg 300w, https:\/\/trustpack.lt\/wp-content\/uploads\/2025\/06\/GP-kompozicija-gerimai-1024x791.jpg 1024w, https:\/\/trustpack.lt\/wp-content\/uploads\/2025\/06\/GP-kompozicija-gerimai-1536x1186.jpg 1536w, https:\/\/trustpack.lt\/wp-content\/uploads\/2025\/06\/GP-kompozicija-gerimai-2048x1582.jpg 2048w\" sizes=\"auto, (max-width: 768px) 100vw, 768px\" title=\"\"><\/a>\n\t\t\t<\/div><\/figure>\n\t\t<\/div>\n\t\t<\/div>\n\t\t\t\t\t\t<\/div>\n\t\t\t\t<\/div>\n\t\t\t\t<\/div>\n\t\t\t\t\t<\/div>\n\t\t\t\t<\/div>\n\t\t<div class=\"elementor-element elementor-element-d21d878 e-flex e-con-boxed e-con e-parent\" data-id=\"d21d878\" data-element_type=\"container\" data-settings=\"{&quot;background_background&quot;:&quot;classic&quot;}\">\n\t\t\t\t\t<div class=\"e-con-inner\">\n\t\t\t\t<div class=\"elementor-element elementor-element-2c93e5a elementor-widget elementor-widget-heading\" data-id=\"2c93e5a\" data-element_type=\"widget\" data-widget_type=\"heading.default\">\n\t\t\t\t<div class=\"elementor-widget-container\">\n\t\t\t\t\t<h3 class=\"elementor-heading-title elementor-size-default\">Miks valida meid?<\/h3>\t\t\t\t<\/div>\n\t\t\t\t<\/div>\n\t\t\t\t<div class=\"elementor-element elementor-element-3915ad8 elementor-widget elementor-widget-text-editor\" data-id=\"3915ad8\" data-element_type=\"widget\" data-widget_type=\"text-editor.default\">\n\t\t\t\t<div class=\"elementor-widget-container\">\n\t\t\t\t\t\t\t\t\t<ul><li style=\"font-weight: 400;\" aria-level=\"1\"><b>Partnerlus, mitte ainult teenuse<\/b><span style=\"font-weight: 400;\"><span style=\"font-weight: 400;\"> \u2013 n\u00f5uanded, et aru saada, kui \u00fcldisel viisil, seep\u00e4rast p\u00fc\u00fcame mitte ainult soovitusi, kuid sinuga koos v\u00e4lja t\u00f6\u00f6tada lahendusi, mis l\u00f5ppkokkuv\u00f5ttes tugevdab br\u00e4ndi positsiooni turul.<\/span><\/span><p>\u00a0<\/p><\/li><li style=\"font-weight: 400;\" aria-level=\"1\"><b>Me hindame iga kliendi<\/b><span style=\"font-weight: 400;\"><span style=\"font-weight: 400;\"> \u2013 alati vaadata Oma spetsiifika ettev\u00f5tte eesm\u00e4rgid ja v\u00e4ljakutsed, nii saame pakkuda lahendusi, et mitte ainult vastab ootustele, kuid lisab v\u00e4\u00e4rtust Oma toote ja br\u00e4ndi.<\/span><\/span><p>\u00a0<\/p><\/li><li style=\"font-weight: 400;\" aria-level=\"1\"><b>Personaalsed pakkumised<\/b> \u2013 iga projekt, me hindame individuaalselt, seet\u00f5ttu soovitame Teile k\u00f5ige sobivama materjalide, struktuuride ja tehnoloogiate tagada optimaalne tasakaal hinna, kvaliteedi, disaini ja eksklusiivsust.<\/li><\/ul>\t\t\t\t\t\t\t\t<\/div>\n\t\t\t\t<\/div>\n\t\t\t\t\t<\/div>\n\t\t\t\t<\/div>\n\t\t<div class=\"elementor-element elementor-element-ba87933 e-flex e-con-boxed e-con e-parent\" data-id=\"ba87933\" data-element_type=\"container\" data-settings=\"{&quot;background_background&quot;:&quot;classic&quot;}\">\n\t\t\t\t\t<div class=\"e-con-inner\">\n\t\t<div class=\"elementor-element elementor-element-0fb90db e-con-full e-flex e-con e-child\" data-id=\"0fb90db\" data-element_type=\"container\">\n\t\t\t\t<div class=\"elementor-element elementor-element-b4b823f elementor-widget elementor-widget-heading\" data-id=\"b4b823f\" data-element_type=\"widget\" data-widget_type=\"heading.default\">\n\t\t\t\t<div class=\"elementor-widget-container\">\n\t\t\t\t\t<h3 class=\"elementor-heading-title elementor-size-default\">Kontakt arutelu\n<\/h3>\t\t\t\t<\/div>\n\t\t\t\t<\/div>\n\t\t\t\t<\/div>\n\t\t<div class=\"elementor-element elementor-element-9036aeb e-con-full e-flex e-con e-child\" data-id=\"9036aeb\" data-element_type=\"container\">\n\t\t\t\t<div class=\"elementor-element elementor-element-a6125ab elementor-widget elementor-widget-button\" data-id=\"a6125ab\" data-element_type=\"widget\" data-widget_type=\"button.default\">\n\t\t\t\t<div class=\"elementor-widget-container\">\n\t\t\t\t\t\t\t\t\t<div class=\"elementor-button-wrapper\">\n\t\t\t\t\t<a class=\"elementor-button elementor-button-link elementor-size-sm\" href=\"https:\/\/trustpack.lt\/et\/kontaktid\/\">\n\t\t\t\t\t\t<span class=\"elementor-button-content-wrapper\">\n\t\t\t\t\t\t<span class=\"elementor-button-icon\">\n\t\t\t\t<i aria-hidden=\"true\" class=\"fas fa-long-arrow-alt-right\"><\/i>\t\t\t<\/span>\n\t\t\t\t\t\t\t\t\t<span class=\"elementor-button-text\">Kontakt<\/span>\n\t\t\t\t\t<\/span>\n\t\t\t\t\t<\/a>\n\t\t\t\t<\/div>\n\t\t\t\t\t\t\t\t<\/div>\n\t\t\t\t<\/div>\n\t\t\t\t<\/div>\n\t\t\t\t\t<\/div>\n\t\t\t\t<\/div>\n\t\t<div class=\"elementor-element elementor-element-01d453c elementor-hidden-desktop elementor-hidden-tablet elementor-hidden-mobile e-flex e-con-boxed e-con e-parent\" data-id=\"01d453c\" data-element_type=\"container\">\n\t\t\t\t\t<div class=\"e-con-inner\">\n\t\t<div class=\"elementor-element elementor-element-556c664 e-con-full e-flex e-con e-child\" data-id=\"556c664\" data-element_type=\"container\">\n\t\t\t\t<div class=\"elementor-element elementor-element-ea5e379 elementor-widget elementor-widget-heading\" data-id=\"ea5e379\" data-element_type=\"widget\" data-widget_type=\"heading.default\">\n\t\t\t\t<div class=\"elementor-widget-container\">\n\t\t\t\t\t<h5 class=\"elementor-heading-title elementor-size-default\">Trusted packaging partner for Swedish companies.<\/h5>\t\t\t\t<\/div>\n\t\t\t\t<\/div>\n\t\t\t\t<div class=\"elementor-element elementor-element-2bec4b0 elementor-widget elementor-widget-text-editor\" data-id=\"2bec4b0\" data-element_type=\"widget\" data-widget_type=\"text-editor.default\">\n\t\t\t\t<div class=\"elementor-widget-container\">\n\t\t\t\t\t\t\t\t\t<div class=\"ql-block\" data-block-id=\"block-4fa2919d-f0a2-4f87-93fe-13b8c6d0c561\">Supporting Swedish brands with scalable carton and paper packaging production<\/div>\t\t\t\t\t\t\t\t<\/div>\n\t\t\t\t<\/div>\n\t\t\t\t<div class=\"elementor-element elementor-element-60652ba elementor-widget elementor-widget-image\" data-id=\"60652ba\" data-element_type=\"widget\" data-widget_type=\"image.default\">\n\t\t\t\t<div class=\"elementor-widget-container\">\n\t\t\t\t\t\t\t\t\t\t\t\t\t\t\t<img loading=\"lazy\" decoding=\"async\" width=\"770\" height=\"1024\" src=\"https:\/\/trustpack.lt\/wp-content\/uploads\/2026\/03\/Siluett-logo-4F-1-770x1024.png\" class=\"attachment-large size-large wp-image-4037\" alt=\"\" srcset=\"https:\/\/trustpack.lt\/wp-content\/uploads\/2026\/03\/Siluett-logo-4F-1-770x1024.png 770w, https:\/\/trustpack.lt\/wp-content\/uploads\/2026\/03\/Siluett-logo-4F-1-226x300.png 226w, https:\/\/trustpack.lt\/wp-content\/uploads\/2026\/03\/Siluett-logo-4F-1-768x1021.png 768w, https:\/\/trustpack.lt\/wp-content\/uploads\/2026\/03\/Siluett-logo-4F-1-9x12.png 9w, https:\/\/trustpack.lt\/wp-content\/uploads\/2026\/03\/Siluett-logo-4F-1.png 815w\" sizes=\"auto, (max-width: 770px) 100vw, 770px\" title=\"\">\t\t\t\t\t\t\t\t\t\t\t\t\t\t\t<\/div>\n\t\t\t\t<\/div>\n\t\t\t\t<\/div>\n\t\t\t\t\t<\/div>\n\t\t\t\t<\/div>\n\t\t\t\t<\/div>","protected":false},"excerpt":{"rendered":"<p>Asmeninis d\u0117mesys kiekvienam klientui ir jo poreikiams Kiekvienas projektas prasideda nuo tinkam\u0173 sprendim\u0173. Tod\u0117l m\u016bs\u0173 specialistai teikia profesionalias konsultacijas visais pakuo\u010di\u0173 ir etike\u010di\u0173 k\u016brimo bei gamybos klausimais. Patariame d\u0117l optimaliausi\u0173 med\u017eiag\u0173 pasirinkimo, padedame sukurti funkcionali\u0105 ir patraukli\u0105 konstrukcij\u0105, pasir\u016bpiname esteti\u0161ku dizainu bei patariame, kaip suderinti gamyb\u0105 su tvarumo reikalavimais. M\u016bs\u0173 tikslas \u2013 pad\u0117ti klientams priimti [&hellip;]<\/p>","protected":false},"author":1,"featured_media":0,"parent":0,"menu_order":0,"comment_status":"closed","ping_status":"closed","template":"","meta":{"footnotes":""},"class_list":["post-3237","page","type-page","status-publish","hentry"],"_links":{"self":[{"href":"https:\/\/trustpack.lt\/et\/wp-json\/wp\/v2\/pages\/3237","targetHints":{"allow":["GET"]}}],"collection":[{"href":"https:\/\/trustpack.lt\/et\/wp-json\/wp\/v2\/pages"}],"about":[{"href":"https:\/\/trustpack.lt\/et\/wp-json\/wp\/v2\/types\/page"}],"author":[{"embeddable":true,"href":"https:\/\/trustpack.lt\/et\/wp-json\/wp\/v2\/users\/1"}],"replies":[{"embeddable":true,"href":"https:\/\/trustpack.lt\/et\/wp-json\/wp\/v2\/comments?post=3237"}],"version-history":[{"count":18,"href":"https:\/\/trustpack.lt\/et\/wp-json\/wp\/v2\/pages\/3237\/revisions"}],"predecessor-version":[{"id":4049,"href":"https:\/\/trustpack.lt\/et\/wp-json\/wp\/v2\/pages\/3237\/revisions\/4049"}],"wp:attachment":[{"href":"https:\/\/trustpack.lt\/et\/wp-json\/wp\/v2\/media?parent=3237"}],"curies":[{"name":"wp","href":"https:\/\/api.w.org\/{rel}","templated":true}]}}