{"id":3257,"date":"2025-09-09T09:38:45","date_gmt":"2025-09-09T09:38:45","guid":{"rendered":"https:\/\/trustpack.lt\/?page_id=3257"},"modified":"2026-01-12T17:48:51","modified_gmt":"2026-01-12T15:48:51","slug":"lisateenused","status":"publish","type":"page","link":"https:\/\/trustpack.lt\/et\/lisateenused\/","title":{"rendered":"T\u00e4iendavad teenused"},"content":{"rendered":"<div data-elementor-type=\"wp-page\" data-elementor-id=\"3257\" class=\"elementor elementor-3257\">\n\t\t\t\t<div class=\"elementor-element elementor-element-e242695 e-flex e-con-boxed e-con e-parent\" data-id=\"e242695\" data-element_type=\"container\" data-settings=\"{&quot;background_background&quot;:&quot;classic&quot;}\">\n\t\t\t\t\t<div class=\"e-con-inner\">\n\t\t<div class=\"elementor-element elementor-element-e4babfd e-con-full e-flex e-con e-child\" data-id=\"e4babfd\" data-element_type=\"container\">\n\t\t\t\t<div class=\"elementor-element elementor-element-70fd14e elementor-widget elementor-widget-heading\" data-id=\"70fd14e\" data-element_type=\"widget\" data-widget_type=\"heading.default\">\n\t\t\t\t<div class=\"elementor-widget-container\">\n\t\t\t\t\t<h1 class=\"elementor-heading-title elementor-size-default\"> Meedia t\u00f6\u00f6tab lydime paindlikkus<\/h1>\t\t\t\t<\/div>\n\t\t\t\t<\/div>\n\t\t\t\t<div class=\"elementor-element elementor-element-ef7594f elementor-widget-divider--view-line elementor-widget elementor-widget-divider\" data-id=\"ef7594f\" data-element_type=\"widget\" data-widget_type=\"divider.default\">\n\t\t\t\t<div class=\"elementor-widget-container\">\n\t\t\t\t\t\t\t<div class=\"elementor-divider\">\n\t\t\t<span class=\"elementor-divider-separator\">\n\t\t\t\t\t\t<\/span>\n\t\t<\/div>\n\t\t\t\t\t\t<\/div>\n\t\t\t\t<\/div>\n\t\t\t\t<\/div>\n\t\t<div class=\"elementor-element elementor-element-f7e8b0d e-con-full e-flex e-con e-child\" data-id=\"f7e8b0d\" data-element_type=\"container\">\n\t\t<div class=\"elementor-element elementor-element-e64ae1f e-con-full e-flex e-con e-child\" data-id=\"e64ae1f\" data-element_type=\"container\">\n\t\t\t\t<div class=\"elementor-element elementor-element-180e821 elementor-widget elementor-widget-text-editor\" data-id=\"180e821\" data-element_type=\"widget\" data-widget_type=\"text-editor.default\">\n\t\t\t\t<div class=\"elementor-widget-container\">\n\t\t\t\t\t\t\t\t\t<p><span style=\"font-weight: 400;\">Seega, me pakkuda t\u00e4iendavaid teenuseid, mis aitab klientidel s\u00e4\u00e4sta aega ning tagab, et l\u00f5pptoode on valmis \u00f5igeaegselt ja kiusame tasuta. Meie eesm\u00e4rk on hoolitseda k\u00f5ike, alates A kuni Z: alates ambitsioonikas rakendust\u00e4htajad logistika lahendusi. Sel viisil saavad kliendid mitte ainult k\u00f5rgeima kvaliteediga, ajakirjanduse, vaid ka teenus.<\/span><\/p>\t\t\t\t\t\t\t\t<\/div>\n\t\t\t\t<\/div>\n\t\t\t\t<\/div>\n\t\t<div class=\"elementor-element elementor-element-da06ec4 e-con-full elementor-hidden-mobile e-flex e-con e-child\" data-id=\"da06ec4\" data-element_type=\"container\">\n\t\t<div class=\"elementor-element elementor-element-331d23e e-con-full e-flex e-con e-child\" data-id=\"331d23e\" data-element_type=\"container\">\n\t\t\t\t<div class=\"elementor-element elementor-element-30c809b elementor-widget elementor-widget-button\" data-id=\"30c809b\" data-element_type=\"widget\" data-widget_type=\"button.default\">\n\t\t\t\t<div class=\"elementor-widget-container\">\n\t\t\t\t\t\t\t\t\t<div class=\"elementor-button-wrapper\">\n\t\t\t\t\t<a class=\"elementor-button elementor-button-link elementor-size-sm\" href=\"https:\/\/trustpack.lt\/et\/kontaktid\/\">\n\t\t\t\t\t\t<span class=\"elementor-button-content-wrapper\">\n\t\t\t\t\t\t<span class=\"elementor-button-icon\">\n\t\t\t\t<i aria-hidden=\"true\" class=\"fas fa-long-arrow-alt-right\"><\/i>\t\t\t<\/span>\n\t\t\t\t\t\t\t\t\t<span class=\"elementor-button-text\">Kontakt <\/span>\n\t\t\t\t\t<\/span>\n\t\t\t\t\t<\/a>\n\t\t\t\t<\/div>\n\t\t\t\t\t\t\t\t<\/div>\n\t\t\t\t<\/div>\n\t\t\t\t<\/div>\n\t\t\t\t<\/div>\n\t\t\t\t<\/div>\n\t\t\t\t\t<\/div>\n\t\t\t\t<\/div>\n\t\t<div class=\"elementor-element elementor-element-f4201f3 e-flex e-con-boxed e-con e-parent\" data-id=\"f4201f3\" data-element_type=\"container\" data-settings=\"{&quot;background_background&quot;:&quot;classic&quot;}\">\n\t\t\t\t\t<div class=\"e-con-inner\">\n\t\t\t\t<div class=\"elementor-element elementor-element-a9ed73d elementor-widget elementor-widget-text-editor\" data-id=\"a9ed73d\" data-element_type=\"widget\" data-widget_type=\"text-editor.default\">\n\t\t\t\t<div class=\"elementor-widget-container\">\n\t\t\t\t\t\t\t\t\t<p><b>Tingimuste paindlikkus<\/b><\/p><p><span style=\"font-weight: 400;\">Me teame, et m\u00f5ned projektid, aeg on kriitiline tegur, nii et me suudame kohaneda ka k\u00f5ige n\u00f5udlikuma kliendi seisukohast. Kui on vaja v\u00e4ga kiiresti, me otsime lahendusi, et tagada kiirem tootmise, \u00fchendada s\u00f5iduplaanid ja dtp protsesse. See viis, kuidas me saame aidata v\u00e4ltida viivitusi ja tagama, et tooted j\u00f5uavad turule just siis, kui neid vajatakse k\u00f5ige rohkem.<\/span><\/p><p><span style=\"font-weight: 400;\">\u00a0<\/span><\/p><p><b>S\u00e4ilitamine<\/b><\/p><p><span style=\"font-weight: 400;\">Me m\u00f5istame, et mitte alati ei ole kogu toodang kohe vaja klient, seega, erakorralistel juhtudel saame korraldada selle ladustamine. V\u00e4ljund on salvestatud sobivatel tingimustel, et mitte kaotada kvaliteedi ja loovutamine on teostatud vastavalt kokkulepitud ajakavale. See teenus v\u00f5ib kohaldada t\u00e4iendavat tasu, kuid see annab kliendile mugavust ja paindlikkust planeerimine reservid.<\/span><\/p><p><span style=\"font-weight: 400;\">\u00a0<\/span><\/p><p><b>Toodangu tarnimine<\/b><\/p><p><span style=\"font-weight: 400;\">Iga tarne me \u00fchendame individuaalselt, v\u00f5ttes arvesse kliendi vajadustele ja mugavusele. Te saate kasutada oma logistiliste otsuste v\u00f5i, vajaduse korral, et usun, et k\u00f5ik logistika usa \u2013 veenduge, et tooted j\u00f5uavad Te ohutult ja kokkulepitud ajal. See teenus v\u00f5ib olla suhtes lisatasu eest.<\/span><\/p><p><b>\u00a0<\/b><\/p><p><b>Protot\u00fc\u00fcpide<\/b><\/p><p><span style=\"font-weight: 400;\">Tellimisel paketid meile, pakkuda teile v\u00f5imaluse koostada individuaalsed \u00fchikud. See teeb isegi enne masstootmise hinnata disain ja mugavus, proovige tegelike tingimuste ja teha vajalikud muudatused. Sel moel saab klient rohkem usaldust, et l\u00f5plik tulemus on t\u00e4pselt see, mida oodatakse.<\/span><\/p><p><span style=\"font-weight: 400;\">\u00a0<\/span><\/p><p><b>Automaatne pakendamise liinid, joondust ja kasutuselev\u00f5tt<\/b><\/p><p><span style=\"font-weight: 400;\">Et pakend on t\u00e4iuslik \"\u012fsikomponuot\u0173\" kliendi tootmisprotsessi, meie spetsialistid kohale ja korraldada selle taotluse olemasolevate powered read. Konsulteerida, teha teste, me \u00fchendame parameetrid ning tagada sujuv k\u00e4ivitamine. See v\u00f5imaldab kliendil v\u00e4ltida seisakuid ja tagada t\u00f5hus j\u00e4relevalve tootmise algusest, esimene p\u00e4ev.<\/span><\/p><p><span style=\"font-weight: 400;\">\u00a0<\/span><\/p><p><b>Pakendi logistika ahela disain<\/b><\/p><p><span style=\"font-weight: 400;\">Igal tootel on oma tee alates tootmise l\u00f5ppkasutajale, seet\u00f5ttu on oluline, et pakend on \u00f5igesti h\u00e4\u00e4lestatud. N\u00f5u ja disaini pakendi logistiline kett, hinnata, transport, ladustamine, pakendid ja m\u00fc\u00fcgi tingimused. Sel viisil saame aidata tagada, et pakend ei ole mitte ainult atraktiivne, vaid ka usaldusv\u00e4\u00e4rne, funktsionaalne ja kulut\u00f5hus kogu pakkumise protsessi.<\/span><\/p>\t\t\t\t\t\t\t\t<\/div>\n\t\t\t\t<\/div>\n\t\t\t\t\t<\/div>\n\t\t\t\t<\/div>\n\t\t<div class=\"elementor-element elementor-element-a7183df e-flex e-con-boxed e-con e-parent\" data-id=\"a7183df\" data-element_type=\"container\">\n\t\t\t\t\t<div class=\"e-con-inner\">\n\t\t<div class=\"elementor-element elementor-element-2206f75 e-con-full e-flex e-con e-child\" data-id=\"2206f75\" data-element_type=\"container\">\n\t\t\t\t<div class=\"elementor-element elementor-element-938922f elementor-widget elementor-widget-heading\" data-id=\"938922f\" data-element_type=\"widget\" data-widget_type=\"heading.default\">\n\t\t\t\t<div class=\"elementor-widget-container\">\n\t\t\t\t\t<h2 class=\"elementor-heading-title elementor-size-default\">Galerii\n<\/h2>\t\t\t\t<\/div>\n\t\t\t\t<\/div>\n\t\t\t\t<div class=\"elementor-element elementor-element-33d15bb info-box gallery-spacing-custom elementor-widget elementor-widget-image-gallery\" data-id=\"33d15bb\" data-element_type=\"widget\" data-widget_type=\"image-gallery.default\">\n\t\t\t\t<div class=\"elementor-widget-container\">\n\t\t\t\t\t\t\t<div class=\"elementor-image-gallery\">\n\t\t\t<div id='gallery-1' class='gallery galleryid-3257 gallery-columns-3 gallery-size-medium_large'><figure class='gallery-item'>\n\t\t\t<div class='gallery-icon landscape'>\n\t\t\t\t<a data-elementor-open-lightbox=\"yes\" data-elementor-lightbox-slideshow=\"33d15bb\" data-elementor-lightbox-title=\"GP-kompozicija-tabakas\" data-e-action-hash=\"#elementor-action%3Aaction%3Dlightbox%26settings%3DeyJpZCI6OTAyLCJ1cmwiOiJodHRwczpcL1wvdHJ1c3RwYWNrLmx0XC93cC1jb250ZW50XC91cGxvYWRzXC8yMDI1XC8wNlwvR1Ata29tcG96aWNpamEtdGFiYWthcy5qcGciLCJzbGlkZXNob3ciOiIzM2QxNWJiIn0%3D\" href='https:\/\/trustpack.lt\/wp-content\/uploads\/2025\/06\/GP-kompozicija-tabakas.jpg'><img loading=\"lazy\" decoding=\"async\" width=\"768\" height=\"594\" src=\"https:\/\/trustpack.lt\/wp-content\/uploads\/2025\/06\/GP-kompozicija-tabakas-768x594.jpg\" class=\"attachment-medium_large size-medium_large\" alt=\"\" srcset=\"https:\/\/trustpack.lt\/wp-content\/uploads\/2025\/06\/GP-kompozicija-tabakas-768x594.jpg 768w, https:\/\/trustpack.lt\/wp-content\/uploads\/2025\/06\/GP-kompozicija-tabakas-300x232.jpg 300w, https:\/\/trustpack.lt\/wp-content\/uploads\/2025\/06\/GP-kompozicija-tabakas-1024x791.jpg 1024w, https:\/\/trustpack.lt\/wp-content\/uploads\/2025\/06\/GP-kompozicija-tabakas-1536x1187.jpg 1536w, https:\/\/trustpack.lt\/wp-content\/uploads\/2025\/06\/GP-kompozicija-tabakas-2048x1583.jpg 2048w\" sizes=\"auto, (max-width: 768px) 100vw, 768px\" title=\"\"><\/a>\n\t\t\t<\/div><\/figure><figure class='gallery-item'>\n\t\t\t<div class='gallery-icon landscape'>\n\t\t\t\t<a data-elementor-open-lightbox=\"yes\" data-elementor-lightbox-slideshow=\"33d15bb\" data-elementor-lightbox-title=\"GP-kompozicija-reklamine\" data-e-action-hash=\"#elementor-action%3Aaction%3Dlightbox%26settings%3DeyJpZCI6OTIxLCJ1cmwiOiJodHRwczpcL1wvdHJ1c3RwYWNrLmx0XC93cC1jb250ZW50XC91cGxvYWRzXC8yMDI1XC8wNlwvR1Ata29tcG96aWNpamEtcmVrbGFtaW5lLmpwZyIsInNsaWRlc2hvdyI6IjMzZDE1YmIifQ%3D%3D\" href='https:\/\/trustpack.lt\/wp-content\/uploads\/2025\/06\/GP-kompozicija-reklamine.jpg'><img loading=\"lazy\" decoding=\"async\" width=\"768\" height=\"594\" src=\"https:\/\/trustpack.lt\/wp-content\/uploads\/2025\/06\/GP-kompozicija-reklamine-768x594.jpg\" class=\"attachment-medium_large size-medium_large\" alt=\"\" srcset=\"https:\/\/trustpack.lt\/wp-content\/uploads\/2025\/06\/GP-kompozicija-reklamine-768x594.jpg 768w, https:\/\/trustpack.lt\/wp-content\/uploads\/2025\/06\/GP-kompozicija-reklamine-300x232.jpg 300w, https:\/\/trustpack.lt\/wp-content\/uploads\/2025\/06\/GP-kompozicija-reklamine-1024x791.jpg 1024w, https:\/\/trustpack.lt\/wp-content\/uploads\/2025\/06\/GP-kompozicija-reklamine-1536x1187.jpg 1536w, https:\/\/trustpack.lt\/wp-content\/uploads\/2025\/06\/GP-kompozicija-reklamine-2048x1583.jpg 2048w\" sizes=\"auto, (max-width: 768px) 100vw, 768px\" title=\"\"><\/a>\n\t\t\t<\/div><\/figure><figure class='gallery-item'>\n\t\t\t<div class='gallery-icon landscape'>\n\t\t\t\t<a data-elementor-open-lightbox=\"yes\" data-elementor-lightbox-slideshow=\"33d15bb\" data-elementor-lightbox-title=\"GP-kompozicija-maistas-konditerija\" data-e-action-hash=\"#elementor-action%3Aaction%3Dlightbox%26settings%3DeyJpZCI6ODEyLCJ1cmwiOiJodHRwczpcL1wvdHJ1c3RwYWNrLmx0XC93cC1jb250ZW50XC91cGxvYWRzXC8yMDI1XC8wNlwvR1Ata29tcG96aWNpamEtbWFpc3Rhcy1rb25kaXRlcmlqYS5qcGciLCJzbGlkZXNob3ciOiIzM2QxNWJiIn0%3D\" href='https:\/\/trustpack.lt\/wp-content\/uploads\/2025\/06\/GP-kompozicija-maistas-konditerija.jpg'><img loading=\"lazy\" decoding=\"async\" width=\"768\" height=\"594\" src=\"https:\/\/trustpack.lt\/wp-content\/uploads\/2025\/06\/GP-kompozicija-maistas-konditerija-768x594.jpg\" class=\"attachment-medium_large size-medium_large\" alt=\"\" srcset=\"https:\/\/trustpack.lt\/wp-content\/uploads\/2025\/06\/GP-kompozicija-maistas-konditerija-768x594.jpg 768w, https:\/\/trustpack.lt\/wp-content\/uploads\/2025\/06\/GP-kompozicija-maistas-konditerija-300x232.jpg 300w, https:\/\/trustpack.lt\/wp-content\/uploads\/2025\/06\/GP-kompozicija-maistas-konditerija-1024x791.jpg 1024w, https:\/\/trustpack.lt\/wp-content\/uploads\/2025\/06\/GP-kompozicija-maistas-konditerija-1536x1187.jpg 1536w, https:\/\/trustpack.lt\/wp-content\/uploads\/2025\/06\/GP-kompozicija-maistas-konditerija-2048x1583.jpg 2048w\" sizes=\"auto, (max-width: 768px) 100vw, 768px\" title=\"\"><\/a>\n\t\t\t<\/div><\/figure><figure class='gallery-item'>\n\t\t\t<div class='gallery-icon landscape'>\n\t\t\t\t<a data-elementor-open-lightbox=\"yes\" data-elementor-lightbox-slideshow=\"33d15bb\" data-elementor-lightbox-title=\"GP-kompozicija-farmacija-korekcija\" data-e-action-hash=\"#elementor-action%3Aaction%3Dlightbox%26settings%3DeyJpZCI6Mzc3LCJ1cmwiOiJodHRwczpcL1wvdHJ1c3RwYWNrLmx0XC93cC1jb250ZW50XC91cGxvYWRzXC8yMDI1XC8wNlwvR1Ata29tcG96aWNpamEtZmFybWFjaWphLWtvcmVrY2lqYS5qcGciLCJzbGlkZXNob3ciOiIzM2QxNWJiIn0%3D\" href='https:\/\/trustpack.lt\/wp-content\/uploads\/2025\/06\/GP-kompozicija-farmacija-korekcija.jpg'><img loading=\"lazy\" decoding=\"async\" width=\"768\" height=\"594\" src=\"https:\/\/trustpack.lt\/wp-content\/uploads\/2025\/06\/GP-kompozicija-farmacija-korekcija-768x594.jpg\" class=\"attachment-medium_large size-medium_large\" alt=\"\" srcset=\"https:\/\/trustpack.lt\/wp-content\/uploads\/2025\/06\/GP-kompozicija-farmacija-korekcija-768x594.jpg 768w, https:\/\/trustpack.lt\/wp-content\/uploads\/2025\/06\/GP-kompozicija-farmacija-korekcija-300x232.jpg 300w, https:\/\/trustpack.lt\/wp-content\/uploads\/2025\/06\/GP-kompozicija-farmacija-korekcija-1024x791.jpg 1024w, https:\/\/trustpack.lt\/wp-content\/uploads\/2025\/06\/GP-kompozicija-farmacija-korekcija-1536x1187.jpg 1536w, https:\/\/trustpack.lt\/wp-content\/uploads\/2025\/06\/GP-kompozicija-farmacija-korekcija-2048x1583.jpg 2048w\" sizes=\"auto, (max-width: 768px) 100vw, 768px\" title=\"\"><\/a>\n\t\t\t<\/div><\/figure><figure class='gallery-item'>\n\t\t\t<div class='gallery-icon landscape'>\n\t\t\t\t<a data-elementor-open-lightbox=\"yes\" data-elementor-lightbox-slideshow=\"33d15bb\" data-elementor-lightbox-title=\"GP-kompozicija-etiketes\" data-e-action-hash=\"#elementor-action%3Aaction%3Dlightbox%26settings%3DeyJpZCI6Mzc2LCJ1cmwiOiJodHRwczpcL1wvdHJ1c3RwYWNrLmx0XC93cC1jb250ZW50XC91cGxvYWRzXC8yMDI1XC8wNlwvR1Ata29tcG96aWNpamEtZXRpa2V0ZXMuanBnIiwic2xpZGVzaG93IjoiMzNkMTViYiJ9\" href='https:\/\/trustpack.lt\/wp-content\/uploads\/2025\/06\/GP-kompozicija-etiketes.jpg'><img loading=\"lazy\" decoding=\"async\" width=\"768\" height=\"594\" src=\"https:\/\/trustpack.lt\/wp-content\/uploads\/2025\/06\/GP-kompozicija-etiketes-768x594.jpg\" class=\"attachment-medium_large size-medium_large\" alt=\"\" srcset=\"https:\/\/trustpack.lt\/wp-content\/uploads\/2025\/06\/GP-kompozicija-etiketes-768x594.jpg 768w, https:\/\/trustpack.lt\/wp-content\/uploads\/2025\/06\/GP-kompozicija-etiketes-300x232.jpg 300w, https:\/\/trustpack.lt\/wp-content\/uploads\/2025\/06\/GP-kompozicija-etiketes-1024x791.jpg 1024w, https:\/\/trustpack.lt\/wp-content\/uploads\/2025\/06\/GP-kompozicija-etiketes-1536x1187.jpg 1536w, https:\/\/trustpack.lt\/wp-content\/uploads\/2025\/06\/GP-kompozicija-etiketes-2048x1583.jpg 2048w\" sizes=\"auto, (max-width: 768px) 100vw, 768px\" title=\"\"><\/a>\n\t\t\t<\/div><\/figure><figure class='gallery-item'>\n\t\t\t<div class='gallery-icon landscape'>\n\t\t\t\t<a data-elementor-open-lightbox=\"yes\" data-elementor-lightbox-slideshow=\"33d15bb\" data-elementor-lightbox-title=\"GP-kompozicija-gerimai\" data-e-action-hash=\"#elementor-action%3Aaction%3Dlightbox%26settings%3DeyJpZCI6Mzc4LCJ1cmwiOiJodHRwczpcL1wvdHJ1c3RwYWNrLmx0XC93cC1jb250ZW50XC91cGxvYWRzXC8yMDI1XC8wNlwvR1Ata29tcG96aWNpamEtZ2VyaW1haS5qcGciLCJzbGlkZXNob3ciOiIzM2QxNWJiIn0%3D\" href='https:\/\/trustpack.lt\/wp-content\/uploads\/2025\/06\/GP-kompozicija-gerimai.jpg'><img loading=\"lazy\" decoding=\"async\" width=\"768\" height=\"593\" src=\"https:\/\/trustpack.lt\/wp-content\/uploads\/2025\/06\/GP-kompozicija-gerimai-768x593.jpg\" class=\"attachment-medium_large size-medium_large\" alt=\"\" srcset=\"https:\/\/trustpack.lt\/wp-content\/uploads\/2025\/06\/GP-kompozicija-gerimai-768x593.jpg 768w, https:\/\/trustpack.lt\/wp-content\/uploads\/2025\/06\/GP-kompozicija-gerimai-300x232.jpg 300w, https:\/\/trustpack.lt\/wp-content\/uploads\/2025\/06\/GP-kompozicija-gerimai-1024x791.jpg 1024w, https:\/\/trustpack.lt\/wp-content\/uploads\/2025\/06\/GP-kompozicija-gerimai-1536x1186.jpg 1536w, https:\/\/trustpack.lt\/wp-content\/uploads\/2025\/06\/GP-kompozicija-gerimai-2048x1582.jpg 2048w\" sizes=\"auto, (max-width: 768px) 100vw, 768px\" title=\"\"><\/a>\n\t\t\t<\/div><\/figure>\n\t\t<\/div>\n\t\t<\/div>\n\t\t\t\t\t\t<\/div>\n\t\t\t\t<\/div>\n\t\t\t\t<\/div>\n\t\t\t\t\t<\/div>\n\t\t\t\t<\/div>\n\t\t<div class=\"elementor-element elementor-element-d21d878 e-flex e-con-boxed e-con e-parent\" data-id=\"d21d878\" data-element_type=\"container\" data-settings=\"{&quot;background_background&quot;:&quot;classic&quot;}\">\n\t\t\t\t\t<div class=\"e-con-inner\">\n\t\t\t\t<div class=\"elementor-element elementor-element-2c93e5a elementor-widget elementor-widget-heading\" data-id=\"2c93e5a\" data-element_type=\"widget\" data-widget_type=\"heading.default\">\n\t\t\t\t<div class=\"elementor-widget-container\">\n\t\t\t\t\t<h3 class=\"elementor-heading-title elementor-size-default\">Miks valida meid?<\/h3>\t\t\t\t<\/div>\n\t\t\t\t<\/div>\n\t\t\t\t<div class=\"elementor-element elementor-element-3915ad8 elementor-widget elementor-widget-text-editor\" data-id=\"3915ad8\" data-element_type=\"widget\" data-widget_type=\"text-editor.default\">\n\t\t\t\t<div class=\"elementor-widget-container\">\n\t\t\t\t\t\t\t\t\t<ul><li style=\"font-weight: 400;\" aria-level=\"1\"><b>Terviklik abi<\/b><span style=\"font-weight: 400;\"> esimese protot\u00fc\u00fcbi l\u00f5pliku \u00fcleandmise, me veenduge, et iga samm l\u00e4heb sujuvalt.<br \/><br \/><\/span><\/li><li style=\"font-weight: 400;\" aria-level=\"1\"><b>Paindlikkus vastavalt vajadustele<\/b><span style=\"font-weight: 400;\"> \u2013 kohandada tingimustele, annab teile v\u00f5imaluse talletada, aidates korraldada logistika v\u00f5i kohandatud pakendi automaatne rea.<br \/><br \/><\/span><\/li><li style=\"font-weight: 400;\" aria-level=\"1\"><b>Lisav\u00e4\u00e4rtust Teie jaoks<\/b><span> \u2013 meile saate mitte ainult tootmise, vaid ka partner, kes aitab teil s\u00e4\u00e4sta aega, optimeerida kulusid ning tagada, et toode on turul ilmuvad ilma mured.<\/span><\/li><\/ul>\t\t\t\t\t\t\t\t<\/div>\n\t\t\t\t<\/div>\n\t\t\t\t\t<\/div>\n\t\t\t\t<\/div>\n\t\t<div class=\"elementor-element elementor-element-ba87933 e-flex e-con-boxed e-con e-parent\" data-id=\"ba87933\" data-element_type=\"container\" data-settings=\"{&quot;background_background&quot;:&quot;classic&quot;}\">\n\t\t\t\t\t<div class=\"e-con-inner\">\n\t\t<div class=\"elementor-element elementor-element-0fb90db e-con-full e-flex e-con e-child\" data-id=\"0fb90db\" data-element_type=\"container\">\n\t\t\t\t<div class=\"elementor-element elementor-element-b4b823f elementor-widget elementor-widget-heading\" data-id=\"b4b823f\" data-element_type=\"widget\" data-widget_type=\"heading.default\">\n\t\t\t\t<div class=\"elementor-widget-container\">\n\t\t\t\t\t<h3 class=\"elementor-heading-title elementor-size-default\">Kontakt teenindus\n<\/h3>\t\t\t\t<\/div>\n\t\t\t\t<\/div>\n\t\t\t\t<\/div>\n\t\t<div class=\"elementor-element elementor-element-9036aeb e-con-full e-flex e-con e-child\" data-id=\"9036aeb\" data-element_type=\"container\">\n\t\t\t\t<div class=\"elementor-element elementor-element-a6125ab elementor-widget elementor-widget-button\" data-id=\"a6125ab\" data-element_type=\"widget\" data-widget_type=\"button.default\">\n\t\t\t\t<div class=\"elementor-widget-container\">\n\t\t\t\t\t\t\t\t\t<div class=\"elementor-button-wrapper\">\n\t\t\t\t\t<a class=\"elementor-button elementor-button-link elementor-size-sm\" href=\"https:\/\/trustpack.lt\/et\/kontaktid\/\">\n\t\t\t\t\t\t<span class=\"elementor-button-content-wrapper\">\n\t\t\t\t\t\t<span class=\"elementor-button-icon\">\n\t\t\t\t<i aria-hidden=\"true\" class=\"fas fa-long-arrow-alt-right\"><\/i>\t\t\t<\/span>\n\t\t\t\t\t\t\t\t\t<span class=\"elementor-button-text\">Kontakt<\/span>\n\t\t\t\t\t<\/span>\n\t\t\t\t\t<\/a>\n\t\t\t\t<\/div>\n\t\t\t\t\t\t\t\t<\/div>\n\t\t\t\t<\/div>\n\t\t\t\t<\/div>\n\t\t\t\t\t<\/div>\n\t\t\t\t<\/div>\n\t\t\t\t<\/div>","protected":false},"excerpt":{"rendered":"<p>Spaudos darbus lydime lankstumu Tod\u0117l si\u016blome papildomas paslaugas, kurios padeda klientams sutaupyti laiko ir u\u017etikrina, kad galutinis produktas b\u016bt\u0173 paruo\u0161tas laiku ir be joki\u0173 r\u016bpes\u010di\u0173. M\u016bs\u0173 tikslas \u2013 pasir\u016bpinti viskuo nuo A iki Z: nuo ambicing\u0173 termin\u0173 \u012fgyvendinimo iki logistikos sprendim\u0173. Tokiu b\u016bdu klientai gauna ne tik auk\u0161\u010diausios kokyb\u0117s spaud\u0105, bet ir aptarnavim\u0105. Susisiekite Termin\u0173 [&hellip;]<\/p>","protected":false},"author":1,"featured_media":0,"parent":0,"menu_order":0,"comment_status":"closed","ping_status":"closed","template":"","meta":{"footnotes":""},"class_list":["post-3257","page","type-page","status-publish","hentry"],"_links":{"self":[{"href":"https:\/\/trustpack.lt\/et\/wp-json\/wp\/v2\/pages\/3257","targetHints":{"allow":["GET"]}}],"collection":[{"href":"https:\/\/trustpack.lt\/et\/wp-json\/wp\/v2\/pages"}],"about":[{"href":"https:\/\/trustpack.lt\/et\/wp-json\/wp\/v2\/types\/page"}],"author":[{"embeddable":true,"href":"https:\/\/trustpack.lt\/et\/wp-json\/wp\/v2\/users\/1"}],"replies":[{"embeddable":true,"href":"https:\/\/trustpack.lt\/et\/wp-json\/wp\/v2\/comments?post=3257"}],"version-history":[{"count":0,"href":"https:\/\/trustpack.lt\/et\/wp-json\/wp\/v2\/pages\/3257\/revisions"}],"wp:attachment":[{"href":"https:\/\/trustpack.lt\/et\/wp-json\/wp\/v2\/media?parent=3257"}],"curies":[{"name":"wp","href":"https:\/\/api.w.org\/{rel}","templated":true}]}}