{"id":3528,"date":"2025-11-05T15:04:30","date_gmt":"2025-11-05T13:04:30","guid":{"rendered":"https:\/\/trustpack.lt\/?page_id=3528"},"modified":"2026-02-25T17:13:22","modified_gmt":"2026-02-25T15:13:22","slug":"blogi","status":"publish","type":"page","link":"https:\/\/trustpack.lt\/et\/blogi\/","title":{"rendered":"Blogi"},"content":{"rendered":"<div data-elementor-type=\"wp-page\" data-elementor-id=\"3528\" class=\"elementor elementor-3528\">\n\t\t\t\t<div class=\"elementor-element elementor-element-3e0f08f e-flex e-con-boxed e-con e-parent\" data-id=\"3e0f08f\" data-element_type=\"container\" data-settings=\"{&quot;background_background&quot;:&quot;gradient&quot;}\">\n\t\t\t\t\t<div class=\"e-con-inner\">\n\t\t<div class=\"elementor-element elementor-element-2677945 e-con-full e-flex e-con e-child\" data-id=\"2677945\" data-element_type=\"container\">\n\t\t\t\t<div class=\"elementor-element elementor-element-79633a6 elementor-widget elementor-widget-heading\" data-id=\"79633a6\" data-element_type=\"widget\" data-widget_type=\"heading.default\">\n\t\t\t\t<div class=\"elementor-widget-container\">\n\t\t\t\t\t<h1 class=\"elementor-heading-title elementor-size-default\">Blogi<\/h1>\t\t\t\t<\/div>\n\t\t\t\t<\/div>\n\t\t\t\t<div class=\"elementor-element elementor-element-dc57f45 elementor-widget-divider--view-line elementor-widget elementor-widget-divider\" data-id=\"dc57f45\" data-element_type=\"widget\" data-widget_type=\"divider.default\">\n\t\t\t\t<div class=\"elementor-widget-container\">\n\t\t\t\t\t\t\t<div class=\"elementor-divider\">\n\t\t\t<span class=\"elementor-divider-separator\">\n\t\t\t\t\t\t<\/span>\n\t\t<\/div>\n\t\t\t\t\t\t<\/div>\n\t\t\t\t<\/div>\n\t\t\t\t<\/div>\n\t\t\t\t\t<\/div>\n\t\t\t\t<\/div>\n\t\t<div class=\"elementor-element elementor-element-2b2456e e-flex e-con-boxed e-con e-parent\" data-id=\"2b2456e\" data-element_type=\"container\">\n\t\t\t\t\t<div class=\"e-con-inner\">\n\t\t\t\t<div class=\"elementor-element elementor-element-c000571 elementor-widget elementor-widget-elementskit-blog-posts\" data-id=\"c000571\" data-element_type=\"widget\" data-widget_type=\"elementskit-blog-posts.default\">\n\t\t\t\t<div class=\"elementor-widget-container\">\n\t\t\t\t\t<div class=\"ekit-wid-con\" >        <div id=\"post-items--c000571\" class=\"row post-items\">\n                    <div class=\"col-md-12\">\n\n                                    <div class=\"elementskit-blog-block-post\">\n                        <div class=\"row no-gutters\">\n                                                            <div class=\"col-md-6 order-1\">\n                                    <a href=\"https:\/\/trustpack.lt\/et\/kartongist-kondiitritoodete-pakendid-kuidas-valida-dessertidele-sobiv-pakend\/\" class=\"elementskit-entry-thumb\">\n                                        <img decoding=\"async\" src=\"https:\/\/trustpack.lt\/wp-content\/uploads\/2026\/02\/image-4-1024x682.jpeg\" alt=\"Papist kondiitritoodete pakendid: kuidas valida magustoitude jaoks \u00f5ige pakend\" title=\"\">\n                                    <\/a><!-- .elementskit-entry-thumb END -->\n                                <\/div>\n                            \n                            <div class=\"col-md-6 order-2\">\n                                <div class=\"elementskit-post-body\">\n                                    <div class=\"elementskit-entry-header\">\n                                        \t\t\t\t\t\t\t\t\t\t\t\t\t\t\t<h2 class=\"entry-title\">\n\t\t\t\t\t<a href=\"https:\/\/trustpack.lt\/et\/kartongist-kondiitritoodete-pakendid-kuidas-valida-dessertidele-sobiv-pakend\/\">\n\t\t\t\t\t\tPapist kondiitritoodete pakendid: kuidas valida magustoitude jaoks \u00f5ige pakend\t\t\t\t\t<\/a>\n\t\t\t\t<\/h2>\n\t\t\t                                        \n                                                                                                                                        \n                                            \n                                                                                <\/div><!-- .elementskit-entry-header END -->\n\n                                                                            <div class=\"elementskit-post-footer\">\n                                                                                            <p>Konditerijos verslai, rinkdamiesi pakuotes, da\u017enai susiduria su keliomis pagrindin\u0117mis problemomis vienu metu. Pakuot\u0117 turi patikimai apsaugoti desertus transportavimo metu, i\u0161laikyti j\u0173 form\u0105 ir estetin\u012f vaizd\u0105, o kartu b\u016bti patogi logistikai ir sand\u0117liavimui. Per silpna konstrukcija\u2026<\/p>\n                                                                                                                                <\/div><!-- .elementskit-post-footer END -->\n                                                                    <\/div><!-- .elementskit-post-body END -->\n                            <\/div>\n                        <\/div>\n                    <\/div><!-- .elementskit-blog-block-post .radius .gradient-bg END -->\n                \n            <\/div>\n                    <div class=\"col-md-12\">\n\n                                    <div class=\"elementskit-blog-block-post\">\n                        <div class=\"row no-gutters\">\n                                                            <div class=\"col-md-6 order-1\">\n                                    <a href=\"https:\/\/trustpack.lt\/et\/kartongist-ravimipakendid-ohutus-ja-premium-pilt\/\" class=\"elementskit-entry-thumb\">\n                                        <img decoding=\"async\" src=\"https:\/\/trustpack.lt\/wp-content\/uploads\/2026\/02\/image-2-1024x768.jpeg\" alt=\"Papist ravimipakend: ohutus ja esmaklassiline kuvand\" title=\"\">\n                                    <\/a><!-- .elementskit-entry-thumb END -->\n                                <\/div>\n                            \n                            <div class=\"col-md-6 order-2\">\n                                <div class=\"elementskit-post-body\">\n                                    <div class=\"elementskit-entry-header\">\n                                        \t\t\t\t\t\t\t\t\t\t\t\t\t\t\t<h2 class=\"entry-title\">\n\t\t\t\t\t<a href=\"https:\/\/trustpack.lt\/et\/kartongist-ravimipakendid-ohutus-ja-premium-pilt\/\">\n\t\t\t\t\t\tPapist ravimipakend: ohutus ja esmaklassiline kuvand\t\t\t\t\t<\/a>\n\t\t\t\t<\/h2>\n\t\t\t                                        \n                                                                                                                                        \n                                            \n                                                                                <\/div><!-- .elementskit-entry-header END -->\n\n                                                                            <div class=\"elementskit-post-footer\">\n                                                                                            <p>\u0160iandien vaist\u0173 pakuot\u0117s atlieka kur kas daugiau nei tik apsaugin\u0119 funkcij\u0105. Pakuot\u0117s yra neatsiejama produkto dalis, tiesiogiai veikianti vartotojo pasitik\u0117jim\u0105, vaisto suvokiam\u0105 kokyb\u0119 ir atitikt\u012f grie\u017etiems farmacijos reikalavimams. Dar prie\u0161 perskaitant informacin\u012f lapel\u012f ar i\u0161bandant\u2026<\/p>\n                                                                                                                                <\/div><!-- .elementskit-post-footer END -->\n                                                                    <\/div><!-- .elementskit-post-body END -->\n                            <\/div>\n                        <\/div>\n                    <\/div><!-- .elementskit-blog-block-post .radius .gradient-bg END -->\n                \n            <\/div>\n                    <div class=\"col-md-12\">\n\n                                    <div class=\"elementskit-blog-block-post\">\n                        <div class=\"row no-gutters\">\n                                                            <div class=\"col-md-6 order-1\">\n                                    <a href=\"https:\/\/trustpack.lt\/et\/trukiga-karbid-kui-pakendid-mis-loovad-ja-suurendavad-brandi-vaartust\/\" class=\"elementskit-entry-thumb\">\n                                        <img decoding=\"async\" src=\"https:\/\/trustpack.lt\/wp-content\/uploads\/2026\/02\/image-1024x682.jpeg\" alt=\"Tr\u00fckitud karbid: kuidas pakend loob ja suurendab br\u00e4ndi v\u00e4\u00e4rtust\" title=\"\">\n                                    <\/a><!-- .elementskit-entry-thumb END -->\n                                <\/div>\n                            \n                            <div class=\"col-md-6 order-2\">\n                                <div class=\"elementskit-post-body\">\n                                    <div class=\"elementskit-entry-header\">\n                                        \t\t\t\t\t\t\t\t\t\t\t\t\t\t\t<h2 class=\"entry-title\">\n\t\t\t\t\t<a href=\"https:\/\/trustpack.lt\/et\/trukiga-karbid-kui-pakendid-mis-loovad-ja-suurendavad-brandi-vaartust\/\">\n\t\t\t\t\t\tTr\u00fckitud karbid: kuidas pakend loob ja suurendab br\u00e4ndi v\u00e4\u00e4rtust\t\t\t\t\t<\/a>\n\t\t\t\t<\/h2>\n\t\t\t                                        \n                                                                                                                                        \n                                            \n                                                                                <\/div><!-- .elementskit-entry-header END -->\n\n                                                                            <div class=\"elementskit-post-footer\">\n                                                                                            <p>\u0160iandien pakuot\u0117s da\u017enai tampa pirmuoju prek\u0117s \u017eenklo kontaktu su klientu \u2013 dar prie\u0161 produkt\u0105, reklam\u0105 ar patirt\u012f. Klientas pamato d\u0117\u017eut\u0119 lentynoje, gauna siunt\u0105 \u012f namus ar atidaro verslo dovan\u0105, ir b\u016btent pakuot\u0117 formuoja pirm\u0105j\u012f \u012fsp\u016bd\u012f.\u2026<\/p>\n                                                                                                                                <\/div><!-- .elementskit-post-footer END -->\n                                                                    <\/div><!-- .elementskit-post-body END -->\n                            <\/div>\n                        <\/div>\n                    <\/div><!-- .elementskit-blog-block-post .radius .gradient-bg END -->\n                \n            <\/div>\n                    <div class=\"col-md-12\">\n\n                                    <div class=\"elementskit-blog-block-post\">\n                        <div class=\"row no-gutters\">\n                                                            <div class=\"col-md-6 order-1\">\n                                    <a href=\"https:\/\/trustpack.lt\/et\/kuidas-valida-sobivaim-toidupakend\/\" class=\"elementskit-entry-thumb\">\n                                        <img decoding=\"async\" src=\"https:\/\/trustpack.lt\/wp-content\/uploads\/2025\/12\/image-4-1024x768.jpeg\" alt=\"Kuidas valida k\u00f5ige sobivam toiduainete pakendid?\" title=\"\">\n                                    <\/a><!-- .elementskit-entry-thumb END -->\n                                <\/div>\n                            \n                            <div class=\"col-md-6 order-2\">\n                                <div class=\"elementskit-post-body\">\n                                    <div class=\"elementskit-entry-header\">\n                                        \t\t\t\t\t\t\t\t\t\t\t\t\t\t\t<h2 class=\"entry-title\">\n\t\t\t\t\t<a href=\"https:\/\/trustpack.lt\/et\/kuidas-valida-sobivaim-toidupakend\/\">\n\t\t\t\t\t\tKuidas valida k\u00f5ige sobivam toiduainete pakendid?\t\t\t\t\t<\/a>\n\t\t\t\t<\/h2>\n\t\t\t                                        \n                                                                                                                                        \n                                            \n                                                                                <\/div><!-- .elementskit-entry-header END -->\n\n                                                                            <div class=\"elementskit-post-footer\">\n                                                                                            <p>Sobib toiduainete pakendid on kindlaks otseselt toote v\u00e4rskuse, kasutaja julgeoleku-ja br\u00e4ndi maine. Siiski, ettev\u00f5tted sageli dilemma ees: valida praktilisus, esteetika v\u00f5i j\u00e4tkusuutlikkus? K\u00e4esolevas artiklis leiate selged kriteeriumid, et m\u00f5ista, mida pakett k\u00f5ige paremini...<\/p>\n                                                                                                                                <\/div><!-- .elementskit-post-footer END -->\n                                                                    <\/div><!-- .elementskit-post-body END -->\n                            <\/div>\n                        <\/div>\n                    <\/div><!-- .elementskit-blog-block-post .radius .gradient-bg END -->\n                \n            <\/div>\n                    <div class=\"col-md-12\">\n\n                                    <div class=\"elementskit-blog-block-post\">\n                        <div class=\"row no-gutters\">\n                                                            <div class=\"col-md-6 order-1\">\n                                    <a href=\"https:\/\/trustpack.lt\/et\/pakendite-tootmine-ideest-valmis-pakendini\/\" class=\"elementskit-entry-thumb\">\n                                        <img decoding=\"async\" src=\"https:\/\/trustpack.lt\/wp-content\/uploads\/2025\/12\/image-1-1024x682.jpeg\" alt=\"Pakendite tootmine: alates ideest kuni valmis pakend\" title=\"\">\n                                    <\/a><!-- .elementskit-entry-thumb END -->\n                                <\/div>\n                            \n                            <div class=\"col-md-6 order-2\">\n                                <div class=\"elementskit-post-body\">\n                                    <div class=\"elementskit-entry-header\">\n                                        \t\t\t\t\t\t\t\t\t\t\t\t\t\t\t<h2 class=\"entry-title\">\n\t\t\t\t\t<a href=\"https:\/\/trustpack.lt\/et\/pakendite-tootmine-ideest-valmis-pakendini\/\">\n\t\t\t\t\t\tPakendite tootmine: alates ideest kuni valmis pakend\t\t\t\t\t<\/a>\n\t\t\t\t<\/h2>\n\t\t\t                                        \n                                                                                                                                        \n                                            \n                                                                                <\/div><!-- .elementskit-entry-header END -->\n\n                                                                            <div class=\"elementskit-post-footer\">\n                                                                                            <p>Pakendite tootmine on ammu enam ainult tehnilise tootmise protsessi, kus aine muundub postkasti. See on protsess, mis \u00fchendab, loovust, tehnoloogia, ja br\u00e4ndi strateegia. Alates esimesest idee ja disain visandid hoolikalt l\u00e4bi ajakirjanduse ja kvaliteedikontroll...<\/p>\n                                                                                                                                <\/div><!-- .elementskit-post-footer END -->\n                                                                    <\/div><!-- .elementskit-post-body END -->\n                            <\/div>\n                        <\/div>\n                    <\/div><!-- .elementskit-blog-block-post .radius .gradient-bg END -->\n                \n            <\/div>\n                    <div class=\"col-md-12\">\n\n                                    <div class=\"elementskit-blog-block-post\">\n                        <div class=\"row no-gutters\">\n                                                            <div class=\"col-md-6 order-1\">\n                                    <a href=\"https:\/\/trustpack.lt\/et\/pakenditrendid-2026-aastaks\/\" class=\"elementskit-entry-thumb\">\n                                        <img decoding=\"async\" src=\"https:\/\/trustpack.lt\/wp-content\/uploads\/2025\/11\/image-1-1024x768.jpeg\" alt=\"Pakendi suundumusi, 2026 aasta\" title=\"\">\n                                    <\/a><!-- .elementskit-entry-thumb END -->\n                                <\/div>\n                            \n                            <div class=\"col-md-6 order-2\">\n                                <div class=\"elementskit-post-body\">\n                                    <div class=\"elementskit-entry-header\">\n                                        \t\t\t\t\t\t\t\t\t\t\t\t\t\t\t<h2 class=\"entry-title\">\n\t\t\t\t\t<a href=\"https:\/\/trustpack.lt\/et\/pakenditrendid-2026-aastaks\/\">\n\t\t\t\t\t\tPakendi suundumusi, 2026 aasta\t\t\t\t\t<\/a>\n\t\t\t\t<\/h2>\n\t\t\t                                        \n                                                                                                                                        \n                                            \n                                                                                <\/div><!-- .elementskit-entry-header END -->\n\n                                                                            <div class=\"elementskit-post-footer\">\n                                                                                            <p>Pakendi sektoris on praegu silmitsi kiire muutuste perioodil. Ettev\u00f5tete ja tarbijate \u00fcha v\u00e4\u00e4rtus j\u00e4tkusuutlikkus, parem kasutaja kogemus ja v\u00f5tta arvesse j\u00e4rjest ranged regulatiivsed n\u00f5uded. Lahendusi (nt QR-koodid v\u00f5i liitreaalsuse elemendid on \u00fcha...<\/p>\n                                                                                                                                <\/div><!-- .elementskit-post-footer END -->\n                                                                    <\/div><!-- .elementskit-post-body END -->\n                            <\/div>\n                        <\/div>\n                    <\/div><!-- .elementskit-blog-block-post .radius .gradient-bg END -->\n                \n            <\/div>\n                    <div class=\"col-md-12\">\n\n                                    <div class=\"elementskit-blog-block-post\">\n                        <div class=\"row no-gutters\">\n                                                            <div class=\"col-md-6 order-1\">\n                                    <a href=\"https:\/\/trustpack.lt\/et\/jatkusuutlik-pakend-mida-on-oluline-teada-enne-tellimist\/\" class=\"elementskit-entry-thumb\">\n                                        <img decoding=\"async\" src=\"https:\/\/trustpack.lt\/wp-content\/uploads\/2025\/06\/thumbnail_15_244598_Speedmaster-XL-106-8LYYL-1-1024x819.jpg\" alt=\"S\u00e4\u00e4stva pakend: mida on oluline teada enne tellimist\" title=\"\">\n                                    <\/a><!-- .elementskit-entry-thumb END -->\n                                <\/div>\n                            \n                            <div class=\"col-md-6 order-2\">\n                                <div class=\"elementskit-post-body\">\n                                    <div class=\"elementskit-entry-header\">\n                                        \t\t\t\t\t\t\t\t\t\t\t\t\t\t\t<h2 class=\"entry-title\">\n\t\t\t\t\t<a href=\"https:\/\/trustpack.lt\/et\/jatkusuutlik-pakend-mida-on-oluline-teada-enne-tellimist\/\">\n\t\t\t\t\t\tS\u00e4\u00e4stva pakend: mida on oluline teada enne tellimist\t\t\t\t\t<\/a>\n\t\t\t\t<\/h2>\n\t\t\t                                        \n                                                                                                                                        \n                                            \n                                                                                <\/div><!-- .elementskit-entry-header END -->\n\n                                                                            <div class=\"elementskit-post-footer\">\n                                                                                            <p>T\u00e4nap\u00e4eva turg, s\u00e4\u00e4stva pakend ei ole enam lihtsalt mood \u2013 see on ettev\u00f5tte vastutus ja teadlik l\u00e4henemine keskkonna s\u00fcmbol. Tarbijad on \u00fcha valinud tooted, millel roheline pakend peegeldab br\u00e4ndi v\u00e4\u00e4rtused, mis t\u00e4hendab, et j\u00e4tkusuutlikkus muutub...<\/p>\n                                                                                                                                <\/div><!-- .elementskit-post-footer END -->\n                                                                    <\/div><!-- .elementskit-post-body END -->\n                            <\/div>\n                        <\/div>\n                    <\/div><!-- .elementskit-blog-block-post .radius .gradient-bg END -->\n                \n            <\/div>\n                    <div class=\"col-md-12\">\n\n                                    <div class=\"elementskit-blog-block-post\">\n                        <div class=\"row no-gutters\">\n                                                            <div class=\"col-md-6 order-1\">\n                                    <a href=\"https:\/\/trustpack.lt\/et\/kuidas-valida-oma-brandile-sobivat-esmaklassilist-pakendit-disaini-ja-kvaliteedi-juhend\/\" class=\"elementskit-entry-thumb\">\n                                        <img decoding=\"async\" src=\"https:\/\/trustpack.lt\/wp-content\/uploads\/2025\/06\/GP-kompozicija-kosmetika-parfumerija-1024x791.jpg\" alt=\"Kuidas valida LISATASU pakend oma br\u00e4ndi: disaini ja kvaliteedi juhend\" title=\"\">\n                                    <\/a><!-- .elementskit-entry-thumb END -->\n                                <\/div>\n                            \n                            <div class=\"col-md-6 order-2\">\n                                <div class=\"elementskit-post-body\">\n                                    <div class=\"elementskit-entry-header\">\n                                        \t\t\t\t\t\t\t\t\t\t\t\t\t\t\t<h2 class=\"entry-title\">\n\t\t\t\t\t<a href=\"https:\/\/trustpack.lt\/et\/kuidas-valida-oma-brandile-sobivat-esmaklassilist-pakendit-disaini-ja-kvaliteedi-juhend\/\">\n\t\t\t\t\t\tKuidas valida LISATASU pakend oma br\u00e4ndi: disaini ja kvaliteedi juhend\t\t\t\t\t<\/a>\n\t\t\t\t<\/h2>\n\t\t\t                                        \n                                                                                                                                        \n                                            \n                                                                                <\/div><!-- .elementskit-entry-header END -->\n\n                                                                            <div class=\"elementskit-post-footer\">\n                                                                                            <p>T\u00e4nap\u00e4eva turul pakend ei ole enam lihtsalt toote kaitset, vaid ka br\u00e4ndi n\u00e4gu. Toote pakend loob esmamulje, suurendab br\u00e4ndi v\u00e4\u00e4rtust silmis ostjad ja arendada klientide lojaalsust. Niisiis, kuidas valida pakendid, mis on mitte ainult...<\/p>\n                                                                                                                                <\/div><!-- .elementskit-post-footer END -->\n                                                                    <\/div><!-- .elementskit-post-body END -->\n                            <\/div>\n                        <\/div>\n                    <\/div><!-- .elementskit-blog-block-post .radius .gradient-bg END -->\n                \n            <\/div>\n                <\/div>\n       <\/div>\t\t\t\t<\/div>\n\t\t\t\t<\/div>\n\t\t\t\t\t<\/div>\n\t\t\t\t<\/div>\n\t\t\t\t<\/div>","protected":false},"excerpt":{"rendered":"<p>Tinklara\u0161tis Sweden\u2019s Packaging Trends in 2026: What Brands and Designers Should Know Packaging in Sweden is entering 2026 under a very different set of expectations than even a few years ago. Decisions that were once driven primarily by cost, aesthetics or shelf impact are now shaped by&hellip; Packaging Trends in Finland for 2026: Key Insights [&hellip;]<\/p>","protected":false},"author":1,"featured_media":0,"parent":0,"menu_order":0,"comment_status":"closed","ping_status":"closed","template":"","meta":{"footnotes":""},"class_list":["post-3528","page","type-page","status-publish","hentry"],"_links":{"self":[{"href":"https:\/\/trustpack.lt\/et\/wp-json\/wp\/v2\/pages\/3528","targetHints":{"allow":["GET"]}}],"collection":[{"href":"https:\/\/trustpack.lt\/et\/wp-json\/wp\/v2\/pages"}],"about":[{"href":"https:\/\/trustpack.lt\/et\/wp-json\/wp\/v2\/types\/page"}],"author":[{"embeddable":true,"href":"https:\/\/trustpack.lt\/et\/wp-json\/wp\/v2\/users\/1"}],"replies":[{"embeddable":true,"href":"https:\/\/trustpack.lt\/et\/wp-json\/wp\/v2\/comments?post=3528"}],"version-history":[{"count":3,"href":"https:\/\/trustpack.lt\/et\/wp-json\/wp\/v2\/pages\/3528\/revisions"}],"predecessor-version":[{"id":3929,"href":"https:\/\/trustpack.lt\/et\/wp-json\/wp\/v2\/pages\/3528\/revisions\/3929"}],"wp:attachment":[{"href":"https:\/\/trustpack.lt\/et\/wp-json\/wp\/v2\/media?parent=3528"}],"curies":[{"name":"wp","href":"https:\/\/api.w.org\/{rel}","templated":true}]}}