{"id":1247,"date":"2025-06-23T00:22:23","date_gmt":"2025-06-23T00:22:23","guid":{"rendered":"https:\/\/trustpack.lt\/?page_id=1247"},"modified":"2025-06-23T00:23:06","modified_gmt":"2025-06-23T00:23:06","slug":"painotiedoston-vaatimukset","status":"publish","type":"page","link":"https:\/\/trustpack.lt\/fi\/painotiedoston-vaatimukset\/","title":{"rendered":"Vaatimukset tulostus tiedosto"},"content":{"rendered":"<div data-elementor-type=\"wp-page\" data-elementor-id=\"1247\" class=\"elementor elementor-1247\">\n\t\t\t\t<div class=\"elementor-element elementor-element-3e0f08f e-flex e-con-boxed e-con e-parent\" data-id=\"3e0f08f\" data-element_type=\"container\">\n\t\t\t\t\t<div class=\"e-con-inner\">\n\t\t<div class=\"elementor-element elementor-element-2677945 e-con-full e-flex e-con e-child\" data-id=\"2677945\" data-element_type=\"container\">\n\t\t\t\t<div class=\"elementor-element elementor-element-79633a6 elementor-widget elementor-widget-heading\" data-id=\"79633a6\" data-element_type=\"widget\" data-widget_type=\"heading.default\">\n\t\t\t\t<div class=\"elementor-widget-container\">\n\t\t\t\t\t<h2 class=\"elementor-heading-title elementor-size-default\">Vaatimukset tulostus tiedosto\n<\/h2>\t\t\t\t<\/div>\n\t\t\t\t<\/div>\n\t\t\t\t<div class=\"elementor-element elementor-element-dc57f45 elementor-widget-divider--view-line elementor-widget elementor-widget-divider\" data-id=\"dc57f45\" data-element_type=\"widget\" data-widget_type=\"divider.default\">\n\t\t\t\t<div class=\"elementor-widget-container\">\n\t\t\t\t\t\t\t<div class=\"elementor-divider\">\n\t\t\t<span class=\"elementor-divider-separator\">\n\t\t\t\t\t\t<\/span>\n\t\t<\/div>\n\t\t\t\t\t\t<\/div>\n\t\t\t\t<\/div>\n\t\t\t\t<div class=\"elementor-element elementor-element-8f2a5a5 elementor-widget elementor-widget-text-editor\" data-id=\"8f2a5a5\" data-element_type=\"widget\" data-widget_type=\"text-editor.default\">\n\t\t\t\t<div class=\"elementor-widget-container\">\n\t\t\t\t\t\t\t\t\t<p>Asiakkaalle suunniteltu idean todellinen tuote, on menn\u00e4 pitk\u00e4lle \u2013 suunnittelusta valmistelu tuotteen toteuttaminen.<\/p><p>Ensimm\u00e4inen, eritt\u00e4in vastuullista toimintaa \u2013 repro (ikispaustuviniai) toimii, kun asiakas graafinen suunnittelu ulkoasuja varautua valmistus: valikoima sopivia materiaaleja ja teknologiaa.<\/p><h3>Muistio valmistelu lehdist\u00f6tiedote:<\/h3><p><strong>Tiedostoja muodossa<\/strong>: PDF (Adobe PDF Preset: Kuvittaja Oletus), AI, EPS, CDR. Tekstit on muunnettava k\u00e4yr\u00e4t. Tuotu grafiikka mukana julkaisussa tai on s\u00e4\u00e4detty erikseen.<\/p><p><strong>Vihkoja, esitteit\u00e4, lankstukai<\/strong>. Esittely PDF\/X-3, koko 1:1, u\u017eleidimai arkin ulkopuolella (2 mm).<\/p><p><strong>Pakkaus<\/strong>: PDF (vain PDF-Adobe Illustrator, s\u00e4ilytt\u00e4en sen opcij\u0173 joukko \"Illustrator default\"), AI, EPS, CDR. Suunnittelu mock-up (hotmail, \u012fmaut\u0117 ja vastaavia teoksia, joiden tuotantoprosessi on suoritettava bigavimas, hakkuut, rakentaminen, liimaamalla ja t. t.) voidaan toimittaa julkaistavaksi sovelluksia, kuten Adobe Indesign tai QuarkXpress tai i\u0161eksportuotuose PDF-tai EPS-muodoissa. Eri ympyr\u00e4t osoittavat ylitys veitsi, make-up, paikallinen, kongrevas, folio. N\u00e4m\u00e4 esineet t\u00e4ytyy olla v\u00e4ri erillisess\u00e4 spot v\u00e4ri (se on toivottavaa, ett\u00e4 v\u00e4ri nimi vastaamaan vastaava k\u00e4ytt\u00f6, kuten \"ylitys\", \"kongrevas\", \"kulta folio\" ja t. jne.). Rajan veitsi k\u00e4ytet\u00e4\u00e4n vain lopullinen, toimitetaan meid\u00e4n yhti\u00f6n rakentaja. Koko 1:1. U\u017eleidimai 2 mm.<\/p><p><strong>Etiketti<\/strong>. Esitys on sama kuin pakkaus.<br \/>Jos etiketti tai pakkaus on valmis metalizuotam paperi, se on tarpeen m\u00e4\u00e4ritell\u00e4, valkoinen \"jalka\" (pohja) paikkoihin. \"Pad\" \u012fskai\u010duojamas v\u00e4rin numero.<\/p><p><strong>Grafiikka laatu<\/strong>: tuotu ulkoasu rasteri-grafiikka, CMYK, \"Harmaas\u00e4vy\") resoluution tulee olla v\u00e4hint\u00e4\u00e4n 300 DPI \"Bitmap\" \u2013 noin 1200 DPI.<\/p><p><strong>V\u00e4rinkorjaus-profiili<\/strong>: \"Fogra39\". Yhteens\u00e4 maali pinnoite ei saa ylitt\u00e4\u00e4 260%. offset-paperi (Uncoated) tai 350 prosenttia. fine paper (Pinnoitettu).<\/p><p><strong>Kohta suonet<\/strong>\u00a0(Dot Gain): 20%. offset-paperi (Uncoated) tai 9%. fine paper (Pinnoitettu).<\/p><p><strong>Hy\u00f6dyllisi\u00e4 neuvoja Sinulle.<\/strong><\/p><ul><li>Pieni\u00e4 esineit\u00e4 tai tekstit maalattu musta v\u00e4ri (0C 0M 0Y 100B) on oltava aktiivinen m\u00e4\u00e4rite \"overprint\" (tai \"useita\").<\/li><li>Jos tuotteen tulee olla suorakaiteen tai neli\u00f6n muotoinen, layout mittauksia (Page setup) on noudatettava apipjaut\u0105 muodossa. Avustus (bleed) apipjovimui on oltava v\u00e4hint\u00e4\u00e4n 2 mm.<\/li><li>Rinnakkaisn\u00e4yte maketams ilmoittakaa muutoksista, jotka pit\u00e4isi olla perdarin\u0117ti yhteens\u00e4 layout (jos muutokset ovat neradikal\u016bs).<\/li><li>Kanta-asiakkaille ja tuotteen silmukoita, mitk\u00e4 tuotteet olisi valmistettu sopimukseen perustuva tunnistusj\u00e4rjestelm\u00e4, mik\u00e4 n\u00e4kyy tuotteen koodi ja layout versio numero.<\/li><li>Layout-versio numero on muuttunut kussakin tarkistamista aikaa. On toivottavaa, ett\u00e4 kaikki korjaukset suoritetaan suunnittelutoimisto, joka toimittaa ulkoasuja. Joten, jotta v\u00e4ltet\u00e4\u00e4n riski, ett\u00e4 tuotanto menee alustava versio layout.<\/li><li>Aina olemme avoimia keskusteluja ja ehdotuksia, jotka vahvistavat yhteisty\u00f6t\u00e4 s\u00e4\u00e4ti\u00f6n ja tehokkaasti vaikuttaa yleinen ty\u00f6n tuloksia.<\/li><\/ul><p>UAB \"Trustpack\" Repro yksik\u00f6n henkil\u00f6kunta<\/p>\t\t\t\t\t\t\t\t<\/div>\n\t\t\t\t<\/div>\n\t\t\t\t<\/div>\n\t\t\t\t\t<\/div>\n\t\t\t\t<\/div>\n\t\t\t\t<\/div>","protected":false},"excerpt":{"rendered":"<p>Reikalavimai spaudos failui Tam, kad kliento sumanyta id\u0117ja virst\u0173 realiu gaminiu, tenka nueiti ilg\u0105 keli\u0105 \u2013 nuo dizaino paruo\u0161imo iki produkto realizavimo. Pirmoji, itin atsakinga veikla \u2013 repro (ikispaustuviniai) darbai, kai klient\u0173 grafinio dizaino maketai paruo\u0161iami gamybai: parenkamos tinkamos med\u017eiagos ir technologijos. Atmintin\u0117 ruo\u0161iantiems spaudai: Byl\u0173 formatas: PDF (Adobe PDF Preset: Illustrator Default), AI, EPS, [&hellip;]<\/p>","protected":false},"author":1,"featured_media":0,"parent":0,"menu_order":0,"comment_status":"closed","ping_status":"closed","template":"","meta":{"footnotes":""},"class_list":["post-1247","page","type-page","status-publish","hentry"],"_links":{"self":[{"href":"https:\/\/trustpack.lt\/fi\/wp-json\/wp\/v2\/pages\/1247","targetHints":{"allow":["GET"]}}],"collection":[{"href":"https:\/\/trustpack.lt\/fi\/wp-json\/wp\/v2\/pages"}],"about":[{"href":"https:\/\/trustpack.lt\/fi\/wp-json\/wp\/v2\/types\/page"}],"author":[{"embeddable":true,"href":"https:\/\/trustpack.lt\/fi\/wp-json\/wp\/v2\/users\/1"}],"replies":[{"embeddable":true,"href":"https:\/\/trustpack.lt\/fi\/wp-json\/wp\/v2\/comments?post=1247"}],"version-history":[{"count":0,"href":"https:\/\/trustpack.lt\/fi\/wp-json\/wp\/v2\/pages\/1247\/revisions"}],"wp:attachment":[{"href":"https:\/\/trustpack.lt\/fi\/wp-json\/wp\/v2\/media?parent=1247"}],"curies":[{"name":"wp","href":"https:\/\/api.w.org\/{rel}","templated":true}]}}