{"id":1263,"date":"2025-06-23T00:28:47","date_gmt":"2025-06-23T00:28:47","guid":{"rendered":"https:\/\/trustpack.lt\/?page_id=1263"},"modified":"2025-07-07T05:24:46","modified_gmt":"2025-07-07T05:24:46","slug":"ostopolitiikka","status":"publish","type":"page","link":"https:\/\/trustpack.lt\/fi\/ostopolitiikka\/","title":{"rendered":"Hankinnoissa"},"content":{"rendered":"<div data-elementor-type=\"wp-page\" data-elementor-id=\"1263\" class=\"elementor elementor-1263\">\n\t\t\t\t<div class=\"elementor-element elementor-element-3e0f08f e-flex e-con-boxed e-con e-parent\" data-id=\"3e0f08f\" data-element_type=\"container\">\n\t\t\t\t\t<div class=\"e-con-inner\">\n\t\t<div class=\"elementor-element elementor-element-2677945 e-con-full e-flex e-con e-child\" data-id=\"2677945\" data-element_type=\"container\">\n\t\t\t\t<div class=\"elementor-element elementor-element-79633a6 elementor-widget elementor-widget-heading\" data-id=\"79633a6\" data-element_type=\"widget\" data-widget_type=\"heading.default\">\n\t\t\t\t<div class=\"elementor-widget-container\">\n\t\t\t\t\t<h2 class=\"elementor-heading-title elementor-size-default\">Hankinnoissa<\/h2>\t\t\t\t<\/div>\n\t\t\t\t<\/div>\n\t\t\t\t<div class=\"elementor-element elementor-element-dc57f45 elementor-widget-divider--view-line elementor-widget elementor-widget-divider\" data-id=\"dc57f45\" data-element_type=\"widget\" data-widget_type=\"divider.default\">\n\t\t\t\t<div class=\"elementor-widget-container\">\n\t\t\t\t\t\t\t<div class=\"elementor-divider\">\n\t\t\t<span class=\"elementor-divider-separator\">\n\t\t\t\t\t\t<\/span>\n\t\t<\/div>\n\t\t\t\t\t\t<\/div>\n\t\t\t\t<\/div>\n\t\t\t\t<div class=\"elementor-element elementor-element-6b864b3 elementor-widget elementor-widget-heading\" data-id=\"6b864b3\" data-element_type=\"widget\" data-widget_type=\"heading.default\">\n\t\t\t\t<div class=\"elementor-widget-container\">\n\t\t\t\t\t<h2 class=\"elementor-heading-title elementor-size-default\">UAB \"Trustpack HANKINNOISSA<\/h2>\t\t\t\t<\/div>\n\t\t\t\t<\/div>\n\t\t\t\t<div class=\"elementor-element elementor-element-4b2b3ff elementor-widget elementor-widget-text-editor\" data-id=\"4b2b3ff\" data-element_type=\"widget\" data-widget_type=\"text-editor.default\">\n\t\t\t\t<div class=\"elementor-widget-container\">\n\t\t\t\t\t\t\t\t\t<p>Suorituskyky hankintoja, suurin huomio tarjota avoimuutta, piirt\u00e4\u00e4, kun tasapuolisuuden ja oikeudenmukaisuuden periaatteet.<\/p><p>Tavoitteenamme on pit\u00e4\u00e4 valmistetut tuotteet ovat korkealaatuisia. Tuotteidemme menestys riippuu aina raaka-aineen laatu, siksi pyrimme t\u00e4ytt\u00e4m\u00e4\u00e4n jokaisen asiakkaan vaatimukset.<\/p><p>Toimintamme noudattaa kaikkia voimassa olevia lakeja ja m\u00e4\u00e4r\u00e4yksi\u00e4. Meid\u00e4n nusistatyt\u0105 hankintojen etiikka:<\/p>\t\t\t\t\t\t\t\t<\/div>\n\t\t\t\t<\/div>\n\t\t\t\t<div class=\"elementor-element elementor-element-76b6430 elementor-icon-list--layout-traditional elementor-list-item-link-full_width elementor-widget elementor-widget-icon-list\" data-id=\"76b6430\" data-element_type=\"widget\" data-widget_type=\"icon-list.default\">\n\t\t\t\t<div class=\"elementor-widget-container\">\n\t\t\t\t\t\t\t<ul class=\"elementor-icon-list-items\">\n\t\t\t\t\t\t\t<li class=\"elementor-icon-list-item\">\n\t\t\t\t\t\t\t\t\t\t\t<span class=\"elementor-icon-list-icon\">\n\t\t\t\t\t\t\t<i aria-hidden=\"true\" class=\"fas fa-dot-circle\"><\/i>\t\t\t\t\t\t<\/span>\n\t\t\t\t\t\t\t\t\t\t<span class=\"elementor-icon-list-text\">Kielletty henkil\u00f6kohtaisia etuja toimittajien kanssa;<\/span>\n\t\t\t\t\t\t\t\t\t<\/li>\n\t\t\t\t\t\t\t\t<li class=\"elementor-icon-list-item\">\n\t\t\t\t\t\t\t\t\t\t\t<span class=\"elementor-icon-list-icon\">\n\t\t\t\t\t\t\t<i aria-hidden=\"true\" class=\"fas fa-dot-circle\"><\/i>\t\t\t\t\t\t<\/span>\n\t\t\t\t\t\t\t\t\t\t<span class=\"elementor-icon-list-text\">Kielletty, eri vieraanvaraisuus lahjoja toimittajilta, p\u00e4\u00e4sy niiden yhteydenotot ja ehdotukset;<\/span>\n\t\t\t\t\t\t\t\t\t<\/li>\n\t\t\t\t\t\t\t\t<li class=\"elementor-icon-list-item\">\n\t\t\t\t\t\t\t\t\t\t\t<span class=\"elementor-icon-list-icon\">\n\t\t\t\t\t\t\t<i aria-hidden=\"true\" class=\"fas fa-dot-circle\"><\/i>\t\t\t\t\t\t<\/span>\n\t\t\t\t\t\t\t\t\t\t<span class=\"elementor-icon-list-text\">Edist\u00e4\u00e4 sosiaalista ja ymp\u00e4rist\u00f6n yhteisty\u00f6.<\/span>\n\t\t\t\t\t\t\t\t\t<\/li>\n\t\t\t\t\t\t<\/ul>\n\t\t\t\t\t\t<\/div>\n\t\t\t\t<\/div>\n\t\t\t\t<div class=\"elementor-element elementor-element-0952492 elementor-widget elementor-widget-text-editor\" data-id=\"0952492\" data-element_type=\"widget\" data-widget_type=\"text-editor.default\">\n\t\t\t\t<div class=\"elementor-widget-container\">\n\t\t\t\t\t\t\t\t\t<p>Me s\u00e4ilytt\u00e4\u00e4 puolueeton ja OIKEUDENMUKAINEN L\u00c4HESTYMISTAPA TOIMITTAJIEN ja pyrimme luomaan toimivan, luottamukseen perustuvia suhteita. Vaativat toimittajiltaan tarjota laadukkaita tuotteita alin hinta mahdollista etuk\u00e4teen sovittuna aikana, teemme yhteisty\u00f6t\u00e4 niiden kanssa, edist\u00e4\u00e4 ymp\u00e4rist\u00f6n ideoita ja sosiaalisesti vastuullisen liiketoiminnan. Olemme riippuvaisia toimittajiemme ja odottaa niiden rehellinen ja pitk\u00e4n aikav\u00e4lin yhteisty\u00f6t\u00e4.<\/p><p>Takaamme jokaisen toimittajien LUOTTAMUKSELLISUUS, emme paljasta ja julkisesti neskelbiame toimittajien luottamuksellisia tietoja, joita olemme saaneet ostoista.<\/p><p>Olemme SOSIAALISESTI VASTUULLINEN YRITYS, siksi odotamme, ett\u00e4 toimittajien kanssa voimme etsi\u00e4 kustannusten v\u00e4hent\u00e4miseen mahdollisuuksia, v\u00e4hent\u00e4\u00e4 tuotteiden ymp\u00e4rist\u00f6kuormitusta.<\/p>\t\t\t\t\t\t\t\t<\/div>\n\t\t\t\t<\/div>\n\t\t\t\t<\/div>\n\t\t\t\t\t<\/div>\n\t\t\t\t<\/div>\n\t\t\t\t<\/div>","protected":false},"excerpt":{"rendered":"<p>Pirkim\u0173 politika UAB \u201eTrustpack\u201c PIRKIM\u0172 POLITIKA Vykdydami pirkimus, did\u017eiausi\u0105 d\u0117mes\u012f teikiame j\u0173 skaidrumui, remiam\u0117s s\u0105\u017einingumo bei teisingumo principais. SIEKIAME, kad m\u016bs\u0173 gaminami produktai b\u016bt\u0173 auk\u0161\u010diausios kokyb\u0117s. M\u016bs\u0173 gamini\u0173 s\u0117km\u0117 visada priklauso nuo \u017ealiav\u0173 kokyb\u0117s, tod\u0117l siekiame maksimaliai patenkinti kiekvieno kliento reikalavimus. M\u016bs\u0173 veikla ATITINKA visas teis\u0117s normas ir aktus. Vykdome nusistatyt\u0105 pirkim\u0173 etik\u0105: Draud\u017eiami asmeniniai [&hellip;]<\/p>","protected":false},"author":1,"featured_media":0,"parent":0,"menu_order":0,"comment_status":"closed","ping_status":"closed","template":"","meta":{"footnotes":""},"class_list":["post-1263","page","type-page","status-publish","hentry"],"_links":{"self":[{"href":"https:\/\/trustpack.lt\/fi\/wp-json\/wp\/v2\/pages\/1263","targetHints":{"allow":["GET"]}}],"collection":[{"href":"https:\/\/trustpack.lt\/fi\/wp-json\/wp\/v2\/pages"}],"about":[{"href":"https:\/\/trustpack.lt\/fi\/wp-json\/wp\/v2\/types\/page"}],"author":[{"embeddable":true,"href":"https:\/\/trustpack.lt\/fi\/wp-json\/wp\/v2\/users\/1"}],"replies":[{"embeddable":true,"href":"https:\/\/trustpack.lt\/fi\/wp-json\/wp\/v2\/comments?post=1263"}],"version-history":[{"count":0,"href":"https:\/\/trustpack.lt\/fi\/wp-json\/wp\/v2\/pages\/1263\/revisions"}],"wp:attachment":[{"href":"https:\/\/trustpack.lt\/fi\/wp-json\/wp\/v2\/media?parent=1263"}],"curies":[{"name":"wp","href":"https:\/\/api.w.org\/{rel}","templated":true}]}}