{"id":1277,"date":"2025-06-23T00:31:50","date_gmt":"2025-06-23T00:31:50","guid":{"rendered":"https:\/\/trustpack.lt\/?page_id=1277"},"modified":"2026-02-13T12:01:25","modified_gmt":"2026-02-13T10:01:25","slug":"tietosuojakaytanto","status":"publish","type":"page","link":"https:\/\/trustpack.lt\/fi\/tietosuojakaytanto\/","title":{"rendered":"Tietosuojak\u00e4yt\u00e4nt\u00f6"},"content":{"rendered":"<div data-elementor-type=\"wp-page\" data-elementor-id=\"1277\" class=\"elementor elementor-1277\">\n\t\t\t\t<div class=\"elementor-element elementor-element-3e0f08f e-flex e-con-boxed e-con e-parent\" data-id=\"3e0f08f\" data-element_type=\"container\">\n\t\t\t\t\t<div class=\"e-con-inner\">\n\t\t<div class=\"elementor-element elementor-element-2677945 e-con-full e-flex e-con e-child\" data-id=\"2677945\" data-element_type=\"container\">\n\t\t\t\t<div class=\"elementor-element elementor-element-79633a6 elementor-widget elementor-widget-heading\" data-id=\"79633a6\" data-element_type=\"widget\" data-widget_type=\"heading.default\">\n\t\t\t\t<div class=\"elementor-widget-container\">\n\t\t\t\t\t<h2 class=\"elementor-heading-title elementor-size-default\">Tietosuojak\u00e4yt\u00e4nt\u00f6<\/h2>\t\t\t\t<\/div>\n\t\t\t\t<\/div>\n\t\t\t\t<div class=\"elementor-element elementor-element-dc57f45 elementor-widget-divider--view-line elementor-widget elementor-widget-divider\" data-id=\"dc57f45\" data-element_type=\"widget\" data-widget_type=\"divider.default\">\n\t\t\t\t<div class=\"elementor-widget-container\">\n\t\t\t\t\t\t\t<div class=\"elementor-divider\">\n\t\t\t<span class=\"elementor-divider-separator\">\n\t\t\t\t\t\t<\/span>\n\t\t<\/div>\n\t\t\t\t\t\t<\/div>\n\t\t\t\t<\/div>\n\t\t\t\t<div class=\"elementor-element elementor-element-8f2a5a5 elementor-widget elementor-widget-text-editor\" data-id=\"8f2a5a5\" data-element_type=\"widget\" data-widget_type=\"text-editor.default\">\n\t\t\t\t<div class=\"elementor-widget-container\">\n\t\t\t\t\t\t\t\t\t<p>T\u00e4m\u00e4 tietosuojak\u00e4yt\u00e4nt\u00f6 on tarkoitettu niille, jotka nauttivat JSC \"Trustpack\" (j\u00e4ljemp\u00e4n\u00e4 Yhti\u00f6 tai me) palvelut, k\u00e4y Yhti\u00f6n verkkosivuilla www.trustpack.lt (j\u00e4ljemp\u00e4n\u00e4 Sivusto).<\/p><p>K\u00e4ytt\u00e4m\u00e4ll\u00e4 Sivustoa, l\u00e4hett\u00e4m\u00e4ll\u00e4 tietosi t\u00e4ytt\u00e4m\u00e4ll\u00e4 lomake, l\u00e4hett\u00e4m\u00e4ll\u00e4 tai muulla tavoin l\u00e4het\u00e4t curriculum vitae (CV), jatkuvat Verkkosivuston selaamista hyv\u00e4ksyt, ett\u00e4 olet lukenut t\u00e4m\u00e4n tietosuojak\u00e4yt\u00e4nn\u00f6n ja ei haittaa sen m\u00e4\u00e4r\u00e4yksi\u00e4, ja sinun on my\u00f6s samaa mielt\u00e4 siit\u00e4, ett\u00e4 Yritys ker\u00e4\u00e4 Sinusta tietoja, jotka Yritys saa, kun selaat Verkkosivuilla, kun t\u00e4yt\u00e4t kyselylomakkeen, l\u00e4het\u00e4 CV tai muuten soveltaa Yritys.<\/p><p>T\u00e4m\u00e4 tietosuojak\u00e4yt\u00e4nt\u00f6 emme tee Sinulle samaa mielt\u00e4 siit\u00e4, miten tietojasi k\u00e4sitell\u00e4\u00e4n. Me ilmoitamme sinulle, mit\u00e4 tietoja ker\u00e4\u00e4mme kun vierailet Sivustolla, joille t\u00e4t\u00e4 tietoa, kommunikoida, ja miten voimme h\u00e4vit\u00e4.<\/p><p>Jos et ole samaa mielt\u00e4, ett\u00e4 Yritys ker\u00e4\u00e4 Sinusta tietoja, \u00e4l\u00e4 anna meille henkil\u00f6tietojasi ja\/ tai nenar\u0161yti Verkkosivuilla.<\/p><h5><strong>1. K\u00e4sitteet, joita k\u00e4yt\u00e4mme t\u00e4ss\u00e4 tietosuojak\u00e4yt\u00e4nt\u00f6<\/strong><\/h5><p><em>Henkil\u00f6tietoja<\/em>\u00a0\u2013 mit\u00e4 tahansa tietoja, jotka koskevat luonnollisen henkil\u00f6n, tunnistettu tai tunnistettavissa (\"Sin\u00e4\"); luonnollinen henkil\u00f6, jonka henkil\u00f6llisyys voidaan tunnistaa, on henkil\u00f6n, jonka henkil\u00f6llisyytt\u00e4 joko suoraan tai v\u00e4lillisesti voidaan asettaa, erityisesti tunniste kuten nimi ja sukunimi, sijainti tiedot, ja online-tunnisteen taikka yhden tai useamman luonnollisen henkil\u00f6n fyysisen, fysiologisen, geneettisen, psyykkisen, taloudellisen, kulttuurisen tai sosiaalisen identiteetin ominaisuuksia.<\/p><p><em>Rekister\u00f6idyn<\/em>\u00a0\u2013 luonnollinen henkil\u00f6 (Et), jossa voit k\u00e4ytt\u00e4\u00e4 meid\u00e4n palveluja, tai olet laillinen edustaja henkil\u00f6, tai henkil\u00f6, joka voit selata Sivuston.<\/p><p><em>Rekisterinpit\u00e4j\u00e4n<\/em>\u00a0\u2013 Yhti\u00f6 UAB \"Trustpack\", joka m\u00e4\u00e4ritt\u00e4\u00e4 data collection framework, k\u00e4sittelyn ja toimenpiteet.Verkkosivusto \u2013 Yritys verkkosivuilla\u00a0<a href=\"https:\/\/trustpack.lt\/fi\/\">www.trustpack.lt<\/a>.<\/p><p><em>Ev\u00e4ste (eng. cookie)<\/em>\u00a0\u2013 matala-yleisimmin k\u00e4ytetty tekstitiedosto, joka sis\u00e4lt\u00e4\u00e4 yksil\u00f6llisen tunnistenumeron, joka l\u00e4hetet\u00e4\u00e4n jokaiselle rekister\u00f6ity laite, johon yhteys muodostetaan, tai online-Verkkosivuilla. Ev\u00e4steet tallennetaan rekister\u00f6idyn laitteen vain suostumuksella. Niiden avulla voit seurata rekister\u00f6idyn toimia Sivustolla, tietojen ker\u00e4\u00e4minen, jotta voidaan varmistaa moitteettoman toiminnan Sivuston toimintaa, seurata tilastotietoja tarjota r\u00e4\u00e4t\u00e4l\u00f6ityj\u00e4 tarjouksia.<\/p><p><em>Suoramarkkinointi<\/em>\u00a0\u2013 toimet, joitakin tietoja rekister\u00f6idylle, erikoistuneet ehdotuksia puhelimitse, s\u00e4hk\u00f6postitse. postitse tai muulla tavoin, jotta voidaan tarjota ja\/ tai toimittaa Yhti\u00f6n tavaroista \/ palveluista, ota yhteytt\u00e4 n\u00e4k\u00f6kulmia tai saada toiselta vastausta.<\/p><p><em>Tietosuojalakien<\/em>\u00a0\u2013 Vuonna 2016. 27. huhtikuuta. Euroopan Parlamentin ja Neuvoston asetuksen (EU) n: 2016\/679 suojaa luonnollisten henkil\u00f6iden henkil\u00f6tietojen k\u00e4sittelyss\u00e4 ja n\u00e4iden tietojen vapaasta liikkuvuudesta t\u00e4llaisten tietojen sek\u00e4 Direktiivin 95\/46\/EY (Yleinen tietosuoja-asetus), Liettuan Tasavallan oikeudellisesta suojasta henkil\u00f6tietojen laki, toimivaltainen kansallinen viranomainen vahvistetaan s\u00e4\u00e4nn\u00f6t henkil\u00f6tietojen k\u00e4sittely\u00e4.<\/p><h5><strong>2. Mit\u00e4 periaatteita noudatamme henkil\u00f6tietojen k\u00e4sittelyss\u00e4?\u00a0<\/strong><\/h5><p>Etsimme henkil\u00f6kohtaisia tietoja voidaan k\u00e4sitell\u00e4 tasapuolisesti, avoimesti ja laillisesti. Patikiname, ett\u00e4 kaikki henkil\u00f6tiedot k\u00e4sitell\u00e4\u00e4n noudattaen tietosuojaa koskevaa lains\u00e4\u00e4d\u00e4nt\u00f6\u00e4, joka s\u00e4\u00e4telee henkil\u00f6tietojen k\u00e4sittely\u00e4.<\/p><p>Takaamme, ett\u00e4 emme ker\u00e4\u00e4 vain sellaisia henkil\u00f6tietoja, jotka ovat v\u00e4ltt\u00e4m\u00e4tt\u00f6mi\u00e4 t\u00e4yt\u00e4nt\u00f6\u00f6npanoa varten Yrityksen tavoitteita, haluamme tietoja voidaan k\u00e4sitell\u00e4 vain niihin tarkoituksiin, joita varten ne on ker\u00e4tty, ja vain siin\u00e4 m\u00e4\u00e4rin kuin on tarpeen erityinen henkil\u00f6tietojen k\u00e4sittely\u00e4 koskevan tavoitteen saavuttamiseksi. Takaamme, ett\u00e4 meid\u00e4n on toteutettava kaikki tarvittavat toimenpiteet sen varmistamiseksi, ett\u00e4 ep\u00e4tarkat ja virheelliset tiedot niin pian kuin mahdollista, poistetaan tai oikaistaan oikealle.<\/p><p>Henkil\u00f6tietojen k\u00e4sittelyn m\u00e4\u00e4r\u00e4 riippuu siit\u00e4, mit\u00e4 tietoja voi antaa, kun k\u00e4yt verkkosivuilla, t\u00e4yt\u00e4 lomake tai antaa tietoja ty\u00f6h\u00f6n Yhti\u00f6n tai vierailla Yrityksen tiloissa. Tietoja k\u00e4sitell\u00e4\u00e4n ainoastaan lainmukaisen k\u00e4sittelyn perusteet.\u00a0<\/p><h5><strong>3. Mit\u00e4 henkil\u00f6tietoja k\u00e4sitell\u00e4?\u00a0<\/strong><\/h5><p>Sinun suoraan antamasi tiedot, jotka annat t\u00e4ytt\u00e4m\u00e4ll\u00e4 lomake: nimi, sukunimi, s\u00e4hk\u00f6posti. s\u00e4hk\u00f6posti osoite, puhelin numero, yhti\u00f6 tai organisaatio, jota edustat, nimi, ja muut tiedot, jotka annat meille, kun selaat Verkkosivuilla.<\/p><p>Tiedot ty\u00f6llisyys Yritys varten. Jos haluat saada ty\u00f6paikkoja Yritys, yleens\u00e4 meid\u00e4n on toimitettava seuraavat henkil\u00f6tiedot: curriculum vitae (CV), nimi, sukunimi, s\u00e4hk\u00f6postiosoite. Jos Olet aikeissa s\u00e4\u00e4st\u00e4\u00e4 tarjota enemm\u00e4n tietoja (henkil\u00f6tietoja), ett\u00e4 ymm\u00e4rr\u00e4mme selv\u00e4sti ilmaissut suostumuksensa k\u00e4sittelyn t\u00e4llaisia muita tietoja,.<\/p><p>Tietoa, miten Voit k\u00e4ytt\u00e4\u00e4 sivustomme: tiedot, jotka saamme, kun selaat Verkkosivuilla, mukaan lukien IP-osoite, maantieteellinen lokacij\u0105, jne. tietoja tietokoneen tai muita k\u00e4ytt\u00f6-yksikk\u00f6. Sek\u00e4 tietoa toiminnastasi Sivustolla \u2013 tilastoja k\u00e4yntien, kesto, sivu haut, m\u00e4\u00e4r\u00e4 napsautuksia, selaushistorian, jne.\u00a0<\/p><h5><strong>4. Mihin tarkoituksiin k\u00e4yt\u00e4mme henkil\u00f6tietojasi?\u00a0<\/strong><\/h5><p>Yhti\u00f6 k\u00e4ytt\u00e4\u00e4 Henkil\u00f6tietoja seuraaviin tarkoituksiin:<\/p><p>Yhti\u00f6n palvelut \/ tarvikkeiden tilaamista varten. Kun valmis lomake, rekister\u00f6idylle on toimitettava henkil\u00f6tietoja siin\u00e4 laajuudessa kuin kyseisen palvelun tai tuotteen tilannut. Tietoja k\u00e4ytet\u00e4\u00e4n ehdotuksen esitt\u00e4mist\u00e4 varten, k\u00e4sittelyn oikeusperusta sopimuksen, jossa potentiaalinen asiakas, joten se.\u00a0\u00a0<\/p><p>Henkil\u00f6kohtaiset tiedot, jotka annat kandidatuodami ty\u00f6skennell\u00e4 yrityksess\u00e4, k\u00e4sittely ty\u00f6sopimuksen ty\u00f6nhakijalla tekemisen tarkoituksesta, k\u00e4sittelyn oikeusperusta sopimuksen rekister\u00f6idyn kanssa, joten se.<\/p><p>Sivuston l\u00e4sn\u00e4olo tilastot analyysi. Pyrimme varmistamaan sujuva toiminta ja korkea laatu Sivuston toimintaa, parantaa se, r\u00e4\u00e4t\u00e4l\u00f6ityj\u00e4 asiakkaiden tarpeisiin. Tietojen k\u00e4sittelyn oikeusperusta \u2013 rekister\u00f6idyn suostumusta.<\/p><p>Suoramarkkinointiin. Pyrimme yll\u00e4pit\u00e4m\u00e4\u00e4n suhteita asiakkaisiin, jotta voimme tarjota erikoistarjouksia, tarjouksia, jne., my\u00f6s hallita pyynt\u00f6j\u00e4, ett\u00e4 t\u00e4yt\u00e4t haettaessa Yritys. Tietojen k\u00e4sittelyn oikeusperusta \u2013 rekister\u00f6idyn suostumusta.<\/p><p>Muihin tarkoituksiin. Emme voi hallita henkil\u00f6kohtaisia tietoja muihin tarkoituksiin, jos meill\u00e4 on suostumuksesi.<\/p><h5><strong>5. Henkil\u00f6tietojen k\u00e4sittely ty\u00f6llisyys-Yritys varten<\/strong><\/h5><p>Jos Olet ehdokas tietyss\u00e4 asennossa, mutta ty\u00f6 tarjous Sinulle ei ole tehty tai ei, ett\u00e4 kandidatuojate tiettyyn asentoon, jossa lupaasi, emme tietoja voimme ker\u00e4t\u00e4 ja k\u00e4sitell\u00e4 Yhti\u00f6n ehdokkaita tietokantaan tuleville ty\u00f6ntekij\u00f6ille atrankoms ole en\u00e4\u00e4 kuin kuusi (6) kuukautta) aikav\u00e4lill\u00e4. T\u00e4ss\u00e4 tapauksessa toimittaa tietoja, jotka on sy\u00f6tetty Yhti\u00f6n ehdokkaat (potentiaalisten ty\u00f6ntekij\u00f6iden) tietokantaan. Kaikki tietojen s\u00e4ilytysaika voimme arvioida ehdokkuudesta ja tarjoamaan Sinulle tarjoaa ty\u00f6paikkoja Yritys. Tietojen hallinta on tietojen perusteella aihe (Oma) suostumusta.\u00a0<\/p><p>Jos Et hyv\u00e4ksy varastointi henkil\u00f6tietojen ja Yrityksen johto on ehdokkaita tietokantaan tuleville ty\u00f6ntekij\u00f6ille atrankoms, p\u00e4\u00e4ttymisen j\u00e4lkeen valinta tiettyyn asentoon, tiedot h\u00e4vitet\u00e4\u00e4n.\u00a0<\/p><p>Peruuttaa suostumuksensa milloin tahansa ottamalla meihin yhteytt\u00e4 alla mainitut yhteystiedot.\u00a0<\/p><h5><strong>6. Tietoja ev\u00e4steiden k\u00e4ytt\u00f6<\/strong><\/h5><p>Huomaa, ett\u00e4 varmistaa, mukavampaa jyrsiminen kokea ja oppia Sivuston k\u00e4vij\u00f6iden k\u00e4ytt\u00e4ytymist\u00e4 Verkkosivuilla k\u00e4ytet\u00e4\u00e4n ev\u00e4steit\u00e4. Ev\u00e4steiden avulla voimme ker\u00e4t\u00e4 tilastollisia tietoja, varmistaa laadun Sivustojen toiminnallisuutta.\u00a0<\/p><p>Verkkosivusto k\u00e4ytt\u00e4\u00e4 ev\u00e4steit\u00e4:<\/p><ul><li>laravel_session<\/li><li>XSRF-TOKEN<\/li><\/ul><p>Ev\u00e4steit\u00e4 voidaan sijoittaa vain, jos sen avulla asennuksen asetukset. Kun selaat Sivustolla, hyv\u00e4ksyt ev\u00e4steiden polttaminen. Suostumuksen voi milloin tahansa peruuttaa, muuttaa web-selaimen asetuksia ja poistamalla tallennetut ev\u00e4steet.<\/p><p>Monet selaimet on asetettu hyv\u00e4ksym\u00e4\u00e4n ev\u00e4steet automaattisesti. Voit selaimen ev\u00e4steet pois kuitenkin, olla tietoinen siit\u00e4, ett\u00e4 ev\u00e4steiden poistaminen saattaa hidastaa Sivuston navigointi, aika, est\u00e4\u00e4 p\u00e4\u00e4syn tai muuten rajoittaa joitakin Sivuston ominaisuuksia, jotka ovat v\u00e4ltt\u00e4m\u00e4tt\u00f6mi\u00e4 saada Sivusto toimimaan tarvittaessa. Jos tarvitset lis\u00e4\u00e4 tietoa ev\u00e4steist\u00e4, ota vierailla verkkosivuilla\u00a0<a href=\"http:\/\/www.allaboutcookies.org\/\" target=\"_blank\" rel=\"noopener\">http:\/\/www.allaboutcookies.org<\/a>jos l\u00f6yd\u00e4t yksityiskohtaiset, riippumatonta tietoa siit\u00e4, miten voit poistaa ev\u00e4steet kautta selaimen asetuksia ja miten poistaa ev\u00e4steit\u00e4, jotka ovat jo tietokoneessa. Poistaa ev\u00e4steet matkapuhelimesta, sinun t\u00e4ytyy lukea puhelimen k\u00e4ytt\u00f6ohjeesta.<\/p><h5><strong>7. Miten voit kielt\u00e4\u00e4 suoramarkkinoinnin?<\/strong><\/h5><p>Kielt\u00e4yty\u00e4 Yrityksen suoramarkkinointia, voit napsauttaa luopuminen linkki\u00e4 saanut tai ottamalla yhteytt\u00e4 alla mainitut yhteystiedot.<\/p><h5><strong>8. Kuinka suojelemme tietojasi?<\/strong><\/h5><p>Varmista, ett\u00e4 tiedot, joita ker\u00e4\u00e4mme on riitt\u00e4v\u00e4, ja vain sellaisia, jotka ovat tarpeen ker\u00e4yst\u00e4 varten. Takaamme, ett\u00e4 henkil\u00f6tietoja on k\u00e4sitelt\u00e4v\u00e4 asianmukaisesti ja k\u00e4ytet\u00e4\u00e4n vain niihin tarkoituksiin, joita varten oli ker\u00e4tty.<\/p><p>Yritys on turvallisuus henkil\u00f6kohtaisia tietoja 3 (kolmen) vuoden kuluessa niiden esitt\u00e4misest\u00e4, ellei rekister\u00f6ity toisin pyyd\u00e4, tai ellei laki sit\u00e4 vaadi tai ellei muutoin ole m\u00e4\u00e4ritelty t\u00e4ss\u00e4 tietosuojak\u00e4yt\u00e4nn\u00f6ss\u00e4.<\/p><p>Yhti\u00f6 sitoutuu suojaamaan henkil\u00f6kohtaisia tietoja luvattomalta muuttamiselta, paljastamiselta, petos tai muu v\u00e4\u00e4r\u00e4nlainen h\u00e4vitt\u00e4minen niit\u00e4.<\/p><p>Yhti\u00f6 ei ole vastuussa mist\u00e4\u00e4n sopimatonta k\u00e4ytt\u00e4\u00e4 tietoja, kun se tapahtui rekister\u00f6idyn syyllisyytt\u00e4.<\/p><h5><strong>9. Onko Yritys avulla prosessorit?<\/strong><\/h5><p>Yhti\u00f6 k\u00e4sittelee henkil\u00f6tietoja kautta henkil\u00f6kohtaisten tietojen yll\u00e4pit\u00e4j\u00e4t, jotka antoivat meille kirjanpito, henkil\u00f6st\u00f6hallinto, Website hosting, data center-ja\/tai palvelimet vuokrasopimus, SEN yll\u00e4pito, ulkoinen tarkastus-ja muita palveluja.<\/p><p>Meid\u00e4n on varmistettava, ett\u00e4 tietojen prosessorit, jotka k\u00e4ytet\u00e4\u00e4n on oikeus k\u00e4sitell\u00e4 tietoja vain mukaisesti Yrityksen ohjeiden ja ainoastaan siin\u00e4 m\u00e4\u00e4rin kuin t\u00e4m\u00e4 on tarpeen hankintasopimuksen asianmukaiseksi toteuttamiseksi velvoitteet, Yhti\u00f6n toimintaa. K\u00e4ytt\u00e4m\u00e4ll\u00e4 prosessorit, haluamme varmistaa, ett\u00e4 tietojen k\u00e4sittelij\u00e4t on toteutettu asianmukaiset organisatoriset ja tekniset turvatoimet ja pit\u00e4\u00e4 tiedot salassa.<\/p><h5><strong>10. Tiedot voidaan luovuttaa muille henkil\u00f6ille?<\/strong><\/h5><p>K\u00e4sitell\u00e4 henkil\u00f6kohtaisia tietoja kolmansille osapuolille, voimme tarjota:<br \/>(a) riita \u2013 oikeudelliset palvelut tarjoamme asianajajat;<br \/>(b) pasitelktiems tietojen k\u00e4sittelij\u00e4t;<br \/>(c) viranomaiset ja muut henkil\u00f6t, Liettuan Tasavallan s\u00e4\u00e4d\u00f6sten mukaisesti.<\/p><h5><strong>11. Millainen k\u00e4ytet\u00e4\u00e4n tietojen turvallisuus toimenpiteet?<\/strong><\/h5><p>Me varmista, ett\u00e4 Olet antaa henkil\u00f6kohtaisten tietojen luottamuksellisuutta. Yritys on ottanut k\u00e4ytt\u00f6\u00f6n tarvittavat laitteet, varmistaa k\u00e4ytt\u00e4j\u00e4n tietojen suojaus luvattomalta hakkerointi, tai k\u00e4yt\u00f6st\u00e4, muuttamiselta, laittomalta tai tuhoutumisen. Henkil\u00f6tietoja ei saa siirt\u00e4\u00e4 Euroopan Unionin ulkopuolelle.<\/p><h5><strong>12. Mit\u00e4 oikeuksia sinulla on?<\/strong><\/h5><p>(a) K\u00e4ytt\u00e4\u00e4 henkil\u00f6kohtaisia tietoja ja miten niit\u00e4 k\u00e4sitell\u00e4\u00e4n (tiedonsaantioikeus).<br \/>(b) Pyyt\u00e4\u00e4 oikaisua tai, ottaen huomioon henkil\u00f6tietojen k\u00e4sittelyn tarkoitukset, t\u00e4ydent\u00e4m\u00e4\u00e4n puutteellisia henkil\u00f6tietoja (oikaista).<br \/>(c) Edellytt\u00e4\u00e4, ett\u00e4 niiden tiedot tuhotaan tai keskeytt\u00e4\u00e4 sen k\u00e4sittely toiminnot (lukuun ottamatta varastointi) (oikeus tuhota ja oikeus tulla unohdetuksi).<br \/>(d) Edellytt\u00e4\u00e4, ett\u00e4 henkil\u00f6tietoja rekisterinpit\u00e4j\u00e4n rajoittaa tietojenk\u00e4sittely (oikeus rajoittaa).<br \/>(e) Oikeus tietojen siirto (siirt\u00e4\u00e4).<br \/>(f) kielt\u00e4\u00e4 henkil\u00f6tietojen k\u00e4sittely markkinointitarkoituksiin, kuitenkin, siin\u00e4 tapauksessa Voit menett\u00e4\u00e4 kyky tietoa lakia.<br \/>(g) Peruuttaa annettu suostumus henkil\u00f6tietojen k\u00e4sittelyn tarkoituksiin, joihin luvat on haettu.<br \/>(h) Toimittaa valituksen Valtion tietosuojan tarkastusvirasto.<br \/>Voit k\u00e4ytt\u00e4\u00e4 n\u00e4it\u00e4 oikeuksia, ota yhteytt\u00e4 meihin kirjallisesti tai ota yhteytt\u00e4 alla s\u00e4hk\u00f6inen viesti, kun kirjallisesti e-mail osoite, joka on tehnyt meille. Puhelin t\u00e4llaisia tietoja, emme tarjoa.<\/p><h5><strong>13. Loppus\u00e4\u00e4nn\u00f6kset<\/strong><\/h5><p>Yhti\u00f6 ei ole vastuussa mist\u00e4\u00e4n vahingosta ja\/tai tietojen menetys, vaihto tai muu v\u00e4\u00e4r\u00e4nlainen h\u00e4vitt\u00e4minen ne, jotka rekister\u00f6ity on k\u00e4rsinyt, koska ei ole vika omaa, tietoista k\u00e4ytt\u00e4ytymist\u00e4 kolmansien osapuolten, Sivuston v\u00e4\u00e4rink\u00e4ytt\u00f6 tai muuta sopimatonta toimia, joka tapahtui ei ole Yhti\u00f6n vika.<\/p><p>Yhti\u00f6 pid\u00e4tt\u00e4\u00e4 oikeuden ev\u00e4t\u00e4 pyynn\u00f6t tietojen k\u00e4sittely, jos ne ovat kohtuuttomia, riitt\u00e4m\u00e4t\u00f6n ja suhteeton, sek\u00e4, jos rekister\u00f6ity ei sovellu Yrityksen s\u00e4\u00e4dettyj\u00e4 tietojen toimittamista koskevan lomakkeen.<\/p><p>Kun t\u00e4ytt\u00e4m\u00e4ll\u00e4 hakemuksen, kirjoittaa s\u00e4hk\u00f6postia, kun l\u00e4het\u00e4t pyynn\u00f6n, tai muuten ottamalla yhteytt\u00e4 Yritys, ei haittaa Yhti\u00f6n oikeus ottaa Sinuun yhteytt\u00e4 takaisin.<\/p><p>Yhti\u00f6ll\u00e4 on oikeus milloin tahansa p\u00e4ivitt\u00e4\u00e4 Privacy policy, joka tulee voimaan sen j\u00e4lkeen, kun ne on julkaistu Sivustolla.<\/p><p>Kaikki tietojenk\u00e4sittelyn kysymyksi\u00e4, voit ottaa yhteytt\u00e4 alla mainitut yhteystiedot:<\/p><p>UAB \"Trustpack\"<br \/>adresas: V\u0117trungi\u0173 g. 69, LT-06304 Vilnius, Lietuva<br \/>s\u00e4hk\u00f6posti:\u00a0<a href=\"mailto:info@trustpack.lt\"><span style=\"color: #1b2d59;\">info@trustpack.lt<\/span><\/a><\/p><p>T\u00e4m\u00e4 tietosuojak\u00e4yt\u00e4nt\u00f6 p\u00e4ivitetty: 2021-06-14<\/p>\t\t\t\t\t\t\t\t<\/div>\n\t\t\t\t<\/div>\n\t\t\t\t<\/div>\n\t\t\t\t\t<\/div>\n\t\t\t\t<\/div>\n\t\t\t\t<\/div>","protected":false},"excerpt":{"rendered":"<p>Privatumo politika \u0160i Privatumo politika yra skirta asmenims, kurie naudojasi UAB &#8222;Trustpack&#8221; (toliau vadinama Bendrov\u0117 arba mes) teikiamomis paslaugomis ir lankosi Bendrov\u0117s internetin\u0117je svetain\u0117je www.trustpack.lt (toliau vadinama Svetain\u0117). Naudodamiesi Svetaine, pateikdami savo duomenis, pildydami u\u017eklausos form\u0105, si\u0173sdami ar kitu b\u016bdu pateikdami savo gyvenimo apra\u0161ym\u0105 (CV), t\u0119sdami nar\u0161ym\u0105 Svetain\u0117je, J\u016bs patvirtinate, kad susipa\u017einote su \u0161ia Privatumo [&hellip;]<\/p>","protected":false},"author":1,"featured_media":0,"parent":0,"menu_order":0,"comment_status":"closed","ping_status":"closed","template":"","meta":{"footnotes":""},"class_list":["post-1277","page","type-page","status-publish","hentry"],"_links":{"self":[{"href":"https:\/\/trustpack.lt\/fi\/wp-json\/wp\/v2\/pages\/1277","targetHints":{"allow":["GET"]}}],"collection":[{"href":"https:\/\/trustpack.lt\/fi\/wp-json\/wp\/v2\/pages"}],"about":[{"href":"https:\/\/trustpack.lt\/fi\/wp-json\/wp\/v2\/types\/page"}],"author":[{"embeddable":true,"href":"https:\/\/trustpack.lt\/fi\/wp-json\/wp\/v2\/users\/1"}],"replies":[{"embeddable":true,"href":"https:\/\/trustpack.lt\/fi\/wp-json\/wp\/v2\/comments?post=1277"}],"version-history":[{"count":3,"href":"https:\/\/trustpack.lt\/fi\/wp-json\/wp\/v2\/pages\/1277\/revisions"}],"predecessor-version":[{"id":3902,"href":"https:\/\/trustpack.lt\/fi\/wp-json\/wp\/v2\/pages\/1277\/revisions\/3902"}],"wp:attachment":[{"href":"https:\/\/trustpack.lt\/fi\/wp-json\/wp\/v2\/media?parent=1277"}],"curies":[{"name":"wp","href":"https:\/\/api.w.org\/{rel}","templated":true}]}}