{"id":3237,"date":"2025-09-09T09:30:29","date_gmt":"2025-09-09T09:30:29","guid":{"rendered":"https:\/\/trustpack.lt\/?page_id=3237"},"modified":"2026-03-18T16:10:02","modified_gmt":"2026-03-18T14:10:02","slug":"kuuleminen","status":"publish","type":"page","link":"https:\/\/trustpack.lt\/fi\/kuuleminen\/","title":{"rendered":"Kuuleminen"},"content":{"rendered":"<div data-elementor-type=\"wp-page\" data-elementor-id=\"3237\" class=\"elementor elementor-3237\">\n\t\t\t\t<div class=\"elementor-element elementor-element-e242695 e-flex e-con-boxed e-con e-parent\" data-id=\"e242695\" data-element_type=\"container\" data-settings=\"{&quot;background_background&quot;:&quot;classic&quot;}\">\n\t\t\t\t\t<div class=\"e-con-inner\">\n\t\t<div class=\"elementor-element elementor-element-e4babfd e-con-full e-flex e-con e-child\" data-id=\"e4babfd\" data-element_type=\"container\">\n\t\t\t\t<div class=\"elementor-element elementor-element-70fd14e elementor-widget elementor-widget-heading\" data-id=\"70fd14e\" data-element_type=\"widget\" data-widget_type=\"heading.default\">\n\t\t\t\t<div class=\"elementor-widget-container\">\n\t\t\t\t\t<h1 class=\"elementor-heading-title elementor-size-default\">Henkil\u00f6kohtaista huomiota jokaiselle asiakkaalle ja h\u00e4nen tarpeisiinsa<\/h1>\t\t\t\t<\/div>\n\t\t\t\t<\/div>\n\t\t\t\t<div class=\"elementor-element elementor-element-ef7594f elementor-widget-divider--view-line elementor-widget elementor-widget-divider\" data-id=\"ef7594f\" data-element_type=\"widget\" data-widget_type=\"divider.default\">\n\t\t\t\t<div class=\"elementor-widget-container\">\n\t\t\t\t\t\t\t<div class=\"elementor-divider\">\n\t\t\t<span class=\"elementor-divider-separator\">\n\t\t\t\t\t\t<\/span>\n\t\t<\/div>\n\t\t\t\t\t\t<\/div>\n\t\t\t\t<\/div>\n\t\t\t\t<\/div>\n\t\t<div class=\"elementor-element elementor-element-f7e8b0d e-con-full e-flex e-con e-child\" data-id=\"f7e8b0d\" data-element_type=\"container\">\n\t\t<div class=\"elementor-element elementor-element-e64ae1f e-con-full e-flex e-con e-child\" data-id=\"e64ae1f\" data-element_type=\"container\">\n\t\t\t\t<div class=\"elementor-element elementor-element-180e821 elementor-widget elementor-widget-text-editor\" data-id=\"180e821\" data-element_type=\"widget\" data-widget_type=\"text-editor.default\">\n\t\t\t\t<div class=\"elementor-widget-container\">\n\t\t\t\t\t\t\t\t\t<p><span style=\"font-weight: 400;\">Jokainen projekti alkaa asianmukaisia ratkaisuja. Siksi asiantuntijamme tarjoavat ammatillisia neuvoja kaikki pakkausmateriaalit ja tarrat kehityksen ja tuotannon kysymyksi\u00e4. Suosittelemme kaikkein optimaalinen materiaalien valinta, me auttaa luomaan toimiva ja houkutteleva design, me huolehtia esteti\u0161ku suunnittelu ja ehdottaa, miten yhdenmukaistaa tuotannon kest\u00e4vyyden vaatimukset.<br \/><br \/><\/span><\/p><p><span style=\"font-weight: 400;\">Tavoitteenamme on auttaa asiakkaita tekem\u00e4\u00e4n tietoon perustuvia p\u00e4\u00e4t\u00f6ksi\u00e4, jotka vahvistavat br\u00e4ndin ja varmistaa pitk\u00e4n aikav\u00e4lin menestys markkinoilla.<\/span><\/p>\t\t\t\t\t\t\t\t<\/div>\n\t\t\t\t<\/div>\n\t\t\t\t<\/div>\n\t\t<div class=\"elementor-element elementor-element-da06ec4 e-con-full elementor-hidden-mobile e-flex e-con e-child\" data-id=\"da06ec4\" data-element_type=\"container\">\n\t\t<div class=\"elementor-element elementor-element-331d23e e-con-full e-flex e-con e-child\" data-id=\"331d23e\" data-element_type=\"container\">\n\t\t\t\t<div class=\"elementor-element elementor-element-30c809b elementor-widget elementor-widget-button\" data-id=\"30c809b\" data-element_type=\"widget\" data-widget_type=\"button.default\">\n\t\t\t\t<div class=\"elementor-widget-container\">\n\t\t\t\t\t\t\t\t\t<div class=\"elementor-button-wrapper\">\n\t\t\t\t\t<a class=\"elementor-button elementor-button-link elementor-size-sm\" href=\"https:\/\/trustpack.lt\/fi\/yhteystiedot\/\">\n\t\t\t\t\t\t<span class=\"elementor-button-content-wrapper\">\n\t\t\t\t\t\t<span class=\"elementor-button-icon\">\n\t\t\t\t<i aria-hidden=\"true\" class=\"fas fa-long-arrow-alt-right\"><\/i>\t\t\t<\/span>\n\t\t\t\t\t\t\t\t\t<span class=\"elementor-button-text\">Ota yhteytt\u00e4 kuulemista varten<\/span>\n\t\t\t\t\t<\/span>\n\t\t\t\t\t<\/a>\n\t\t\t\t<\/div>\n\t\t\t\t\t\t\t\t<\/div>\n\t\t\t\t<\/div>\n\t\t\t\t<\/div>\n\t\t\t\t<\/div>\n\t\t\t\t<\/div>\n\t\t\t\t\t<\/div>\n\t\t\t\t<\/div>\n\t\t<div class=\"elementor-element elementor-element-f4201f3 e-flex e-con-boxed e-con e-parent\" data-id=\"f4201f3\" data-element_type=\"container\" data-settings=\"{&quot;background_background&quot;:&quot;classic&quot;}\">\n\t\t\t\t\t<div class=\"e-con-inner\">\n\t\t\t\t<div class=\"elementor-element elementor-element-4b7ddfc elementor-widget elementor-widget-heading\" data-id=\"4b7ddfc\" data-element_type=\"widget\" data-widget_type=\"heading.default\">\n\t\t\t\t<div class=\"elementor-widget-container\">\n\t\t\t\t\t<h2 class=\"elementor-heading-title elementor-size-default\">Kaikki aiheet neuvoja?<\/h2>\t\t\t\t<\/div>\n\t\t\t\t<\/div>\n\t\t\t\t<div class=\"elementor-element elementor-element-a9ed73d elementor-widget elementor-widget-text-editor\" data-id=\"a9ed73d\" data-element_type=\"widget\" data-widget_type=\"text-editor.default\">\n\t\t\t\t<div class=\"elementor-widget-container\">\n\t\t\t\t\t\t\t\t\t<p><b>Materiaalin valinta<\/b><\/p><p><span style=\"font-weight: 400;\">Autamme valitsemaan sopivimmat materiaalit mukaan yksityiskohtien suunnittelusta ja talousarviosta. Toimimme vain luotettavien toimittajien kanssa, jotta voimme tarjota laajan valikoiman paperi -, kartonki-ja muiden materiaalien v\u00e4lill\u00e4. Neuvoo otetaan huomioon tuotteen paino, varastointi -, kuljetus-ominaisuudet ja visuaalinen vaikutus.<\/span><\/p><p><span style=\"font-weight: 400;\">\u00a0<\/span><\/p><p><b>Muotoilu ja toiminnallisuus<\/b><\/p><p><span style=\"font-weight: 400;\">Asiakkaalle esitett\u00e4ess\u00e4 tietoa heid\u00e4n tuote, meid\u00e4n suunnittelijat etsiv\u00e4t parhaita tapoja, miten se osaksi pakkaus. Joka rakenteita, joka ei vain korostaa, ett\u00e4 on t\u00e4rke\u00e4\u00e4 tuotteen estetiikka, mutta my\u00f6s luotettavasti suojaa ulkoisia tekij\u00f6it\u00e4. Pid\u00e4mme huolta siit\u00e4, ett\u00e4 pakkaus on mukava k\u00e4ytt\u00e4\u00e4, luotettava suorittaa teht\u00e4v\u00e4ns\u00e4, ja erist\u00e4\u00e4 asiakkaan tuotteen markkinoille.<\/span><\/p><p><span style=\"font-weight: 400;\">\u00a0<\/span><\/p><p><b>Suunnittelu ja estetiikka<\/b><\/p><p><span style=\"font-weight: 400;\">Autamme yhdenmukaistaa teknisi\u00e4 mahdollisuuksia luovia ideoita. Neuvoa, mik\u00e4 v\u00e4ri yhdistelmi\u00e4, hoitoja, tai tulostus tekniikka antaa tuotteen yksinoikeus. Tavoitteenamme on, ett\u00e4 pakkaus ei ainoastaan suojata tuotetta, mutta my\u00f6s vahva markkinoinnin ty\u00f6kalu.<\/span><\/p><p><span style=\"font-weight: 400;\">\u00a0<\/span><\/p><p><b>Kest\u00e4vyys ja vastuullisuus<\/b><\/p><p><span style=\"font-weight: 400;\">Yh\u00e4 useammat yritykset valitsevat ymp\u00e4rist\u00f6yst\u00e4v\u00e4llisi\u00e4 pakkauksia. Tiimimme neuvoo, miten v\u00e4hent\u00e4\u00e4 raaka-aineiden kulutusta, mukauttaa kierr\u00e4tysaste tai FSC\u00ae - sertifioitu kartonus ja pident\u00e4\u00e4 tuotteiden elinkaaren. Neuvoja siit\u00e4, miten yhdenmukaistaa kest\u00e4v\u00e4 kehitys estetiikka ja tuotannon kustannukset.<\/span><\/p><p><span style=\"font-weight: 400;\">\u00a0<\/span><\/p><p><b>Teknologisia vaihtoehtoja<\/b><\/p><p><span style=\"font-weight: 400;\">Jopa yksinkertainen muotoilu voi tulla ylellisyytt\u00e4 h\u00e4n voi hurmata yleis\u00f6 k\u00e4ytt\u00e4\u00e4 paketti, jos k\u00e4ytt\u00e4\u00e4 asianmukaista teknologiaa. Neuvoja siit\u00e4, miten eri sisustus toimenpiteill\u00e4 voidaan saada yksinoikeus: kongrevas (maasto) lis\u00e4\u00e4 visuaalista ja taktilin\u012f vaikutus, eri lakat (kiilt\u00e4v\u00e4, l\u00e4pin\u00e4kym\u00e4t\u00f6n, pehme\u00e4, pullea parantaa v\u00e4rin vaikutelman ja tarjoaa suojan, ja hot-foil lis\u00e4\u00e4 metallinen h\u00e4ik\u00e4isy\u00e4 tai holografinen vaikutus. Yhdess\u00e4 voimme arvioida, mit\u00e4 materiaaleja ja teknologiaa yhdistelmi\u00e4 parhaiten korostaa Oman br\u00e4ndin ainutlaatuisuus.<\/span><\/p><p><span style=\"font-weight: 400;\">\u00a0<\/span><\/p><p><b>Optimaaliset ratkaisut<\/b><\/p><p><span style=\"font-weight: 400;\">Paketin arvo ei ole vain suunnittelua, mutta maksaa perustuvia p\u00e4\u00e4t\u00f6ksi\u00e4. Tiimimme auttaa ymm\u00e4rt\u00e4m\u00e4\u00e4n, miten painamalla valitse, yksikk\u00f6hinta olisi houkuttelevin. Neuvoja siit\u00e4, miten eri aineen tai viimeistely tekniikoita vaikuttaa lopulliseen hintaan, jossa voit s\u00e4\u00e4st\u00e4\u00e4 laadusta tinkim\u00e4tt\u00e4, ja miss\u00e4 kompromisseja mahdotonta. T\u00e4ll\u00e4 tavalla asiakkaat saavat paitsi poikkeuksellinen tuote, mutta my\u00f6s j\u00e4rkev\u00e4sti suunnitellut investoinnit.<\/span><\/p>\t\t\t\t\t\t\t\t<\/div>\n\t\t\t\t<\/div>\n\t\t\t\t\t<\/div>\n\t\t\t\t<\/div>\n\t\t<div class=\"elementor-element elementor-element-a7183df e-flex e-con-boxed e-con e-parent\" data-id=\"a7183df\" data-element_type=\"container\">\n\t\t\t\t\t<div class=\"e-con-inner\">\n\t\t<div class=\"elementor-element elementor-element-2206f75 e-con-full e-flex e-con e-child\" data-id=\"2206f75\" data-element_type=\"container\">\n\t\t\t\t<div class=\"elementor-element elementor-element-938922f elementor-widget elementor-widget-heading\" data-id=\"938922f\" data-element_type=\"widget\" data-widget_type=\"heading.default\">\n\t\t\t\t<div class=\"elementor-widget-container\">\n\t\t\t\t\t<h2 class=\"elementor-heading-title elementor-size-default\">Galleria\n<\/h2>\t\t\t\t<\/div>\n\t\t\t\t<\/div>\n\t\t\t\t<div class=\"elementor-element elementor-element-33d15bb info-box gallery-spacing-custom elementor-widget elementor-widget-image-gallery\" data-id=\"33d15bb\" data-element_type=\"widget\" data-widget_type=\"image-gallery.default\">\n\t\t\t\t<div class=\"elementor-widget-container\">\n\t\t\t\t\t\t\t<div class=\"elementor-image-gallery\">\n\t\t\t<div id='gallery-1' class='gallery galleryid-3237 gallery-columns-3 gallery-size-medium_large'><figure class='gallery-item'>\n\t\t\t<div class='gallery-icon landscape'>\n\t\t\t\t<a data-elementor-open-lightbox=\"yes\" data-elementor-lightbox-slideshow=\"33d15bb\" data-elementor-lightbox-title=\"GP-kompozicija-tabakas\" data-e-action-hash=\"#elementor-action%3Aaction%3Dlightbox%26settings%3DeyJpZCI6OTAyLCJ1cmwiOiJodHRwczpcL1wvdHJ1c3RwYWNrLmx0XC93cC1jb250ZW50XC91cGxvYWRzXC8yMDI1XC8wNlwvR1Ata29tcG96aWNpamEtdGFiYWthcy5qcGciLCJzbGlkZXNob3ciOiIzM2QxNWJiIn0%3D\" href='https:\/\/trustpack.lt\/wp-content\/uploads\/2025\/06\/GP-kompozicija-tabakas.jpg'><img loading=\"lazy\" decoding=\"async\" width=\"768\" height=\"594\" src=\"https:\/\/trustpack.lt\/wp-content\/uploads\/2025\/06\/GP-kompozicija-tabakas-768x594.jpg\" class=\"attachment-medium_large size-medium_large\" alt=\"\" srcset=\"https:\/\/trustpack.lt\/wp-content\/uploads\/2025\/06\/GP-kompozicija-tabakas-768x594.jpg 768w, https:\/\/trustpack.lt\/wp-content\/uploads\/2025\/06\/GP-kompozicija-tabakas-300x232.jpg 300w, https:\/\/trustpack.lt\/wp-content\/uploads\/2025\/06\/GP-kompozicija-tabakas-1024x791.jpg 1024w, https:\/\/trustpack.lt\/wp-content\/uploads\/2025\/06\/GP-kompozicija-tabakas-1536x1187.jpg 1536w, https:\/\/trustpack.lt\/wp-content\/uploads\/2025\/06\/GP-kompozicija-tabakas-2048x1583.jpg 2048w\" sizes=\"auto, (max-width: 768px) 100vw, 768px\" title=\"\"><\/a>\n\t\t\t<\/div><\/figure><figure class='gallery-item'>\n\t\t\t<div class='gallery-icon landscape'>\n\t\t\t\t<a data-elementor-open-lightbox=\"yes\" data-elementor-lightbox-slideshow=\"33d15bb\" data-elementor-lightbox-title=\"GP-kompozicija-reklamine\" data-e-action-hash=\"#elementor-action%3Aaction%3Dlightbox%26settings%3DeyJpZCI6OTIxLCJ1cmwiOiJodHRwczpcL1wvdHJ1c3RwYWNrLmx0XC93cC1jb250ZW50XC91cGxvYWRzXC8yMDI1XC8wNlwvR1Ata29tcG96aWNpamEtcmVrbGFtaW5lLmpwZyIsInNsaWRlc2hvdyI6IjMzZDE1YmIifQ%3D%3D\" href='https:\/\/trustpack.lt\/wp-content\/uploads\/2025\/06\/GP-kompozicija-reklamine.jpg'><img loading=\"lazy\" decoding=\"async\" width=\"768\" height=\"594\" src=\"https:\/\/trustpack.lt\/wp-content\/uploads\/2025\/06\/GP-kompozicija-reklamine-768x594.jpg\" class=\"attachment-medium_large size-medium_large\" alt=\"\" srcset=\"https:\/\/trustpack.lt\/wp-content\/uploads\/2025\/06\/GP-kompozicija-reklamine-768x594.jpg 768w, https:\/\/trustpack.lt\/wp-content\/uploads\/2025\/06\/GP-kompozicija-reklamine-300x232.jpg 300w, https:\/\/trustpack.lt\/wp-content\/uploads\/2025\/06\/GP-kompozicija-reklamine-1024x791.jpg 1024w, https:\/\/trustpack.lt\/wp-content\/uploads\/2025\/06\/GP-kompozicija-reklamine-1536x1187.jpg 1536w, https:\/\/trustpack.lt\/wp-content\/uploads\/2025\/06\/GP-kompozicija-reklamine-2048x1583.jpg 2048w\" sizes=\"auto, (max-width: 768px) 100vw, 768px\" title=\"\"><\/a>\n\t\t\t<\/div><\/figure><figure class='gallery-item'>\n\t\t\t<div class='gallery-icon landscape'>\n\t\t\t\t<a data-elementor-open-lightbox=\"yes\" data-elementor-lightbox-slideshow=\"33d15bb\" data-elementor-lightbox-title=\"GP-kompozicija-maistas-konditerija\" data-e-action-hash=\"#elementor-action%3Aaction%3Dlightbox%26settings%3DeyJpZCI6ODEyLCJ1cmwiOiJodHRwczpcL1wvdHJ1c3RwYWNrLmx0XC93cC1jb250ZW50XC91cGxvYWRzXC8yMDI1XC8wNlwvR1Ata29tcG96aWNpamEtbWFpc3Rhcy1rb25kaXRlcmlqYS5qcGciLCJzbGlkZXNob3ciOiIzM2QxNWJiIn0%3D\" href='https:\/\/trustpack.lt\/wp-content\/uploads\/2025\/06\/GP-kompozicija-maistas-konditerija.jpg'><img loading=\"lazy\" decoding=\"async\" width=\"768\" height=\"594\" src=\"https:\/\/trustpack.lt\/wp-content\/uploads\/2025\/06\/GP-kompozicija-maistas-konditerija-768x594.jpg\" class=\"attachment-medium_large size-medium_large\" alt=\"\" srcset=\"https:\/\/trustpack.lt\/wp-content\/uploads\/2025\/06\/GP-kompozicija-maistas-konditerija-768x594.jpg 768w, https:\/\/trustpack.lt\/wp-content\/uploads\/2025\/06\/GP-kompozicija-maistas-konditerija-300x232.jpg 300w, https:\/\/trustpack.lt\/wp-content\/uploads\/2025\/06\/GP-kompozicija-maistas-konditerija-1024x791.jpg 1024w, https:\/\/trustpack.lt\/wp-content\/uploads\/2025\/06\/GP-kompozicija-maistas-konditerija-1536x1187.jpg 1536w, https:\/\/trustpack.lt\/wp-content\/uploads\/2025\/06\/GP-kompozicija-maistas-konditerija-2048x1583.jpg 2048w\" sizes=\"auto, (max-width: 768px) 100vw, 768px\" title=\"\"><\/a>\n\t\t\t<\/div><\/figure><figure class='gallery-item'>\n\t\t\t<div class='gallery-icon landscape'>\n\t\t\t\t<a data-elementor-open-lightbox=\"yes\" data-elementor-lightbox-slideshow=\"33d15bb\" data-elementor-lightbox-title=\"GP-kompozicija-farmacija-korekcija\" data-e-action-hash=\"#elementor-action%3Aaction%3Dlightbox%26settings%3DeyJpZCI6Mzc3LCJ1cmwiOiJodHRwczpcL1wvdHJ1c3RwYWNrLmx0XC93cC1jb250ZW50XC91cGxvYWRzXC8yMDI1XC8wNlwvR1Ata29tcG96aWNpamEtZmFybWFjaWphLWtvcmVrY2lqYS5qcGciLCJzbGlkZXNob3ciOiIzM2QxNWJiIn0%3D\" href='https:\/\/trustpack.lt\/wp-content\/uploads\/2025\/06\/GP-kompozicija-farmacija-korekcija.jpg'><img loading=\"lazy\" decoding=\"async\" width=\"768\" height=\"594\" src=\"https:\/\/trustpack.lt\/wp-content\/uploads\/2025\/06\/GP-kompozicija-farmacija-korekcija-768x594.jpg\" class=\"attachment-medium_large size-medium_large\" alt=\"\" srcset=\"https:\/\/trustpack.lt\/wp-content\/uploads\/2025\/06\/GP-kompozicija-farmacija-korekcija-768x594.jpg 768w, https:\/\/trustpack.lt\/wp-content\/uploads\/2025\/06\/GP-kompozicija-farmacija-korekcija-300x232.jpg 300w, https:\/\/trustpack.lt\/wp-content\/uploads\/2025\/06\/GP-kompozicija-farmacija-korekcija-1024x791.jpg 1024w, https:\/\/trustpack.lt\/wp-content\/uploads\/2025\/06\/GP-kompozicija-farmacija-korekcija-1536x1187.jpg 1536w, https:\/\/trustpack.lt\/wp-content\/uploads\/2025\/06\/GP-kompozicija-farmacija-korekcija-2048x1583.jpg 2048w\" sizes=\"auto, (max-width: 768px) 100vw, 768px\" title=\"\"><\/a>\n\t\t\t<\/div><\/figure><figure class='gallery-item'>\n\t\t\t<div class='gallery-icon landscape'>\n\t\t\t\t<a data-elementor-open-lightbox=\"yes\" data-elementor-lightbox-slideshow=\"33d15bb\" data-elementor-lightbox-title=\"GP-kompozicija-etiketes\" data-e-action-hash=\"#elementor-action%3Aaction%3Dlightbox%26settings%3DeyJpZCI6Mzc2LCJ1cmwiOiJodHRwczpcL1wvdHJ1c3RwYWNrLmx0XC93cC1jb250ZW50XC91cGxvYWRzXC8yMDI1XC8wNlwvR1Ata29tcG96aWNpamEtZXRpa2V0ZXMuanBnIiwic2xpZGVzaG93IjoiMzNkMTViYiJ9\" href='https:\/\/trustpack.lt\/wp-content\/uploads\/2025\/06\/GP-kompozicija-etiketes.jpg'><img loading=\"lazy\" decoding=\"async\" width=\"768\" height=\"594\" src=\"https:\/\/trustpack.lt\/wp-content\/uploads\/2025\/06\/GP-kompozicija-etiketes-768x594.jpg\" class=\"attachment-medium_large size-medium_large\" alt=\"\" srcset=\"https:\/\/trustpack.lt\/wp-content\/uploads\/2025\/06\/GP-kompozicija-etiketes-768x594.jpg 768w, https:\/\/trustpack.lt\/wp-content\/uploads\/2025\/06\/GP-kompozicija-etiketes-300x232.jpg 300w, https:\/\/trustpack.lt\/wp-content\/uploads\/2025\/06\/GP-kompozicija-etiketes-1024x791.jpg 1024w, https:\/\/trustpack.lt\/wp-content\/uploads\/2025\/06\/GP-kompozicija-etiketes-1536x1187.jpg 1536w, https:\/\/trustpack.lt\/wp-content\/uploads\/2025\/06\/GP-kompozicija-etiketes-2048x1583.jpg 2048w\" sizes=\"auto, (max-width: 768px) 100vw, 768px\" title=\"\"><\/a>\n\t\t\t<\/div><\/figure><figure class='gallery-item'>\n\t\t\t<div class='gallery-icon landscape'>\n\t\t\t\t<a data-elementor-open-lightbox=\"yes\" data-elementor-lightbox-slideshow=\"33d15bb\" data-elementor-lightbox-title=\"GP-kompozicija-gerimai\" data-e-action-hash=\"#elementor-action%3Aaction%3Dlightbox%26settings%3DeyJpZCI6Mzc4LCJ1cmwiOiJodHRwczpcL1wvdHJ1c3RwYWNrLmx0XC93cC1jb250ZW50XC91cGxvYWRzXC8yMDI1XC8wNlwvR1Ata29tcG96aWNpamEtZ2VyaW1haS5qcGciLCJzbGlkZXNob3ciOiIzM2QxNWJiIn0%3D\" href='https:\/\/trustpack.lt\/wp-content\/uploads\/2025\/06\/GP-kompozicija-gerimai.jpg'><img loading=\"lazy\" decoding=\"async\" width=\"768\" height=\"593\" src=\"https:\/\/trustpack.lt\/wp-content\/uploads\/2025\/06\/GP-kompozicija-gerimai-768x593.jpg\" class=\"attachment-medium_large size-medium_large\" alt=\"\" srcset=\"https:\/\/trustpack.lt\/wp-content\/uploads\/2025\/06\/GP-kompozicija-gerimai-768x593.jpg 768w, https:\/\/trustpack.lt\/wp-content\/uploads\/2025\/06\/GP-kompozicija-gerimai-300x232.jpg 300w, https:\/\/trustpack.lt\/wp-content\/uploads\/2025\/06\/GP-kompozicija-gerimai-1024x791.jpg 1024w, https:\/\/trustpack.lt\/wp-content\/uploads\/2025\/06\/GP-kompozicija-gerimai-1536x1186.jpg 1536w, https:\/\/trustpack.lt\/wp-content\/uploads\/2025\/06\/GP-kompozicija-gerimai-2048x1582.jpg 2048w\" sizes=\"auto, (max-width: 768px) 100vw, 768px\" title=\"\"><\/a>\n\t\t\t<\/div><\/figure>\n\t\t<\/div>\n\t\t<\/div>\n\t\t\t\t\t\t<\/div>\n\t\t\t\t<\/div>\n\t\t\t\t<\/div>\n\t\t\t\t\t<\/div>\n\t\t\t\t<\/div>\n\t\t<div class=\"elementor-element elementor-element-d21d878 e-flex e-con-boxed e-con e-parent\" data-id=\"d21d878\" data-element_type=\"container\" data-settings=\"{&quot;background_background&quot;:&quot;classic&quot;}\">\n\t\t\t\t\t<div class=\"e-con-inner\">\n\t\t\t\t<div class=\"elementor-element elementor-element-2c93e5a elementor-widget elementor-widget-heading\" data-id=\"2c93e5a\" data-element_type=\"widget\" data-widget_type=\"heading.default\">\n\t\t\t\t<div class=\"elementor-widget-container\">\n\t\t\t\t\t<h3 class=\"elementor-heading-title elementor-size-default\">Miksi valita meid\u00e4t?<\/h3>\t\t\t\t<\/div>\n\t\t\t\t<\/div>\n\t\t\t\t<div class=\"elementor-element elementor-element-3915ad8 elementor-widget elementor-widget-text-editor\" data-id=\"3915ad8\" data-element_type=\"widget\" data-widget_type=\"text-editor.default\">\n\t\t\t\t<div class=\"elementor-widget-container\">\n\t\t\t\t\t\t\t\t\t<ul><li style=\"font-weight: 400;\" aria-level=\"1\"><b>Kumppanuutta, ei vain palvelun<\/b><span style=\"font-weight: 400;\"><span style=\"font-weight: 400;\"> \u2013 neuvoja ymm\u00e4rt\u00e4\u00e4 yleisen\u00e4 tavalla, siksi pyrimme ei vain tehd\u00e4 suosituksia, mutta yhdess\u00e4 Voit kehitt\u00e4\u00e4 ratkaisuja, joka lopulta vahvistaa br\u00e4ndin asema markkinoilla.<\/span><\/span><p>\u00a0<\/p><\/li><li style=\"font-weight: 400;\" aria-level=\"1\"><b>Arvostamme jokainen asiakas<\/b><span style=\"font-weight: 400;\"><span style=\"font-weight: 400;\"> \u2013 aina n\u00e4ytt\u00e4\u00e4 Omaan erityispiirteet liiketoimintaa, tavoitteita ja haasteita, jotta voimme tarjota ratkaisuja, jotka eiv\u00e4t ainoastaan t\u00e4yt\u00e4 odotuksia, vaan antaa my\u00f6s lis\u00e4arvoa tuote ja br\u00e4ndi.<\/span><\/span><p>\u00a0<\/p><\/li><li style=\"font-weight: 400;\" aria-level=\"1\"><b>Henkil\u00f6kohtainen tarjoaa<\/b> \u2013 jokainen projekti arvostamme yksil\u00f6llisesti, siksi suosittelemme Sinulle parhaiten sopivia materiaaleja, rakenteita ja tekniikoita varmistaa optimaalinen tasapaino hinnan, laadun, suunnittelun ja yksinoikeuden.<\/li><\/ul>\t\t\t\t\t\t\t\t<\/div>\n\t\t\t\t<\/div>\n\t\t\t\t\t<\/div>\n\t\t\t\t<\/div>\n\t\t<div class=\"elementor-element elementor-element-ba87933 e-flex e-con-boxed e-con e-parent\" data-id=\"ba87933\" data-element_type=\"container\" data-settings=\"{&quot;background_background&quot;:&quot;classic&quot;}\">\n\t\t\t\t\t<div class=\"e-con-inner\">\n\t\t<div class=\"elementor-element elementor-element-0fb90db e-con-full e-flex e-con e-child\" data-id=\"0fb90db\" data-element_type=\"container\">\n\t\t\t\t<div class=\"elementor-element elementor-element-b4b823f elementor-widget elementor-widget-heading\" data-id=\"b4b823f\" data-element_type=\"widget\" data-widget_type=\"heading.default\">\n\t\t\t\t<div class=\"elementor-widget-container\">\n\t\t\t\t\t<h3 class=\"elementor-heading-title elementor-size-default\">Ota yhteytt\u00e4 kuulemista varten\n<\/h3>\t\t\t\t<\/div>\n\t\t\t\t<\/div>\n\t\t\t\t<\/div>\n\t\t<div class=\"elementor-element elementor-element-9036aeb e-con-full e-flex e-con e-child\" data-id=\"9036aeb\" data-element_type=\"container\">\n\t\t\t\t<div class=\"elementor-element elementor-element-a6125ab elementor-widget elementor-widget-button\" data-id=\"a6125ab\" data-element_type=\"widget\" data-widget_type=\"button.default\">\n\t\t\t\t<div class=\"elementor-widget-container\">\n\t\t\t\t\t\t\t\t\t<div class=\"elementor-button-wrapper\">\n\t\t\t\t\t<a class=\"elementor-button elementor-button-link elementor-size-sm\" href=\"https:\/\/trustpack.lt\/fi\/yhteystiedot\/\">\n\t\t\t\t\t\t<span class=\"elementor-button-content-wrapper\">\n\t\t\t\t\t\t<span class=\"elementor-button-icon\">\n\t\t\t\t<i aria-hidden=\"true\" class=\"fas fa-long-arrow-alt-right\"><\/i>\t\t\t<\/span>\n\t\t\t\t\t\t\t\t\t<span class=\"elementor-button-text\">Ota yhteytt\u00e4<\/span>\n\t\t\t\t\t<\/span>\n\t\t\t\t\t<\/a>\n\t\t\t\t<\/div>\n\t\t\t\t\t\t\t\t<\/div>\n\t\t\t\t<\/div>\n\t\t\t\t<\/div>\n\t\t\t\t\t<\/div>\n\t\t\t\t<\/div>\n\t\t<div class=\"elementor-element elementor-element-01d453c elementor-hidden-desktop elementor-hidden-tablet elementor-hidden-mobile e-flex e-con-boxed e-con e-parent\" data-id=\"01d453c\" data-element_type=\"container\">\n\t\t\t\t\t<div class=\"e-con-inner\">\n\t\t<div class=\"elementor-element elementor-element-556c664 e-con-full e-flex e-con e-child\" data-id=\"556c664\" data-element_type=\"container\">\n\t\t\t\t<div class=\"elementor-element elementor-element-ea5e379 elementor-widget elementor-widget-heading\" data-id=\"ea5e379\" data-element_type=\"widget\" data-widget_type=\"heading.default\">\n\t\t\t\t<div class=\"elementor-widget-container\">\n\t\t\t\t\t<h5 class=\"elementor-heading-title elementor-size-default\">Trusted packaging partner for Swedish companies.<\/h5>\t\t\t\t<\/div>\n\t\t\t\t<\/div>\n\t\t\t\t<div class=\"elementor-element elementor-element-2bec4b0 elementor-widget elementor-widget-text-editor\" data-id=\"2bec4b0\" data-element_type=\"widget\" data-widget_type=\"text-editor.default\">\n\t\t\t\t<div class=\"elementor-widget-container\">\n\t\t\t\t\t\t\t\t\t<div class=\"ql-block\" data-block-id=\"block-4fa2919d-f0a2-4f87-93fe-13b8c6d0c561\">Supporting Swedish brands with scalable carton and paper packaging production<\/div>\t\t\t\t\t\t\t\t<\/div>\n\t\t\t\t<\/div>\n\t\t\t\t<div class=\"elementor-element elementor-element-60652ba elementor-widget elementor-widget-image\" data-id=\"60652ba\" data-element_type=\"widget\" data-widget_type=\"image.default\">\n\t\t\t\t<div class=\"elementor-widget-container\">\n\t\t\t\t\t\t\t\t\t\t\t\t\t\t\t<img loading=\"lazy\" decoding=\"async\" width=\"770\" height=\"1024\" src=\"https:\/\/trustpack.lt\/wp-content\/uploads\/2026\/03\/Siluett-logo-4F-1-770x1024.png\" class=\"attachment-large size-large wp-image-4037\" alt=\"\" srcset=\"https:\/\/trustpack.lt\/wp-content\/uploads\/2026\/03\/Siluett-logo-4F-1-770x1024.png 770w, https:\/\/trustpack.lt\/wp-content\/uploads\/2026\/03\/Siluett-logo-4F-1-226x300.png 226w, https:\/\/trustpack.lt\/wp-content\/uploads\/2026\/03\/Siluett-logo-4F-1-768x1021.png 768w, https:\/\/trustpack.lt\/wp-content\/uploads\/2026\/03\/Siluett-logo-4F-1-9x12.png 9w, https:\/\/trustpack.lt\/wp-content\/uploads\/2026\/03\/Siluett-logo-4F-1.png 815w\" sizes=\"auto, (max-width: 770px) 100vw, 770px\" title=\"\">\t\t\t\t\t\t\t\t\t\t\t\t\t\t\t<\/div>\n\t\t\t\t<\/div>\n\t\t\t\t<\/div>\n\t\t\t\t\t<\/div>\n\t\t\t\t<\/div>\n\t\t\t\t<\/div>","protected":false},"excerpt":{"rendered":"<p>Asmeninis d\u0117mesys kiekvienam klientui ir jo poreikiams Kiekvienas projektas prasideda nuo tinkam\u0173 sprendim\u0173. Tod\u0117l m\u016bs\u0173 specialistai teikia profesionalias konsultacijas visais pakuo\u010di\u0173 ir etike\u010di\u0173 k\u016brimo bei gamybos klausimais. Patariame d\u0117l optimaliausi\u0173 med\u017eiag\u0173 pasirinkimo, padedame sukurti funkcionali\u0105 ir patraukli\u0105 konstrukcij\u0105, pasir\u016bpiname esteti\u0161ku dizainu bei patariame, kaip suderinti gamyb\u0105 su tvarumo reikalavimais. M\u016bs\u0173 tikslas \u2013 pad\u0117ti klientams priimti [\u2026]<\/p>","protected":false},"author":1,"featured_media":0,"parent":0,"menu_order":0,"comment_status":"closed","ping_status":"closed","template":"","meta":{"footnotes":""},"class_list":["post-3237","page","type-page","status-publish","hentry"],"_links":{"self":[{"href":"https:\/\/trustpack.lt\/fi\/wp-json\/wp\/v2\/pages\/3237","targetHints":{"allow":["GET"]}}],"collection":[{"href":"https:\/\/trustpack.lt\/fi\/wp-json\/wp\/v2\/pages"}],"about":[{"href":"https:\/\/trustpack.lt\/fi\/wp-json\/wp\/v2\/types\/page"}],"author":[{"embeddable":true,"href":"https:\/\/trustpack.lt\/fi\/wp-json\/wp\/v2\/users\/1"}],"replies":[{"embeddable":true,"href":"https:\/\/trustpack.lt\/fi\/wp-json\/wp\/v2\/comments?post=3237"}],"version-history":[{"count":18,"href":"https:\/\/trustpack.lt\/fi\/wp-json\/wp\/v2\/pages\/3237\/revisions"}],"predecessor-version":[{"id":4049,"href":"https:\/\/trustpack.lt\/fi\/wp-json\/wp\/v2\/pages\/3237\/revisions\/4049"}],"wp:attachment":[{"href":"https:\/\/trustpack.lt\/fi\/wp-json\/wp\/v2\/media?parent=3237"}],"curies":[{"name":"wp","href":"https:\/\/api.w.org\/{rel}","templated":true}]}}