{"id":3257,"date":"2025-09-09T09:38:45","date_gmt":"2025-09-09T09:38:45","guid":{"rendered":"https:\/\/trustpack.lt\/?page_id=3257"},"modified":"2026-01-12T17:48:51","modified_gmt":"2026-01-12T15:48:51","slug":"lisapalvelut","status":"publish","type":"page","link":"https:\/\/trustpack.lt\/fi\/lisapalvelut\/","title":{"rendered":"Lis\u00e4palvelut"},"content":{"rendered":"<div data-elementor-type=\"wp-page\" data-elementor-id=\"3257\" class=\"elementor elementor-3257\">\n\t\t\t\t<div class=\"elementor-element elementor-element-e242695 e-flex e-con-boxed e-con e-parent\" data-id=\"e242695\" data-element_type=\"container\" data-settings=\"{&quot;background_background&quot;:&quot;classic&quot;}\">\n\t\t\t\t\t<div class=\"e-con-inner\">\n\t\t<div class=\"elementor-element elementor-element-e4babfd e-con-full e-flex e-con e-child\" data-id=\"e4babfd\" data-element_type=\"container\">\n\t\t\t\t<div class=\"elementor-element elementor-element-70fd14e elementor-widget elementor-widget-heading\" data-id=\"70fd14e\" data-element_type=\"widget\" data-widget_type=\"heading.default\">\n\t\t\t\t<div class=\"elementor-widget-container\">\n\t\t\t\t\t<h1 class=\"elementor-heading-title elementor-size-default\"> Media toimii lydime joustavuutta<\/h1>\t\t\t\t<\/div>\n\t\t\t\t<\/div>\n\t\t\t\t<div class=\"elementor-element elementor-element-ef7594f elementor-widget-divider--view-line elementor-widget elementor-widget-divider\" data-id=\"ef7594f\" data-element_type=\"widget\" data-widget_type=\"divider.default\">\n\t\t\t\t<div class=\"elementor-widget-container\">\n\t\t\t\t\t\t\t<div class=\"elementor-divider\">\n\t\t\t<span class=\"elementor-divider-separator\">\n\t\t\t\t\t\t<\/span>\n\t\t<\/div>\n\t\t\t\t\t\t<\/div>\n\t\t\t\t<\/div>\n\t\t\t\t<\/div>\n\t\t<div class=\"elementor-element elementor-element-f7e8b0d e-con-full e-flex e-con e-child\" data-id=\"f7e8b0d\" data-element_type=\"container\">\n\t\t<div class=\"elementor-element elementor-element-e64ae1f e-con-full e-flex e-con e-child\" data-id=\"e64ae1f\" data-element_type=\"container\">\n\t\t\t\t<div class=\"elementor-element elementor-element-180e821 elementor-widget elementor-widget-text-editor\" data-id=\"180e821\" data-element_type=\"widget\" data-widget_type=\"text-editor.default\">\n\t\t\t\t<div class=\"elementor-widget-container\">\n\t\t\t\t\t\t\t\t\t<p><span style=\"font-weight: 400;\">Siksi tarjoamme muita palveluja, jotka auttavat asiakkaita s\u00e4\u00e4st\u00e4m\u00e4\u00e4n aikaa ja varmistaa, ett\u00e4 lopullinen tuote on valmis nopeasti ja h\u00e4ss\u00e4kk\u00e4-ilmainen. Tavoitteenamme on hoitaa kaiken A: sta Z: alkaen kunnianhimoinen t\u00e4yt\u00e4nt\u00f6\u00f6npanon m\u00e4\u00e4r\u00e4ajat logistiikan ratkaisuja. T\u00e4ll\u00e4 tavalla asiakkaat saavat ainoastaan korkealaatuisia lehdist\u00f6n, mutta my\u00f6s palvelu.<\/span><\/p>\t\t\t\t\t\t\t\t<\/div>\n\t\t\t\t<\/div>\n\t\t\t\t<\/div>\n\t\t<div class=\"elementor-element elementor-element-da06ec4 e-con-full elementor-hidden-mobile e-flex e-con e-child\" data-id=\"da06ec4\" data-element_type=\"container\">\n\t\t<div class=\"elementor-element elementor-element-331d23e e-con-full e-flex e-con e-child\" data-id=\"331d23e\" data-element_type=\"container\">\n\t\t\t\t<div class=\"elementor-element elementor-element-30c809b elementor-widget elementor-widget-button\" data-id=\"30c809b\" data-element_type=\"widget\" data-widget_type=\"button.default\">\n\t\t\t\t<div class=\"elementor-widget-container\">\n\t\t\t\t\t\t\t\t\t<div class=\"elementor-button-wrapper\">\n\t\t\t\t\t<a class=\"elementor-button elementor-button-link elementor-size-sm\" href=\"https:\/\/trustpack.lt\/fi\/yhteystiedot\/\">\n\t\t\t\t\t\t<span class=\"elementor-button-content-wrapper\">\n\t\t\t\t\t\t<span class=\"elementor-button-icon\">\n\t\t\t\t<i aria-hidden=\"true\" class=\"fas fa-long-arrow-alt-right\"><\/i>\t\t\t<\/span>\n\t\t\t\t\t\t\t\t\t<span class=\"elementor-button-text\">Ota yhteytt\u00e4 <\/span>\n\t\t\t\t\t<\/span>\n\t\t\t\t\t<\/a>\n\t\t\t\t<\/div>\n\t\t\t\t\t\t\t\t<\/div>\n\t\t\t\t<\/div>\n\t\t\t\t<\/div>\n\t\t\t\t<\/div>\n\t\t\t\t<\/div>\n\t\t\t\t\t<\/div>\n\t\t\t\t<\/div>\n\t\t<div class=\"elementor-element elementor-element-f4201f3 e-flex e-con-boxed e-con e-parent\" data-id=\"f4201f3\" data-element_type=\"container\" data-settings=\"{&quot;background_background&quot;:&quot;classic&quot;}\">\n\t\t\t\t\t<div class=\"e-con-inner\">\n\t\t\t\t<div class=\"elementor-element elementor-element-a9ed73d elementor-widget elementor-widget-text-editor\" data-id=\"a9ed73d\" data-element_type=\"widget\" data-widget_type=\"text-editor.default\">\n\t\t\t\t<div class=\"elementor-widget-container\">\n\t\t\t\t\t\t\t\t\t<p><b>Ehdot joustavuutta<\/b><\/p><p><span style=\"font-weight: 400;\">Tied\u00e4mme, ett\u00e4 joissakin hankkeissa, aika on kriittinen tekij\u00e4, jotta pystymme sopeutumaan vaativimmankin asiakkaan kannalta. Jos tarvitset hyvin nopeasti, etsimme ratkaisuja, joilla varmistetaan, nopeampi tuotanto, yhdist\u00e4\u00e4 aikataulut ja dtp-prosesseja. T\u00e4ll\u00e4 tavalla voimme auttaa v\u00e4ltt\u00e4m\u00e4\u00e4n viiv\u00e4styksi\u00e4 ja varmistaa, ett\u00e4 tuotteet p\u00e4\u00e4sev\u00e4t markkinoille juuri silloin, kun niit\u00e4 tarvitaan eniten.<\/span><\/p><p><span style=\"font-weight: 400;\">\u00a0<\/span><\/p><p><b>Varastointi<\/b><\/p><p><span style=\"font-weight: 400;\">Ymm\u00e4rr\u00e4mme, ett\u00e4 ei ole aina kaikki l\u00e4ht\u00f6 v\u00e4litt\u00f6m\u00e4sti tarpeen asiakkaan, siksi, poikkeustapauksissa voimme j\u00e4rjest\u00e4\u00e4 sen varastointi. Tuotos on tallennettu sopivissa olosuhteissa, jotta ei menet\u00e4 laatua, ja teht\u00e4v\u00e4 suoritetaan sovitun aikataulun mukaisesti. T\u00e4m\u00e4 palvelu voi olla lis\u00e4maksu, mutta se antaa asiakkaalle mukavuutta ja joustavuutta suunnittelu rahastot.<\/span><\/p><p><span style=\"font-weight: 400;\">\u00a0<\/span><\/p><p><b>Tuotanto toimitus<\/b><\/p><p><span style=\"font-weight: 400;\">Jokainen toimitus yhdist\u00e4mme yksil\u00f6llisesti, ottaen huomioon asiakkaan tarpeet ja mukavuutta. Voit k\u00e4ytt\u00e4\u00e4 logistiset p\u00e4\u00e4t\u00f6kset tai, jos tarvitaan, uskoa, ett\u00e4 kaikki meille logistiikka \u2013 varmista, ett\u00e4 tuotteet saavuttavat Sinut turvallisesti ja sovittuna ajankohtana. T\u00e4m\u00e4 palvelu voi olla lis\u00e4maksu.<\/span><\/p><p><b>\u00a0<\/b><\/p><p><b>Prototyyppien<\/b><\/p><p><span style=\"font-weight: 400;\">Kun tilaat paketteja kanssamme, antaa sinulle mahdollisuuden tuottaa yksitt\u00e4isi\u00e4 yksik\u00f6it\u00e4. T\u00e4m\u00e4 tekee siit\u00e4 jopa ennen massatuotannon arvioida, muotoilu ja mukavuus, kokeile todellinen ehtoja ja suorittaa tarvittavat muutokset. T\u00e4ll\u00e4 tavalla asiakas saa lis\u00e4\u00e4 luottamusta siihen, ett\u00e4 lopputulos on tarkalleen, mit\u00e4 on odotettavissa.<\/span><\/p><p><span style=\"font-weight: 400;\">\u00a0<\/span><\/p><p><b>Automaattinen pakkaus linjat, tasaus ja k\u00e4ytt\u00f6\u00f6notto<\/b><\/p><p><span style=\"font-weight: 400;\">Ett\u00e4 pakkaus on t\u00e4ydellinen \"\u012fsikomponuot\u0173\" asiakkaan tuotantoprosessi, meid\u00e4n ammattilaiset saapuvat ja j\u00e4rjest\u00e4\u00e4 sen soveltaminen nykyist\u00e4 powered linjat. Kuulla, suorittaa testit, me yhdist\u00e4\u00e4 parametrit ja varmistaa sujuva k\u00e4ynnist\u00e4minen. T\u00e4m\u00e4n avulla asiakas v\u00e4ltt\u00e4\u00e4 seisokkeja ja varmistaa tehokas valvonta tuotannon ensimm\u00e4inen p\u00e4iv\u00e4.<\/span><\/p><p><span style=\"font-weight: 400;\">\u00a0<\/span><\/p><p><b>Pakkaus logistisen ketjun suunnittelu<\/b><\/p><p><span style=\"font-weight: 400;\">Jokainen tuote on sen tapa tuotannosta loppuk\u00e4ytt\u00e4j\u00e4lle, siksi on t\u00e4rke\u00e4\u00e4, ett\u00e4 pakkaus on oikein viritetty. Neuvoo ja suunnittelu pakkauksessa logistinen ketju, arvioida kuljetus, varastointi, pakkaus ja myynti ehtoja. T\u00e4ll\u00e4 tavoin voimme auttaa varmistamaan, ett\u00e4 pakkaus ei ole vain houkutteleva, mutta my\u00f6s luotettava, toimiva ja kustannustehokas koko hankintaprosessin.<\/span><\/p>\t\t\t\t\t\t\t\t<\/div>\n\t\t\t\t<\/div>\n\t\t\t\t\t<\/div>\n\t\t\t\t<\/div>\n\t\t<div class=\"elementor-element elementor-element-a7183df e-flex e-con-boxed e-con e-parent\" data-id=\"a7183df\" data-element_type=\"container\">\n\t\t\t\t\t<div class=\"e-con-inner\">\n\t\t<div class=\"elementor-element elementor-element-2206f75 e-con-full e-flex e-con e-child\" data-id=\"2206f75\" data-element_type=\"container\">\n\t\t\t\t<div class=\"elementor-element elementor-element-938922f elementor-widget elementor-widget-heading\" data-id=\"938922f\" data-element_type=\"widget\" data-widget_type=\"heading.default\">\n\t\t\t\t<div class=\"elementor-widget-container\">\n\t\t\t\t\t<h2 class=\"elementor-heading-title elementor-size-default\">Galleria\n<\/h2>\t\t\t\t<\/div>\n\t\t\t\t<\/div>\n\t\t\t\t<div class=\"elementor-element elementor-element-33d15bb info-box gallery-spacing-custom elementor-widget elementor-widget-image-gallery\" data-id=\"33d15bb\" data-element_type=\"widget\" data-widget_type=\"image-gallery.default\">\n\t\t\t\t<div class=\"elementor-widget-container\">\n\t\t\t\t\t\t\t<div class=\"elementor-image-gallery\">\n\t\t\t<div id='gallery-1' class='gallery galleryid-3257 gallery-columns-3 gallery-size-medium_large'><figure class='gallery-item'>\n\t\t\t<div class='gallery-icon landscape'>\n\t\t\t\t<a data-elementor-open-lightbox=\"yes\" data-elementor-lightbox-slideshow=\"33d15bb\" data-elementor-lightbox-title=\"GP-kompozicija-tabakas\" data-e-action-hash=\"#elementor-action%3Aaction%3Dlightbox%26settings%3DeyJpZCI6OTAyLCJ1cmwiOiJodHRwczpcL1wvdHJ1c3RwYWNrLmx0XC93cC1jb250ZW50XC91cGxvYWRzXC8yMDI1XC8wNlwvR1Ata29tcG96aWNpamEtdGFiYWthcy5qcGciLCJzbGlkZXNob3ciOiIzM2QxNWJiIn0%3D\" href='https:\/\/trustpack.lt\/wp-content\/uploads\/2025\/06\/GP-kompozicija-tabakas.jpg'><img loading=\"lazy\" decoding=\"async\" width=\"768\" height=\"594\" src=\"https:\/\/trustpack.lt\/wp-content\/uploads\/2025\/06\/GP-kompozicija-tabakas-768x594.jpg\" class=\"attachment-medium_large size-medium_large\" alt=\"\" srcset=\"https:\/\/trustpack.lt\/wp-content\/uploads\/2025\/06\/GP-kompozicija-tabakas-768x594.jpg 768w, https:\/\/trustpack.lt\/wp-content\/uploads\/2025\/06\/GP-kompozicija-tabakas-300x232.jpg 300w, https:\/\/trustpack.lt\/wp-content\/uploads\/2025\/06\/GP-kompozicija-tabakas-1024x791.jpg 1024w, https:\/\/trustpack.lt\/wp-content\/uploads\/2025\/06\/GP-kompozicija-tabakas-1536x1187.jpg 1536w, https:\/\/trustpack.lt\/wp-content\/uploads\/2025\/06\/GP-kompozicija-tabakas-2048x1583.jpg 2048w\" sizes=\"auto, (max-width: 768px) 100vw, 768px\" title=\"\"><\/a>\n\t\t\t<\/div><\/figure><figure class='gallery-item'>\n\t\t\t<div class='gallery-icon landscape'>\n\t\t\t\t<a data-elementor-open-lightbox=\"yes\" data-elementor-lightbox-slideshow=\"33d15bb\" data-elementor-lightbox-title=\"GP-kompozicija-reklamine\" data-e-action-hash=\"#elementor-action%3Aaction%3Dlightbox%26settings%3DeyJpZCI6OTIxLCJ1cmwiOiJodHRwczpcL1wvdHJ1c3RwYWNrLmx0XC93cC1jb250ZW50XC91cGxvYWRzXC8yMDI1XC8wNlwvR1Ata29tcG96aWNpamEtcmVrbGFtaW5lLmpwZyIsInNsaWRlc2hvdyI6IjMzZDE1YmIifQ%3D%3D\" href='https:\/\/trustpack.lt\/wp-content\/uploads\/2025\/06\/GP-kompozicija-reklamine.jpg'><img loading=\"lazy\" decoding=\"async\" width=\"768\" height=\"594\" src=\"https:\/\/trustpack.lt\/wp-content\/uploads\/2025\/06\/GP-kompozicija-reklamine-768x594.jpg\" class=\"attachment-medium_large size-medium_large\" alt=\"\" srcset=\"https:\/\/trustpack.lt\/wp-content\/uploads\/2025\/06\/GP-kompozicija-reklamine-768x594.jpg 768w, https:\/\/trustpack.lt\/wp-content\/uploads\/2025\/06\/GP-kompozicija-reklamine-300x232.jpg 300w, https:\/\/trustpack.lt\/wp-content\/uploads\/2025\/06\/GP-kompozicija-reklamine-1024x791.jpg 1024w, https:\/\/trustpack.lt\/wp-content\/uploads\/2025\/06\/GP-kompozicija-reklamine-1536x1187.jpg 1536w, https:\/\/trustpack.lt\/wp-content\/uploads\/2025\/06\/GP-kompozicija-reklamine-2048x1583.jpg 2048w\" sizes=\"auto, (max-width: 768px) 100vw, 768px\" title=\"\"><\/a>\n\t\t\t<\/div><\/figure><figure class='gallery-item'>\n\t\t\t<div class='gallery-icon landscape'>\n\t\t\t\t<a data-elementor-open-lightbox=\"yes\" data-elementor-lightbox-slideshow=\"33d15bb\" data-elementor-lightbox-title=\"GP-kompozicija-maistas-konditerija\" data-e-action-hash=\"#elementor-action%3Aaction%3Dlightbox%26settings%3DeyJpZCI6ODEyLCJ1cmwiOiJodHRwczpcL1wvdHJ1c3RwYWNrLmx0XC93cC1jb250ZW50XC91cGxvYWRzXC8yMDI1XC8wNlwvR1Ata29tcG96aWNpamEtbWFpc3Rhcy1rb25kaXRlcmlqYS5qcGciLCJzbGlkZXNob3ciOiIzM2QxNWJiIn0%3D\" href='https:\/\/trustpack.lt\/wp-content\/uploads\/2025\/06\/GP-kompozicija-maistas-konditerija.jpg'><img loading=\"lazy\" decoding=\"async\" width=\"768\" height=\"594\" src=\"https:\/\/trustpack.lt\/wp-content\/uploads\/2025\/06\/GP-kompozicija-maistas-konditerija-768x594.jpg\" class=\"attachment-medium_large size-medium_large\" alt=\"\" srcset=\"https:\/\/trustpack.lt\/wp-content\/uploads\/2025\/06\/GP-kompozicija-maistas-konditerija-768x594.jpg 768w, https:\/\/trustpack.lt\/wp-content\/uploads\/2025\/06\/GP-kompozicija-maistas-konditerija-300x232.jpg 300w, https:\/\/trustpack.lt\/wp-content\/uploads\/2025\/06\/GP-kompozicija-maistas-konditerija-1024x791.jpg 1024w, https:\/\/trustpack.lt\/wp-content\/uploads\/2025\/06\/GP-kompozicija-maistas-konditerija-1536x1187.jpg 1536w, https:\/\/trustpack.lt\/wp-content\/uploads\/2025\/06\/GP-kompozicija-maistas-konditerija-2048x1583.jpg 2048w\" sizes=\"auto, (max-width: 768px) 100vw, 768px\" title=\"\"><\/a>\n\t\t\t<\/div><\/figure><figure class='gallery-item'>\n\t\t\t<div class='gallery-icon landscape'>\n\t\t\t\t<a data-elementor-open-lightbox=\"yes\" data-elementor-lightbox-slideshow=\"33d15bb\" data-elementor-lightbox-title=\"GP-kompozicija-farmacija-korekcija\" data-e-action-hash=\"#elementor-action%3Aaction%3Dlightbox%26settings%3DeyJpZCI6Mzc3LCJ1cmwiOiJodHRwczpcL1wvdHJ1c3RwYWNrLmx0XC93cC1jb250ZW50XC91cGxvYWRzXC8yMDI1XC8wNlwvR1Ata29tcG96aWNpamEtZmFybWFjaWphLWtvcmVrY2lqYS5qcGciLCJzbGlkZXNob3ciOiIzM2QxNWJiIn0%3D\" href='https:\/\/trustpack.lt\/wp-content\/uploads\/2025\/06\/GP-kompozicija-farmacija-korekcija.jpg'><img loading=\"lazy\" decoding=\"async\" width=\"768\" height=\"594\" src=\"https:\/\/trustpack.lt\/wp-content\/uploads\/2025\/06\/GP-kompozicija-farmacija-korekcija-768x594.jpg\" class=\"attachment-medium_large size-medium_large\" alt=\"\" srcset=\"https:\/\/trustpack.lt\/wp-content\/uploads\/2025\/06\/GP-kompozicija-farmacija-korekcija-768x594.jpg 768w, https:\/\/trustpack.lt\/wp-content\/uploads\/2025\/06\/GP-kompozicija-farmacija-korekcija-300x232.jpg 300w, https:\/\/trustpack.lt\/wp-content\/uploads\/2025\/06\/GP-kompozicija-farmacija-korekcija-1024x791.jpg 1024w, https:\/\/trustpack.lt\/wp-content\/uploads\/2025\/06\/GP-kompozicija-farmacija-korekcija-1536x1187.jpg 1536w, https:\/\/trustpack.lt\/wp-content\/uploads\/2025\/06\/GP-kompozicija-farmacija-korekcija-2048x1583.jpg 2048w\" sizes=\"auto, (max-width: 768px) 100vw, 768px\" title=\"\"><\/a>\n\t\t\t<\/div><\/figure><figure class='gallery-item'>\n\t\t\t<div class='gallery-icon landscape'>\n\t\t\t\t<a data-elementor-open-lightbox=\"yes\" data-elementor-lightbox-slideshow=\"33d15bb\" data-elementor-lightbox-title=\"GP-kompozicija-etiketes\" data-e-action-hash=\"#elementor-action%3Aaction%3Dlightbox%26settings%3DeyJpZCI6Mzc2LCJ1cmwiOiJodHRwczpcL1wvdHJ1c3RwYWNrLmx0XC93cC1jb250ZW50XC91cGxvYWRzXC8yMDI1XC8wNlwvR1Ata29tcG96aWNpamEtZXRpa2V0ZXMuanBnIiwic2xpZGVzaG93IjoiMzNkMTViYiJ9\" href='https:\/\/trustpack.lt\/wp-content\/uploads\/2025\/06\/GP-kompozicija-etiketes.jpg'><img loading=\"lazy\" decoding=\"async\" width=\"768\" height=\"594\" src=\"https:\/\/trustpack.lt\/wp-content\/uploads\/2025\/06\/GP-kompozicija-etiketes-768x594.jpg\" class=\"attachment-medium_large size-medium_large\" alt=\"\" srcset=\"https:\/\/trustpack.lt\/wp-content\/uploads\/2025\/06\/GP-kompozicija-etiketes-768x594.jpg 768w, https:\/\/trustpack.lt\/wp-content\/uploads\/2025\/06\/GP-kompozicija-etiketes-300x232.jpg 300w, https:\/\/trustpack.lt\/wp-content\/uploads\/2025\/06\/GP-kompozicija-etiketes-1024x791.jpg 1024w, https:\/\/trustpack.lt\/wp-content\/uploads\/2025\/06\/GP-kompozicija-etiketes-1536x1187.jpg 1536w, https:\/\/trustpack.lt\/wp-content\/uploads\/2025\/06\/GP-kompozicija-etiketes-2048x1583.jpg 2048w\" sizes=\"auto, (max-width: 768px) 100vw, 768px\" title=\"\"><\/a>\n\t\t\t<\/div><\/figure><figure class='gallery-item'>\n\t\t\t<div class='gallery-icon landscape'>\n\t\t\t\t<a data-elementor-open-lightbox=\"yes\" data-elementor-lightbox-slideshow=\"33d15bb\" data-elementor-lightbox-title=\"GP-kompozicija-gerimai\" data-e-action-hash=\"#elementor-action%3Aaction%3Dlightbox%26settings%3DeyJpZCI6Mzc4LCJ1cmwiOiJodHRwczpcL1wvdHJ1c3RwYWNrLmx0XC93cC1jb250ZW50XC91cGxvYWRzXC8yMDI1XC8wNlwvR1Ata29tcG96aWNpamEtZ2VyaW1haS5qcGciLCJzbGlkZXNob3ciOiIzM2QxNWJiIn0%3D\" href='https:\/\/trustpack.lt\/wp-content\/uploads\/2025\/06\/GP-kompozicija-gerimai.jpg'><img loading=\"lazy\" decoding=\"async\" width=\"768\" height=\"593\" src=\"https:\/\/trustpack.lt\/wp-content\/uploads\/2025\/06\/GP-kompozicija-gerimai-768x593.jpg\" class=\"attachment-medium_large size-medium_large\" alt=\"\" srcset=\"https:\/\/trustpack.lt\/wp-content\/uploads\/2025\/06\/GP-kompozicija-gerimai-768x593.jpg 768w, https:\/\/trustpack.lt\/wp-content\/uploads\/2025\/06\/GP-kompozicija-gerimai-300x232.jpg 300w, https:\/\/trustpack.lt\/wp-content\/uploads\/2025\/06\/GP-kompozicija-gerimai-1024x791.jpg 1024w, https:\/\/trustpack.lt\/wp-content\/uploads\/2025\/06\/GP-kompozicija-gerimai-1536x1186.jpg 1536w, https:\/\/trustpack.lt\/wp-content\/uploads\/2025\/06\/GP-kompozicija-gerimai-2048x1582.jpg 2048w\" sizes=\"auto, (max-width: 768px) 100vw, 768px\" title=\"\"><\/a>\n\t\t\t<\/div><\/figure>\n\t\t<\/div>\n\t\t<\/div>\n\t\t\t\t\t\t<\/div>\n\t\t\t\t<\/div>\n\t\t\t\t<\/div>\n\t\t\t\t\t<\/div>\n\t\t\t\t<\/div>\n\t\t<div class=\"elementor-element elementor-element-d21d878 e-flex e-con-boxed e-con e-parent\" data-id=\"d21d878\" data-element_type=\"container\" data-settings=\"{&quot;background_background&quot;:&quot;classic&quot;}\">\n\t\t\t\t\t<div class=\"e-con-inner\">\n\t\t\t\t<div class=\"elementor-element elementor-element-2c93e5a elementor-widget elementor-widget-heading\" data-id=\"2c93e5a\" data-element_type=\"widget\" data-widget_type=\"heading.default\">\n\t\t\t\t<div class=\"elementor-widget-container\">\n\t\t\t\t\t<h3 class=\"elementor-heading-title elementor-size-default\">Miksi valita meid\u00e4t?<\/h3>\t\t\t\t<\/div>\n\t\t\t\t<\/div>\n\t\t\t\t<div class=\"elementor-element elementor-element-3915ad8 elementor-widget elementor-widget-text-editor\" data-id=\"3915ad8\" data-element_type=\"widget\" data-widget_type=\"text-editor.default\">\n\t\t\t\t<div class=\"elementor-widget-container\">\n\t\t\t\t\t\t\t\t\t<ul><li style=\"font-weight: 400;\" aria-level=\"1\"><b>Kattava apua<\/b><span style=\"font-weight: 400;\"> ensimm\u00e4isen prototyypin lopullinen toimitus, me varmista, ett\u00e4 jokainen vaihe sujuu.<br \/><br \/><\/span><\/li><li style=\"font-weight: 400;\" aria-level=\"1\"><b>Joustavasti tarpeiden mukaan<\/b><span style=\"font-weight: 400;\"> \u2013 mukauttaa ehdot, antaa sinulle mahdollisuuden tallentaa, auttaa j\u00e4rjest\u00e4m\u00e4\u00e4n logistiikka-tai r\u00e4\u00e4t\u00e4l\u00f6ityj\u00e4 pakkaus automaattinen linja.<br \/><br \/><\/span><\/li><li style=\"font-weight: 400;\" aria-level=\"1\"><b>Lis\u00e4arvoa Sinulle<\/b><span> \u2013 meille saat ei vain tuotannon, vaan my\u00f6s kumppani, joka auttaa sinua s\u00e4\u00e4st\u00e4\u00e4 aikaa, optimoimaan kustannuksia ja varmistaa, ett\u00e4 tuote on markkinoilla n\u00e4kyv\u00e4t ilman huolia.<\/span><\/li><\/ul>\t\t\t\t\t\t\t\t<\/div>\n\t\t\t\t<\/div>\n\t\t\t\t\t<\/div>\n\t\t\t\t<\/div>\n\t\t<div class=\"elementor-element elementor-element-ba87933 e-flex e-con-boxed e-con e-parent\" data-id=\"ba87933\" data-element_type=\"container\" data-settings=\"{&quot;background_background&quot;:&quot;classic&quot;}\">\n\t\t\t\t\t<div class=\"e-con-inner\">\n\t\t<div class=\"elementor-element elementor-element-0fb90db e-con-full e-flex e-con e-child\" data-id=\"0fb90db\" data-element_type=\"container\">\n\t\t\t\t<div class=\"elementor-element elementor-element-b4b823f elementor-widget elementor-widget-heading\" data-id=\"b4b823f\" data-element_type=\"widget\" data-widget_type=\"heading.default\">\n\t\t\t\t<div class=\"elementor-widget-container\">\n\t\t\t\t\t<h3 class=\"elementor-heading-title elementor-size-default\">Ota yhteytt\u00e4 huoltoon\n<\/h3>\t\t\t\t<\/div>\n\t\t\t\t<\/div>\n\t\t\t\t<\/div>\n\t\t<div class=\"elementor-element elementor-element-9036aeb e-con-full e-flex e-con e-child\" data-id=\"9036aeb\" data-element_type=\"container\">\n\t\t\t\t<div class=\"elementor-element elementor-element-a6125ab elementor-widget elementor-widget-button\" data-id=\"a6125ab\" data-element_type=\"widget\" data-widget_type=\"button.default\">\n\t\t\t\t<div class=\"elementor-widget-container\">\n\t\t\t\t\t\t\t\t\t<div class=\"elementor-button-wrapper\">\n\t\t\t\t\t<a class=\"elementor-button elementor-button-link elementor-size-sm\" href=\"https:\/\/trustpack.lt\/fi\/yhteystiedot\/\">\n\t\t\t\t\t\t<span class=\"elementor-button-content-wrapper\">\n\t\t\t\t\t\t<span class=\"elementor-button-icon\">\n\t\t\t\t<i aria-hidden=\"true\" class=\"fas fa-long-arrow-alt-right\"><\/i>\t\t\t<\/span>\n\t\t\t\t\t\t\t\t\t<span class=\"elementor-button-text\">Ota yhteytt\u00e4<\/span>\n\t\t\t\t\t<\/span>\n\t\t\t\t\t<\/a>\n\t\t\t\t<\/div>\n\t\t\t\t\t\t\t\t<\/div>\n\t\t\t\t<\/div>\n\t\t\t\t<\/div>\n\t\t\t\t\t<\/div>\n\t\t\t\t<\/div>\n\t\t\t\t<\/div>","protected":false},"excerpt":{"rendered":"<p>Spaudos darbus lydime lankstumu Tod\u0117l si\u016blome papildomas paslaugas, kurios padeda klientams sutaupyti laiko ir u\u017etikrina, kad galutinis produktas b\u016bt\u0173 paruo\u0161tas laiku ir be joki\u0173 r\u016bpes\u010di\u0173. M\u016bs\u0173 tikslas \u2013 pasir\u016bpinti viskuo nuo A iki Z: nuo ambicing\u0173 termin\u0173 \u012fgyvendinimo iki logistikos sprendim\u0173. Tokiu b\u016bdu klientai gauna ne tik auk\u0161\u010diausios kokyb\u0117s spaud\u0105, bet ir aptarnavim\u0105. Susisiekite Termin\u0173 [&hellip;]<\/p>","protected":false},"author":1,"featured_media":0,"parent":0,"menu_order":0,"comment_status":"closed","ping_status":"closed","template":"","meta":{"footnotes":""},"class_list":["post-3257","page","type-page","status-publish","hentry"],"_links":{"self":[{"href":"https:\/\/trustpack.lt\/fi\/wp-json\/wp\/v2\/pages\/3257","targetHints":{"allow":["GET"]}}],"collection":[{"href":"https:\/\/trustpack.lt\/fi\/wp-json\/wp\/v2\/pages"}],"about":[{"href":"https:\/\/trustpack.lt\/fi\/wp-json\/wp\/v2\/types\/page"}],"author":[{"embeddable":true,"href":"https:\/\/trustpack.lt\/fi\/wp-json\/wp\/v2\/users\/1"}],"replies":[{"embeddable":true,"href":"https:\/\/trustpack.lt\/fi\/wp-json\/wp\/v2\/comments?post=3257"}],"version-history":[{"count":0,"href":"https:\/\/trustpack.lt\/fi\/wp-json\/wp\/v2\/pages\/3257\/revisions"}],"wp:attachment":[{"href":"https:\/\/trustpack.lt\/fi\/wp-json\/wp\/v2\/media?parent=3257"}],"curies":[{"name":"wp","href":"https:\/\/api.w.org\/{rel}","templated":true}]}}