{"id":3951,"date":"2026-02-25T17:00:13","date_gmt":"2026-02-25T15:00:13","guid":{"rendered":"https:\/\/trustpack.lt\/?page_id=3951"},"modified":"2026-02-26T15:55:15","modified_gmt":"2026-02-26T13:55:15","slug":"uutiset","status":"publish","type":"page","link":"https:\/\/trustpack.lt\/fi\/uutiset\/","title":{"rendered":"Uutiset"},"content":{"rendered":"<div data-elementor-type=\"wp-page\" data-elementor-id=\"3951\" class=\"elementor elementor-3951\">\n\t\t\t\t<div class=\"elementor-element elementor-element-3e0f08f e-flex e-con-boxed e-con e-parent\" data-id=\"3e0f08f\" data-element_type=\"container\" data-settings=\"{&quot;background_background&quot;:&quot;gradient&quot;}\">\n\t\t\t\t\t<div class=\"e-con-inner\">\n\t\t<div class=\"elementor-element elementor-element-2677945 e-con-full e-flex e-con e-child\" data-id=\"2677945\" data-element_type=\"container\">\n\t\t\t\t<div class=\"elementor-element elementor-element-79633a6 elementor-widget elementor-widget-heading\" data-id=\"79633a6\" data-element_type=\"widget\" data-widget_type=\"heading.default\">\n\t\t\t\t<div class=\"elementor-widget-container\">\n\t\t\t\t\t<h1 class=\"elementor-heading-title elementor-size-default\">Uutiset<\/h1>\t\t\t\t<\/div>\n\t\t\t\t<\/div>\n\t\t\t\t<div class=\"elementor-element elementor-element-dc57f45 elementor-widget-divider--view-line elementor-widget elementor-widget-divider\" data-id=\"dc57f45\" data-element_type=\"widget\" data-widget_type=\"divider.default\">\n\t\t\t\t<div class=\"elementor-widget-container\">\n\t\t\t\t\t\t\t<div class=\"elementor-divider\">\n\t\t\t<span class=\"elementor-divider-separator\">\n\t\t\t\t\t\t<\/span>\n\t\t<\/div>\n\t\t\t\t\t\t<\/div>\n\t\t\t\t<\/div>\n\t\t\t\t<\/div>\n\t\t\t\t\t<\/div>\n\t\t\t\t<\/div>\n\t\t<div class=\"elementor-element elementor-element-2b2456e e-flex e-con-boxed e-con e-parent\" data-id=\"2b2456e\" data-element_type=\"container\">\n\t\t\t\t\t<div class=\"e-con-inner\">\n\t\t\t\t<div class=\"elementor-element elementor-element-c000571 elementor-widget elementor-widget-elementskit-blog-posts\" data-id=\"c000571\" data-element_type=\"widget\" data-widget_type=\"elementskit-blog-posts.default\">\n\t\t\t\t<div class=\"elementor-widget-container\">\n\t\t\t\t\t<div class=\"ekit-wid-con\" >        <div id=\"post-items--c000571\" class=\"row post-items\">\n                    <div class=\"col-md-12\">\n\n                                    <div class=\"elementskit-blog-block-post\">\n                        <div class=\"row no-gutters\">\n                                                            <div class=\"col-md-6 order-1\">\n                                    <a href=\"https:\/\/trustpack.lt\/fi\/pakkausrakenne-liiketoiminnan-tehokkuustyokaluna-kuinka-oikeat-paatokset-saastavat-aikaa-kustannuksia-ja-co_%e2%82%82\/\" class=\"elementskit-entry-thumb\">\n                                        <img decoding=\"async\" src=\"https:\/\/trustpack.lt\/wp-content\/uploads\/2026\/03\/image-7-1024x683.jpeg\" alt=\"Pakkausrakenne liiketoiminnan tehokkuuden ty\u00f6kaluna: Kuinka oikeat p\u00e4\u00e4t\u00f6kset s\u00e4\u00e4st\u00e4v\u00e4t aikaa, kustannuksia ja hiilidioksidip\u00e4\u00e4st\u00f6j\u00e4\" title=\"\">\n                                    <\/a><!-- .elementskit-entry-thumb END -->\n                                <\/div>\n                            \n                            <div class=\"col-md-6 order-2\">\n                                <div class=\"elementskit-post-body\">\n                                    <div class=\"elementskit-entry-header\">\n                                        \t\t\t\t\t\t\t\t\t\t\t\t\t\t\t<h2 class=\"entry-title\">\n\t\t\t\t\t<a href=\"https:\/\/trustpack.lt\/fi\/pakkausrakenne-liiketoiminnan-tehokkuustyokaluna-kuinka-oikeat-paatokset-saastavat-aikaa-kustannuksia-ja-co_%e2%82%82\/\">\n\t\t\t\t\t\tPakkausrakenne liiketoiminnan tehokkuuden ty\u00f6kaluna: Kuinka oikeat p\u00e4\u00e4t\u00f6kset s\u00e4\u00e4st\u00e4v\u00e4t aikaa, kustannuksia ja hiilidioksidip\u00e4\u00e4st\u00f6j\u00e4\t\t\t\t\t<\/a>\n\t\t\t\t<\/h2>\n\t\t\t                                        \n                                                                                                                                        \n                                            \n                                                                                <\/div><!-- .elementskit-entry-header END -->\n\n                                                                            <div class=\"elementskit-post-footer\">\n                                                                                            <p>When companies think about packaging, the focus often goes first to design, price, or sustainability. However, one of the most critical elements \u2014 packaging structural design \u2014 is frequently overlooked. This is understandable, as structure\u2026<\/p>\n                                                                                                                                <\/div><!-- .elementskit-post-footer END -->\n                                                                    <\/div><!-- .elementskit-post-body END -->\n                            <\/div>\n                        <\/div>\n                    <\/div><!-- .elementskit-blog-block-post .radius .gradient-bg END -->\n                \n            <\/div>\n                    <div class=\"col-md-12\">\n\n                                    <div class=\"elementskit-blog-block-post\">\n                        <div class=\"row no-gutters\">\n                                                            <div class=\"col-md-6 order-1\">\n                                    <a href=\"https:\/\/trustpack.lt\/fi\/pakkausten-valmistus-yleiset-virheet-jotka-tulevat-yrityksille-kalliimmaksi-kuin-ne-aavistavatkaan\/\" class=\"elementskit-entry-thumb\">\n                                        <img decoding=\"async\" src=\"https:\/\/trustpack.lt\/wp-content\/uploads\/2026\/03\/image-6-1024x682.jpeg\" alt=\"Pakkausten valmistus: Yleisi\u00e4 virheit\u00e4, jotka maksavat yrityksille enemm\u00e4n kuin ne tajuavat\" title=\"\">\n                                    <\/a><!-- .elementskit-entry-thumb END -->\n                                <\/div>\n                            \n                            <div class=\"col-md-6 order-2\">\n                                <div class=\"elementskit-post-body\">\n                                    <div class=\"elementskit-entry-header\">\n                                        \t\t\t\t\t\t\t\t\t\t\t\t\t\t\t<h2 class=\"entry-title\">\n\t\t\t\t\t<a href=\"https:\/\/trustpack.lt\/fi\/pakkausten-valmistus-yleiset-virheet-jotka-tulevat-yrityksille-kalliimmaksi-kuin-ne-aavistavatkaan\/\">\n\t\t\t\t\t\tPakkausten valmistus: Yleisi\u00e4 virheit\u00e4, jotka maksavat yrityksille enemm\u00e4n kuin ne tajuavat\t\t\t\t\t<\/a>\n\t\t\t\t<\/h2>\n\t\t\t                                        \n                                                                                                                                        \n                                            \n                                                                                <\/div><!-- .elementskit-entry-header END -->\n\n                                                                            <div class=\"elementskit-post-footer\">\n                                                                                            <p>Packaging manufacturing is often evaluated too narrowly. Many businesses focus primarily on unit price or visual design, while overlooking how packaging decisions affect daily operations. As long as the packaging \u201cworks\u201d, potential inefficiencies in production,\u2026<\/p>\n                                                                                                                                <\/div><!-- .elementskit-post-footer END -->\n                                                                    <\/div><!-- .elementskit-post-body END -->\n                            <\/div>\n                        <\/div>\n                    <\/div><!-- .elementskit-blog-block-post .radius .gradient-bg END -->\n                \n            <\/div>\n                    <div class=\"col-md-12\">\n\n                                    <div class=\"elementskit-blog-block-post\">\n                        <div class=\"row no-gutters\">\n                                                            <div class=\"col-md-6 order-1\">\n                                    <a href=\"https:\/\/trustpack.lt\/fi\/kuinka-valita-yrityksellesi-sopiva-pakkausten-valmistaja\/\" class=\"elementskit-entry-thumb\">\n                                        <img decoding=\"async\" src=\"https:\/\/trustpack.lt\/wp-content\/uploads\/2026\/03\/image-4-1024x768.jpeg\" alt=\"Kuinka valita oikea pakkausvalmistaja yrityksellesi\" title=\"\">\n                                    <\/a><!-- .elementskit-entry-thumb END -->\n                                <\/div>\n                            \n                            <div class=\"col-md-6 order-2\">\n                                <div class=\"elementskit-post-body\">\n                                    <div class=\"elementskit-entry-header\">\n                                        \t\t\t\t\t\t\t\t\t\t\t\t\t\t\t<h2 class=\"entry-title\">\n\t\t\t\t\t<a href=\"https:\/\/trustpack.lt\/fi\/kuinka-valita-yrityksellesi-sopiva-pakkausten-valmistaja\/\">\n\t\t\t\t\t\tKuinka valita oikea pakkausvalmistaja yrityksellesi\t\t\t\t\t<\/a>\n\t\t\t\t<\/h2>\n\t\t\t                                        \n                                                                                                                                        \n                                            \n                                                                                <\/div><!-- .elementskit-entry-header END -->\n\n                                                                            <div class=\"elementskit-post-footer\">\n                                                                                            <p>Choosing a packaging partner is a strategic decision that goes far beyond selecting a supplier. The right partner can support efficient operations, consistent quality, and long-term business growth, while the wrong choice can lead to\u2026<\/p>\n                                                                                                                                <\/div><!-- .elementskit-post-footer END -->\n                                                                    <\/div><!-- .elementskit-post-body END -->\n                            <\/div>\n                        <\/div>\n                    <\/div><!-- .elementskit-blog-block-post .radius .gradient-bg END -->\n                \n            <\/div>\n                    <div class=\"col-md-12\">\n\n                                    <div class=\"elementskit-blog-block-post\">\n                        <div class=\"row no-gutters\">\n                                                            <div class=\"col-md-6 order-1\">\n                                    <a href=\"https:\/\/trustpack.lt\/fi\/kuinka-saada-kosmetiikkabrandisi-erottumaan-edukseen-pakkauksen-avulla\/\" class=\"elementskit-entry-thumb\">\n                                        <img decoding=\"async\" src=\"https:\/\/trustpack.lt\/wp-content\/uploads\/2026\/03\/image-1-1024x768.jpeg\" alt=\"Kuinka saada kosmetiikkabr\u00e4ndisi erottumaan pakkauksilla\" title=\"\">\n                                    <\/a><!-- .elementskit-entry-thumb END -->\n                                <\/div>\n                            \n                            <div class=\"col-md-6 order-2\">\n                                <div class=\"elementskit-post-body\">\n                                    <div class=\"elementskit-entry-header\">\n                                        \t\t\t\t\t\t\t\t\t\t\t\t\t\t\t<h2 class=\"entry-title\">\n\t\t\t\t\t<a href=\"https:\/\/trustpack.lt\/fi\/kuinka-saada-kosmetiikkabrandisi-erottumaan-edukseen-pakkauksen-avulla\/\">\n\t\t\t\t\t\tKuinka saada kosmetiikkabr\u00e4ndisi erottumaan pakkauksilla\t\t\t\t\t<\/a>\n\t\t\t\t<\/h2>\n\t\t\t                                        \n                                                                                                                                        \n                                            \n                                                                                <\/div><!-- .elementskit-entry-header END -->\n\n                                                                            <div class=\"elementskit-post-footer\">\n                                                                                            <p>In today\u2019s cosmetics market, standing out has become increasingly difficult. New brands enter the space every day, shelves are crowded with visually similar products, and customers make decisions in seconds. In this environment, packaging is\u2026<\/p>\n                                                                                                                                <\/div><!-- .elementskit-post-footer END -->\n                                                                    <\/div><!-- .elementskit-post-body END -->\n                            <\/div>\n                        <\/div>\n                    <\/div><!-- .elementskit-blog-block-post .radius .gradient-bg END -->\n                \n            <\/div>\n                    <div class=\"col-md-12\">\n\n                                    <div class=\"elementskit-blog-block-post\">\n                        <div class=\"row no-gutters\">\n                                                            <div class=\"col-md-6 order-1\">\n                                    <a href=\"https:\/\/trustpack.lt\/fi\/5-myyttia-kartonkisista-tuotepakkauksista\/\" class=\"elementskit-entry-thumb\">\n                                        <img decoding=\"async\" src=\"https:\/\/trustpack.lt\/wp-content\/uploads\/2026\/02\/image-8-1024x682.jpeg\" alt=\"5 myytti\u00e4 kartonkipakkauksista\" title=\"\">\n                                    <\/a><!-- .elementskit-entry-thumb END -->\n                                <\/div>\n                            \n                            <div class=\"col-md-6 order-2\">\n                                <div class=\"elementskit-post-body\">\n                                    <div class=\"elementskit-entry-header\">\n                                        \t\t\t\t\t\t\t\t\t\t\t\t\t\t\t<h2 class=\"entry-title\">\n\t\t\t\t\t<a href=\"https:\/\/trustpack.lt\/fi\/5-myyttia-kartonkisista-tuotepakkauksista\/\">\n\t\t\t\t\t\t5 myytti\u00e4 kartonkipakkauksista\t\t\t\t\t<\/a>\n\t\t\t\t<\/h2>\n\t\t\t                                        \n                                                                                                                                        \n                                            \n                                                                                <\/div><!-- .elementskit-entry-header END -->\n\n                                                                            <div class=\"elementskit-post-footer\">\n                                                                                            <p>Carton packaging is often still perceived as a basic, low-value solution \u2014 something suitable for shipping or storage, but not for serious product presentation. This assumption leads many businesses to overlook carton packaging when making\u2026<\/p>\n                                                                                                                                <\/div><!-- .elementskit-post-footer END -->\n                                                                    <\/div><!-- .elementskit-post-body END -->\n                            <\/div>\n                        <\/div>\n                    <\/div><!-- .elementskit-blog-block-post .radius .gradient-bg END -->\n                \n            <\/div>\n                    <div class=\"col-md-12\">\n\n                                    <div class=\"elementskit-blog-block-post\">\n                        <div class=\"row no-gutters\">\n                                                            <div class=\"col-md-6 order-1\">\n                                    <a href=\"https:\/\/trustpack.lt\/fi\/juomapakkausratkaisut-mika-on-tarkeinta-valmistajille-ja-brandeille\/\" class=\"elementskit-entry-thumb\">\n                                        <img decoding=\"async\" src=\"https:\/\/trustpack.lt\/wp-content\/uploads\/2026\/03\/unnamed-3-1024x791.jpg\" alt=\"Juomapakkausratkaisut: Mik\u00e4 on t\u00e4rkeint\u00e4 tuottajille ja tuotemerkeille\" title=\"\">\n                                    <\/a><!-- .elementskit-entry-thumb END -->\n                                <\/div>\n                            \n                            <div class=\"col-md-6 order-2\">\n                                <div class=\"elementskit-post-body\">\n                                    <div class=\"elementskit-entry-header\">\n                                        \t\t\t\t\t\t\t\t\t\t\t\t\t\t\t<h2 class=\"entry-title\">\n\t\t\t\t\t<a href=\"https:\/\/trustpack.lt\/fi\/juomapakkausratkaisut-mika-on-tarkeinta-valmistajille-ja-brandeille\/\">\n\t\t\t\t\t\tJuomapakkausratkaisut: Mik\u00e4 on t\u00e4rkeint\u00e4 tuottajille ja tuotemerkeille\t\t\t\t\t<\/a>\n\t\t\t\t<\/h2>\n\t\t\t                                        \n                                                                                                                                        \n                                            \n                                                                                <\/div><!-- .elementskit-entry-header END -->\n\n                                                                            <div class=\"elementskit-post-footer\">\n                                                                                            <p>Beverage packaging plays a critical role in how drinks are protected, transported, and presented to the market. Unlike many other product categories, beverages place higher demands on packaging due to weight, liquid content, and the\u2026<\/p>\n                                                                                                                                <\/div><!-- .elementskit-post-footer END -->\n                                                                    <\/div><!-- .elementskit-post-body END -->\n                            <\/div>\n                        <\/div>\n                    <\/div><!-- .elementskit-blog-block-post .radius .gradient-bg END -->\n                \n            <\/div>\n                    <div class=\"col-md-12\">\n\n                                    <div class=\"elementskit-blog-block-post\">\n                        <div class=\"row no-gutters\">\n                                                            <div class=\"col-md-6 order-1\">\n                                    <a href=\"https:\/\/trustpack.lt\/fi\/pakkaustrendit-suomessa-vuonna-2026-keskeiset-nakemykset-ja-menestysstrategiat\/\" class=\"elementskit-entry-thumb\">\n                                        <img decoding=\"async\" src=\"https:\/\/trustpack.lt\/wp-content\/uploads\/2026\/02\/image-7-1024x768.jpeg\" alt=\"Pakkaustrendit Suomessa vuonna 2026: Keskeiset n\u00e4kemykset ja menestysstrategiat\" title=\"\">\n                                    <\/a><!-- .elementskit-entry-thumb END -->\n                                <\/div>\n                            \n                            <div class=\"col-md-6 order-2\">\n                                <div class=\"elementskit-post-body\">\n                                    <div class=\"elementskit-entry-header\">\n                                        \t\t\t\t\t\t\t\t\t\t\t\t\t\t\t<h2 class=\"entry-title\">\n\t\t\t\t\t<a href=\"https:\/\/trustpack.lt\/fi\/pakkaustrendit-suomessa-vuonna-2026-keskeiset-nakemykset-ja-menestysstrategiat\/\">\n\t\t\t\t\t\tPakkaustrendit Suomessa vuonna 2026: Keskeiset n\u00e4kemykset ja menestysstrategiat\t\t\t\t\t<\/a>\n\t\t\t\t<\/h2>\n\t\t\t                                        \n                                                                                                                                        \n                                            \n                                                                                <\/div><!-- .elementskit-entry-header END -->\n\n                                                                            <div class=\"elementskit-post-footer\">\n                                                                                            <p>The packaging landscape in Finland is evolving at a rapid pace. Once dominated by traditional practices, the market is now influenced by a combination of regulatory change, evolving consumer expectations, and ambitious sustainability targets. These\u2026<\/p>\n                                                                                                                                <\/div><!-- .elementskit-post-footer END -->\n                                                                    <\/div><!-- .elementskit-post-body END -->\n                            <\/div>\n                        <\/div>\n                    <\/div><!-- .elementskit-blog-block-post .radius .gradient-bg END -->\n                \n            <\/div>\n                <\/div>\n       <\/div>\t\t\t\t<\/div>\n\t\t\t\t<\/div>\n\t\t\t\t\t<\/div>\n\t\t\t\t<\/div>\n\t\t\t\t<\/div>","protected":false},"excerpt":{"rendered":"<p>Uutiset Packaging Trends in Finland for 2026: Key Insights and Strategies for Success The packaging landscape in Finland is evolving at a rapid pace. Once dominated by traditional practices, the market is now influenced by a combination of regulatory change, evolving consumer expectations, and ambitious sustainability targets. These&hellip;<\/p>","protected":false},"author":1,"featured_media":0,"parent":0,"menu_order":0,"comment_status":"closed","ping_status":"closed","template":"","meta":{"footnotes":""},"class_list":["post-3951","page","type-page","status-publish","hentry"],"_links":{"self":[{"href":"https:\/\/trustpack.lt\/fi\/wp-json\/wp\/v2\/pages\/3951","targetHints":{"allow":["GET"]}}],"collection":[{"href":"https:\/\/trustpack.lt\/fi\/wp-json\/wp\/v2\/pages"}],"about":[{"href":"https:\/\/trustpack.lt\/fi\/wp-json\/wp\/v2\/types\/page"}],"author":[{"embeddable":true,"href":"https:\/\/trustpack.lt\/fi\/wp-json\/wp\/v2\/users\/1"}],"replies":[{"embeddable":true,"href":"https:\/\/trustpack.lt\/fi\/wp-json\/wp\/v2\/comments?post=3951"}],"version-history":[{"count":4,"href":"https:\/\/trustpack.lt\/fi\/wp-json\/wp\/v2\/pages\/3951\/revisions"}],"predecessor-version":[{"id":3955,"href":"https:\/\/trustpack.lt\/fi\/wp-json\/wp\/v2\/pages\/3951\/revisions\/3955"}],"wp:attachment":[{"href":"https:\/\/trustpack.lt\/fi\/wp-json\/wp\/v2\/media?parent=3951"}],"curies":[{"name":"wp","href":"https:\/\/api.w.org\/{rel}","templated":true}]}}