{"id":953,"date":"2025-06-22T18:56:54","date_gmt":"2025-06-22T18:56:54","guid":{"rendered":"https:\/\/trustpack.lt\/?page_id=953"},"modified":"2025-12-01T09:30:17","modified_gmt":"2025-12-01T07:30:17","slug":"sertifikaatit-ja-laadunhallinta","status":"publish","type":"page","link":"https:\/\/trustpack.lt\/fi\/sertifikaatit-ja-laadunhallinta\/","title":{"rendered":"Todistukset ja laadun hallinta"},"content":{"rendered":"<div data-elementor-type=\"wp-page\" data-elementor-id=\"953\" class=\"elementor elementor-953\">\n\t\t\t\t<div class=\"elementor-element elementor-element-3e0f08f e-flex e-con-boxed e-con e-parent\" data-id=\"3e0f08f\" data-element_type=\"container\">\n\t\t\t\t\t<div class=\"e-con-inner\">\n\t\t<div class=\"elementor-element elementor-element-2677945 e-con-full e-flex e-con e-child\" data-id=\"2677945\" data-element_type=\"container\">\n\t\t\t\t<div class=\"elementor-element elementor-element-79633a6 elementor-widget elementor-widget-heading\" data-id=\"79633a6\" data-element_type=\"widget\" data-widget_type=\"heading.default\">\n\t\t\t\t<div class=\"elementor-widget-container\">\n\t\t\t\t\t<h2 class=\"elementor-heading-title elementor-size-default\">Todistukset ja laadun hallinta\n<\/h2>\t\t\t\t<\/div>\n\t\t\t\t<\/div>\n\t\t\t\t<div class=\"elementor-element elementor-element-dc57f45 elementor-widget-divider--view-line elementor-widget elementor-widget-divider\" data-id=\"dc57f45\" data-element_type=\"widget\" data-widget_type=\"divider.default\">\n\t\t\t\t<div class=\"elementor-widget-container\">\n\t\t\t\t\t\t\t<div class=\"elementor-divider\">\n\t\t\t<span class=\"elementor-divider-separator\">\n\t\t\t\t\t\t<\/span>\n\t\t<\/div>\n\t\t\t\t\t\t<\/div>\n\t\t\t\t<\/div>\n\t\t\t\t<div class=\"elementor-element elementor-element-8f2a5a5 elementor-widget elementor-widget-text-editor\" data-id=\"8f2a5a5\" data-element_type=\"widget\" data-widget_type=\"text-editor.default\">\n\t\t\t\t<div class=\"elementor-widget-container\">\n\t\t\t\t\t\t\t\t\t<p>UAB \"Trustpack' seisomalla yhti\u00f6n prosessien kehitt\u00e4miseen. Yhti\u00f6 asentaa, johtamisj\u00e4rjestelm\u00e4, sis\u00e4iset menettelyt on varmistaa korkea taso jatkuva toimintojen ja prosessien ohjaus valmistetun tuotteen laatu ja luottamuksellisuus. Toimintamme on linjassa kansainv\u00e4listen standardien ja s\u00e4\u00e4d\u00f6sten Tasavallan vaatimuksia, mist\u00e4 on osoituksena Yhti\u00f6 antaa todistuksia.<\/p><p>UAB \"Trustpack, ett\u00e4\" laatuj\u00e4rjestelm\u00e4 sertifioitu ISO 9001-standardin vaatimukset. Laatuj\u00e4rjestelm\u00e4n on sis\u00e4llett\u00e4v\u00e4 Yrityksen politiikat, prosessit, toimintatavat ja menettelyt, joilla varmistetaan asiakkaan vaatimukset ja odotukset, tyytyv\u00e4isyys, ja tarkoituksena on jatkuvasti parantaa Yritys valmistaa tuotteita ja palveluja.<\/p><p>Ymp\u00e4rist\u00f6j\u00e4rjestelm\u00e4 on sertifioitu ISO 14001-standardin vaatimukset. Sopusoinnussa luonnon kanssa, Yhti\u00f6 sitoutuu kiinnitt\u00e4m\u00e4\u00e4n merkitt\u00e4v\u00e4\u00e4 huomiota sen s\u00e4ilytt\u00e4mist\u00e4, jatkuvasti parantaa liiketoiminnan prosesseja, v\u00e4hent\u00e4\u00e4 ymp\u00e4rist\u00f6vaikutuksia, saavuttaa ymp\u00e4rist\u00f6nsuojelun tason jatkuvan parantamisen kaikilla osa-alueilla tuotanto ja s\u00e4\u00e4nn\u00f6llinen tulosten arviointi. Jotta voidaan v\u00e4hent\u00e4\u00e4 ymp\u00e4rist\u00f6vaikutuksia Yhti\u00f6 sitoutuu asentaa huippuluokan tuotannon teknologiat ja luonnonvarojen j\u00e4rkev\u00e4\u00e4 k\u00e4ytt\u00f6\u00e4.<\/p><p>Elintarviketurvallisuuden hallintaj\u00e4rjestelm\u00e4 on sertifioitu FSSC 22000-standardin vaatimukset. Tuotamme paljon pakkaus eri elintarvikkeita. Mukaisesti standardin vaatimukset voimme hallita koko tuotantoprosessin, jatkuvasti harjoittaa kattava elintarviketurvallisuuden hallintaj\u00e4rjestelm\u00e4, riskien analysointia, niiden pit\u00e4isi olla polkumyynnill\u00e4 ja varmistaa turvallinen pakkaus ja pakkausmateriaalit elintarvike-esittely asiakkaille.<\/p><p>UAB \"Trustpack\" on sertifioitu FSC\u00ae (FSC-C121502) kansainv\u00e4lisen Forest stewardship council (iirc). \"Forest Stewardship Council\u00ae\", FSC) chain of custody-sertifiointi standardin FSC-STD-40-004 vaatimukset. Sertifiointi FSC-standardin antaa oikeus k\u00e4ytt\u00e4\u00e4 kansainv\u00e4lisesti tunnustettu br\u00e4ndi, vahvistaa puutavaran j\u00e4ljitett\u00e4vyys ja osoittaa vastuuta ja huolta maailman metsien.<\/p>\t\t\t\t\t\t\t\t<\/div>\n\t\t\t\t<\/div>\n\t\t\t\t<\/div>\n\t\t\t\t\t<\/div>\n\t\t\t\t<\/div>\n\t\t<div class=\"elementor-element elementor-element-5b934a4 e-flex e-con-boxed e-con e-parent\" data-id=\"5b934a4\" data-element_type=\"container\">\n\t\t\t\t\t<div class=\"e-con-inner\">\n\t\t<div class=\"elementor-element elementor-element-af15bd0 e-con-full e-flex e-con e-child\" data-id=\"af15bd0\" data-element_type=\"container\" data-settings=\"{&quot;background_background&quot;:&quot;classic&quot;}\">\n\t\t\t\t<div class=\"elementor-element elementor-element-8cdb22d elementor-widget elementor-widget-image\" data-id=\"8cdb22d\" data-element_type=\"widget\" data-widget_type=\"image.default\">\n\t\t\t\t<div class=\"elementor-widget-container\">\n\t\t\t\t\t\t\t\t\t\t\t\t\t\t\t\t<a href=\"https:\/\/trustpack.lt\/wp-content\/uploads\/2025\/12\/FSSC-22000_en.pdf\" target=\"_blank\">\n\t\t\t\t\t\t\t<img loading=\"lazy\" decoding=\"async\" width=\"595\" height=\"841\" src=\"https:\/\/trustpack.lt\/wp-content\/uploads\/2026\/02\/En1.png\" class=\"attachment-large size-large wp-image-956\" alt=\"\" srcset=\"https:\/\/trustpack.lt\/wp-content\/uploads\/2026\/02\/En1.png 780w, https:\/\/trustpack.lt\/wp-content\/uploads\/2026\/02\/En1-210x300.png 210w, https:\/\/trustpack.lt\/wp-content\/uploads\/2026\/02\/En1-718x1024.png 718w, https:\/\/trustpack.lt\/wp-content\/uploads\/2026\/02\/En1-768x1095.png 768w, https:\/\/trustpack.lt\/wp-content\/uploads\/2026\/02\/En1-8x12.png 8w\" sizes=\"auto, (max-width: 595px) 100vw, 595px\" title=\"\">\t\t\t\t\t\t\t\t<\/a>\n\t\t\t\t\t\t\t\t\t\t\t\t\t\t\t<\/div>\n\t\t\t\t<\/div>\n\t\t\t\t<\/div>\n\t\t<div class=\"elementor-element elementor-element-510c5b3 e-con-full e-flex e-con e-child\" data-id=\"510c5b3\" data-element_type=\"container\" data-settings=\"{&quot;background_background&quot;:&quot;classic&quot;}\">\n\t\t\t\t<div class=\"elementor-element elementor-element-fb549e9 elementor-widget elementor-widget-image\" data-id=\"fb549e9\" data-element_type=\"widget\" data-widget_type=\"image.default\">\n\t\t\t\t<div class=\"elementor-widget-container\">\n\t\t\t\t\t\t\t\t\t\t\t\t\t\t\t\t<a href=\"https:\/\/trustpack.lt\/wp-content\/uploads\/2025\/12\/Trustpack-UAB-FSC-COC-Certificate-12.3.2025.pdf\" target=\"_blank\">\n\t\t\t\t\t\t\t<img loading=\"lazy\" decoding=\"async\" width=\"595\" height=\"841\" src=\"https:\/\/trustpack.lt\/wp-content\/uploads\/2025\/06\/en_green_c.jpg\" class=\"attachment-large size-large wp-image-955\" alt=\"\" srcset=\"https:\/\/trustpack.lt\/wp-content\/uploads\/2025\/06\/en_green_c.jpg 595w, https:\/\/trustpack.lt\/wp-content\/uploads\/2025\/06\/en_green_c-212x300.jpg 212w\" sizes=\"auto, (max-width: 595px) 100vw, 595px\" title=\"\">\t\t\t\t\t\t\t\t<\/a>\n\t\t\t\t\t\t\t\t\t\t\t\t\t\t\t<\/div>\n\t\t\t\t<\/div>\n\t\t\t\t<\/div>\n\t\t<div class=\"elementor-element elementor-element-9690d60 e-con-full e-flex e-con e-child\" data-id=\"9690d60\" data-element_type=\"container\" data-settings=\"{&quot;background_background&quot;:&quot;classic&quot;}\">\n\t\t\t\t<div class=\"elementor-element elementor-element-c273489 elementor-widget elementor-widget-image\" data-id=\"c273489\" data-element_type=\"widget\" data-widget_type=\"image.default\">\n\t\t\t\t<div class=\"elementor-widget-container\">\n\t\t\t\t\t\t\t\t\t\t\t\t\t\t\t\t<a href=\"https:\/\/trustpack.lt\/wp-content\/uploads\/2025\/12\/3DGWE02025104Zert_en.pdf\" target=\"_blank\">\n\t\t\t\t\t\t\t<img loading=\"lazy\" decoding=\"async\" width=\"722\" height=\"1024\" src=\"https:\/\/trustpack.lt\/wp-content\/uploads\/2026\/02\/en2.png\" class=\"attachment-large size-large wp-image-3649\" alt=\"\" srcset=\"https:\/\/trustpack.lt\/wp-content\/uploads\/2026\/02\/en2.png 836w, https:\/\/trustpack.lt\/wp-content\/uploads\/2026\/02\/en2-211x300.png 211w, https:\/\/trustpack.lt\/wp-content\/uploads\/2026\/02\/en2-721x1024.png 721w, https:\/\/trustpack.lt\/wp-content\/uploads\/2026\/02\/en2-768x1090.png 768w, https:\/\/trustpack.lt\/wp-content\/uploads\/2026\/02\/en2-8x12.png 8w\" sizes=\"auto, (max-width: 722px) 100vw, 722px\" title=\"\">\t\t\t\t\t\t\t\t<\/a>\n\t\t\t\t\t\t\t\t\t\t\t\t\t\t\t<\/div>\n\t\t\t\t<\/div>\n\t\t\t\t<\/div>\n\t\t<div class=\"elementor-element elementor-element-9416b41 e-con-full e-flex e-con e-child\" data-id=\"9416b41\" data-element_type=\"container\" data-settings=\"{&quot;background_background&quot;:&quot;classic&quot;}\">\n\t\t\t\t<div class=\"elementor-element elementor-element-47b060c elementor-widget elementor-widget-image\" data-id=\"47b060c\" data-element_type=\"widget\" data-widget_type=\"image.default\">\n\t\t\t\t<div class=\"elementor-widget-container\">\n\t\t\t\t\t\t\t\t\t\t\t\t\t\t\t\t<a href=\"https:\/\/trustpack.lt\/wp-content\/uploads\/2025\/12\/3DGWE02025100Zert_en.pdf\" target=\"_blank\">\n\t\t\t\t\t\t\t<img loading=\"lazy\" decoding=\"async\" width=\"722\" height=\"1024\" src=\"https:\/\/trustpack.lt\/wp-content\/uploads\/2026\/02\/en3.png\" class=\"attachment-large size-large wp-image-3650\" alt=\"\" srcset=\"https:\/\/trustpack.lt\/wp-content\/uploads\/2026\/02\/en3.png 864w, https:\/\/trustpack.lt\/wp-content\/uploads\/2026\/02\/en3-212x300.png 212w, https:\/\/trustpack.lt\/wp-content\/uploads\/2026\/02\/en3-725x1024.png 725w, https:\/\/trustpack.lt\/wp-content\/uploads\/2026\/02\/en3-768x1084.png 768w, https:\/\/trustpack.lt\/wp-content\/uploads\/2026\/02\/en3-8x12.png 8w\" sizes=\"auto, (max-width: 722px) 100vw, 722px\" title=\"\">\t\t\t\t\t\t\t\t<\/a>\n\t\t\t\t\t\t\t\t\t\t\t\t\t\t\t<\/div>\n\t\t\t\t<\/div>\n\t\t\t\t<\/div>\n\t\t\t\t\t<\/div>\n\t\t\t\t<\/div>\n\t\t\t\t<\/div>","protected":false},"excerpt":{"rendered":"<p>Sertifikatai ir kokyb\u0117s valdymas UAB \u201eTrustpack\u201c skiria nuolatin\u012f d\u0117mes\u012f vis\u0173 \u012fmon\u0117je vykstan\u010di\u0173 proces\u0173 gerinimui. \u012emon\u0117je \u012fdiegtos vadybos sistemos, vidaus tvarkos u\u017etikrina auk\u0161t\u0105 vykdom\u0173 veikl\u0173 ir proces\u0173 kontrol\u0119, gaminam\u0173 produkt\u0173 kokyb\u0119 ir konfidencialum\u0105. M\u016bs\u0173 veikla atitinka tarptautini\u0173 standart\u0173 bei Lietuvos Respublikos teis\u0117s akt\u0173 reikalavimus, k\u0105 \u012frodo \u012emonei i\u0161duoti sertifikatai. UAB \u201eTrustpack\u201c kokyb\u0117s vadybos sistema sertifikuota pagal [&hellip;]<\/p>","protected":false},"author":1,"featured_media":0,"parent":0,"menu_order":0,"comment_status":"closed","ping_status":"closed","template":"","meta":{"footnotes":""},"class_list":["post-953","page","type-page","status-publish","hentry"],"_links":{"self":[{"href":"https:\/\/trustpack.lt\/fi\/wp-json\/wp\/v2\/pages\/953","targetHints":{"allow":["GET"]}}],"collection":[{"href":"https:\/\/trustpack.lt\/fi\/wp-json\/wp\/v2\/pages"}],"about":[{"href":"https:\/\/trustpack.lt\/fi\/wp-json\/wp\/v2\/types\/page"}],"author":[{"embeddable":true,"href":"https:\/\/trustpack.lt\/fi\/wp-json\/wp\/v2\/users\/1"}],"replies":[{"embeddable":true,"href":"https:\/\/trustpack.lt\/fi\/wp-json\/wp\/v2\/comments?post=953"}],"version-history":[{"count":0,"href":"https:\/\/trustpack.lt\/fi\/wp-json\/wp\/v2\/pages\/953\/revisions"}],"wp:attachment":[{"href":"https:\/\/trustpack.lt\/fi\/wp-json\/wp\/v2\/media?parent=953"}],"curies":[{"name":"wp","href":"https:\/\/api.w.org\/{rel}","templated":true}]}}