{"id":1247,"date":"2025-06-23T00:22:23","date_gmt":"2025-06-23T00:22:23","guid":{"rendered":"https:\/\/trustpack.lt\/?page_id=1247"},"modified":"2025-06-23T00:23:06","modified_gmt":"2025-06-23T00:23:06","slug":"reikalavimai-spaudos-failui","status":"publish","type":"page","link":"https:\/\/trustpack.lt\/lt\/reikalavimai-spaudos-failui\/","title":{"rendered":"Reikalavimai spaudos failui"},"content":{"rendered":"\t\t<div data-elementor-type=\"wp-page\" data-elementor-id=\"1247\" class=\"elementor elementor-1247\">\n\t\t\t\t<div class=\"elementor-element elementor-element-3e0f08f e-flex e-con-boxed e-con e-parent\" data-id=\"3e0f08f\" data-element_type=\"container\">\n\t\t\t\t\t<div class=\"e-con-inner\">\n\t\t<div class=\"elementor-element elementor-element-2677945 e-con-full e-flex e-con e-child\" data-id=\"2677945\" data-element_type=\"container\">\n\t\t\t\t<div class=\"elementor-element elementor-element-79633a6 elementor-widget elementor-widget-heading\" data-id=\"79633a6\" data-element_type=\"widget\" data-widget_type=\"heading.default\">\n\t\t\t\t<div class=\"elementor-widget-container\">\n\t\t\t\t\t<h2 class=\"elementor-heading-title elementor-size-default\">Reikalavimai spaudos failui\n<\/h2>\t\t\t\t<\/div>\n\t\t\t\t<\/div>\n\t\t\t\t<div class=\"elementor-element elementor-element-dc57f45 elementor-widget-divider--view-line elementor-widget elementor-widget-divider\" data-id=\"dc57f45\" data-element_type=\"widget\" data-widget_type=\"divider.default\">\n\t\t\t\t<div class=\"elementor-widget-container\">\n\t\t\t\t\t\t\t<div class=\"elementor-divider\">\n\t\t\t<span class=\"elementor-divider-separator\">\n\t\t\t\t\t\t<\/span>\n\t\t<\/div>\n\t\t\t\t\t\t<\/div>\n\t\t\t\t<\/div>\n\t\t\t\t<div class=\"elementor-element elementor-element-8f2a5a5 elementor-widget elementor-widget-text-editor\" data-id=\"8f2a5a5\" data-element_type=\"widget\" data-widget_type=\"text-editor.default\">\n\t\t\t\t<div class=\"elementor-widget-container\">\n\t\t\t\t\t\t\t\t\t<p>Tam, kad kliento sumanyta id\u0117ja virst\u0173 realiu gaminiu, tenka nueiti ilg\u0105 keli\u0105 \u2013 nuo dizaino paruo\u0161imo iki produkto realizavimo.<\/p><p>Pirmoji, itin atsakinga veikla \u2013 repro (ikispaustuviniai) darbai, kai klient\u0173 grafinio dizaino maketai paruo\u0161iami gamybai: parenkamos tinkamos med\u017eiagos ir technologijos.<\/p><h3>Atmintin\u0117 ruo\u0161iantiems spaudai:<\/h3><p><strong>Byl\u0173 formatas<\/strong>: PDF (Adobe PDF Preset: Illustrator Default), AI, EPS, CDR. Tekstai turi b\u016bti paversti kreiv\u0117mis. Importuota grafika \u012ftraukta \u012f publikacij\u0105 arba pateikiama atskirai.<\/p><p><strong>Bukletai, bro\u0161i\u016bros, lankstukai<\/strong>. Pateikimas PDF\/X-3, dydis 1:1, u\u017eleidimai u\u017e lapo rib\u0173 (2 mm).<\/p><p><strong>Pakuot\u0117s<\/strong>: PDF (PDF tik Adobe Illustrator, i\u0161saugant j\u012f su opcij\u0173 rinkiniu \u201eIllustrator default\u201c), AI, EPS, CDR. Konstrukcinis maketas (de\u017eut\u0117, \u012fmaut\u0117 ir pana\u0161aus pob\u016bd\u017eio darbai, kuri\u0173 gamybos procese bus atliekamas bigavimas, kirtimas, konstrukcijos klijavimas ir t. t.) negali b\u016bti pateikiamas leidybai skirtose programose, tokiose kaip Adobe Indesign ar QuarkXpress arba i\u0161 j\u0173 i\u0161eksportuotuose PDF ar EPS formatuose. Atskiruose sluoksniuose nurodoma \u2013 kirtimo peilis, lakavimo vietos, kongrevas, folija. \u0160ie objektai turi b\u016bti nuspalvinti atskira (spot) spalva (pageidautina, kad spalvos pavadinimas atspind\u0117t\u0173 atitinkam\u0105 operacij\u0105, pvz., \u201ekirtimas\u201c, \u201ekongrevas\u201c, \u201eaukso folija\u201c ir t. t.). Kirtimo peilis naudojamas tik galutinis, pateiktas m\u016bs\u0173 \u012fmon\u0117s konstruktoriaus. Dydis 1:1. U\u017eleidimai 2 mm.<\/p><p><strong>Etiket\u0117s<\/strong>. Pateikimas toks pat kaip pakuot\u0117s.<br \/>Jei etiket\u0117 arba pakuot\u0117 ruo\u0161iama metalizuotam popieriui, b\u016btina nurodyti balto \u201epado\u201c (grunto) vietas. \u201ePadas\u201c \u012fskai\u010duojamas \u012f spalv\u0173 skai\u010di\u0173.<\/p><p><strong>Grafikos kokyb\u0117<\/strong>: importuotos \u012f maket\u0105 rastrin\u0117s grafikos (CMYK, \u201eGrayscale\u201c) rezoliucija turi b\u016bti ne ma\u017eesn\u0117 nei 300 DPI, \u201eBitmap\u201c \u2013 apie 1200 DPI.<\/p><p><strong>Spalv\u0173 korekcijos profilis<\/strong>: \u201eFogra39\u201c. Bendras da\u017e\u0173 padengimas negali vir\u0161yti 260 proc. ofsetiniam popieriui (Uncoated) arba 350 proc. kreidiniam popieriui (Coated).<\/p><p><strong>Ta\u0161ko i\u0161sipl\u0117timas<\/strong>\u00a0(Dot Gain): 20 proc. ofsetiniam popieriui (Uncoated) arba 9 proc. kreidiniam popieriui (Coated).<\/p><p><strong>Naudingi patarimai Jums.<\/strong><\/p><ul><li>Smulk\u016bs objektai ar tekstai, nuda\u017eyti juoda spalva (0C 0M 0Y 100B) turi tur\u0117ti aktyv\u0173 atribut\u0105 \u201eoverprint\u201c (arba \u201emultiple\u201c).<\/li><li>Jei gaminys bus sta\u010diakampio ar kvadrato formos, maketo i\u0161matavimai (Page setup) turi atitikti apipjaut\u0105 format\u0105. U\u017elaidos (bleed) apipjovimui turi b\u016bti ne ma\u017eesnes kaip 2 mm.<\/li><li>Kartotiniams maketams pra\u0161ytume nurodyti padarytus pakeitimus, kad nereik\u0117t\u0173 perdarin\u0117ti viso maketo (jei pakeitimai yra neradikal\u016bs).<\/li><li>Nuolatiniams klientams ir pasikartojantiems produktams reik\u0117t\u0173 sudaryti sutartin\u0119 identifikavimo sistem\u0105, kurioje atsispind\u0117t\u0173 produkto kodas ir maketo versijos numeris.<\/li><li>Maketo versijos numeris kei\u010diamas kiekvieno pataisymo metu. Pageidautina, kad visus pataisymus atlikt\u0173 dizaino agent\u016bra, pateikianti maketus. Taip i\u0161vengtume rizikos, kad \u012f gamyb\u0105 pateks negalutin\u0117s versijos maketas.<\/li><li>Visada esame atviri diskusijoms ir pasi\u016blymams, kurie stiprina bendradarbiavimo pamatus ir efektyviai daro \u012ftak\u0105 bendro darbo rezultatams.<\/li><\/ul><p>UAB \u201eTrustpack\u201c Repro padalinio kolektyvas<\/p>\t\t\t\t\t\t\t\t<\/div>\n\t\t\t\t<\/div>\n\t\t\t\t<\/div>\n\t\t\t\t\t<\/div>\n\t\t\t\t<\/div>\n\t\t\t\t<\/div>\n\t\t","protected":false},"excerpt":{"rendered":"<p>Reikalavimai spaudos failui Tam, kad kliento sumanyta id\u0117ja virst\u0173 realiu gaminiu, tenka nueiti ilg\u0105 keli\u0105 \u2013 nuo dizaino paruo\u0161imo iki produkto realizavimo. Pirmoji, itin atsakinga veikla \u2013 repro (ikispaustuviniai) darbai, kai klient\u0173 grafinio dizaino maketai paruo\u0161iami gamybai: parenkamos tinkamos med\u017eiagos ir technologijos. Atmintin\u0117 ruo\u0161iantiems spaudai: Byl\u0173 formatas: PDF (Adobe PDF Preset: Illustrator Default), AI, EPS, [&hellip;]<\/p>\n","protected":false},"author":1,"featured_media":0,"parent":0,"menu_order":0,"comment_status":"closed","ping_status":"closed","template":"","meta":{"footnotes":""},"class_list":["post-1247","page","type-page","status-publish","hentry"],"_links":{"self":[{"href":"https:\/\/trustpack.lt\/lt\/wp-json\/wp\/v2\/pages\/1247","targetHints":{"allow":["GET"]}}],"collection":[{"href":"https:\/\/trustpack.lt\/lt\/wp-json\/wp\/v2\/pages"}],"about":[{"href":"https:\/\/trustpack.lt\/lt\/wp-json\/wp\/v2\/types\/page"}],"author":[{"embeddable":true,"href":"https:\/\/trustpack.lt\/lt\/wp-json\/wp\/v2\/users\/1"}],"replies":[{"embeddable":true,"href":"https:\/\/trustpack.lt\/lt\/wp-json\/wp\/v2\/comments?post=1247"}],"version-history":[{"count":0,"href":"https:\/\/trustpack.lt\/lt\/wp-json\/wp\/v2\/pages\/1247\/revisions"}],"wp:attachment":[{"href":"https:\/\/trustpack.lt\/lt\/wp-json\/wp\/v2\/media?parent=1247"}],"curies":[{"name":"wp","href":"https:\/\/api.w.org\/{rel}","templated":true}]}}