{"id":1268,"date":"2025-06-23T00:29:49","date_gmt":"2025-06-23T00:29:49","guid":{"rendered":"https:\/\/trustpack.lt\/?page_id=1268"},"modified":"2025-07-07T05:23:59","modified_gmt":"2025-07-07T05:23:59","slug":"karjera","status":"publish","type":"page","link":"https:\/\/trustpack.lt\/lt\/karjera\/","title":{"rendered":"Karjera"},"content":{"rendered":"\t\t<div data-elementor-type=\"wp-page\" data-elementor-id=\"1268\" class=\"elementor elementor-1268\">\n\t\t\t\t<div class=\"elementor-element elementor-element-3e0f08f e-flex e-con-boxed e-con e-parent\" data-id=\"3e0f08f\" data-element_type=\"container\">\n\t\t\t\t\t<div class=\"e-con-inner\">\n\t\t<div class=\"elementor-element elementor-element-2677945 e-con-full e-flex e-con e-child\" data-id=\"2677945\" data-element_type=\"container\">\n\t\t\t\t<div class=\"elementor-element elementor-element-79633a6 elementor-widget elementor-widget-heading\" data-id=\"79633a6\" data-element_type=\"widget\" data-widget_type=\"heading.default\">\n\t\t\t\t<div class=\"elementor-widget-container\">\n\t\t\t\t\t<h2 class=\"elementor-heading-title elementor-size-default\">Karjera<\/h2>\t\t\t\t<\/div>\n\t\t\t\t<\/div>\n\t\t\t\t<div class=\"elementor-element elementor-element-dc57f45 elementor-widget-divider--view-line elementor-widget elementor-widget-divider\" data-id=\"dc57f45\" data-element_type=\"widget\" data-widget_type=\"divider.default\">\n\t\t\t\t<div class=\"elementor-widget-container\">\n\t\t\t\t\t\t\t<div class=\"elementor-divider\">\n\t\t\t<span class=\"elementor-divider-separator\">\n\t\t\t\t\t\t<\/span>\n\t\t<\/div>\n\t\t\t\t\t\t<\/div>\n\t\t\t\t<\/div>\n\t\t\t\t<div class=\"elementor-element elementor-element-8f2a5a5 elementor-widget elementor-widget-text-editor\" data-id=\"8f2a5a5\" data-element_type=\"widget\" data-widget_type=\"text-editor.default\">\n\t\t\t\t<div class=\"elementor-widget-container\">\n\t\t\t\t\t\t\t\t\t<p>Domiesi naujausiomis spaudos technologijomis? Nori dirbti modernioje \u012fmon\u0117je ir \u012fgyvendinti savo svajon\u0119\u00a0\u2013 kasdien savo pozityviu darbu prisid\u0117ti prie \u012fvairi\u0173 gamini\u0173 k\u016brimo?<\/p><p>Tuomet prisijunk prie m\u016bs\u0173 komandos!<br \/>Savo CV si\u0173sk adresu\u00a0<span style=\"color: #1b2d59;\"><a style=\"color: #1b2d59;\" href=\"mailto:info@trustpack.lt\">info@trustpack.lt<\/a><\/span><\/p>\t\t\t\t\t\t\t\t<\/div>\n\t\t\t\t<\/div>\n\t\t\t\t<\/div>\n\t\t\t\t\t<\/div>\n\t\t\t\t<\/div>\n\t\t\t\t<\/div>\n\t\t","protected":false},"excerpt":{"rendered":"<p>Karjera Domiesi naujausiomis spaudos technologijomis? Nori dirbti modernioje \u012fmon\u0117je ir \u012fgyvendinti savo svajon\u0119\u00a0\u2013 kasdien savo pozityviu darbu prisid\u0117ti prie \u012fvairi\u0173 gamini\u0173 k\u016brimo? Tuomet prisijunk prie m\u016bs\u0173 komandos!Savo CV si\u0173sk adresu\u00a0info@trustpack.lt<\/p>\n","protected":false},"author":1,"featured_media":0,"parent":0,"menu_order":0,"comment_status":"closed","ping_status":"closed","template":"","meta":{"footnotes":""},"class_list":["post-1268","page","type-page","status-publish","hentry"],"_links":{"self":[{"href":"https:\/\/trustpack.lt\/lt\/wp-json\/wp\/v2\/pages\/1268","targetHints":{"allow":["GET"]}}],"collection":[{"href":"https:\/\/trustpack.lt\/lt\/wp-json\/wp\/v2\/pages"}],"about":[{"href":"https:\/\/trustpack.lt\/lt\/wp-json\/wp\/v2\/types\/page"}],"author":[{"embeddable":true,"href":"https:\/\/trustpack.lt\/lt\/wp-json\/wp\/v2\/users\/1"}],"replies":[{"embeddable":true,"href":"https:\/\/trustpack.lt\/lt\/wp-json\/wp\/v2\/comments?post=1268"}],"version-history":[{"count":0,"href":"https:\/\/trustpack.lt\/lt\/wp-json\/wp\/v2\/pages\/1268\/revisions"}],"wp:attachment":[{"href":"https:\/\/trustpack.lt\/lt\/wp-json\/wp\/v2\/media?parent=1268"}],"curies":[{"name":"wp","href":"https:\/\/api.w.org\/{rel}","templated":true}]}}