{"id":1277,"date":"2025-06-23T00:31:50","date_gmt":"2025-06-23T00:31:50","guid":{"rendered":"https:\/\/trustpack.lt\/?page_id=1277"},"modified":"2026-02-13T12:01:25","modified_gmt":"2026-02-13T10:01:25","slug":"privatumo-politika","status":"publish","type":"page","link":"https:\/\/trustpack.lt\/lt\/privatumo-politika\/","title":{"rendered":"Privatumo politika"},"content":{"rendered":"\t\t<div data-elementor-type=\"wp-page\" data-elementor-id=\"1277\" class=\"elementor elementor-1277\">\n\t\t\t\t<div class=\"elementor-element elementor-element-3e0f08f e-flex e-con-boxed e-con e-parent\" data-id=\"3e0f08f\" data-element_type=\"container\">\n\t\t\t\t\t<div class=\"e-con-inner\">\n\t\t<div class=\"elementor-element elementor-element-2677945 e-con-full e-flex e-con e-child\" data-id=\"2677945\" data-element_type=\"container\">\n\t\t\t\t<div class=\"elementor-element elementor-element-79633a6 elementor-widget elementor-widget-heading\" data-id=\"79633a6\" data-element_type=\"widget\" data-widget_type=\"heading.default\">\n\t\t\t\t<div class=\"elementor-widget-container\">\n\t\t\t\t\t<h2 class=\"elementor-heading-title elementor-size-default\">Privatumo politika<\/h2>\t\t\t\t<\/div>\n\t\t\t\t<\/div>\n\t\t\t\t<div class=\"elementor-element elementor-element-dc57f45 elementor-widget-divider--view-line elementor-widget elementor-widget-divider\" data-id=\"dc57f45\" data-element_type=\"widget\" data-widget_type=\"divider.default\">\n\t\t\t\t<div class=\"elementor-widget-container\">\n\t\t\t\t\t\t\t<div class=\"elementor-divider\">\n\t\t\t<span class=\"elementor-divider-separator\">\n\t\t\t\t\t\t<\/span>\n\t\t<\/div>\n\t\t\t\t\t\t<\/div>\n\t\t\t\t<\/div>\n\t\t\t\t<div class=\"elementor-element elementor-element-8f2a5a5 elementor-widget elementor-widget-text-editor\" data-id=\"8f2a5a5\" data-element_type=\"widget\" data-widget_type=\"text-editor.default\">\n\t\t\t\t<div class=\"elementor-widget-container\">\n\t\t\t\t\t\t\t\t\t<p>\u0160i Privatumo politika yra skirta asmenims, kurie naudojasi UAB &#8222;Trustpack&#8221; (toliau vadinama Bendrov\u0117 arba mes) teikiamomis paslaugomis ir lankosi Bendrov\u0117s internetin\u0117je svetain\u0117je www.trustpack.lt (toliau vadinama Svetain\u0117).<\/p><p>Naudodamiesi Svetaine, pateikdami savo duomenis, pildydami u\u017eklausos form\u0105, si\u0173sdami ar kitu b\u016bdu pateikdami savo gyvenimo apra\u0161ym\u0105 (CV), t\u0119sdami nar\u0161ym\u0105 Svetain\u0117je, J\u016bs patvirtinate, kad susipa\u017einote su \u0161ia Privatumo politika ir neprie\u0161taraujate jos nuostatoms, taip pat sutinkate, kad Bendrov\u0117 rinkt\u0173 apie Jus duomenis, kuriuos Bendrov\u0117 gauna, kai nar\u0161ote Svetain\u0117je, kai u\u017epildote u\u017eklausos form\u0105, atsiun\u010diate CV ar kitokiu b\u016bdu kreipiat\u0117s \u012f Bendrov\u0119.<\/p><p>\u0160ia Privatumo politika mes nesiekiame su Jumis susitarti d\u0117l to, kaip bus tvarkomi J\u016bs\u0173 duomenys. Mes informuojame, kokia informacija apie Jus renkame, kai lankot\u0117s Svetain\u0117je, kam \u0161i\u0105 informacij\u0105 perduodame ir kaip galime ja disponuoti.<\/p><p>Jeigu nesutinkate, kad Bendrov\u0117 rinkt\u0173 apie Jus duomenis, pra\u0161ome neteikti mums savo asmens duomen\u0173 ir\/ ar nenar\u0161yti Svetain\u0117je.<\/p><h5><strong>1. S\u0105vokos, kurias naudojame \u0161ioje Privatumo politikoje<\/strong><\/h5><p><em>Asmens duomenys<\/em>\u00a0&#8211; bet kokia informacija apie fizin\u012f asmen\u012f, kurio tapatyb\u0117 nustatyta arba kurio tapatyb\u0119 galima nustatyti (J\u016bs); fizinis asmuo, kurio tapatyb\u0119 galima nustatyti, yra asmuo, kurio tapatyb\u0119 tiesiogiai arba netiesiogiai galima nustatyti, vis\u0173 pirma pagal identifikatori\u0173, kaip antai vard\u0105 ir pavard\u0119, buvimo vietos duomenis ir interneto identifikatori\u0173 arba pagal vien\u0105 ar kelis to fizinio asmens fizin\u0117s, fiziologin\u0117s, genetin\u0117s, psichin\u0117s, ekonomin\u0117s, kult\u016brin\u0117s ar socialin\u0117s tapatyb\u0117s po\u017eymius.<\/p><p><em>Duomen\u0173 subjektas<\/em>\u00a0&#8211; fizinis asmuo (J\u016bs), kuris naudojat\u0117s paslaugomis arba esate juridinio asmens atstovas, arba asmuo, kuris nar\u0161ote Svetain\u0117je.<\/p><p><em>Duomen\u0173 valdytojas<\/em>\u00a0&#8211; Bendrov\u0117 UAB &#8222;Trustpack&#8221;, kuri nustato duomen\u0173 rinkimo pagrind\u0105, tvarkymo tikslus bei priemones.Svetain\u0117 &#8211; Bendrov\u0117s internetin\u0117 svetain\u0117\u00a0<a href=\"http:\/\/www.trustpack.lt\/\">www.trustpack.lt<\/a>.<\/p><p><em>Slapukas (angl. cookie)<\/em>\u00a0&#8211; ma\u017eas da\u017eniausiai naudojamas tekstinis failas, turintis unikal\u0173 identifikacijos numer\u012f, kuris yra siun\u010diamas \u012f kiekvieno Duomen\u0173 subjekto \u012frengin\u012f, kuriuo jis jungiasi ar nar\u0161o Svetain\u0117je. Slapukai \u012fra\u0161omi \u012f Duomen\u0173 subjekto \u012frengin\u012f tik jam davus sutikim\u0105. Jie leid\u017eia steb\u0117ti Duomen\u0173 subjekto veiksmus Svetain\u0117je, rinkti apie j\u012f duomenis tam, kad b\u016bt\u0173 galima u\u017etikrinti skland\u0173 Svetain\u0117s funkcionavim\u0105, steb\u0117ti statistin\u0119 informacij\u0105, teikti specializuotus pasi\u016blymus.<\/p><p><em>Tiesiogin\u0117 rinkodara<\/em>\u00a0&#8211; veikla, kai Duomen\u0173 subjektui teikiama informacija, specializuoti pasi\u016blymai telefonu, el. pa\u0161tu ar bet kokiu kitu b\u016bdu, siekiant pasi\u016blyti ir\/ ar pristatyti Bendrov\u0117s prekes \/ paslaugas, pasiteirauti nuomon\u0117s ar sulaukti kitokio atgalinio atsako.<\/p><p><em>Duomen\u0173 apsaugos \u012fstatymai<\/em>\u00a0\u2013 2016 m. baland\u017eio 27 d. Europos Parlamento ir Tarybos reglamentas (ES) 2016\/679 d\u0117l fizini\u0173 asmen\u0173 apsaugos tvarkant asmens duomenis ir d\u0117l laisvo toki\u0173 duomen\u0173 jud\u0117jimo ir kuriuo panaikinama Direktyva 95\/46\/EB (Bendrasis duomen\u0173 apsaugos reglamentas), Lietuvos Respublikos asmens duomen\u0173 teisin\u0117s apsaugos \u012fstatymas, nacionalin\u0117s kompetentingos \u012fstaigos nustatytos taisykl\u0117s asmens duomen\u0173 tvarkymui.<\/p><h5><strong>2. Kokiais principais mes vadovaujam\u0117s tvarkydami asmens duomenis?\u00a0<\/strong><\/h5><p>Mes siekiame, kad J\u016bs\u0173 asmens duomenys b\u016bt\u0173 tvarkomi s\u0105\u017einingai, skaidriai ir teis\u0117tai. Patikiname, kad visi asmens duomenys yra tvarkomi laikantis Duomen\u0173 apsaugos \u012fstatymais, reglamentuojan\u010diais asmens duomen\u0173 tvarkym\u0105.<\/p><p>Mes u\u017etikriname, kad renkame tik tuos asmens duomenis, kurie reikalingi siekiant \u012fgyvendinti Bendrov\u0117s tikslus, siekiame, kad J\u016bs\u0173 duomenys b\u016bt\u0173 tvarkomi tik tokiais tikslais, kuriais buvo surinkti ir tik tiek, kiek b\u016btina konkre\u010diam asmens duomen\u0173 tvarkymo tikslui pasiekti. Garantuojame, kad imsim\u0117s vis\u0173 b\u016btin\u0173 priemoni\u0173, kad netiksl\u016bs ir neteisingi duomenys b\u016bt\u0173 kuo grei\u010diau i\u0161trinami arba pataisomi \u012f teisingus.<\/p><p>Tvarkom\u0173 asmens duomen\u0173 apimtis priklauso nuo to, koki\u0105 informacij\u0105 pateikiate J\u016bs, kai lankot\u0117s svetain\u0117je, u\u017epildote u\u017eklausos form\u0105 arba pateikiate savo duomenis \u012fsidarbinimo Bendrov\u0117je tikslais ar lankot\u0117s Bendrov\u0117s patalpose. Duomenys tvarkomi tik esant teis\u0117tam tvarkymo pagrindui.\u00a0<\/p><h5><strong>3. Kokius asmens duomenis mes tvarkome?\u00a0<\/strong><\/h5><p>Tiesiogiai J\u016bs\u0173 pateikiama informacija, kuri\u0105 J\u016bs pateikiate u\u017epildydami u\u017eklausos form\u0105: vardas, pavard\u0117, el. pa\u0161to adresas, telefono numeris, \u012fmon\u0117s ar organizacijos, kuri\u0105 atstovaujate pavadinimas, ir kit\u0105 informacija, kuri\u0105 mums pateikiate nar\u0161ydami Svetain\u0117je.<\/p><p>J\u016bs\u0173 pateikiama informacija \u012fsidarbinimo Bendrov\u0117je tikslu. Jei J\u016bs norite \u012fsidarbinti Bendrov\u0117je, \u012fprastai mums turite pateikti \u0161iuos asmens duomenis: gyvenimo apra\u0161ym\u0105 (CV), vard\u0105, pavard\u0119, elektroninio pa\u0161to adres\u0105. Jeigu J\u016bs apie save pateiksite daugiau informacijos (asmens duomen\u0173), tai suprasime kaip ai\u0161kiai i\u0161reik\u0161t\u0105 J\u016bs\u0173 sutikim\u0105 tvarkyti tokius papildomai pateiktus duomenis.<\/p><p>Informacija, kaip J\u016bs naudojate m\u016bs\u0173 Svetain\u0119: informacij\u0105, kuri\u0105 gauname, kai J\u016bs nar\u0161ote Svetain\u0117je, \u012fskaitant J\u016bs\u0173 IP adres\u0105, geografin\u0119 lokacij\u0105 ar kt. informacij\u0105 apie J\u016bs\u0173 kompiuter\u012f ar kit\u0105 naudojam\u0105 \u012frengin\u012f. Taip pat informacij\u0105 apie J\u016bs\u0173 veiksmus Svetain\u0117je &#8211; statistik\u0105 apie apsilankym\u0173 trukm\u0119, puslapio paie\u0161kas, paspaudim\u0173 skai\u010di\u0173, nar\u0161ymo istorij\u0105 ir pan.\u00a0<\/p><h5><strong>4. Kokiais tikslais naudojame J\u016bs\u0173 asmens duomenis?\u00a0<\/strong><\/h5><p>Bendrov\u0117 naudoja Asmens duomenis \u0161iais tikslais:<\/p><p>Bendrov\u0117s paslaug\u0173 \/ preki\u0173 u\u017esakymo tikslais. Kai u\u017epildoma u\u017eklausos forma, Duomen\u0173 subjektas turi pateikti asmens duomenis tiek, kiek reikalaujama konkre\u010diai paslaugai ar prekei u\u017esisakyti. Duomenys naudojami pasi\u016blymo pateikimo tikslais, tvarkymo teisinis pagrindas \u2013 sutarties su potencialiu klientu sudarymas.\u00a0\u00a0<\/p><p>Asmens duomenys, kuriuos pateiksite kandidatuodami \u012f darb\u0105 Bendrov\u0117je, tvarkomi darbo sutarties su potencialiu darbuotoju sudarymo tikslu, tvarkymo teisinis pagrindas \u2013 sutarties su duomen\u0173 subjektu sudarymas.<\/p><p>Svetain\u0117s lankomumo statistikos analizei. Mes siekiame u\u017etikrinti skland\u0173 ir kokybi\u0161k\u0105 Svetain\u0117s funkcionavim\u0105, j\u0105 tobulinti, pritaikyti klient\u0173 poreikiams. Duomen\u0173 tvarkymo teisinis pagrindas \u2013 Duomen\u0173 subjekto sutikimas.<\/p><p>Tiesiogin\u0117s rinkodaros tikslais. Siekiame palaikyti santykius su klientais, tod\u0117l galime teikti specializuotus pasi\u016blymus, akcijas ir kt., taip pat &#8211; administruoti u\u017eklausas, kurias J\u016bs u\u017epildote, kreipdamiesi \u012f Bendrov\u0119. Duomen\u0173 tvarkymo teisinis pagrindas \u2013 Duomen\u0173 subjekto sutikimas.<\/p><p>Kitais tikslais. Mes galime tvarkyti J\u016bs\u0173 asmens duomenis ir kitais tikslais, jei tam esame gav\u0119 J\u016bs\u0173 sutikim\u0105.<\/p><h5><strong>5. Asmens duomen\u0173 tvarkymas \u012fsidarbinimo Bendrov\u0117je tikslu<\/strong><\/h5><p>Jeigu J\u016bs kandidatuojate \u012f konkre\u010di\u0105 pozicij\u0105, ta\u010diau darbo pasi\u016blymas Jums nepateikiamas, arba J\u016bs nenurod\u0117te, jog kandidatuojate \u012f konkre\u010di\u0105 pozicij\u0105, gav\u0119 J\u016bs\u0173 sutikim\u0105, mes duomenis saugosime ir tvarkysime Bendrov\u0117s kandidat\u0173 duomen\u0173 baz\u0117je b\u016bsimoms darbuotoj\u0173 atrankoms ne ilgesn\u012f nei 6 (\u0161e\u0161i\u0173 m\u0117nesi\u0173) termin\u0105. Tokiu atveju, pateikti duomenys suvedami \u012f Bendrov\u0117s kandidat\u0173 (potenciali\u0173 darbuotoj\u0173) duomen\u0173 baz\u0119. Vis\u0105 duomen\u0173 saugojimo laikotarp\u012f mes galime vertinti J\u016bs\u0173 kandidat\u016br\u0105 bei teikti Jums pasi\u016blymus \u012f darbo vietas Bendrov\u0117je. Duomen\u0173 tvarkymo pagrindas \u2013 duomen\u0173 subjekto (J\u016bs\u0173) sutikimas.\u00a0<\/p><p>Jei J\u016bs nesutinkate d\u0117l asmens duomen\u0173 saugojimo ir tvarkymo Bendrov\u0117s kandidat\u0173 duomen\u0173 baz\u0117je b\u016bsimoms darbuotoj\u0173 atrankoms, pasibaigus atrankai \u012f konkre\u010di\u0105 pozicij\u0105, J\u016bs\u0173 duomenys bus sunaikinami.\u00a0<\/p><p>At\u0161aukti duot\u0105 sutikim\u0105 J\u016bs galite bet kuriuo metu susisiek\u0119 su mumis \u017eemiau nurodytais kontaktais.\u00a0<\/p><h5><strong>6. Informacija apie naudojamus slapukus<\/strong><\/h5><p>Informuojame, kad nor\u0117dami u\u017etikrinti patogesn\u012f nar\u0161ym\u0105 bei su\u017einoti apie Svetain\u0117s lankytoj\u0173 elges\u012f, Svetain\u0117je naudojame slapukus. Slapukai leid\u017eia rinkti statistin\u0119 informacij\u0105, u\u017etikrinti kokybi\u0161k\u0105 Svetain\u0117s funkcionalum\u0105.\u00a0<\/p><p>Svetain\u0117je naudojami slapukai:<\/p><ul><li>laravel_session<\/li><li>XSRF-TOKEN<\/li><\/ul><p>Slapukai gali b\u016bti patalpinti tik tuo atveju, jei t\u0105 leid\u017eia J\u016bs\u0173 naudojamo \u012frenginio nustatymai. Nar\u0161ydami Svetain\u0117je, J\u016bs sutinkate su slapuk\u0173 \u012fra\u0161ymu. Savo sutikim\u0105 galite bet kada at\u0161aukti, pakeisdami interneto nar\u0161ykl\u0117s nustatymus ir i\u0161trindami \u012fra\u0161ytus slapukus.<\/p><p>Daugelis nar\u0161ykli\u0173 yra nustatytos taip, kad automati\u0161kai priimt\u0173 slapukus. Galite nar\u0161ykl\u0117je slapukus i\u0161jungti, ta\u010diau informuojame, kad slapuk\u0173 i\u0161trynimas gali l\u0117tinti nar\u0161ymo Svetain\u0117je laik\u0105, blokuoti prieig\u0105 ar kitaip riboti kai kurias Svetain\u0117s funkcijas, kurios b\u016btinos, kad Svetain\u0117 veikt\u0173 kaip dera. Jeigu jums reikia i\u0161samesn\u0117s informacijos apie slapukus, apsilankykite interneto svetain\u0117je\u00a0<a href=\"http:\/\/www.allaboutcookies.org\/\" target=\"_blank\" rel=\"noopener\">http:\/\/www.allaboutcookies.org<\/a>, kur rasite i\u0161samios, nepriklausomos informacijos apie tai, kaip i\u0161jungti slapukus per nar\u0161ykl\u0117s nuostatas ir kaip pa\u0161alinti slapukus, kurie jau yra J\u016bs\u0173 kompiuteryje. Kad pa\u0161alintum\u0117te slapukus i\u0161 mobiliojo telefono, tur\u0117site pasiskaityti telefono naudojimo instrukcij\u0105.<\/p><h5><strong>7. Kaip atsisakyti tiesiogin\u0117s rinkodaros?<\/strong><\/h5><p>Atsisakyti Bendrov\u0117s tiesiogin\u0117s rinkodaros galite spustel\u0117j\u0119 atsisakymo nuorod\u0105 lai\u0161ke arba susisiek\u0119 su mumis \u017eemiau nurodytais kontaktais.<\/p><h5><strong>8. Kaip mes saugome J\u016bs\u0173 duomenis?<\/strong><\/h5><p>U\u017etikriname, kad duomenys, kuriuos mes renkame, yra adekvat\u016bs ir tik tokie, kurie reikalingi j\u0173 rinkimo tikslams \u012fgyvendinti. Garantuojame, kad asmens duomenys tvarkomi s\u0105\u017einingai ir panaudojami tik tiems tikslams, kuriems buvo renkami.<\/p><p>Bendrov\u0117 saugos J\u016bs\u0173 asmens duomenis 3 (trejus) metus nuo j\u0173 pateikimo, i\u0161skyrus tuos atvejus, kai Duomen\u0173 subjektas reikalauja kitaip, ar tuos atvejus, kai to reikalauja teis\u0117s aktai, ar tuos atvejus, kai kitaip nustatyta \u0161ioje Privatumo politikoje.<\/p><p>Bendrov\u0117 \u012fsipareigoja saugoti J\u016bs\u0173 asmens duomenis nuo neteis\u0117to j\u0173 pakeitimo, atskleidimo, suk\u010diavimo ar bet kokio kito netinkamo disponavimo jais.<\/p><p>Bendrov\u0117 neatsako u\u017e bet kok\u012f netinkam\u0105 duomen\u0173 panaudojim\u0105, kai jis \u012fvyko d\u0117l Duomen\u0173 subjekto kalt\u0117s.<\/p><h5><strong>9. Ar Bendrov\u0117 yra pasitelkusi duomen\u0173 tvarkytojus?<\/strong><\/h5><p>Bendrov\u0117 asmens duomenis tvarko pasitelkdama asmens duomen\u0173 tvarkytojus, kurie teikia mums buhalterin\u0117s apskaitos, personalo administravimo, Svetain\u0117s prieglobos, duomen\u0173 centro ir\/arba serveri\u0173 nuomos, IT prie\u017ei\u016bros, i\u0161orinio audito ir kitas paslaugas.<\/p><p>Mes u\u017etikriname, kad duomen\u0173 tvarkytojai, kuriuos pasitelkiama turi teis\u0119 tvarkyti J\u016bs\u0173 duomenis tik pagal Bendrov\u0117 nurodymus ir tik ta apimtimi, kiek tai yra b\u016btina siekiant tinkamai vykdyti sutartyje nustatytus \u012fsipareigojimus, Bendrov\u0117s veiklai. Pasitelkdami duomen\u0173 tvarkytojus, siekiame u\u017etikrinti, kad duomen\u0173 tvarkytojai b\u016bt\u0173 \u012fgyvendin\u0119 tinkamas organizacines ir technines saugum\u0105 u\u017etikrinan\u010dias priemones bei i\u0161laikyt\u0173 J\u016bs\u0173 duomen\u0173 paslapt\u012f.<\/p><h5><strong>10. Ar J\u016bs\u0173 duomenys gali b\u016bti atskleisti kitiems asmenims?<\/strong><\/h5><p>J\u016bs\u0173 asmens duomenis tretiesiems asmenims galime pateikti:<br \/>a) gin\u010do atveju \u2013 teisines paslaugas mums teikiantiems teisininkams;<br \/>b) pasitelktiems duomen\u0173 tvarkytojams;<br \/>c) valstyb\u0117s institucijoms bei kitiems asmenims Lietuvos Respublikos teis\u0117s akt\u0173 nustatyta tvarka.<\/p><h5><strong>11. Kokios naudojamos duomen\u0173 saugos priemon\u0117s?<\/strong><\/h5><p>Mes u\u017etikriname J\u016bs\u0173 pateikt\u0173 asmens duomen\u0173 konfidencialum\u0105. Bendrov\u0117 yra \u012fdiegusi reikiam\u0105 \u012frang\u0105, kuri turi u\u017etikrinti vartotoj\u0173 duomen\u0173 saugum\u0105 nuo nesankcionuoto \u012fsilau\u017eimo ar panaudojimo, pakeitimo, neteis\u0117to ar atsitiktinio sunaikinimo. Asmens duomenys neperduodami u\u017e Europos S\u0105jungos rib\u0173.<\/p><h5><strong>12. Kokios J\u016bs\u0173 teis\u0117s?<\/strong><\/h5><p>a) Susipa\u017einti su savo asmens duomenimis ir kaip jie yra tvarkomi (teis\u0117 susipa\u017einti).<br \/>b) Reikalauti i\u0161taisyti, arba, atsi\u017evelgiant \u012f asmens duomen\u0173 tvarkymo tikslus, papildyti nei\u0161samius asmens duomenis (teis\u0117 i\u0161taisyti).<br \/>c) Reikalauti savo duomenis sunaikinti arba sustabdyti savo duomen\u0173 tvarkymo veiksmus (i\u0161skyrus saugojim\u0105) (teis\u0117 sunaikinti ir teis\u0117 b\u016bti pamir\u0161tam).<br \/>d) Reikalauti, kad asmens duomen\u0173 valdytojas apribot\u0173 duomen\u0173 tvarkym\u0105 (teis\u0117 apriboti).<br \/>e) Teis\u0117 \u012f duomen\u0173 perk\u0117lim\u0105 (teis\u0117 perkelti).<br \/>f) Nesutikti su asmens duomen\u0173 tvarkymu tiesiogin\u0117s rinkodaros tikslu, ta\u010diau tokiu atveju J\u016bs galite prarasti galimyb\u0119 b\u016bti informuoti apie teis\u0119.<br \/>g) At\u0161aukti duotus sutikimus d\u0117l asmens duomen\u0173 tvarkymo tais tikslais, kuriais sutikimai buvo pateikti.<br \/>h) Pateikti skund\u0105 Valstybinei duomen\u0173 apsaugos inspekcijai.<br \/>Nor\u0117dami pasinaudoti \u0161iomis teis\u0117mis, kreipkit\u0117s \u012f mus ra\u0161tu arba susisiekite su mumis \u017eemiau nurodytu elektriniu pa\u0161tu ra\u0161ydami i\u0161 elektroniniu pa\u0161to adreso, kuris buvo mums pateiktas. Telefonu tokios informacijos neteikiame.<\/p><h5><strong>13. Baigiamosios nuostatos<\/strong><\/h5><p>Bendrov\u0117 neatsako u\u017e bet koki\u0105 \u017eal\u0105 ir\/ar duomen\u0173 praradim\u0105, pakeitim\u0105 ar kitok\u012f netinkam\u0105 disponavim\u0105 jais, kuriuos Duomen\u0173 subjektas patyr\u0117 d\u0117l savo kalt\u0117s, s\u0105moningo tre\u010di\u0173j\u0173 asmen\u0173 elgesio, netinkamo naudojimosi Svetaine ar kitoki\u0173 netinkam\u0173 veiksm\u0173, kurie \u012fvyko ne d\u0117l Bendrov\u0117s kalt\u0117s.<\/p><p>Bendrov\u0117 pasilieka sau teis\u0119 atsisakyti vykdyti J\u016bs\u0173 pra\u0161ymus d\u0117l duomen\u0173 tvarkymo, jei jie yra nepagr\u012fsti, neadekvat\u016bs ir neproporcingi, taip pat &#8211; jei Duomen\u0173 subjektui netinka Bendrov\u0117s numatyta duomen\u0173 pateikimo forma.<\/p><p>Pildydami para\u0161k\u0105, ra\u0161ydami elektronin\u012f lai\u0161k\u0105, si\u0173sdami u\u017eklaus\u0105 ar kitokiu b\u016bdu kreipdamiesi \u012f Bendrov\u0119, J\u016bs neprie\u0161taraujate Bendrov\u0117s teisei susisiekti su Jumis atgal.<\/p><p>Bendrov\u0117 turi teis\u0119 bet kada atnaujinti Privatumo politik\u0105, kuri \u012fsigalioja nuo jos paskelbimo Svetain\u0117je.<\/p><p>Visais duomen\u0173 tvarkymo klausimais galite susisiekti \u017eemiau nurodytais kontaktais:<\/p><p>UAB &#8222;Trustpack&#8221;<br \/>adresas: V\u0117trungi\u0173 g. 69, LT-06304 Vilnius, Lietuva<br \/>elektroninis pa\u0161tas:\u00a0<a href=\"mailto:info@trustpack.lt\"><span style=\"color: #1b2d59;\">info@trustpack.lt<\/span><\/a><\/p><p>\u0160i privatumo politika atnaujinta: 2021-06-14<\/p>\t\t\t\t\t\t\t\t<\/div>\n\t\t\t\t<\/div>\n\t\t\t\t<\/div>\n\t\t\t\t\t<\/div>\n\t\t\t\t<\/div>\n\t\t\t\t<\/div>\n\t\t","protected":false},"excerpt":{"rendered":"<p>Privatumo politika \u0160i Privatumo politika yra skirta asmenims, kurie naudojasi UAB &#8222;Trustpack&#8221; (toliau vadinama Bendrov\u0117 arba mes) teikiamomis paslaugomis ir lankosi Bendrov\u0117s internetin\u0117je svetain\u0117je www.trustpack.lt (toliau vadinama Svetain\u0117). Naudodamiesi Svetaine, pateikdami savo duomenis, pildydami u\u017eklausos form\u0105, si\u0173sdami ar kitu b\u016bdu pateikdami savo gyvenimo apra\u0161ym\u0105 (CV), t\u0119sdami nar\u0161ym\u0105 Svetain\u0117je, J\u016bs patvirtinate, kad susipa\u017einote su \u0161ia Privatumo [&hellip;]<\/p>\n","protected":false},"author":1,"featured_media":0,"parent":0,"menu_order":0,"comment_status":"closed","ping_status":"closed","template":"","meta":{"footnotes":""},"class_list":["post-1277","page","type-page","status-publish","hentry"],"_links":{"self":[{"href":"https:\/\/trustpack.lt\/lt\/wp-json\/wp\/v2\/pages\/1277","targetHints":{"allow":["GET"]}}],"collection":[{"href":"https:\/\/trustpack.lt\/lt\/wp-json\/wp\/v2\/pages"}],"about":[{"href":"https:\/\/trustpack.lt\/lt\/wp-json\/wp\/v2\/types\/page"}],"author":[{"embeddable":true,"href":"https:\/\/trustpack.lt\/lt\/wp-json\/wp\/v2\/users\/1"}],"replies":[{"embeddable":true,"href":"https:\/\/trustpack.lt\/lt\/wp-json\/wp\/v2\/comments?post=1277"}],"version-history":[{"count":3,"href":"https:\/\/trustpack.lt\/lt\/wp-json\/wp\/v2\/pages\/1277\/revisions"}],"predecessor-version":[{"id":3902,"href":"https:\/\/trustpack.lt\/lt\/wp-json\/wp\/v2\/pages\/1277\/revisions\/3902"}],"wp:attachment":[{"href":"https:\/\/trustpack.lt\/lt\/wp-json\/wp\/v2\/media?parent=1277"}],"curies":[{"name":"wp","href":"https:\/\/api.w.org\/{rel}","templated":true}]}}