{"id":953,"date":"2025-06-22T18:56:54","date_gmt":"2025-06-22T18:56:54","guid":{"rendered":"https:\/\/trustpack.lt\/?page_id=953"},"modified":"2025-12-01T09:30:17","modified_gmt":"2025-12-01T07:30:17","slug":"sertifikatai-ir-kokybes-valdymas","status":"publish","type":"page","link":"https:\/\/trustpack.lt\/lt\/sertifikatai-ir-kokybes-valdymas\/","title":{"rendered":"Sertifikatai ir kokyb\u0117s valdymas"},"content":{"rendered":"\t\t<div data-elementor-type=\"wp-page\" data-elementor-id=\"953\" class=\"elementor elementor-953\">\n\t\t\t\t<div class=\"elementor-element elementor-element-3e0f08f e-flex e-con-boxed e-con e-parent\" data-id=\"3e0f08f\" data-element_type=\"container\">\n\t\t\t\t\t<div class=\"e-con-inner\">\n\t\t<div class=\"elementor-element elementor-element-2677945 e-con-full e-flex e-con e-child\" data-id=\"2677945\" data-element_type=\"container\">\n\t\t\t\t<div class=\"elementor-element elementor-element-79633a6 elementor-widget elementor-widget-heading\" data-id=\"79633a6\" data-element_type=\"widget\" data-widget_type=\"heading.default\">\n\t\t\t\t<div class=\"elementor-widget-container\">\n\t\t\t\t\t<h2 class=\"elementor-heading-title elementor-size-default\">Sertifikatai ir kokyb\u0117s valdymas\n<\/h2>\t\t\t\t<\/div>\n\t\t\t\t<\/div>\n\t\t\t\t<div class=\"elementor-element elementor-element-dc57f45 elementor-widget-divider--view-line elementor-widget elementor-widget-divider\" data-id=\"dc57f45\" data-element_type=\"widget\" data-widget_type=\"divider.default\">\n\t\t\t\t<div class=\"elementor-widget-container\">\n\t\t\t\t\t\t\t<div class=\"elementor-divider\">\n\t\t\t<span class=\"elementor-divider-separator\">\n\t\t\t\t\t\t<\/span>\n\t\t<\/div>\n\t\t\t\t\t\t<\/div>\n\t\t\t\t<\/div>\n\t\t\t\t<div class=\"elementor-element elementor-element-8f2a5a5 elementor-widget elementor-widget-text-editor\" data-id=\"8f2a5a5\" data-element_type=\"widget\" data-widget_type=\"text-editor.default\">\n\t\t\t\t<div class=\"elementor-widget-container\">\n\t\t\t\t\t\t\t\t\t<p>UAB \u201eTrustpack\u201c skiria nuolatin\u012f d\u0117mes\u012f vis\u0173 \u012fmon\u0117je vykstan\u010di\u0173 proces\u0173 gerinimui. \u012emon\u0117je \u012fdiegtos vadybos sistemos, vidaus tvarkos u\u017etikrina auk\u0161t\u0105 vykdom\u0173 veikl\u0173 ir proces\u0173 kontrol\u0119, gaminam\u0173 produkt\u0173 kokyb\u0119 ir konfidencialum\u0105. M\u016bs\u0173 veikla atitinka tarptautini\u0173 standart\u0173 bei Lietuvos Respublikos teis\u0117s akt\u0173 reikalavimus, k\u0105 \u012frodo \u012emonei i\u0161duoti sertifikatai.<\/p><p>UAB \u201eTrustpack\u201c kokyb\u0117s vadybos sistema sertifikuota pagal ISO 9001 standarto reikalavimus. Kokyb\u0117s vadybos sistema apima \u012emon\u0117s politik\u0105, procesus, tvarkas ir proced\u016bras, sukurtas u\u017etikrinti klient\u0173 reikalavim\u0173 ir l\u016bkes\u010di\u0173 tenkinim\u0105 bei skirtas nuolatos gerinti \u012emon\u0117je gaminam\u0173 produkt\u0173 ir teikiam\u0173 paslaug\u0173 kokyb\u0119.<\/p><p>Aplinkos apsaugos vadybos sistema sertifikuota pagal ISO 14001 standarto reikalavimus. Siekiant harmonijos su gamta, \u012emon\u0117 \u012fsipareigoja skirti didel\u012f d\u0117mes\u012f jos i\u0161saugojimui, nuolatos gerinti veiklos procesus, kad ma\u017e\u0117t\u0173 daromas poveikis aplinkai, siekti nuolatinio aplinkos apsaugos veiksmingumo gerinimo visose gamybos srityse ir periodi\u0161kai vertinti rezultatus. Taip siekdama kuo ma\u017eesnio poveikio aplinkai \u012emon\u0117 \u012fsipareigoja diegti pa\u017eangiausias gamybos technologijas ir racionaliai naudoti resursus.<\/p><p>Maisto saugos valdymo sistema sertifikuota pagal FSSC 22000 standarto reikalavimus. Gaminame daug pakuo\u010di\u0173 \u012fvairiems maisto produktams. Laikydamiesi standarto reikalavim\u0173 kontroliuojame vis\u0105 j\u0173 gamybos proces\u0105 &#8211; nuolat vykdome visapusi\u0161k\u0105 maisto saugos valdymo sistemos rizik\u0173 analiz\u0119, jas \u0161aliname ir u\u017etikriname saugi\u0173 pakuo\u010di\u0173 ir pakavimo med\u017eiag\u0173 maisto produktams pateikim\u0105 klientams.<\/p><p>UAB \u201eTrustpack\u201c yra sertifikuota pagal FSC\u00ae (FSC-C121502) tarptautin\u0117s Mi\u0161k\u0173 valdymo tarybos, (angl. \u201eForest Stewardship Council\u00ae\u201c, FSC) Gamybos grandies sertifikavimo standarto FSC-STD-40-004 reikalavimus. Sertifikavimas pagal FSC standart\u0105 suteikia teis\u0119 naudoti tarptautiniu mastu pripa\u017e\u012fstam\u0105 prek\u0117s \u017eenkl\u0105, patvirtinant\u012f medienos kilm\u0117s atsekamum\u0105 ir rodant\u012f atsakomyb\u0119 bei r\u016bpinim\u0105si pasaulio mi\u0161kais.<\/p>\t\t\t\t\t\t\t\t<\/div>\n\t\t\t\t<\/div>\n\t\t\t\t<\/div>\n\t\t\t\t\t<\/div>\n\t\t\t\t<\/div>\n\t\t<div class=\"elementor-element elementor-element-5b934a4 e-flex e-con-boxed e-con e-parent\" data-id=\"5b934a4\" data-element_type=\"container\">\n\t\t\t\t\t<div class=\"e-con-inner\">\n\t\t<div class=\"elementor-element elementor-element-af15bd0 e-con-full e-flex e-con e-child\" data-id=\"af15bd0\" data-element_type=\"container\" data-settings=\"{&quot;background_background&quot;:&quot;classic&quot;}\">\n\t\t\t\t<div class=\"elementor-element elementor-element-8cdb22d elementor-widget elementor-widget-image\" data-id=\"8cdb22d\" data-element_type=\"widget\" data-widget_type=\"image.default\">\n\t\t\t\t<div class=\"elementor-widget-container\">\n\t\t\t\t\t\t\t\t\t\t\t\t\t\t\t\t<a href=\"https:\/\/trustpack.lt\/wp-content\/uploads\/2025\/12\/FSSC-22000_lt.pdf\" target=\"_blank\">\n\t\t\t\t\t\t\t<img loading=\"lazy\" decoding=\"async\" width=\"595\" height=\"841\" src=\"https:\/\/trustpack.lt\/wp-content\/uploads\/2025\/06\/lt_c.jpg\" class=\"attachment-large size-large wp-image-956\" alt=\"\" srcset=\"https:\/\/trustpack.lt\/wp-content\/uploads\/2025\/06\/lt_c.jpg 595w, https:\/\/trustpack.lt\/wp-content\/uploads\/2025\/06\/lt_c-212x300.jpg 212w\" sizes=\"auto, (max-width: 595px) 100vw, 595px\" title=\"\">\t\t\t\t\t\t\t\t<\/a>\n\t\t\t\t\t\t\t\t\t\t\t\t\t\t\t<\/div>\n\t\t\t\t<\/div>\n\t\t\t\t<\/div>\n\t\t<div class=\"elementor-element elementor-element-510c5b3 e-con-full e-flex e-con e-child\" data-id=\"510c5b3\" data-element_type=\"container\" data-settings=\"{&quot;background_background&quot;:&quot;classic&quot;}\">\n\t\t\t\t<div class=\"elementor-element elementor-element-fb549e9 elementor-widget elementor-widget-image\" data-id=\"fb549e9\" data-element_type=\"widget\" data-widget_type=\"image.default\">\n\t\t\t\t<div class=\"elementor-widget-container\">\n\t\t\t\t\t\t\t\t\t\t\t\t\t\t\t\t<a href=\"https:\/\/trustpack.lt\/wp-content\/uploads\/2025\/12\/Trustpack-UAB-FSC-COC-Certificate-12.3.2025.pdf\" target=\"_blank\">\n\t\t\t\t\t\t\t<img loading=\"lazy\" decoding=\"async\" width=\"595\" height=\"841\" src=\"https:\/\/trustpack.lt\/wp-content\/uploads\/2025\/06\/en_green_c.jpg\" class=\"attachment-large size-large wp-image-955\" alt=\"\" srcset=\"https:\/\/trustpack.lt\/wp-content\/uploads\/2025\/06\/en_green_c.jpg 595w, https:\/\/trustpack.lt\/wp-content\/uploads\/2025\/06\/en_green_c-212x300.jpg 212w\" sizes=\"auto, (max-width: 595px) 100vw, 595px\" title=\"\">\t\t\t\t\t\t\t\t<\/a>\n\t\t\t\t\t\t\t\t\t\t\t\t\t\t\t<\/div>\n\t\t\t\t<\/div>\n\t\t\t\t<\/div>\n\t\t<div class=\"elementor-element elementor-element-9690d60 e-con-full e-flex e-con e-child\" data-id=\"9690d60\" data-element_type=\"container\" data-settings=\"{&quot;background_background&quot;:&quot;classic&quot;}\">\n\t\t\t\t<div class=\"elementor-element elementor-element-c273489 elementor-widget elementor-widget-image\" data-id=\"c273489\" data-element_type=\"widget\" data-widget_type=\"image.default\">\n\t\t\t\t<div class=\"elementor-widget-container\">\n\t\t\t\t\t\t\t\t\t\t\t\t\t\t\t\t<a href=\"https:\/\/trustpack.lt\/wp-content\/uploads\/2025\/12\/3DGWE02025104Zert_lt.pdf\" target=\"_blank\">\n\t\t\t\t\t\t\t<img loading=\"lazy\" decoding=\"async\" width=\"722\" height=\"1024\" src=\"https:\/\/trustpack.lt\/wp-content\/uploads\/2025\/12\/sertifikatas3-1-722x1024.jpg\" class=\"attachment-large size-large wp-image-3649\" alt=\"\" srcset=\"https:\/\/trustpack.lt\/wp-content\/uploads\/2025\/12\/sertifikatas3-1-722x1024.jpg 722w, https:\/\/trustpack.lt\/wp-content\/uploads\/2025\/12\/sertifikatas3-1-212x300.jpg 212w, https:\/\/trustpack.lt\/wp-content\/uploads\/2025\/12\/sertifikatas3-1-768x1089.jpg 768w, https:\/\/trustpack.lt\/wp-content\/uploads\/2025\/12\/sertifikatas3-1-8x12.jpg 8w, https:\/\/trustpack.lt\/wp-content\/uploads\/2025\/12\/sertifikatas3-1.jpg 872w\" sizes=\"auto, (max-width: 722px) 100vw, 722px\" title=\"\">\t\t\t\t\t\t\t\t<\/a>\n\t\t\t\t\t\t\t\t\t\t\t\t\t\t\t<\/div>\n\t\t\t\t<\/div>\n\t\t\t\t<\/div>\n\t\t<div class=\"elementor-element elementor-element-9416b41 e-con-full e-flex e-con e-child\" data-id=\"9416b41\" data-element_type=\"container\" data-settings=\"{&quot;background_background&quot;:&quot;classic&quot;}\">\n\t\t\t\t<div class=\"elementor-element elementor-element-47b060c elementor-widget elementor-widget-image\" data-id=\"47b060c\" data-element_type=\"widget\" data-widget_type=\"image.default\">\n\t\t\t\t<div class=\"elementor-widget-container\">\n\t\t\t\t\t\t\t\t\t\t\t\t\t\t\t\t<a href=\"https:\/\/trustpack.lt\/wp-content\/uploads\/2025\/12\/3DGWE02025100Zert_lt.pdf\" target=\"_blank\">\n\t\t\t\t\t\t\t<img loading=\"lazy\" decoding=\"async\" width=\"722\" height=\"1024\" src=\"https:\/\/trustpack.lt\/wp-content\/uploads\/2025\/12\/sertifikatas4-722x1024.jpg\" class=\"attachment-large size-large wp-image-3650\" alt=\"\" srcset=\"https:\/\/trustpack.lt\/wp-content\/uploads\/2025\/12\/sertifikatas4-722x1024.jpg 722w, https:\/\/trustpack.lt\/wp-content\/uploads\/2025\/12\/sertifikatas4-211x300.jpg 211w, https:\/\/trustpack.lt\/wp-content\/uploads\/2025\/12\/sertifikatas4-768x1090.jpg 768w, https:\/\/trustpack.lt\/wp-content\/uploads\/2025\/12\/sertifikatas4-8x12.jpg 8w, https:\/\/trustpack.lt\/wp-content\/uploads\/2025\/12\/sertifikatas4.jpg 876w\" sizes=\"auto, (max-width: 722px) 100vw, 722px\" title=\"\">\t\t\t\t\t\t\t\t<\/a>\n\t\t\t\t\t\t\t\t\t\t\t\t\t\t\t<\/div>\n\t\t\t\t<\/div>\n\t\t\t\t<\/div>\n\t\t\t\t\t<\/div>\n\t\t\t\t<\/div>\n\t\t\t\t<\/div>\n\t\t","protected":false},"excerpt":{"rendered":"<p>Sertifikatai ir kokyb\u0117s valdymas UAB \u201eTrustpack\u201c skiria nuolatin\u012f d\u0117mes\u012f vis\u0173 \u012fmon\u0117je vykstan\u010di\u0173 proces\u0173 gerinimui. \u012emon\u0117je \u012fdiegtos vadybos sistemos, vidaus tvarkos u\u017etikrina auk\u0161t\u0105 vykdom\u0173 veikl\u0173 ir proces\u0173 kontrol\u0119, gaminam\u0173 produkt\u0173 kokyb\u0119 ir konfidencialum\u0105. M\u016bs\u0173 veikla atitinka tarptautini\u0173 standart\u0173 bei Lietuvos Respublikos teis\u0117s akt\u0173 reikalavimus, k\u0105 \u012frodo \u012emonei i\u0161duoti sertifikatai. UAB \u201eTrustpack\u201c kokyb\u0117s vadybos sistema sertifikuota pagal [&hellip;]<\/p>\n","protected":false},"author":1,"featured_media":0,"parent":0,"menu_order":0,"comment_status":"closed","ping_status":"closed","template":"","meta":{"footnotes":""},"class_list":["post-953","page","type-page","status-publish","hentry"],"_links":{"self":[{"href":"https:\/\/trustpack.lt\/lt\/wp-json\/wp\/v2\/pages\/953","targetHints":{"allow":["GET"]}}],"collection":[{"href":"https:\/\/trustpack.lt\/lt\/wp-json\/wp\/v2\/pages"}],"about":[{"href":"https:\/\/trustpack.lt\/lt\/wp-json\/wp\/v2\/types\/page"}],"author":[{"embeddable":true,"href":"https:\/\/trustpack.lt\/lt\/wp-json\/wp\/v2\/users\/1"}],"replies":[{"embeddable":true,"href":"https:\/\/trustpack.lt\/lt\/wp-json\/wp\/v2\/comments?post=953"}],"version-history":[{"count":0,"href":"https:\/\/trustpack.lt\/lt\/wp-json\/wp\/v2\/pages\/953\/revisions"}],"wp:attachment":[{"href":"https:\/\/trustpack.lt\/lt\/wp-json\/wp\/v2\/media?parent=953"}],"curies":[{"name":"wp","href":"https:\/\/api.w.org\/{rel}","templated":true}]}}