{"id":1247,"date":"2025-06-23T00:22:23","date_gmt":"2025-06-23T00:22:23","guid":{"rendered":"https:\/\/trustpack.lt\/?page_id=1247"},"modified":"2025-06-23T00:23:06","modified_gmt":"2025-06-23T00:23:06","slug":"drukas-faila-prasibas","status":"publish","type":"page","link":"https:\/\/trustpack.lt\/lv\/drukas-faila-prasibas\/","title":{"rendered":"Pras\u012bbas drukas failu"},"content":{"rendered":"<div data-elementor-type=\"wp-page\" data-elementor-id=\"1247\" class=\"elementor elementor-1247\">\n\t\t\t\t<div class=\"elementor-element elementor-element-3e0f08f e-flex e-con-boxed e-con e-parent\" data-id=\"3e0f08f\" data-element_type=\"container\">\n\t\t\t\t\t<div class=\"e-con-inner\">\n\t\t<div class=\"elementor-element elementor-element-2677945 e-con-full e-flex e-con e-child\" data-id=\"2677945\" data-element_type=\"container\">\n\t\t\t\t<div class=\"elementor-element elementor-element-79633a6 elementor-widget elementor-widget-heading\" data-id=\"79633a6\" data-element_type=\"widget\" data-widget_type=\"heading.default\">\n\t\t\t\t<div class=\"elementor-widget-container\">\n\t\t\t\t\t<h2 class=\"elementor-heading-title elementor-size-default\">Pras\u012bbas drukas failu\n<\/h2>\t\t\t\t<\/div>\n\t\t\t\t<\/div>\n\t\t\t\t<div class=\"elementor-element elementor-element-dc57f45 elementor-widget-divider--view-line elementor-widget elementor-widget-divider\" data-id=\"dc57f45\" data-element_type=\"widget\" data-widget_type=\"divider.default\">\n\t\t\t\t<div class=\"elementor-widget-container\">\n\t\t\t\t\t\t\t<div class=\"elementor-divider\">\n\t\t\t<span class=\"elementor-divider-separator\">\n\t\t\t\t\t\t<\/span>\n\t\t<\/div>\n\t\t\t\t\t\t<\/div>\n\t\t\t\t<\/div>\n\t\t\t\t<div class=\"elementor-element elementor-element-8f2a5a5 elementor-widget elementor-widget-text-editor\" data-id=\"8f2a5a5\" data-element_type=\"widget\" data-widget_type=\"text-editor.default\">\n\t\t\t\t<div class=\"elementor-widget-container\">\n\t\t\t\t\t\t\t\t\t<p>Lai klienta ideja k\u013c\u016btu par re\u0101lu produktu, ir nepiecie\u0161ams ilgs ce\u013c\u0161 - no dizaina l\u012bdz realiz\u0101cijai.<\/p><p>Pirm\u0101, \u013coti atbild\u012bg\u0101 darb\u012bba ir repro (pirmsdrukas) darbs, kas sagatavo klientu grafisk\u0101 dizaina maketus ra\u017eo\u0161anai, izv\u0113loties pareizos materi\u0101lus un tehnolo\u0123ijas.<\/p><h3>Atg\u0101din\u0101jums tiem, kas gatavojas preses izdevumiem:<\/h3><p><strong>Failu form\u0101ts<\/strong>: PDF (Adobe PDF iepriek\u0161 iestat\u012bts: Illustrator Default), AI, EPS, CDR. Teksti j\u0101konvert\u0113 l\u012bkn\u0113s. Import\u0113t\u0101 grafika, kas iek\u013cauta publik\u0101cij\u0101 vai iesniegta atsevi\u0161\u0137i.<\/p><p><strong>Bukleti, bro\u0161\u016bras, skrejlapas<\/strong>. PDF\/X-3, izm\u0113rs 1:1, atk\u0101pes \u0101rpus lapas (2 mm).<\/p><p><strong>Iepakojums<\/strong>: PDF (PDF tikai programm\u0101 Adobe Illustrator, saglab\u0101ts ar iestat\u012bto opciju \"Illustrator default\"), AI, EPS, CDR. Struktur\u0101lo maketu (kastes, piedurknes un taml\u012bdz\u012bgi darbi, kuru izgatavo\u0161anas process b\u016bs saist\u012bts ar strukt\u016bras loc\u012b\u0161anu, grie\u0161anu, l\u012bm\u0113\u0161anu u. c.) nedr\u012bkst padar\u012bt pieejamu t\u0101d\u0101s izdev\u0113jdarb\u012bbas lietojumprogramm\u0101s k\u0101 Adobe Indesign vai QuarkXpress, k\u0101 ar\u012b no t\u0101m eksport\u0113tajos PDF vai EPS form\u0101tos. Atsevi\u0161\u0137os sl\u0101\u0146os j\u0101nor\u0101da - grie\u0161anas nazis, lakas laukumi, kongreve, folija. \u0160os objektus iekr\u0101so atsevi\u0161\u0137\u0101 (punktveida) kr\u0101s\u0101 (v\u0113lams ar kr\u0101su nosaukumu, kas atspogu\u013co attiec\u012bgo oper\u0101ciju, piem\u0113ram, \"cir\u0161ana\", \"kongreve\", \"zelta folija\" u. c.). Izgrie\u0161anai izmantotais nazis ir gal\u012bgais nazis, ko pieg\u0101d\u0101 m\u016bsu uz\u0146\u0113muma dizainers. Izm\u0113rs 1:1. P\u0101rkl\u0101\u0161an\u0101s 2 mm.<\/p><p><strong>Eti\u0137etes<\/strong>. Prezent\u0101cija ir t\u0101da pati k\u0101 iepakojums.<br \/>Ja eti\u0137ete vai iepakojums ir sagatavots metaliz\u0113tam pap\u012bram, ir j\u0101nor\u0101da baltie \"spilventi\u0146i\" (zemes) laukumi. \"Polster\u0113jumu\" ieskaita kr\u0101su skait\u0101.<\/p><p><strong>Grafisk\u0101 kvalit\u0101te<\/strong>: izk\u0101rtojum\u0101 import\u0113t\u0101s rastra grafikas (CMYK, pel\u0113k\u0101 kr\u0101s\u0101) iz\u0161\u0137irtsp\u0113jai j\u0101b\u016bt vismaz 300 DPI, bet bitmapu iz\u0161\u0137irtsp\u0113jai - aptuveni 1200 DPI.<\/p><p><strong>Kr\u0101su korekcijas profils<\/strong>: \"Fogra39\". Kop\u0113jais tintes p\u0101rkl\u0101jums nedr\u012bkst p\u0101rsniegt 260% ofseta pap\u012bram (bez p\u0101rkl\u0101juma) vai 350% pap\u012bra ar p\u0101rkl\u0101jumu (ar p\u0101rkl\u0101jumu).<\/p><p><strong>Punktu dilat\u0101cija<\/strong>\u00a0(Dot Gain): 20 % ofseta pap\u012bram (bez p\u0101rkl\u0101juma) vai 9 % pap\u012bra ar p\u0101rkl\u0101jumu (Coated).<\/p><p><strong>Noder\u012bgi padomi jums.<\/strong><\/p><ul><li>Maziem objektiem vai tekstam, kas iekr\u0101sots meln\u0101 kr\u0101s\u0101 (0C 0M 0Y 100B), j\u0101b\u016bt akt\u012bvam atrib\u016btam \"p\u0101rspiedums\" (vai \"daudzk\u0101rt\u0113js\").<\/li><li>Ja izstr\u0101d\u0101jums b\u016bs taisnst\u016bra vai kvadr\u0101tveida, izk\u0101rtojuma izm\u0113riem (Lapas iestat\u012b\u0161ana) j\u0101atbilst griezuma form\u0101tam. P\u0101rlaidumam j\u0101b\u016bt vismaz 2 mm.<\/li><li>Ja izk\u0101rtojums dubl\u0113jas, nor\u0101diet veikt\u0101s izmai\u0146as, lai neb\u016btu j\u0101p\u0101rveido viss izk\u0101rtojums (ja izmai\u0146as nav radik\u0101las).<\/li><li>Past\u0101v\u012bgajiem klientiem un periodiskiem produktiem j\u0101izveido l\u012bgumisk\u0101s identifik\u0101cijas sist\u0113ma, kur\u0101 atspogu\u013cots produkta kods un izk\u0101rtojuma versijas numurs.<\/li><li>Izk\u0101rtojuma versijas numurs tiek main\u012bts katras p\u0101rskat\u012b\u0161anas laik\u0101. V\u0113lams, lai visas p\u0101rskat\u012b\u0161anas veiktu projekt\u0113\u0161anas a\u0123ent\u016bra, kas iesniedz maketu. Tas \u013cauj izvair\u012bties no riska, ka maketa pagaidu versija tiks nodota ra\u017eo\u0161an\u0101.<\/li><li>M\u0113s vienm\u0113r esam atv\u0113rti diskusij\u0101m un ierosin\u0101jumiem, kas stiprina sadarb\u012bbas pamatus un efekt\u012bvi ietekm\u0113 m\u016bsu kop\u012bg\u0101 darba rezult\u0101tus.<\/li><\/ul><p>Trustpack Repro noda\u013cas komanda<\/p>\t\t\t\t\t\t\t\t<\/div>\n\t\t\t\t<\/div>\n\t\t\t\t<\/div>\n\t\t\t\t\t<\/div>\n\t\t\t\t<\/div>\n\t\t\t\t<\/div>","protected":false},"excerpt":{"rendered":"<p>Reikalavimai spaudos failui Tam, kad kliento sumanyta id\u0117ja virst\u0173 realiu gaminiu, tenka nueiti ilg\u0105 keli\u0105 \u2013 nuo dizaino paruo\u0161imo iki produkto realizavimo. Pirmoji, itin atsakinga veikla \u2013 repro (ikispaustuviniai) darbai, kai klient\u0173 grafinio dizaino maketai paruo\u0161iami gamybai: parenkamos tinkamos med\u017eiagos ir technologijos. Atmintin\u0117 ruo\u0161iantiems spaudai: Byl\u0173 formatas: PDF (Adobe PDF Preset: Illustrator Default), AI, EPS, [&hellip;]<\/p>","protected":false},"author":1,"featured_media":0,"parent":0,"menu_order":0,"comment_status":"closed","ping_status":"closed","template":"","meta":{"footnotes":""},"class_list":["post-1247","page","type-page","status-publish","hentry"],"_links":{"self":[{"href":"https:\/\/trustpack.lt\/lv\/wp-json\/wp\/v2\/pages\/1247","targetHints":{"allow":["GET"]}}],"collection":[{"href":"https:\/\/trustpack.lt\/lv\/wp-json\/wp\/v2\/pages"}],"about":[{"href":"https:\/\/trustpack.lt\/lv\/wp-json\/wp\/v2\/types\/page"}],"author":[{"embeddable":true,"href":"https:\/\/trustpack.lt\/lv\/wp-json\/wp\/v2\/users\/1"}],"replies":[{"embeddable":true,"href":"https:\/\/trustpack.lt\/lv\/wp-json\/wp\/v2\/comments?post=1247"}],"version-history":[{"count":0,"href":"https:\/\/trustpack.lt\/lv\/wp-json\/wp\/v2\/pages\/1247\/revisions"}],"wp:attachment":[{"href":"https:\/\/trustpack.lt\/lv\/wp-json\/wp\/v2\/media?parent=1247"}],"curies":[{"name":"wp","href":"https:\/\/api.w.org\/{rel}","templated":true}]}}