{"id":1263,"date":"2025-06-23T00:28:47","date_gmt":"2025-06-23T00:28:47","guid":{"rendered":"https:\/\/trustpack.lt\/?page_id=1263"},"modified":"2025-07-07T05:24:46","modified_gmt":"2025-07-07T05:24:46","slug":"pirksanas-politika","status":"publish","type":"page","link":"https:\/\/trustpack.lt\/lv\/pirksanas-politika\/","title":{"rendered":"Iepirkuma politika"},"content":{"rendered":"<div data-elementor-type=\"wp-page\" data-elementor-id=\"1263\" class=\"elementor elementor-1263\">\n\t\t\t\t<div class=\"elementor-element elementor-element-3e0f08f e-flex e-con-boxed e-con e-parent\" data-id=\"3e0f08f\" data-element_type=\"container\">\n\t\t\t\t\t<div class=\"e-con-inner\">\n\t\t<div class=\"elementor-element elementor-element-2677945 e-con-full e-flex e-con e-child\" data-id=\"2677945\" data-element_type=\"container\">\n\t\t\t\t<div class=\"elementor-element elementor-element-79633a6 elementor-widget elementor-widget-heading\" data-id=\"79633a6\" data-element_type=\"widget\" data-widget_type=\"heading.default\">\n\t\t\t\t<div class=\"elementor-widget-container\">\n\t\t\t\t\t<h2 class=\"elementor-heading-title elementor-size-default\">Iepirkuma politika<\/h2>\t\t\t\t<\/div>\n\t\t\t\t<\/div>\n\t\t\t\t<div class=\"elementor-element elementor-element-dc57f45 elementor-widget-divider--view-line elementor-widget elementor-widget-divider\" data-id=\"dc57f45\" data-element_type=\"widget\" data-widget_type=\"divider.default\">\n\t\t\t\t<div class=\"elementor-widget-container\">\n\t\t\t\t\t\t\t<div class=\"elementor-divider\">\n\t\t\t<span class=\"elementor-divider-separator\">\n\t\t\t\t\t\t<\/span>\n\t\t<\/div>\n\t\t\t\t\t\t<\/div>\n\t\t\t\t<\/div>\n\t\t\t\t<div class=\"elementor-element elementor-element-6b864b3 elementor-widget elementor-widget-heading\" data-id=\"6b864b3\" data-element_type=\"widget\" data-widget_type=\"heading.default\">\n\t\t\t\t<div class=\"elementor-widget-container\">\n\t\t\t\t\t<h2 class=\"elementor-heading-title elementor-size-default\">UAB \"Trustpack IEPIRKUMA POLITIKA<\/h2>\t\t\t\t<\/div>\n\t\t\t\t<\/div>\n\t\t\t\t<div class=\"elementor-element elementor-element-4b2b3ff elementor-widget elementor-widget-text-editor\" data-id=\"4b2b3ff\" data-element_type=\"widget\" data-widget_type=\"text-editor.default\">\n\t\t\t\t<div class=\"elementor-widget-container\">\n\t\t\t\t\t\t\t\t\t<p>Pildot iepirkumu, liel\u0101k\u0101 uzman\u012bba, lai nodro\u0161in\u0101tu to p\u0101rskat\u0101m\u012bbu, izdar\u012bt p\u0113c taisn\u012bguma un tiesiskuma principi.<\/p><p>M\u016bsu m\u0113r\u0137is ir nodro\u0161in\u0101t m\u016bsu ra\u017eotajiem produktiem ir visaugst\u0101k\u0101 kvalit\u0101te. M\u016bsu produkti pan\u0101kumi vienm\u0113r ir atkar\u012bgs no izejvielu kvalit\u0101tes, t\u0101p\u0113c m\u0113s cen\u0161amies, lai apmierin\u0101tu katra klienta pras\u012bb\u0101m.<\/p><p>M\u016bsu darb\u012bbas atbilst visiem ties\u012bbu aktiem un noteikumiem. M\u0113s nusistatyt\u0105 iepirkuma \u0113tika.<\/p>\t\t\t\t\t\t\t\t<\/div>\n\t\t\t\t<\/div>\n\t\t\t\t<div class=\"elementor-element elementor-element-76b6430 elementor-icon-list--layout-traditional elementor-list-item-link-full_width elementor-widget elementor-widget-icon-list\" data-id=\"76b6430\" data-element_type=\"widget\" data-widget_type=\"icon-list.default\">\n\t\t\t\t<div class=\"elementor-widget-container\">\n\t\t\t\t\t\t\t<ul class=\"elementor-icon-list-items\">\n\t\t\t\t\t\t\t<li class=\"elementor-icon-list-item\">\n\t\t\t\t\t\t\t\t\t\t\t<span class=\"elementor-icon-list-icon\">\n\t\t\t\t\t\t\t<i aria-hidden=\"true\" class=\"fas fa-dot-circle\"><\/i>\t\t\t\t\t\t<\/span>\n\t\t\t\t\t\t\t\t\t\t<span class=\"elementor-icon-list-text\">Aizliegta personisk\u0101s intereses attiec\u012bb\u0101s ar pieg\u0101d\u0101t\u0101jiem;<\/span>\n\t\t\t\t\t\t\t\t\t<\/li>\n\t\t\t\t\t\t\t\t<li class=\"elementor-icon-list-item\">\n\t\t\t\t\t\t\t\t\t\t\t<span class=\"elementor-icon-list-icon\">\n\t\t\t\t\t\t\t<i aria-hidden=\"true\" class=\"fas fa-dot-circle\"><\/i>\t\t\t\t\t\t<\/span>\n\t\t\t\t\t\t\t\t\t\t<span class=\"elementor-icon-list-text\">Aizliegta da\u017e\u0101d\u0101s viesm\u012bl\u012bbas d\u0101vanas no pieg\u0101d\u0101t\u0101jiem, piek\u013c\u016bt saviem pied\u0101v\u0101jumiem un priek\u0161likumus;<\/span>\n\t\t\t\t\t\t\t\t\t<\/li>\n\t\t\t\t\t\t\t\t<li class=\"elementor-icon-list-item\">\n\t\t\t\t\t\t\t\t\t\t\t<span class=\"elementor-icon-list-icon\">\n\t\t\t\t\t\t\t<i aria-hidden=\"true\" class=\"fas fa-dot-circle\"><\/i>\t\t\t\t\t\t<\/span>\n\t\t\t\t\t\t\t\t\t\t<span class=\"elementor-icon-list-text\">Veicina soci\u0101lo un vides sadarb\u012bbu.<\/span>\n\t\t\t\t\t\t\t\t\t<\/li>\n\t\t\t\t\t\t<\/ul>\n\t\t\t\t\t\t<\/div>\n\t\t\t\t<\/div>\n\t\t\t\t<div class=\"elementor-element elementor-element-0952492 elementor-widget elementor-widget-text-editor\" data-id=\"0952492\" data-element_type=\"widget\" data-widget_type=\"text-editor.default\">\n\t\t\t\t<div class=\"elementor-widget-container\">\n\t\t\t\t\t\t\t\t\t<p>M\u0113s saglab\u0101t objekt\u012bvu un TAISN\u012aGU PIEEJU PIEG\u0100D\u0100T\u0100JIEM un cen\u0161amies izveidot darba, uztic\u0113\u0161anos balst\u012btas attiec\u012bbas ar vi\u0146iem. Pieprasot no saviem pieg\u0101d\u0101t\u0101jiem, lai nodro\u0161in\u0101tu kvalitat\u012bvu produktu par zem\u0101ko cenu iesp\u0113jams iepriek\u0161 saska\u0146ot\u0101 laik\u0101, mums j\u0101sadarbojas ar tiem, populariz\u0113jot vides aizsardz\u012bbas idejas un soci\u0101li atbild\u012bgu uz\u0146\u0113m\u0113jdarb\u012bbu. M\u0113s esam atkar\u012bgi no m\u016bsu pieg\u0101d\u0101t\u0101jiem un sagaida no saviem god\u012bgi un ilgtermi\u0146a sadarb\u012bbu.<\/p><p>M\u0113s NODRO\u0160IN\u0100TU, ka katru no pieg\u0101d\u0101t\u0101jiem, KONFIDENCIALIT\u0100TI, m\u0113s nevaram izpaust un publiski neskelbiame pieg\u0101d\u0101t\u0101jiem konfidenci\u0101la inform\u0101cija, ko esam sa\u0146\u0113mu\u0161i par pirkumiem.<\/p><p>M\u0113s esam SOCI\u0100LI ATBILD\u012aGS UZ\u0145\u0112MUMS, t\u0101d\u0113\u013c m\u0113s sagaid\u0101m, ka pieg\u0101d\u0101t\u0101ji ar mums, lai mekl\u0113 izmaksu samazin\u0101\u0161anas iesp\u0113jas samazin\u0101t produktu vides slogu.<\/p>\t\t\t\t\t\t\t\t<\/div>\n\t\t\t\t<\/div>\n\t\t\t\t<\/div>\n\t\t\t\t\t<\/div>\n\t\t\t\t<\/div>\n\t\t\t\t<\/div>","protected":false},"excerpt":{"rendered":"<p>Iepirkumu politika UAB Trustpack IEG\u0100D\u0100JUMU POLITIKA Veicot iepirkumus, m\u0113s koncentr\u0113jamies uz p\u0101rredzam\u012bbu, god\u012bgumu un taisn\u012bgumu. M\u0113s cen\u0161amies nodro\u0161in\u0101t, lai m\u016bsu produkti b\u016btu augst\u0101k\u0101s kvalit\u0101tes. M\u016bsu produktu pan\u0101kumi vienm\u0113r ir atkar\u012bgi no izejvielu kvalit\u0101tes, un m\u0113s cen\u0161amies maksim\u0101li apmierin\u0101t katra klienta pras\u012bbas. M\u016bsu darb\u012bba atbilst vis\u0101m ties\u012bbu norm\u0101m un noteikumiem. M\u0113s iev\u0113rojam m\u016bsu noteikto iepirkumu \u0113tiku: Person\u012bg\u0101 [...]<\/p>","protected":false},"author":1,"featured_media":0,"parent":0,"menu_order":0,"comment_status":"closed","ping_status":"closed","template":"","meta":{"footnotes":""},"class_list":["post-1263","page","type-page","status-publish","hentry"],"_links":{"self":[{"href":"https:\/\/trustpack.lt\/lv\/wp-json\/wp\/v2\/pages\/1263","targetHints":{"allow":["GET"]}}],"collection":[{"href":"https:\/\/trustpack.lt\/lv\/wp-json\/wp\/v2\/pages"}],"about":[{"href":"https:\/\/trustpack.lt\/lv\/wp-json\/wp\/v2\/types\/page"}],"author":[{"embeddable":true,"href":"https:\/\/trustpack.lt\/lv\/wp-json\/wp\/v2\/users\/1"}],"replies":[{"embeddable":true,"href":"https:\/\/trustpack.lt\/lv\/wp-json\/wp\/v2\/comments?post=1263"}],"version-history":[{"count":0,"href":"https:\/\/trustpack.lt\/lv\/wp-json\/wp\/v2\/pages\/1263\/revisions"}],"wp:attachment":[{"href":"https:\/\/trustpack.lt\/lv\/wp-json\/wp\/v2\/media?parent=1263"}],"curies":[{"name":"wp","href":"https:\/\/api.w.org\/{rel}","templated":true}]}}