{"id":1277,"date":"2025-06-23T00:31:50","date_gmt":"2025-06-23T00:31:50","guid":{"rendered":"https:\/\/trustpack.lt\/?page_id=1277"},"modified":"2026-02-13T12:01:25","modified_gmt":"2026-02-13T10:01:25","slug":"privatuma-politika","status":"publish","type":"page","link":"https:\/\/trustpack.lt\/lv\/privatuma-politika\/","title":{"rendered":"Priv\u0101tuma politika"},"content":{"rendered":"<div data-elementor-type=\"wp-page\" data-elementor-id=\"1277\" class=\"elementor elementor-1277\">\n\t\t\t\t<div class=\"elementor-element elementor-element-3e0f08f e-flex e-con-boxed e-con e-parent\" data-id=\"3e0f08f\" data-element_type=\"container\">\n\t\t\t\t\t<div class=\"e-con-inner\">\n\t\t<div class=\"elementor-element elementor-element-2677945 e-con-full e-flex e-con e-child\" data-id=\"2677945\" data-element_type=\"container\">\n\t\t\t\t<div class=\"elementor-element elementor-element-79633a6 elementor-widget elementor-widget-heading\" data-id=\"79633a6\" data-element_type=\"widget\" data-widget_type=\"heading.default\">\n\t\t\t\t<div class=\"elementor-widget-container\">\n\t\t\t\t\t<h2 class=\"elementor-heading-title elementor-size-default\">Priv\u0101tuma politika<\/h2>\t\t\t\t<\/div>\n\t\t\t\t<\/div>\n\t\t\t\t<div class=\"elementor-element elementor-element-dc57f45 elementor-widget-divider--view-line elementor-widget elementor-widget-divider\" data-id=\"dc57f45\" data-element_type=\"widget\" data-widget_type=\"divider.default\">\n\t\t\t\t<div class=\"elementor-widget-container\">\n\t\t\t\t\t\t\t<div class=\"elementor-divider\">\n\t\t\t<span class=\"elementor-divider-separator\">\n\t\t\t\t\t\t<\/span>\n\t\t<\/div>\n\t\t\t\t\t\t<\/div>\n\t\t\t\t<\/div>\n\t\t\t\t<div class=\"elementor-element elementor-element-8f2a5a5 elementor-widget elementor-widget-text-editor\" data-id=\"8f2a5a5\" data-element_type=\"widget\" data-widget_type=\"text-editor.default\">\n\t\t\t\t<div class=\"elementor-widget-container\">\n\t\t\t\t\t\t\t\t\t<p>\u0160\u012b Priv\u0101tuma politika ir paredz\u0113ta person\u0101m, kuras izmanto UAB Trustpack (turpm\u0101k tekst\u0101 - Sabiedr\u012bba vai m\u0113s) sniegtos pakalpojumus un apmekl\u0113 Sabiedr\u012bbas t\u012bmek\u013ca vietni www.trustpack.lt (turpm\u0101k tekst\u0101 - Vietne).<\/p><p>Izmantojot T\u012bmek\u013ca vietni, nos\u016btot savus datus, aizpildot piepras\u012bjuma veidlapu, nos\u016btot vai cit\u0101di iesniedzot savu CV vai turpinot p\u0101rl\u016bkot T\u012bmek\u013ca vietni, j\u016bs apstiprin\u0101t, ka esat izlas\u012bjis \u0161o Priv\u0101tuma politiku un neiebilstat pret t\u0101s noteikumiem, k\u0101 ar\u012b piekr\u012btat, ka Sabiedr\u012bba v\u0101c datus par jums, ko Sabiedr\u012bba sa\u0146em, kad j\u016bs p\u0101rl\u016bkojat T\u012bmek\u013ca vietni, aizpild\u0101t piepras\u012bjuma veidlapu, nos\u016bt\u0101t savu CV vai cit\u0101di piesak\u0101ties Sabiedr\u012bb\u0101.<\/p><p>\u0160\u012bs konfidencialit\u0101tes politikas m\u0113r\u0137is nav vienoties ar jums par to, k\u0101 tiks apstr\u0101d\u0101ti j\u016bsu dati. M\u0113s inform\u0113jam j\u016bs par to, k\u0101du inform\u0101ciju m\u0113s apkopojam par jums, kad j\u016bs apmekl\u0113jat Vietni, kam m\u0113s \u0161o inform\u0101ciju nododam un k\u0101 m\u0113s varam ar to r\u012bkoties.<\/p><p>Ja nepiekr\u012btat, ka Sabiedr\u012bba v\u0101c datus par jums, l\u016bdzu, nesniedziet mums savus personas datus un\/vai nep\u0101rl\u016bkojiet T\u012bmek\u013ca vietni.<\/p><h5><strong>1. \u0160aj\u0101 konfidencialit\u0101tes politik\u0101 lietotie termini<\/strong><\/h5><p><em>Personas dati<\/em>\u00a0- jebk\u0101da inform\u0101cija, kas attiecas uz identific\u0113tu vai identific\u0113jamu fizisku personu (jums); identific\u0113jama fiziska persona ir persona, kuru var tie\u0161i vai netie\u0161i identific\u0113t, jo \u012bpa\u0161i atsaucoties uz identifikatoru, piem\u0113ram, v\u0101rdu, atra\u0161an\u0101s vietas datiem un tie\u0161saistes identifikatoru, vai uz vienu vai vair\u0101kiem faktoriem, kas rakstur\u012bgi \u0161\u012bs fizisk\u0101s personas fiziskajai, fiziolo\u0123iskajai, \u0123en\u0113tiskajai, gar\u012bgajai, ekonomiskajai, kult\u016bras vai soci\u0101lajai identit\u0101tei.<\/p><p><em>Datu subjekts<\/em>\u00a0- fiziska persona (j\u016bs), kas izmanto Pakalpojumus vai ir juridiskas personas p\u0101rst\u0101vis, vai persona, kas p\u0101rl\u016bko T\u012bmek\u013ca vietni.<\/p><p><em>Datu p\u0101rzinis<\/em>\u00a0- Trustpack UAB, kas nosaka datu v\u0101k\u0161anas pamatu, apstr\u0101des nol\u016bkus un l\u012bdzek\u013cus.T\u012bmek\u013ca vietne - uz\u0146\u0113muma t\u012bmek\u013ca vietne.\u00a0<a href=\"https:\/\/trustpack.lt\/lv\/\">www.trustpack.lt<\/a>.<\/p><p><em>S\u012bkfaili<\/em>\u00a0- neliela, pla\u0161i izmantota teksta datne ar unik\u0101lu identifik\u0101cijas numuru, kas tiek nos\u016bt\u012bta uz katra datu subjekta ier\u012bci, ar kuru vi\u0146\u0161 vai vi\u0146a piesl\u0113dzas T\u012bmek\u013ca vietnei vai p\u0101rl\u016bko to. S\u012bkdatnes tiek ievietotas datu subjekta ier\u012bc\u0113 tikai ar vi\u0146a piekri\u0161anu. T\u0101s \u013cauj mums uzraudz\u012bt Datu subjekta darb\u012bbas T\u012bmek\u013ca vietn\u0113, v\u0101kt datus par vi\u0146u, lai nodro\u0161in\u0101tu T\u012bmek\u013ca vietnes netrauc\u0113tu darb\u012bbu, uzraudz\u012bt statistikas inform\u0101ciju un sniegt specializ\u0113tus pied\u0101v\u0101jumus.<\/p><p><em>Tie\u0161ais m\u0101rketings<\/em>\u00a0- darb\u012bbas, kad Datu subjektam tiek sniegta inform\u0101cija, specializ\u0113ti pied\u0101v\u0101jumi pa t\u0101lruni, e-pastu vai jebk\u0101diem citiem l\u012bdzek\u013ciem, lai pied\u0101v\u0101tu un\/vai pieg\u0101d\u0101tu Sabiedr\u012bbas preces\/pakalpojumus, lai noskaidrotu viedokli vai sa\u0146emtu jebk\u0101du citu atgriezenisko saiti.<\/p><p><em>Datu aizsardz\u012bbas ties\u012bbu akti<\/em>\u00a0- Eiropas Parlamenta un Padomes 2016. gada 27. apr\u012b\u013ca Regula (ES) 2016\/679 par fizisku personu aizsardz\u012bbu attiec\u012bb\u0101 uz personas datu apstr\u0101di un \u0161\u0101du datu br\u012bvu apriti un ar ko atce\u013c Direkt\u012bvu 95\/46\/EK (Visp\u0101r\u012bg\u0101 datu aizsardz\u012bbas regula), Lietuvas Republikas Personas datu tiesisk\u0101s aizsardz\u012bbas likums un valsts kompetent\u0101s iest\u0101des noteiktie personas datu apstr\u0101des noteikumi.<\/p><h5><strong>2. K\u0101dus principus m\u0113s iev\u0113rojam, apstr\u0101d\u0101jot personas datus?\u00a0<\/strong><\/h5><p>M\u016bsu m\u0113r\u0137is ir apstr\u0101d\u0101t j\u016bsu personas datus godpr\u0101t\u012bgi, p\u0101rredzami un likum\u012bgi. M\u0113s apliecin\u0101m, ka visi personas dati tiek apstr\u0101d\u0101ti saska\u0146\u0101 ar personas datu aizsardz\u012bbas likumiem, kas reglament\u0113 personas datu apstr\u0101di.<\/p><p>M\u0113s nodro\u0161in\u0101m, ka v\u0101cam tikai t\u0101dus personas datus, kas ir nepiecie\u0161ami, lai \u012bstenotu Sabiedr\u012bbas m\u0113r\u0137us, un ka j\u016bsu dati tiek apstr\u0101d\u0101ti tikai tiem nol\u016bkiem, k\u0101diem tie tika v\u0101kti, un tikai t\u0101d\u0101 apjom\u0101, kas nepiecie\u0161ams, lai sasniegtu konkr\u0113to personas datu apstr\u0101des m\u0113r\u0137i. M\u0113s garant\u0113jam, ka veiksim visus nepiecie\u0161amos pas\u0101kumus, lai nodro\u0161in\u0101tu, ka neprec\u012bzi un nepareizi dati tiek dz\u0113sti vai izlaboti p\u0113c iesp\u0113jas \u0101tr\u0101k.<\/p><p>M\u016bsu apstr\u0101d\u0101to personas datu apjoms ir atkar\u012bgs no inform\u0101cijas, ko sniedzat, apmekl\u0113jot t\u012bmek\u013ca vietni, aizpildot piepras\u012bjuma veidlapu vai sniedzot savus datus darba attiec\u012bbu ar Sabiedr\u012bbu nol\u016bk\u0101 vai apmekl\u0113jot Sabiedr\u012bbas telpas. Datu apstr\u0101de tiek veikta, tikai pamatojoties uz apstr\u0101des likum\u012bgo pamatu.\u00a0<\/p><h5><strong>3. K\u0101dus personas datus m\u0113s apstr\u0101d\u0101jam?\u00a0<\/strong><\/h5><p>Inform\u0101cija, ko sniedzat tie\u0161i j\u016bs, aizpildot piepras\u012bjuma veidlapu: v\u0101rds, uzv\u0101rds, e-pasta adrese, t\u0101lru\u0146a numurs, uz\u0146\u0113muma vai organiz\u0101cijas nosaukums, kuru j\u016bs p\u0101rst\u0101vat, un cita inform\u0101cija, ko sniedzat mums, p\u0101rl\u016bkojot Vietni.<\/p><p>Inform\u0101cija, ko sniedzat, lai str\u0101d\u0101tu uz\u0146\u0113mum\u0101. Ja v\u0113laties pieteikties darb\u0101 Sabiedr\u012bb\u0101, parasti jums b\u016bs j\u0101sniedz mums \u0161\u0101di personas dati: dz\u012bves apraksts (CV), v\u0101rds, uzv\u0101rds, e-pasta adrese. Ja sniegsiet vair\u0101k inform\u0101cijas par sevi (personas datu), m\u0113s to saprat\u012bsim k\u0101 j\u016bsu nep\u0101rprotamu piekri\u0161anu apstr\u0101d\u0101t \u0161\u0101dus papildu datus.<\/p><p>Inform\u0101cija par to, k\u0101 j\u016bs izmantojat m\u016bsu T\u012bmek\u013ca vietni: inform\u0101cija, ko m\u0113s sa\u0146emam, kad j\u016bs p\u0101rl\u016bkojat T\u012bmek\u013ca vietni, tostarp j\u016bsu IP adrese, \u0123eogr\u0101fisk\u0101 atra\u0161an\u0101s vieta vai cita inform\u0101cija par j\u016bsu datoru vai citu j\u016bsu izmantoto ier\u012bci. M\u0113s sniedzam ar\u012b inform\u0101ciju par j\u016bsu darb\u012bb\u0101m Vietn\u0113, piem\u0113ram, statistiku par j\u016bsu apmekl\u0113jumu ilgumu, lapu mekl\u0113\u0161anu, klik\u0161\u0137u skaitu, p\u0101rl\u016bko\u0161anas v\u0113sturi utt.\u00a0<\/p><h5><strong>4. K\u0101diem m\u0113r\u0137iem m\u0113s izmantojam j\u016bsu personas datus?\u00a0<\/strong><\/h5><p>Sabiedr\u012bba izmanto Personas datus \u0161\u0101diem m\u0113r\u0137iem:<\/p><p>lai pas\u016bt\u012btu uz\u0146\u0113muma pakalpojumus\/preces. Aizpildot piepras\u012bjuma veidlapu, datu subjektam ir j\u0101sniedz personas dati t\u0101d\u0101 apjom\u0101, k\u0101ds nepiecie\u0161ams, lai pas\u016bt\u012btu konkr\u0113tu pakalpojumu\/preci. Dati tiek izmantoti pied\u0101v\u0101juma snieg\u0161anas nol\u016bk\u0101, apstr\u0101des juridiskais pamats ir l\u012bguma nosl\u0113g\u0161ana ar potenci\u0101lo klientu.\u00a0\u00a0<\/p><p>Personas dati, kurus j\u016bs sniedzat, piesakoties darb\u0101 uz\u0146\u0113mum\u0101, tiek apstr\u0101d\u0101ti, lai nosl\u0113gtu darba l\u012bgumu ar potenci\u0101lo darbinieku, un apstr\u0101des juridiskais pamats ir l\u012bguma nosl\u0113g\u0161ana ar datu subjektu.<\/p><p>T\u012bmek\u013ca vietnes datpl\u016bsmas statistikas anal\u012bzei. M\u016bsu m\u0113r\u0137is ir nodro\u0161in\u0101t t\u012bmek\u013ca vietnes netrauc\u0113tu un kvalitat\u012bvu darb\u012bbu, uzlabot to un piel\u0101got m\u016bsu klientu vajadz\u012bb\u0101m. Datu apstr\u0101des juridiskais pamats ir datu subjekta piekri\u0161ana.<\/p><p>tie\u0161\u0101 m\u0101rketinga nol\u016bkos. M\u016bsu m\u0113r\u0137is ir uztur\u0113t attiec\u012bbas ar m\u016bsu klientiem, lai m\u0113s var\u0113tu sniegt specializ\u0113tus pied\u0101v\u0101jumus, akcijas u. c., k\u0101 ar\u012b administr\u0113t piepras\u012bjumus, ko j\u016bs iesniedzat, sazinoties ar uz\u0146\u0113mumu. Datu apstr\u0101des juridiskais pamats ir datu subjekta piekri\u0161ana.<\/p><p>Citiem m\u0113r\u0137iem. M\u0113s varam apstr\u0101d\u0101t j\u016bsu personas datus citiem m\u0113r\u0137iem, ja mums ir j\u016bsu piekri\u0161ana to dar\u012bt.<\/p><h5><strong>5. Personas datu apstr\u0101de ar m\u0113r\u0137i str\u0101d\u0101t uz\u0146\u0113mum\u0101<\/strong><\/h5><p>Ja j\u016bs piesak\u0101ties uz konkr\u0113tu amatu, bet jums netiek pied\u0101v\u0101ts darbs vai j\u016bs neesat nor\u0101d\u012bjis, ka piesak\u0101ties uz konkr\u0113tu amatu, ar j\u016bsu piekri\u0161anu m\u0113s uzglab\u0101sim un apstr\u0101d\u0101sim datus uz\u0146\u0113muma kandid\u0101tu datub\u0101z\u0113 turpm\u0101kai pie\u0146em\u0161anai darb\u0101 uz laiku, kas nep\u0101rsniedz 6 (se\u0161us m\u0113ne\u0161us). \u0160\u0101d\u0101 gad\u012bjum\u0101 sniegtie dati tiks ievad\u012bti Sabiedr\u012bbas kandid\u0101tu (potenci\u0101lo darbinieku) datub\u0101z\u0113. Visu datu glab\u0101\u0161anas laiku m\u0113s varam izv\u0113rt\u0113t j\u016bsu kandidat\u016bru un izteikt jums pied\u0101v\u0101jumu ie\u0146emt amatu Sabiedr\u012bb\u0101. Datu apstr\u0101des pamats ir datu subjekta (j\u016bsu) piekri\u0161ana.\u00a0<\/p><p>Ja j\u016bs nepiekr\u012btat savu personas datu uzglab\u0101\u0161anai un apstr\u0101dei uz\u0146\u0113muma kandid\u0101tu datub\u0101z\u0113 turpm\u0101ku darb\u0101 pie\u0146em\u0161anas procesu vajadz\u012bb\u0101m, j\u016bsu dati tiks dz\u0113sti p\u0113c tam, kad b\u016bs beidzies attiec\u012bg\u0101s amata vietas atlases process.\u00a0<\/p><p>Savu piekri\u0161anu varat atsaukt jebkur\u0101 laik\u0101, sazinoties ar mums, izmantojot zem\u0101k nor\u0101d\u012bto kontaktinform\u0101ciju.\u00a0<\/p><h5><strong>6. Inform\u0101cija par s\u012bkfailu izmanto\u0161anu<\/strong><\/h5><p>L\u016bdzu, \u0146emiet v\u0113r\u0101, ka t\u012bmek\u013ca vietn\u0113 m\u0113s izmantojam s\u012bkfailus, lai nodro\u0161in\u0101tu lab\u0101ku p\u0101rl\u016bko\u0161anas pieredzi un uzzin\u0101tu par t\u012bmek\u013ca vietnes apmekl\u0113t\u0101ju uzved\u012bbu. S\u012bkdatnes \u013cauj mums apkopot statistikas inform\u0101ciju un nodro\u0161in\u0101t T\u012bmek\u013ca vietnes funkcionalit\u0101tes kvalit\u0101ti.\u00a0<\/p><p>\u0160aj\u0101 vietn\u0113 tiek izmantotas s\u012bkdatnes:<\/p><ul><li>laravel_session<\/li><li>XSRF-TOKEN<\/li><\/ul><p>S\u012bkfailus var ievietot tikai tad, ja to at\u013cauj j\u016bsu izmantot\u0101s ier\u012bces iestat\u012bjumi. P\u0101rl\u016bkojot t\u012bmek\u013ca vietni, j\u016bs piekr\u012btat s\u012bkdat\u0146u ierakst\u012b\u0161anai. Savu piekri\u0161anu jebkur\u0101 laik\u0101 varat atsaukt, mainot p\u0101rl\u016bkprogrammas iestat\u012bjumus un dz\u0113\u0161ot saglab\u0101t\u0101s s\u012bkdatnes.<\/p><p>Daudzas p\u0101rl\u016bkprogrammas ir iestat\u012btas autom\u0101tiski pie\u0146emt s\u012bkfailus. J\u016bs varat atsp\u0113jot s\u012bkfailus sav\u0101 p\u0101rl\u016bkprogramm\u0101, bet, l\u016bdzu, \u0146emiet v\u0113r\u0101, ka s\u012bkfailu dz\u0113\u0161ana var pal\u0113nin\u0101t p\u0101rl\u016bko\u0161anas laiku Vietn\u0113, blo\u0137\u0113t piek\u013cuvi vai cit\u0101di ierobe\u017eot da\u017eas Vietnes funkcijas, kas ir nepiecie\u0161amas, lai Vietne darbotos pareizi. Ja jums nepiecie\u0161ama pla\u0161\u0101ka inform\u0101cija par s\u012bkdatn\u0113m, l\u016bdzu, apmekl\u0113jiet \u0161\u0101du t\u012bmek\u013ca vietni\u00a0<a href=\"http:\/\/www.allaboutcookies.org\/\" target=\"_blank\" rel=\"noopener\">http:\/\/www.allaboutcookies.org<\/a>kur atrad\u012bsiet detaliz\u0113tu, neatkar\u012bgu inform\u0101ciju par to, k\u0101 atsp\u0113jot s\u012bkfailus p\u0101rl\u016bkprogrammas preferenc\u0113s un k\u0101 no\u0146emt s\u012bkfailus, kas jau ir j\u016bsu dator\u0101. Lai no\u0146emtu s\u012bkfailus no mobil\u0101 t\u0101lru\u0146a, jums b\u016bs j\u0101izlasa t\u0101lru\u0146a lietot\u0101ja rokasgr\u0101mata.<\/p><h5><strong>7. K\u0101 atteikties no tie\u0161\u0101 m\u0101rketinga?<\/strong><\/h5><p>J\u016bs varat atteikties no Sabiedr\u012bbas tie\u0161\u0101 m\u0101rketinga, noklik\u0161\u0137inot uz atteikuma saites e-pasta v\u0113stul\u0113 vai sazinoties ar mums, izmantojot zem\u0101k nor\u0101d\u012bto kontaktinform\u0101ciju.<\/p><h5><strong>8. K\u0101 m\u0113s aizsarg\u0101jam j\u016bsu datus?<\/strong><\/h5><p>M\u0113s nodro\u0161in\u0101m, ka m\u016bsu v\u0101ktie dati ir atbilsto\u0161i un nepiecie\u0161ami tikai to v\u0101k\u0161anas nol\u016bkiem. M\u0113s garant\u0113jam, ka personas dati tiek apstr\u0101d\u0101ti godpr\u0101t\u012bgi un izmantoti tikai tiem nol\u016bkiem, k\u0101diem tie tika v\u0101kti.<\/p><p>Sabiedr\u012bba J\u016bsu personas datus glab\u0101s 3 (tr\u012bs) gadus no to iesnieg\u0161anas dienas, iz\u0146emot gad\u012bjumus, kad datu subjekts pieprasa cit\u0101di, vai ja to pieprasa likums, vai ja \u0161aj\u0101 konfidencialit\u0101tes politik\u0101 ir noteikts cit\u0101di.<\/p><p>Uz\u0146\u0113mums ap\u0146emas aizsarg\u0101t j\u016bsu personas datus pret neat\u013cautu p\u0101rveido\u0161anu, izpau\u0161anu, kr\u0101p\u0161anu vai jebk\u0101du citu neatbilsto\u0161u r\u012bc\u012bbu.<\/p><p>Uz\u0146\u0113mums nav atbild\u012bgs par datu \u013caunpr\u0101t\u012bgu izmanto\u0161anu, ja t\u0101 notikusi datu subjekta vainas d\u0113\u013c.<\/p><h5><strong>9. Vai uz\u0146\u0113mums izmanto datu apstr\u0101d\u0101t\u0101jus?<\/strong><\/h5><p>Sabiedr\u012bba apstr\u0101d\u0101 personas datus, izmantojot personas datu apstr\u0101d\u0101t\u0101jus, kas mums sniedz gr\u0101matved\u012bbas, person\u0101la administr\u0113\u0161anas, t\u012bmek\u013ca vietnes hostinga, datu centra un\/vai serveru nomas, IT uztur\u0113\u0161anas, \u0101r\u0113j\u0101 audita un citus pakalpojumus.<\/p><p>M\u0113s nodro\u0161in\u0101m, ka m\u016bsu piesaist\u012btie apstr\u0101d\u0101t\u0101ji ir ties\u012bgi apstr\u0101d\u0101t j\u016bsu datus tikai p\u0113c Sabiedr\u012bbas nor\u0101d\u012bjumiem un tikai t\u0101d\u0101 apjom\u0101, kas nepiecie\u0161ams, lai pien\u0101c\u012bgi izpild\u012btu l\u012bgum\u0101 noteikt\u0101s saist\u012bbas Sabiedr\u012bbas darb\u012bbai. Izmantojot apstr\u0101d\u0101t\u0101jus, m\u0113s cen\u0161amies nodro\u0161in\u0101t, ka apstr\u0101d\u0101t\u0101ji ir ieviesu\u0161i atbilsto\u0161us organizatoriskos un tehniskos dro\u0161\u012bbas pas\u0101kumus un saglab\u0101 j\u016bsu datu konfidencialit\u0101ti.<\/p><h5><strong>10. Vai j\u016bsu datus var izpaust cit\u0101m person\u0101m?<\/strong><\/h5><p>M\u0113s varam sniegt j\u016bsu personas datus tre\u0161aj\u0101m pus\u0113m:<br \/>(a) str\u012bda gad\u012bjum\u0101 - juristiem, kas mums sniedz juridiskos pakalpojumus;<br \/>(b) izmantotie procesori;<br \/>c) valsts iest\u0101des un citas personas Lietuvas Republikas ties\u012bbu aktos noteiktaj\u0101 k\u0101rt\u012bb\u0101.<\/p><h5><strong>11. K\u0101di datu dro\u0161\u012bbas pas\u0101kumi tiek izmantoti?<\/strong><\/h5><p>M\u0113s garant\u0113jam j\u016bsu sniegto personas datu konfidencialit\u0101ti. Uz\u0146\u0113mums ir ieviesis nepiecie\u0161amo apr\u012bkojumu, lai nodro\u0161in\u0101tu lietot\u0101ju datu dro\u0161\u012bbu pret nesankcion\u0113tu uzlau\u0161anu vai neat\u013cautu izmanto\u0161anu, p\u0101rveido\u0161anu, nelikum\u012bgu vai nejau\u0161u izn\u012bcin\u0101\u0161anu. Personas dati netiek p\u0101rs\u016bt\u012bti \u0101rpus Eiropas Savien\u012bbas.<\/p><h5><strong>12. K\u0101das ir j\u016bsu ties\u012bbas?<\/strong><\/h5><p>a) uzzin\u0101t savus personas datus un to, k\u0101 tie tiek apstr\u0101d\u0101ti (piek\u013cuves ties\u012bbas).<br \/>(b) piepras\u012bt labot vai, atkar\u012bb\u0101 no personas datu apstr\u0101des nol\u016bkiem, papildin\u0101t nepiln\u012bgus personas datus (ties\u012bbas uz labojumu).<br \/>c) Piepras\u012bt savu datu izn\u012bcin\u0101\u0161anu vai datu apstr\u0101des (iz\u0146emot glab\u0101\u0161anu) aptur\u0113\u0161anu (ties\u012bbas uz dz\u0113\u0161anu un ties\u012bbas tikt aizmirstam).<br \/>d) piepras\u012bt p\u0101rzinim ierobe\u017eot personas datu apstr\u0101di (ties\u012bbas ierobe\u017eot).<br \/>e) ties\u012bbas uz datu p\u0101rnesam\u012bbu (ties\u012bbas p\u0101rnest).<br \/>f) iebilst pret personas datu apstr\u0101di tie\u0161\u0101 m\u0101rketinga nol\u016bkos; \u0161\u0101d\u0101 gad\u012bjum\u0101 j\u016bs varat zaud\u0113t iesp\u0113ju tikt inform\u0113ts par \u0161\u012bm ties\u012bb\u0101m.<br \/>(g) atsaukt piekri\u0161anu personas datu apstr\u0101dei tiem nol\u016bkiem, kuriem piekri\u0161ana tika dota.<br \/>h) iesniegt s\u016bdz\u012bbu Valsts datu aizsardz\u012bbas inspekcijai.<br \/>Lai izmantotu \u0161\u012bs ties\u012bbas, l\u016bdzu, sazinieties ar mums rakstiski vai rakstiet mums uz t\u0101l\u0101k nor\u0101d\u012bto e-pasta adresi no mums sniegt\u0101s e-pasta adreses. M\u0113s nesniedzam \u0161\u0101du inform\u0101ciju pa t\u0101lruni.<\/p><h5><strong>13. Nobeiguma noteikumi<\/strong><\/h5><p>Sabiedr\u012bba nav atbild\u012bga par jebk\u0101du kait\u0113jumu un\/vai datu subjekta datu boj\u0101jumu un\/vai zaud\u0113jumu, p\u0101rveido\u0161anu vai citu datu nepareizu izn\u012bcin\u0101\u0161anu, kas radies vi\u0146a pa\u0161a vainas, tre\u0161o personu t\u012b\u0161as r\u012bc\u012bbas, nepareizas T\u012bmek\u013ca vietnes izmanto\u0161anas vai citu nepareizu darb\u012bbu, kas nav Sabiedr\u012bbas vaina, rezult\u0101t\u0101.<\/p><p>Sabiedr\u012bba patur ties\u012bbas atteikties izpild\u012bt j\u016bsu datu apstr\u0101des piepras\u012bjumus, ja tie ir nepamatoti, neadekv\u0101ti un nesam\u0113r\u012bgi, k\u0101 ar\u012b ja datu subjektu neapmierina Sabiedr\u012bbas sniegt\u0101 datu iesnieg\u0161anas forma.<\/p><p>Aizpildot parakstu, rakstot e-pastu, nos\u016btot piepras\u012bjumu vai cit\u0101di sazinoties ar Uz\u0146\u0113mumu, j\u016bs neiebilstat pret Uz\u0146\u0113muma ties\u012bb\u0101m sazin\u0101ties ar jums.<\/p><p>Sabiedr\u012bbai ir ties\u012bbas jebkur\u0101 laik\u0101 atjaunin\u0101t Priv\u0101tuma politiku, kas st\u0101jas sp\u0113k\u0101 p\u0113c t\u0101s public\u0113\u0161anas Vietn\u0113.<\/p><p>Par visiem datu apstr\u0101des jaut\u0101jumiem varat sazin\u0101ties ar mums, izmantojot t\u0101l\u0101k nor\u0101d\u012bto kontaktinform\u0101ciju:<\/p><p>UAB \"Trustpack\"<br \/>adresas: V\u0117trungi\u0173 g. 69, LT-06304 Vilnius, Lietuva<br \/>e-pasts:\u00a0<a href=\"mailto:info@trustpack.lt\"><span style=\"color: #1b2d59;\">info@trustpack.lt<\/span><\/a><\/p><p>\u0160\u012b konfidencialit\u0101tes politika tika atjaunin\u0101ta 2021. gada 14. j\u016bnij\u0101.<\/p>\t\t\t\t\t\t\t\t<\/div>\n\t\t\t\t<\/div>\n\t\t\t\t<\/div>\n\t\t\t\t\t<\/div>\n\t\t\t\t<\/div>\n\t\t\t\t<\/div>","protected":false},"excerpt":{"rendered":"<p>Privatumo politika \u0160i Privatumo politika yra skirta asmenims, kurie naudojasi UAB &#8222;Trustpack&#8221; (toliau vadinama Bendrov\u0117 arba mes) teikiamomis paslaugomis ir lankosi Bendrov\u0117s internetin\u0117je svetain\u0117je www.trustpack.lt (toliau vadinama Svetain\u0117). Naudodamiesi Svetaine, pateikdami savo duomenis, pildydami u\u017eklausos form\u0105, si\u0173sdami ar kitu b\u016bdu pateikdami savo gyvenimo apra\u0161ym\u0105 (CV), t\u0119sdami nar\u0161ym\u0105 Svetain\u0117je, J\u016bs patvirtinate, kad susipa\u017einote su \u0161ia Privatumo [&hellip;]<\/p>","protected":false},"author":1,"featured_media":0,"parent":0,"menu_order":0,"comment_status":"closed","ping_status":"closed","template":"","meta":{"footnotes":""},"class_list":["post-1277","page","type-page","status-publish","hentry"],"_links":{"self":[{"href":"https:\/\/trustpack.lt\/lv\/wp-json\/wp\/v2\/pages\/1277","targetHints":{"allow":["GET"]}}],"collection":[{"href":"https:\/\/trustpack.lt\/lv\/wp-json\/wp\/v2\/pages"}],"about":[{"href":"https:\/\/trustpack.lt\/lv\/wp-json\/wp\/v2\/types\/page"}],"author":[{"embeddable":true,"href":"https:\/\/trustpack.lt\/lv\/wp-json\/wp\/v2\/users\/1"}],"replies":[{"embeddable":true,"href":"https:\/\/trustpack.lt\/lv\/wp-json\/wp\/v2\/comments?post=1277"}],"version-history":[{"count":3,"href":"https:\/\/trustpack.lt\/lv\/wp-json\/wp\/v2\/pages\/1277\/revisions"}],"predecessor-version":[{"id":3902,"href":"https:\/\/trustpack.lt\/lv\/wp-json\/wp\/v2\/pages\/1277\/revisions\/3902"}],"wp:attachment":[{"href":"https:\/\/trustpack.lt\/lv\/wp-json\/wp\/v2\/media?parent=1277"}],"curies":[{"name":"wp","href":"https:\/\/api.w.org\/{rel}","templated":true}]}}