{"id":155,"date":"2025-06-16T15:37:35","date_gmt":"2025-06-16T15:37:35","guid":{"rendered":"https:\/\/trustpack.lt\/?page_id=155"},"modified":"2025-12-11T12:18:30","modified_gmt":"2025-12-11T10:18:30","slug":"sazinieties-ar-2","status":"publish","type":"page","link":"https:\/\/trustpack.lt\/lv\/sazinieties-ar-2\/","title":{"rendered":"Kontaktinform\u0101cija"},"content":{"rendered":"<div data-elementor-type=\"wp-page\" data-elementor-id=\"155\" class=\"elementor elementor-155\">\n\t\t\t\t<div class=\"elementor-element elementor-element-518f993 e-con-full e-flex e-con e-parent\" data-id=\"518f993\" data-element_type=\"container\">\n\t\t\t\t<div class=\"elementor-element elementor-element-58a5de9 elementor-widget elementor-widget-google_maps\" data-id=\"58a5de9\" data-element_type=\"widget\" data-widget_type=\"google_maps.default\">\n\t\t\t\t<div class=\"elementor-widget-container\">\n\t\t\t\t\t\t\t<div class=\"elementor-custom-embed\">\n\t\t\t<iframe loading=\"lazy\"\n\t\t\t\t\tsrc=\"https:\/\/maps.google.com\/maps?q=Trustpack%20V%C4%97trungi%C5%B3%20g.%2069%2C%20Vilnius%2C%2006304%20Vilniaus%20m.%20sav.&#038;t=m&#038;z=14&#038;output=embed&#038;iwloc=near\"\n\t\t\t\t\ttitle=\"Trustpack V\u0117trungi\u0173 g. 69, Vi\u013c\u0146a, 06304 Vi\u013c\u0146as pils\u0113tas pa\u0161vald\u012bba\"\n\t\t\t\t\taria-label=\"Trustpack V\u0117trungi\u0173 g. 69, Vi\u013c\u0146a, 06304 Vi\u013c\u0146as pils\u0113tas pa\u0161vald\u012bba\"\n\t\t\t><\/iframe>\n\t\t<\/div>\n\t\t\t\t\t\t<\/div>\n\t\t\t\t<\/div>\n\t\t\t\t<\/div>\n\t\t<div class=\"elementor-element elementor-element-56a81cd e-flex e-con-boxed e-con e-parent\" data-id=\"56a81cd\" data-element_type=\"container\">\n\t\t\t\t\t<div class=\"e-con-inner\">\n\t\t<div class=\"elementor-element elementor-element-08cb8ae e-con-full e-flex e-con e-child\" data-id=\"08cb8ae\" data-element_type=\"container\">\n\t\t\t\t<div class=\"elementor-element elementor-element-d8ff5fe elementor-widget elementor-widget-heading\" data-id=\"d8ff5fe\" data-element_type=\"widget\" data-widget_type=\"heading.default\">\n\t\t\t\t<div class=\"elementor-widget-container\">\n\t\t\t\t\t<h1 class=\"elementor-heading-title elementor-size-default\">Kontaktinform\u0101cija<\/h1>\t\t\t\t<\/div>\n\t\t\t\t<\/div>\n\t\t\t\t<div class=\"elementor-element elementor-element-6c8ad15 elementor-widget elementor-widget-text-editor\" data-id=\"6c8ad15\" data-element_type=\"widget\" data-widget_type=\"text-editor.default\">\n\t\t\t\t<div class=\"elementor-widget-container\">\n\t\t\t\t\t\t\t\t\t<p>Vai jums ir jaut\u0101jumi vai v\u0113laties sa\u0146emt padomu par iepakojuma risin\u0101jumiem? Sazinieties ar mums - m\u0113s atbild\u0113sim \u0101tri un prec\u012bzi.<\/p>\t\t\t\t\t\t\t\t<\/div>\n\t\t\t\t<\/div>\n\t\t\t\t<div class=\"elementor-element elementor-element-61ef769 elementor-widget-divider--view-line elementor-widget elementor-widget-divider\" data-id=\"61ef769\" data-element_type=\"widget\" data-widget_type=\"divider.default\">\n\t\t\t\t<div class=\"elementor-widget-container\">\n\t\t\t\t\t\t\t<div class=\"elementor-divider\">\n\t\t\t<span class=\"elementor-divider-separator\">\n\t\t\t\t\t\t<\/span>\n\t\t<\/div>\n\t\t\t\t\t\t<\/div>\n\t\t\t\t<\/div>\n\t\t\t\t<div class=\"elementor-element elementor-element-66dcc7b elementor-widget elementor-widget-heading\" data-id=\"66dcc7b\" data-element_type=\"widget\" data-widget_type=\"heading.default\">\n\t\t\t\t<div class=\"elementor-widget-container\">\n\t\t\t\t\t<h2 class=\"elementor-heading-title elementor-size-default\">Kontaktinform\u0101cija<\/h2>\t\t\t\t<\/div>\n\t\t\t\t<\/div>\n\t\t\t\t<div class=\"elementor-element elementor-element-6188f8c elementor-widget elementor-widget-text-editor\" data-id=\"6188f8c\" data-element_type=\"widget\" data-widget_type=\"text-editor.default\">\n\t\t\t\t<div class=\"elementor-widget-container\">\n\t\t\t\t\t\t\t\t\t<p>V\u0117trungi\u0173 g. 69, LT-06304 Vi\u013c\u0146a<br \/>T\u0101lr. <span style=\"color: #1b2d59;\"><a style=\"color: #1b2d59;\" href=\"tel:+37052499900\">+370 5 249 9900<\/a><\/span><br \/>E-pasts\u00a0<a href=\"mailto:info@trustpack.lt?subject=Piepras\u012bjums no t\u012bmek\u013ca vietnes\"><span style=\"color: #1b2d59;\">info@trustpack.lt<\/span><\/a><\/p>\t\t\t\t\t\t\t\t<\/div>\n\t\t\t\t<\/div>\n\t\t\t\t<div class=\"elementor-element elementor-element-762e2f0 elementor-widget elementor-widget-heading\" data-id=\"762e2f0\" data-element_type=\"widget\" data-widget_type=\"heading.default\">\n\t\t\t\t<div class=\"elementor-widget-container\">\n\t\t\t\t\t<h2 class=\"elementor-heading-title elementor-size-default\">Uz\u0146\u0113muma inform\u0101cija<\/h2>\t\t\t\t<\/div>\n\t\t\t\t<\/div>\n\t\t\t\t<div class=\"elementor-element elementor-element-1479e36 elementor-widget elementor-widget-text-editor\" data-id=\"1479e36\" data-element_type=\"widget\" data-widget_type=\"text-editor.default\">\n\t\t\t\t<div class=\"elementor-widget-container\">\n\t\t\t\t\t\t\t\t\t<p>UAB \"Trustpack\"<br \/>V\u0117trungi\u0173 g. 69, LT-06304 Vi\u013c\u0146a<br \/>Uz\u0146\u0113muma kods: 305669044<br \/>PVN kods: LT100013626418<\/p><p>Bankas inform\u0101cija:<br \/>AB \u0160iauli\u0173 banka - Artea<br \/>Bankas kods: 112025254<br \/>A\/S: LT847180300044467341<br \/>BIC \/ SWIFT: CBSBLT26<\/p>\t\t\t\t\t\t\t\t<\/div>\n\t\t\t\t<\/div>\n\t\t\t\t<\/div>\n\t\t<div class=\"elementor-element elementor-element-deda32f e-con-full e-flex e-con e-child\" data-id=\"deda32f\" data-element_type=\"container\">\n\t\t\t\t<div class=\"elementor-element elementor-element-1e85582 elementor-widget elementor-widget-heading\" data-id=\"1e85582\" data-element_type=\"widget\" data-widget_type=\"heading.default\">\n\t\t\t\t<div class=\"elementor-widget-container\">\n\t\t\t\t\t<h2 class=\"elementor-heading-title elementor-size-default\">Iesniegt piepras\u012bjumu<\/h2>\t\t\t\t<\/div>\n\t\t\t\t<\/div>\n\t\t\t\t<div class=\"elementor-element elementor-element-17372fa elementor-widget elementor-widget-text-editor\" data-id=\"17372fa\" data-element_type=\"widget\" data-widget_type=\"text-editor.default\">\n\t\t\t\t<div class=\"elementor-widget-container\">\n\t\t\t\t\t\t\t\t\t<p>Vai mekl\u0113jat uzticamu iepakojuma partneri? Aizpildiet zem\u0101k eso\u0161o veidlapu, un m\u016bsu komanda dr\u012bz ar jums sazin\u0101sies.<\/p>\t\t\t\t\t\t\t\t<\/div>\n\t\t\t\t<\/div>\n\t\t\t\t<div class=\"elementor-element elementor-element-6ba232c elementor-widget-divider--view-line elementor-widget elementor-widget-divider\" data-id=\"6ba232c\" data-element_type=\"widget\" data-widget_type=\"divider.default\">\n\t\t\t\t<div class=\"elementor-widget-container\">\n\t\t\t\t\t\t\t<div class=\"elementor-divider\">\n\t\t\t<span class=\"elementor-divider-separator\">\n\t\t\t\t\t\t<\/span>\n\t\t<\/div>\n\t\t\t\t\t\t<\/div>\n\t\t\t\t<\/div>\n\t\t\t\t<div class=\"elementor-element elementor-element-ed61c3e elementor-widget elementor-widget-formidable\" data-id=\"ed61c3e\" data-element_type=\"widget\" data-widget_type=\"formidable.default\">\n\t\t\t\t<div class=\"elementor-widget-container\">\n\t\t\t\t\t<div class=\"frm_forms  with_frm_style frm_style_formidable-style\" id=\"frm_form_3_container\" data-token=\"f2d27104cbf0d664832cf9fe0f04ffaa\">\n<form enctype=\"multipart\/form-data\" method=\"post\" class=\"frm-show-form  frm_pro_form\" id=\"form_susisiekti\" data-token=\"f2d27104cbf0d664832cf9fe0f04ffaa\" action=\"\">\n<div class=\"frm_form_fields\">\n<fieldset>\n<legend class=\"frm_screen_reader\">Sazinieties ar<\/legend>\r\n\r\n<div class=\"frm_fields_container\">\n<input type=\"hidden\" name=\"frm_action\" value=\"create\" \/>\n<input type=\"hidden\" name=\"form_id\" value=\"3\" \/>\n<input type=\"hidden\" name=\"frm_hide_fields_3\" id=\"frm_hide_fields_3\" value=\"\" \/>\n<input type=\"hidden\" name=\"form_key\" value=\"susisiekti\" \/>\n<input type=\"hidden\" name=\"item_meta[0]\" value=\"\" \/>\n<input type=\"hidden\" id=\"frm_submit_entry_3\" name=\"frm_submit_entry_3\" value=\"923992f60f\" \/><input type=\"hidden\" name=\"_wp_http_referer\" value=\"\/lv\/wp-json\/wp\/v2\/pages\/155\" \/><div id=\"frm_field_49_container\" class=\"frm_form_field form-field  frm_required_field frm_top_container frm6 frm_first\">\r\n\t<label for=\"field_e4cma\" id=\"field_e4cma_label\" class=\"frm_primary_label\">V\u0101rds*\r\n\t\t<span class=\"frm_required\" aria-hidden=\"true\"><\/span>\r\n\t<\/label>\r\n\t<input  type=\"text\" id=\"field_e4cma\" name=\"item_meta[49]\" value=\"\"  data-reqmsg=\"Vardas* negali b\u016bti tu\u0161\u010dias.\" aria-required=\"true\" data-invmsg=\"Vardas* is invalid\" aria-invalid=\"false\"   \/>\r\n\t\r\n\t\r\n<\/div>\n<div id=\"frm_field_50_container\" class=\"frm_form_field form-field  frm_required_field frm_top_container frm6\">\r\n\t<label for=\"field_acd7u\" id=\"field_acd7u_label\" class=\"frm_primary_label\">El. e-pasts*\r\n\t\t<span class=\"frm_required\" aria-hidden=\"true\"><\/span>\r\n\t<\/label>\r\n\t<input type=\"email\" id=\"field_acd7u\" name=\"item_meta[50]\" value=\"\"  autocomplete=\"email\"  data-reqmsg=\"El. pa\u0161tas* negali b\u016bti tu\u0161\u010dias.\" aria-required=\"true\" data-invmsg=\"El. pa\u0161tas* is invalid\" aria-invalid=\"false\"  \/>\r\n\t\r\n\t\r\n<\/div>\n<div id=\"frm_field_51_container\" class=\"frm_form_field form-field  frm_top_container\">\r\n\t<label for=\"field_vxaz5\" id=\"field_vxaz5_label\" class=\"frm_primary_label\">Uz\u0146\u0113muma nosaukums\r\n\t\t<span class=\"frm_required\" aria-hidden=\"true\"><\/span>\r\n\t<\/label>\r\n\t<input  type=\"text\" id=\"field_vxaz5\" name=\"item_meta[51]\" value=\"\"  data-invmsg=\"\u012emon\u0117s pavadinimas is invalid\" aria-invalid=\"false\"   \/>\r\n\t\r\n\t\r\n<\/div>\n<div id=\"frm_field_52_container\" class=\"frm_form_field form-field  frm_top_container\">\r\n\t<label for=\"field_lurux\" id=\"field_lurux_label\" class=\"frm_primary_label\">Zi\u0146ojums\r\n\t\t<span class=\"frm_required\" aria-hidden=\"true\"><\/span>\r\n\t<\/label>\r\n\t<textarea name=\"item_meta[52]\" id=\"field_lurux\" rows=\"5\"  data-invmsg=\"\u017dinut\u0117 is invalid\" aria-invalid=\"false\"  ><\/textarea>\r\n\t\r\n\t\r\n<\/div>\n<input type=\"hidden\" name=\"item_meta[76]\" id=\"field_nimxg\" value=\"\"     \/>\n<input type=\"hidden\" name=\"item_meta[77]\" id=\"field_utm_source\" value=\"\"     \/>\n<input type=\"hidden\" name=\"item_meta[78]\" id=\"field_utm_medium\" value=\"\"     \/>\n<input type=\"hidden\" name=\"item_meta[79]\" id=\"field_utm_campaign\" value=\"\"     \/>\n<input type=\"hidden\" name=\"item_meta[80]\" id=\"field_utm_content\" value=\"\"     \/>\n<input type=\"hidden\" name=\"item_meta[81]\" id=\"field_gclid\" value=\"\"     \/>\n<input type=\"hidden\" name=\"item_meta[82]\" id=\"field_wbraid\" value=\"\"     \/>\n<input type=\"hidden\" name=\"item_meta[83]\" id=\"field_gbraid\" value=\"\"     \/>\n<input type=\"hidden\" name=\"item_meta[84]\" id=\"field_fbclid\" value=\"\"     \/>\n<input type=\"hidden\" name=\"item_meta[85]\" id=\"field_msclkid\" value=\"\"     \/>\n<input type=\"hidden\" name=\"item_meta[86]\" id=\"field_landing_page\" value=\"\"     \/>\n<input type=\"hidden\" name=\"item_meta[87]\" id=\"field_page_url\" value=\"\"     \/>\n<input type=\"hidden\" name=\"item_meta[88]\" id=\"field_channel\" value=\"\"     \/>\n<input type=\"hidden\" name=\"item_meta[89]\" id=\"field_social_network\" value=\"\"     \/>\n<input type=\"hidden\" name=\"item_meta[90]\" id=\"field_source_domain\" value=\"\"     \/>\n<div id=\"frm_field_107_container\" class=\"frm_form_field form-field  frm_none_container\">\n\t<label for=\"g-recaptcha-response\" id=\"field_ocg3g_label\" class=\"frm_primary_label\">CAPTCHA\n\t\t<span class=\"frm_required\" aria-hidden=\"true\"><\/span>\n\t<\/label>\n\t<div  id=\"field_ocg3g\" class=\"frm-g-recaptcha\" data-sitekey=\"6LfiElksAAAAAM69kggLPUP7LLVtJNklVwgeXP1b\" data-size=\"invisible\" data-theme=\"light\"><\/div>\n\t\n\t\n<\/div>\n<div id=\"frm_field_48_container\" class=\"frm_form_field form-field\">\r\n\t<div class=\"frm_submit frm_flex\">\r\n<button class=\"frm_button_submit frm_final_submit\" type=\"submit\"   formnovalidate=\"formnovalidate\">NOS\u016aT\u012aT<\/button>\r\n\r\n\r\n\r\n<\/div>\r\n<\/div>\n\t<input type=\"hidden\" name=\"item_key\" value=\"\" \/>\n\t\t\t<div id=\"frm_field_111_container\">\n\t\t\t<label for=\"field_vihpe\" >\n\t\t\t\tJa esat cilv\u0113ks, atst\u0101jiet \u0161o lauku tuk\u0161u.\t\t\t<\/label>\n\t\t\t<input  id=\"field_vihpe\" type=\"text\" class=\"frm_form_field form-field frm_verify\" name=\"item_meta[111]\" value=\"\"  \/>\n\t\t<\/div>\n\t\t<input name=\"frm_state\" type=\"hidden\" value=\"9Yjy8RqtDafb\/ZVEyaruAQkPXLBTdSv\/909IIy089d0Gu2FhAocRP1HFqZvbmUq+\" \/><\/div>\n<\/fieldset>\n<\/div>\n\n<input type=\"hidden\" name=\"trp-form-language\" value=\"lv\"\/><\/form>\n<\/div>\n\t\t\t\t<\/div>\n\t\t\t\t<\/div>\n\t\t\t\t<\/div>\n\t\t\t\t\t<\/div>\n\t\t\t\t<\/div>\n\t\t<div class=\"elementor-element elementor-element-6cbc77a e-flex e-con-boxed e-con e-parent\" data-id=\"6cbc77a\" data-element_type=\"container\">\n\t\t\t\t\t<div class=\"e-con-inner\">\n\t\t<div class=\"elementor-element elementor-element-3e3f908 e-con-full e-flex e-con e-child\" data-id=\"3e3f908\" data-element_type=\"container\">\n\t\t\t\t<div class=\"elementor-element elementor-element-5354300 elementor-position-top elementor-widget elementor-widget-image-box\" data-id=\"5354300\" data-element_type=\"widget\" data-widget_type=\"image-box.default\">\n\t\t\t\t<div class=\"elementor-widget-container\">\n\t\t\t\t\t<div class=\"elementor-image-box-wrapper\"><figure class=\"elementor-image-box-img\"><a href=\"https:\/\/trustpack.lt\/lv\/aptaujas-veidlapa\/\" tabindex=\"-1\"><img loading=\"lazy\" decoding=\"async\" width=\"71\" height=\"100\" src=\"https:\/\/trustpack.lt\/wp-content\/uploads\/2025\/06\/icon__file.png\" class=\"attachment-full size-full wp-image-1021\" alt=\"\" title=\"\" srcset=\"https:\/\/trustpack.lt\/wp-content\/uploads\/2025\/06\/icon__file.png 71w, https:\/\/trustpack.lt\/wp-content\/uploads\/2025\/06\/icon__file-9x12.png 9w\" sizes=\"auto, (max-width: 71px) 100vw, 71px\" \/><\/a><\/figure><div class=\"elementor-image-box-content\"><h3 class=\"elementor-image-box-title\"><a href=\"https:\/\/trustpack.lt\/lv\/aptaujas-veidlapa\/\">Piepras\u012bjuma veidlapa<\/a><\/h3><p class=\"elementor-image-box-description\">\u0160eit atrad\u012bsiet piepras\u012bjuma veidlapu - l\u016bdzu, aizpildiet to p\u0113c iesp\u0113jas prec\u012bz\u0101k, lai m\u0113s var\u0113tu \u0101tr\u0101k un prec\u012bz\u0101k apr\u0113\u0137in\u0101t ra\u017eo\u0161anas izmaksas.<\/p><\/div><\/div>\t\t\t\t<\/div>\n\t\t\t\t<\/div>\n\t\t\t\t<\/div>\n\t\t<div class=\"elementor-element elementor-element-f860032 e-con-full e-flex e-con e-child\" data-id=\"f860032\" data-element_type=\"container\">\n\t\t\t\t<div class=\"elementor-element elementor-element-db52aee elementor-position-top elementor-widget elementor-widget-image-box\" data-id=\"db52aee\" data-element_type=\"widget\" data-widget_type=\"image-box.default\">\n\t\t\t\t<div class=\"elementor-widget-container\">\n\t\t\t\t\t<div class=\"elementor-image-box-wrapper\"><figure class=\"elementor-image-box-img\"><a href=\"https:\/\/trustpack.lt\/lv\/drukas-faila-prasibas\/\" tabindex=\"-1\"><img loading=\"lazy\" decoding=\"async\" width=\"92\" height=\"92\" src=\"https:\/\/trustpack.lt\/wp-content\/uploads\/2025\/06\/icon__works.png\" class=\"attachment-full size-full wp-image-1022\" alt=\"\" title=\"\" srcset=\"https:\/\/trustpack.lt\/wp-content\/uploads\/2025\/06\/icon__works.png 92w, https:\/\/trustpack.lt\/wp-content\/uploads\/2025\/06\/icon__works-12x12.png 12w\" sizes=\"auto, (max-width: 92px) 100vw, 92px\" \/><\/a><\/figure><div class=\"elementor-image-box-content\"><h3 class=\"elementor-image-box-title\"><a href=\"https:\/\/trustpack.lt\/lv\/drukas-faila-prasibas\/\"> Pras\u012bbas drukas failu<\/a><\/h3><p class=\"elementor-image-box-description\">\u0160aj\u0101 sait\u0113 ir sniegta inform\u0101cija par to, kas jums j\u0101zina, sagatavojot grafisk\u0101 dizaina maketus ra\u017eo\u0161anai.<\/p><\/div><\/div>\t\t\t\t<\/div>\n\t\t\t\t<\/div>\n\t\t\t\t<\/div>\n\t\t\t\t\t<\/div>\n\t\t\t\t<\/div>\n\t\t\t\t<\/div>","protected":false},"excerpt":{"rendered":"<p>Kontaktai Turite klausim\u0173 ar norite pasitarti d\u0117l pakuot\u0117s sprendim\u0173? Susisiekite su mumis \u2013 atsakysime greitai ir tiksliai. Kontaktiniai duomenys V\u0117trungi\u0173 g. 69, LT-06304 VilniusTel. +370 5 249 9900El. pa\u0161tas\u00a0info@trustpack.lt \u012emon\u0117s rekvizitai UAB \u201eTrustpack\u201cV\u0117trungi\u0173 g. 69, LT-06304 Vilnius\u012emon\u0117s kodas: 305669044PVM kodas: LT100013626418 Banko informacija:AB \u201e\u0160iauli\u0173 bankas\u201c \u2013 ArteaBanko kodas: 112025254A\/S: LT847180300044467341BIC \/ SWIFT: CBSBLT26 Pateikite u\u017eklaus\u0105 [\u2026]<\/p>","protected":false},"author":1,"featured_media":0,"parent":0,"menu_order":0,"comment_status":"closed","ping_status":"closed","template":"","meta":{"footnotes":""},"class_list":["post-155","page","type-page","status-publish","hentry"],"_links":{"self":[{"href":"https:\/\/trustpack.lt\/lv\/wp-json\/wp\/v2\/pages\/155","targetHints":{"allow":["GET"]}}],"collection":[{"href":"https:\/\/trustpack.lt\/lv\/wp-json\/wp\/v2\/pages"}],"about":[{"href":"https:\/\/trustpack.lt\/lv\/wp-json\/wp\/v2\/types\/page"}],"author":[{"embeddable":true,"href":"https:\/\/trustpack.lt\/lv\/wp-json\/wp\/v2\/users\/1"}],"replies":[{"embeddable":true,"href":"https:\/\/trustpack.lt\/lv\/wp-json\/wp\/v2\/comments?post=155"}],"version-history":[{"count":0,"href":"https:\/\/trustpack.lt\/lv\/wp-json\/wp\/v2\/pages\/155\/revisions"}],"wp:attachment":[{"href":"https:\/\/trustpack.lt\/lv\/wp-json\/wp\/v2\/media?parent=155"}],"curies":[{"name":"wp","href":"https:\/\/api.w.org\/{rel}","templated":true}]}}