{"id":3237,"date":"2025-09-09T09:30:29","date_gmt":"2025-09-09T09:30:29","guid":{"rendered":"https:\/\/trustpack.lt\/?page_id=3237"},"modified":"2026-03-18T16:10:02","modified_gmt":"2026-03-18T14:10:02","slug":"konsultacijas","status":"publish","type":"page","link":"https:\/\/trustpack.lt\/lv\/konsultacijas\/","title":{"rendered":"Konsult\u0101cijas"},"content":{"rendered":"<div data-elementor-type=\"wp-page\" data-elementor-id=\"3237\" class=\"elementor elementor-3237\">\n\t\t\t\t<div class=\"elementor-element elementor-element-e242695 e-flex e-con-boxed e-con e-parent\" data-id=\"e242695\" data-element_type=\"container\" data-settings=\"{&quot;background_background&quot;:&quot;classic&quot;}\">\n\t\t\t\t\t<div class=\"e-con-inner\">\n\t\t<div class=\"elementor-element elementor-element-e4babfd e-con-full e-flex e-con e-child\" data-id=\"e4babfd\" data-element_type=\"container\">\n\t\t\t\t<div class=\"elementor-element elementor-element-70fd14e elementor-widget elementor-widget-heading\" data-id=\"70fd14e\" data-element_type=\"widget\" data-widget_type=\"heading.default\">\n\t\t\t\t<div class=\"elementor-widget-container\">\n\t\t\t\t\t<h1 class=\"elementor-heading-title elementor-size-default\">Individu\u0101la uzman\u012bba katram klientam un vi\u0146a vajadz\u012bb\u0101m<\/h1>\t\t\t\t<\/div>\n\t\t\t\t<\/div>\n\t\t\t\t<div class=\"elementor-element elementor-element-ef7594f elementor-widget-divider--view-line elementor-widget elementor-widget-divider\" data-id=\"ef7594f\" data-element_type=\"widget\" data-widget_type=\"divider.default\">\n\t\t\t\t<div class=\"elementor-widget-container\">\n\t\t\t\t\t\t\t<div class=\"elementor-divider\">\n\t\t\t<span class=\"elementor-divider-separator\">\n\t\t\t\t\t\t<\/span>\n\t\t<\/div>\n\t\t\t\t\t\t<\/div>\n\t\t\t\t<\/div>\n\t\t\t\t<\/div>\n\t\t<div class=\"elementor-element elementor-element-f7e8b0d e-con-full e-flex e-con e-child\" data-id=\"f7e8b0d\" data-element_type=\"container\">\n\t\t<div class=\"elementor-element elementor-element-e64ae1f e-con-full e-flex e-con e-child\" data-id=\"e64ae1f\" data-element_type=\"container\">\n\t\t\t\t<div class=\"elementor-element elementor-element-180e821 elementor-widget elementor-widget-text-editor\" data-id=\"180e821\" data-element_type=\"widget\" data-widget_type=\"text-editor.default\">\n\t\t\t\t<div class=\"elementor-widget-container\">\n\t\t\t\t\t\t\t\t\t<p><span style=\"font-weight: 400;\">Katrs projekts s\u0101kas ar pareiziem risin\u0101jumiem. T\u0101p\u0113c m\u016bsu eksperti sniedz profesion\u0101las konsult\u0101cijas par visiem iepakojuma un eti\u0137e\u0161u dizaina un ra\u017eo\u0161anas aspektiem. M\u0113s konsult\u0113jam par optim\u0101lu materi\u0101lu izv\u0113li, pal\u012bdzam izveidot funkcion\u0101lu un pievilc\u012bgu dizainu, nodro\u0161in\u0101m est\u0113tisku noform\u0113jumu un sniedzam padomus, k\u0101 sabalans\u0113t ra\u017eo\u0161anu ar ilgtsp\u0113j\u012bbas pras\u012bb\u0101m.<br \/><br \/><\/span><\/p><p><span style=\"font-weight: 400;\">M\u016bsu m\u0113r\u0137is ir pal\u012bdz\u0113t klientiem pie\u0146emt pamatotus l\u0113mumus, kas stiprina vi\u0146u z\u012bmolu un nodro\u0161ina ilgtermi\u0146a pan\u0101kumus tirg\u016b.<\/span><\/p>\t\t\t\t\t\t\t\t<\/div>\n\t\t\t\t<\/div>\n\t\t\t\t<\/div>\n\t\t<div class=\"elementor-element elementor-element-da06ec4 e-con-full elementor-hidden-mobile e-flex e-con e-child\" data-id=\"da06ec4\" data-element_type=\"container\">\n\t\t<div class=\"elementor-element elementor-element-331d23e e-con-full e-flex e-con e-child\" data-id=\"331d23e\" data-element_type=\"container\">\n\t\t\t\t<div class=\"elementor-element elementor-element-30c809b elementor-widget elementor-widget-button\" data-id=\"30c809b\" data-element_type=\"widget\" data-widget_type=\"button.default\">\n\t\t\t\t<div class=\"elementor-widget-container\">\n\t\t\t\t\t\t\t\t\t<div class=\"elementor-button-wrapper\">\n\t\t\t\t\t<a class=\"elementor-button elementor-button-link elementor-size-sm\" href=\"https:\/\/trustpack.lt\/lv\/sazinieties-ar-2\/\">\n\t\t\t\t\t\t<span class=\"elementor-button-content-wrapper\">\n\t\t\t\t\t\t<span class=\"elementor-button-icon\">\n\t\t\t\t<i aria-hidden=\"true\" class=\"fas fa-long-arrow-alt-right\"><\/i>\t\t\t<\/span>\n\t\t\t\t\t\t\t\t\t<span class=\"elementor-button-text\">Sazinieties ar mums, lai sa\u0146emtu konsult\u0101ciju<\/span>\n\t\t\t\t\t<\/span>\n\t\t\t\t\t<\/a>\n\t\t\t\t<\/div>\n\t\t\t\t\t\t\t\t<\/div>\n\t\t\t\t<\/div>\n\t\t\t\t<\/div>\n\t\t\t\t<\/div>\n\t\t\t\t<\/div>\n\t\t\t\t\t<\/div>\n\t\t\t\t<\/div>\n\t\t<div class=\"elementor-element elementor-element-f4201f3 e-flex e-con-boxed e-con e-parent\" data-id=\"f4201f3\" data-element_type=\"container\" data-settings=\"{&quot;background_background&quot;:&quot;classic&quot;}\">\n\t\t\t\t\t<div class=\"e-con-inner\">\n\t\t\t\t<div class=\"elementor-element elementor-element-4b7ddfc elementor-widget elementor-widget-heading\" data-id=\"4b7ddfc\" data-element_type=\"widget\" data-widget_type=\"heading.default\">\n\t\t\t\t<div class=\"elementor-widget-container\">\n\t\t\t\t\t<h2 class=\"elementor-heading-title elementor-size-default\">Ko m\u0113s konsult\u0113jam?<\/h2>\t\t\t\t<\/div>\n\t\t\t\t<\/div>\n\t\t\t\t<div class=\"elementor-element elementor-element-a9ed73d elementor-widget elementor-widget-text-editor\" data-id=\"a9ed73d\" data-element_type=\"widget\" data-widget_type=\"text-editor.default\">\n\t\t\t\t<div class=\"elementor-widget-container\">\n\t\t\t\t\t\t\t\t\t<p><b>Materi\u0101lu izv\u0113le<\/b><\/p><p><span style=\"font-weight: 400;\">M\u0113s pal\u012bdz\u0113sim jums izv\u0113l\u0113ties j\u016bsu produktam, dizaina idejai un bud\u017eetam vispiem\u0113rot\u0101kos izejmateri\u0101lus. M\u0113s sadarbojamies tikai ar uzticamiem pieg\u0101d\u0101t\u0101jiem, t\u0101p\u0113c varam pied\u0101v\u0101t pla\u0161u pap\u012bra, kartona un citu materi\u0101lu kl\u0101stu. M\u016bsu padomos \u0146emts v\u0113r\u0101 izstr\u0101d\u0101juma svars, uzglab\u0101\u0161anas apst\u0101k\u013ci, transport\u0113\u0161ana un vizu\u0101lais iespaids.<\/span><\/p><p><span style=\"font-weight: 400;\">\u00a0<\/span><\/p><p><b>Dizains un funkcionalit\u0101te<\/b><\/p><p><span style=\"font-weight: 400;\">Kad klients ir sniedzis inform\u0101ciju par savu produktu, m\u016bsu dizaineri mekl\u0113 lab\u0101ko veidu, k\u0101 to iek\u013caut iepakojum\u0101. M\u0113s rad\u0101m dizainu, kas ne tikai izce\u013c produkta est\u0113tiku, bet ar\u012b dro\u0161i aizsarg\u0101 to no \u0101r\u0113j\u0101s ietekmes. M\u0113s r\u016bp\u0113jamies, lai iepakojums b\u016btu \u0113rti lietojams, dro\u0161i pild\u012btu savu funkciju un izceltu klienta produktu tirg\u016b.<\/span><\/p><p><span style=\"font-weight: 400;\">\u00a0<\/span><\/p><p><b>Dizains un est\u0113tika<\/b><\/p><p><span style=\"font-weight: 400;\">M\u0113s pal\u012bdzam apvienot tehnisk\u0101s iesp\u0113jas ar rado\u0161\u0101m idej\u0101m. M\u0113s konsult\u0113jam par kr\u0101su kombin\u0101cij\u0101m, apdari un drukas tehnolo\u0123ij\u0101m, kas padar\u012bs j\u016bsu produktu izcil\u0101ku. M\u016bsu m\u0113r\u0137is ir pan\u0101kt, lai iepakojums ne tikai aizsarg\u0101tu produktu, bet ar\u012b k\u013c\u016btu par sp\u0113c\u012bgu m\u0101rketinga r\u012bku.<\/span><\/p><p><span style=\"font-weight: 400;\">\u00a0<\/span><\/p><p><b>Ilgtsp\u0113ja un atbild\u012bba<\/b><\/p><p><span style=\"font-weight: 400;\">Arvien vair\u0101k uz\u0146\u0113mumu izv\u0113las videi draudz\u012bgu iepakojumu. M\u016bsu komanda var jums ieteikt, k\u0101 samazin\u0101t izejvielu pat\u0113ri\u0146u, izmantot p\u0101rstr\u0101d\u0101tas vai FSC\u00ae sertific\u0113tas kartona k\u0101rbas un pagarin\u0101t j\u016bsu produktu dz\u012bves ciklu. M\u0113s konsult\u0113jam, k\u0101 sabalans\u0113t ilgtsp\u0113j\u012bbas principus ar est\u0113tiku un ra\u017eo\u0161anas izmaks\u0101m.<\/span><\/p><p><span style=\"font-weight: 400;\">\u00a0<\/span><\/p><p><b>Tehnolo\u0123isk\u0101s iesp\u0113jas<\/b><\/p><p><span style=\"font-weight: 400;\">Pat vienk\u0101r\u0161s dizains var k\u013c\u016bt par greznu iepakojumu, ja tiek izmantota pareiz\u0101 tehnolo\u0123ija. M\u0113s jums sniegsim padomus par to, k\u0101 da\u017e\u0101das apdares var pie\u0161\u0137irt izteiksm\u012bgumu: kongrave (reljefs) uzlabo vizu\u0101lo un taustes efektu, da\u017e\u0101das lakas (sp\u012bdums, mat\u0113jums, maiga piesk\u0101riena, reljefs) uzlabo kr\u0101su iespaidu un nodro\u0161ina aizsardz\u012bbu, bet karst\u0101 folija pie\u0161\u0137ir met\u0101lisku mirdzumu vai hologr\u0101fisku efektu. Kop\u0101 m\u0113s izv\u0113rt\u0113jam, kuras materi\u0101lu un tehnolo\u0123iju kombin\u0101cijas vislab\u0101k izcels j\u016bsu z\u012bmola unikalit\u0101ti.<\/span><\/p><p><span style=\"font-weight: 400;\">\u00a0<\/span><\/p><p><b>Optim\u0101li risin\u0101jumi<\/b><\/p><p><span style=\"font-weight: 400;\">Iepakojuma v\u0113rt\u012bbu nosaka ne tikai dizains, bet ar\u012b rentabli risin\u0101jumi. M\u016bsu komanda pal\u012bdz\u0113s jums izlemt, k\u0101du iespie\u0161anas tir\u0101\u017eu izv\u0113l\u0113ties, lai ieg\u016btu vispievilc\u012bg\u0101ko vien\u012bbas cenu. M\u0113s konsult\u0113jam, k\u0101 da\u017e\u0101di materi\u0101li vai apdares tehnolo\u0123ijas ietekm\u0113 gal\u012bgo cenu, kur var ietaup\u012bt, nezaud\u0113jot kvalit\u0101ti, un kur kompromisi nav iesp\u0113jami. T\u0101d\u0113j\u0101di klienti ieg\u016bst ne tikai izcilu produktu, bet ar\u012b racion\u0101lu ieguld\u012bjumu.<\/span><\/p>\t\t\t\t\t\t\t\t<\/div>\n\t\t\t\t<\/div>\n\t\t\t\t\t<\/div>\n\t\t\t\t<\/div>\n\t\t<div class=\"elementor-element elementor-element-a7183df e-flex e-con-boxed e-con e-parent\" data-id=\"a7183df\" data-element_type=\"container\">\n\t\t\t\t\t<div class=\"e-con-inner\">\n\t\t<div class=\"elementor-element elementor-element-2206f75 e-con-full e-flex e-con e-child\" data-id=\"2206f75\" data-element_type=\"container\">\n\t\t\t\t<div class=\"elementor-element elementor-element-938922f elementor-widget elementor-widget-heading\" data-id=\"938922f\" data-element_type=\"widget\" data-widget_type=\"heading.default\">\n\t\t\t\t<div class=\"elementor-widget-container\">\n\t\t\t\t\t<h2 class=\"elementor-heading-title elementor-size-default\">Galerija\n<\/h2>\t\t\t\t<\/div>\n\t\t\t\t<\/div>\n\t\t\t\t<div class=\"elementor-element elementor-element-33d15bb info-box gallery-spacing-custom elementor-widget elementor-widget-image-gallery\" data-id=\"33d15bb\" data-element_type=\"widget\" data-widget_type=\"image-gallery.default\">\n\t\t\t\t<div class=\"elementor-widget-container\">\n\t\t\t\t\t\t\t<div class=\"elementor-image-gallery\">\n\t\t\t<div id='gallery-1' class='gallery galleryid-3237 gallery-columns-3 gallery-size-medium_large'><figure class='gallery-item'>\n\t\t\t<div class='gallery-icon landscape'>\n\t\t\t\t<a data-elementor-open-lightbox=\"yes\" data-elementor-lightbox-slideshow=\"33d15bb\" data-elementor-lightbox-title=\"GP-kompozicija-tabakas\" data-e-action-hash=\"#elementor-action%3Aaction%3Dlightbox%26settings%3DeyJpZCI6OTAyLCJ1cmwiOiJodHRwczpcL1wvdHJ1c3RwYWNrLmx0XC93cC1jb250ZW50XC91cGxvYWRzXC8yMDI1XC8wNlwvR1Ata29tcG96aWNpamEtdGFiYWthcy5qcGciLCJzbGlkZXNob3ciOiIzM2QxNWJiIn0%3D\" href='https:\/\/trustpack.lt\/wp-content\/uploads\/2025\/06\/GP-kompozicija-tabakas.jpg'><img loading=\"lazy\" decoding=\"async\" width=\"768\" height=\"594\" src=\"https:\/\/trustpack.lt\/wp-content\/uploads\/2025\/06\/GP-kompozicija-tabakas-768x594.jpg\" class=\"attachment-medium_large size-medium_large\" alt=\"\" srcset=\"https:\/\/trustpack.lt\/wp-content\/uploads\/2025\/06\/GP-kompozicija-tabakas-768x594.jpg 768w, https:\/\/trustpack.lt\/wp-content\/uploads\/2025\/06\/GP-kompozicija-tabakas-300x232.jpg 300w, https:\/\/trustpack.lt\/wp-content\/uploads\/2025\/06\/GP-kompozicija-tabakas-1024x791.jpg 1024w, https:\/\/trustpack.lt\/wp-content\/uploads\/2025\/06\/GP-kompozicija-tabakas-1536x1187.jpg 1536w, https:\/\/trustpack.lt\/wp-content\/uploads\/2025\/06\/GP-kompozicija-tabakas-2048x1583.jpg 2048w\" sizes=\"auto, (max-width: 768px) 100vw, 768px\" title=\"\"><\/a>\n\t\t\t<\/div><\/figure><figure class='gallery-item'>\n\t\t\t<div class='gallery-icon landscape'>\n\t\t\t\t<a data-elementor-open-lightbox=\"yes\" data-elementor-lightbox-slideshow=\"33d15bb\" data-elementor-lightbox-title=\"GP-kompozicija-reklamine\" data-e-action-hash=\"#elementor-action%3Aaction%3Dlightbox%26settings%3DeyJpZCI6OTIxLCJ1cmwiOiJodHRwczpcL1wvdHJ1c3RwYWNrLmx0XC93cC1jb250ZW50XC91cGxvYWRzXC8yMDI1XC8wNlwvR1Ata29tcG96aWNpamEtcmVrbGFtaW5lLmpwZyIsInNsaWRlc2hvdyI6IjMzZDE1YmIifQ%3D%3D\" href='https:\/\/trustpack.lt\/wp-content\/uploads\/2025\/06\/GP-kompozicija-reklamine.jpg'><img loading=\"lazy\" decoding=\"async\" width=\"768\" height=\"594\" src=\"https:\/\/trustpack.lt\/wp-content\/uploads\/2025\/06\/GP-kompozicija-reklamine-768x594.jpg\" class=\"attachment-medium_large size-medium_large\" alt=\"\" srcset=\"https:\/\/trustpack.lt\/wp-content\/uploads\/2025\/06\/GP-kompozicija-reklamine-768x594.jpg 768w, https:\/\/trustpack.lt\/wp-content\/uploads\/2025\/06\/GP-kompozicija-reklamine-300x232.jpg 300w, https:\/\/trustpack.lt\/wp-content\/uploads\/2025\/06\/GP-kompozicija-reklamine-1024x791.jpg 1024w, https:\/\/trustpack.lt\/wp-content\/uploads\/2025\/06\/GP-kompozicija-reklamine-1536x1187.jpg 1536w, https:\/\/trustpack.lt\/wp-content\/uploads\/2025\/06\/GP-kompozicija-reklamine-2048x1583.jpg 2048w\" sizes=\"auto, (max-width: 768px) 100vw, 768px\" title=\"\"><\/a>\n\t\t\t<\/div><\/figure><figure class='gallery-item'>\n\t\t\t<div class='gallery-icon landscape'>\n\t\t\t\t<a data-elementor-open-lightbox=\"yes\" data-elementor-lightbox-slideshow=\"33d15bb\" data-elementor-lightbox-title=\"GP-kompozicija-maistas-konditerija\" data-e-action-hash=\"#elementor-action%3Aaction%3Dlightbox%26settings%3DeyJpZCI6ODEyLCJ1cmwiOiJodHRwczpcL1wvdHJ1c3RwYWNrLmx0XC93cC1jb250ZW50XC91cGxvYWRzXC8yMDI1XC8wNlwvR1Ata29tcG96aWNpamEtbWFpc3Rhcy1rb25kaXRlcmlqYS5qcGciLCJzbGlkZXNob3ciOiIzM2QxNWJiIn0%3D\" href='https:\/\/trustpack.lt\/wp-content\/uploads\/2025\/06\/GP-kompozicija-maistas-konditerija.jpg'><img loading=\"lazy\" decoding=\"async\" width=\"768\" height=\"594\" src=\"https:\/\/trustpack.lt\/wp-content\/uploads\/2025\/06\/GP-kompozicija-maistas-konditerija-768x594.jpg\" class=\"attachment-medium_large size-medium_large\" alt=\"\" srcset=\"https:\/\/trustpack.lt\/wp-content\/uploads\/2025\/06\/GP-kompozicija-maistas-konditerija-768x594.jpg 768w, https:\/\/trustpack.lt\/wp-content\/uploads\/2025\/06\/GP-kompozicija-maistas-konditerija-300x232.jpg 300w, https:\/\/trustpack.lt\/wp-content\/uploads\/2025\/06\/GP-kompozicija-maistas-konditerija-1024x791.jpg 1024w, https:\/\/trustpack.lt\/wp-content\/uploads\/2025\/06\/GP-kompozicija-maistas-konditerija-1536x1187.jpg 1536w, https:\/\/trustpack.lt\/wp-content\/uploads\/2025\/06\/GP-kompozicija-maistas-konditerija-2048x1583.jpg 2048w\" sizes=\"auto, (max-width: 768px) 100vw, 768px\" title=\"\"><\/a>\n\t\t\t<\/div><\/figure><figure class='gallery-item'>\n\t\t\t<div class='gallery-icon landscape'>\n\t\t\t\t<a data-elementor-open-lightbox=\"yes\" data-elementor-lightbox-slideshow=\"33d15bb\" data-elementor-lightbox-title=\"GP-kompozicija-farmacija-korekcija\" data-e-action-hash=\"#elementor-action%3Aaction%3Dlightbox%26settings%3DeyJpZCI6Mzc3LCJ1cmwiOiJodHRwczpcL1wvdHJ1c3RwYWNrLmx0XC93cC1jb250ZW50XC91cGxvYWRzXC8yMDI1XC8wNlwvR1Ata29tcG96aWNpamEtZmFybWFjaWphLWtvcmVrY2lqYS5qcGciLCJzbGlkZXNob3ciOiIzM2QxNWJiIn0%3D\" href='https:\/\/trustpack.lt\/wp-content\/uploads\/2025\/06\/GP-kompozicija-farmacija-korekcija.jpg'><img loading=\"lazy\" decoding=\"async\" width=\"768\" height=\"594\" src=\"https:\/\/trustpack.lt\/wp-content\/uploads\/2025\/06\/GP-kompozicija-farmacija-korekcija-768x594.jpg\" class=\"attachment-medium_large size-medium_large\" alt=\"\" srcset=\"https:\/\/trustpack.lt\/wp-content\/uploads\/2025\/06\/GP-kompozicija-farmacija-korekcija-768x594.jpg 768w, https:\/\/trustpack.lt\/wp-content\/uploads\/2025\/06\/GP-kompozicija-farmacija-korekcija-300x232.jpg 300w, https:\/\/trustpack.lt\/wp-content\/uploads\/2025\/06\/GP-kompozicija-farmacija-korekcija-1024x791.jpg 1024w, https:\/\/trustpack.lt\/wp-content\/uploads\/2025\/06\/GP-kompozicija-farmacija-korekcija-1536x1187.jpg 1536w, https:\/\/trustpack.lt\/wp-content\/uploads\/2025\/06\/GP-kompozicija-farmacija-korekcija-2048x1583.jpg 2048w\" sizes=\"auto, (max-width: 768px) 100vw, 768px\" title=\"\"><\/a>\n\t\t\t<\/div><\/figure><figure class='gallery-item'>\n\t\t\t<div class='gallery-icon landscape'>\n\t\t\t\t<a data-elementor-open-lightbox=\"yes\" data-elementor-lightbox-slideshow=\"33d15bb\" data-elementor-lightbox-title=\"GP-kompozicija-etiketes\" data-e-action-hash=\"#elementor-action%3Aaction%3Dlightbox%26settings%3DeyJpZCI6Mzc2LCJ1cmwiOiJodHRwczpcL1wvdHJ1c3RwYWNrLmx0XC93cC1jb250ZW50XC91cGxvYWRzXC8yMDI1XC8wNlwvR1Ata29tcG96aWNpamEtZXRpa2V0ZXMuanBnIiwic2xpZGVzaG93IjoiMzNkMTViYiJ9\" href='https:\/\/trustpack.lt\/wp-content\/uploads\/2025\/06\/GP-kompozicija-etiketes.jpg'><img loading=\"lazy\" decoding=\"async\" width=\"768\" height=\"594\" src=\"https:\/\/trustpack.lt\/wp-content\/uploads\/2025\/06\/GP-kompozicija-etiketes-768x594.jpg\" class=\"attachment-medium_large size-medium_large\" alt=\"\" srcset=\"https:\/\/trustpack.lt\/wp-content\/uploads\/2025\/06\/GP-kompozicija-etiketes-768x594.jpg 768w, https:\/\/trustpack.lt\/wp-content\/uploads\/2025\/06\/GP-kompozicija-etiketes-300x232.jpg 300w, https:\/\/trustpack.lt\/wp-content\/uploads\/2025\/06\/GP-kompozicija-etiketes-1024x791.jpg 1024w, https:\/\/trustpack.lt\/wp-content\/uploads\/2025\/06\/GP-kompozicija-etiketes-1536x1187.jpg 1536w, https:\/\/trustpack.lt\/wp-content\/uploads\/2025\/06\/GP-kompozicija-etiketes-2048x1583.jpg 2048w\" sizes=\"auto, (max-width: 768px) 100vw, 768px\" title=\"\"><\/a>\n\t\t\t<\/div><\/figure><figure class='gallery-item'>\n\t\t\t<div class='gallery-icon landscape'>\n\t\t\t\t<a data-elementor-open-lightbox=\"yes\" data-elementor-lightbox-slideshow=\"33d15bb\" data-elementor-lightbox-title=\"GP-kompozicija-gerimai\" data-e-action-hash=\"#elementor-action%3Aaction%3Dlightbox%26settings%3DeyJpZCI6Mzc4LCJ1cmwiOiJodHRwczpcL1wvdHJ1c3RwYWNrLmx0XC93cC1jb250ZW50XC91cGxvYWRzXC8yMDI1XC8wNlwvR1Ata29tcG96aWNpamEtZ2VyaW1haS5qcGciLCJzbGlkZXNob3ciOiIzM2QxNWJiIn0%3D\" href='https:\/\/trustpack.lt\/wp-content\/uploads\/2025\/06\/GP-kompozicija-gerimai.jpg'><img loading=\"lazy\" decoding=\"async\" width=\"768\" height=\"593\" src=\"https:\/\/trustpack.lt\/wp-content\/uploads\/2025\/06\/GP-kompozicija-gerimai-768x593.jpg\" class=\"attachment-medium_large size-medium_large\" alt=\"\" srcset=\"https:\/\/trustpack.lt\/wp-content\/uploads\/2025\/06\/GP-kompozicija-gerimai-768x593.jpg 768w, https:\/\/trustpack.lt\/wp-content\/uploads\/2025\/06\/GP-kompozicija-gerimai-300x232.jpg 300w, https:\/\/trustpack.lt\/wp-content\/uploads\/2025\/06\/GP-kompozicija-gerimai-1024x791.jpg 1024w, https:\/\/trustpack.lt\/wp-content\/uploads\/2025\/06\/GP-kompozicija-gerimai-1536x1186.jpg 1536w, https:\/\/trustpack.lt\/wp-content\/uploads\/2025\/06\/GP-kompozicija-gerimai-2048x1582.jpg 2048w\" sizes=\"auto, (max-width: 768px) 100vw, 768px\" title=\"\"><\/a>\n\t\t\t<\/div><\/figure>\n\t\t<\/div>\n\t\t<\/div>\n\t\t\t\t\t\t<\/div>\n\t\t\t\t<\/div>\n\t\t\t\t<\/div>\n\t\t\t\t\t<\/div>\n\t\t\t\t<\/div>\n\t\t<div class=\"elementor-element elementor-element-d21d878 e-flex e-con-boxed e-con e-parent\" data-id=\"d21d878\" data-element_type=\"container\" data-settings=\"{&quot;background_background&quot;:&quot;classic&quot;}\">\n\t\t\t\t\t<div class=\"e-con-inner\">\n\t\t\t\t<div class=\"elementor-element elementor-element-2c93e5a elementor-widget elementor-widget-heading\" data-id=\"2c93e5a\" data-element_type=\"widget\" data-widget_type=\"heading.default\">\n\t\t\t\t<div class=\"elementor-widget-container\">\n\t\t\t\t\t<h3 class=\"elementor-heading-title elementor-size-default\">K\u0101p\u0113c izv\u0113l\u0113ties m\u016bs?<\/h3>\t\t\t\t<\/div>\n\t\t\t\t<\/div>\n\t\t\t\t<div class=\"elementor-element elementor-element-3915ad8 elementor-widget elementor-widget-text-editor\" data-id=\"3915ad8\" data-element_type=\"widget\" data-widget_type=\"text-editor.default\">\n\t\t\t\t<div class=\"elementor-widget-container\">\n\t\t\t\t\t\t\t\t\t<ul><li style=\"font-weight: 400;\" aria-level=\"1\"><b>Partner\u012bba, ne tikai pakalpojums<\/b><span style=\"font-weight: 400;\"><span style=\"font-weight: 400;\"> - Konsult\u0101cijas uzskat\u0101m par kop\u012bgu ce\u013cojumu, t\u0101p\u0113c m\u016bsu m\u0113r\u0137is ir ne tikai sniegt ieteikumus, bet ar\u012b kop\u0101 ar jums izstr\u0101d\u0101t risin\u0101jumus, kas laika gait\u0101 nostiprin\u0101s j\u016bsu z\u012bmola poz\u012bcijas tirg\u016b.<\/span><\/span><p>\u00a0<\/p><\/li><li style=\"font-weight: 400;\" aria-level=\"1\"><b>M\u0113s augstu v\u0113rt\u0113jam katru klientu<\/b><span style=\"font-weight: 400;\"><span style=\"font-weight: 400;\"> - M\u0113s izprotam j\u016bsu uz\u0146\u0113muma specifiku, t\u0101 m\u0113r\u0137us un izaicin\u0101jumus, t\u0101p\u0113c varam pied\u0101v\u0101t risin\u0101jumus, kas ne tikai atbilst j\u016bsu v\u0113lm\u0113m, bet ar\u012b palielina j\u016bsu produkta un z\u012bmola v\u0113rt\u012bbu.<\/span><\/span><p>\u00a0<\/p><\/li><li style=\"font-weight: 400;\" aria-level=\"1\"><b>Person\u012bgie pied\u0101v\u0101jumi<\/b> - M\u0113s izv\u0113rt\u0113jam katru projektu individu\u0101li, t\u0101p\u0113c pied\u0101v\u0101jam jums piem\u0113rot\u0101kos materi\u0101lus, konstrukcijas un tehnolo\u0123ijas, nodro\u0161inot optim\u0101lu l\u012bdzsvaru starp cenu, kvalit\u0101ti un dizaina izcil\u012bbu.<\/li><\/ul>\t\t\t\t\t\t\t\t<\/div>\n\t\t\t\t<\/div>\n\t\t\t\t\t<\/div>\n\t\t\t\t<\/div>\n\t\t<div class=\"elementor-element elementor-element-ba87933 e-flex e-con-boxed e-con e-parent\" data-id=\"ba87933\" data-element_type=\"container\" data-settings=\"{&quot;background_background&quot;:&quot;classic&quot;}\">\n\t\t\t\t\t<div class=\"e-con-inner\">\n\t\t<div class=\"elementor-element elementor-element-0fb90db e-con-full e-flex e-con e-child\" data-id=\"0fb90db\" data-element_type=\"container\">\n\t\t\t\t<div class=\"elementor-element elementor-element-b4b823f elementor-widget elementor-widget-heading\" data-id=\"b4b823f\" data-element_type=\"widget\" data-widget_type=\"heading.default\">\n\t\t\t\t<div class=\"elementor-widget-container\">\n\t\t\t\t\t<h3 class=\"elementor-heading-title elementor-size-default\">Sazinieties ar mums, lai sa\u0146emtu konsult\u0101ciju\n<\/h3>\t\t\t\t<\/div>\n\t\t\t\t<\/div>\n\t\t\t\t<\/div>\n\t\t<div class=\"elementor-element elementor-element-9036aeb e-con-full e-flex e-con e-child\" data-id=\"9036aeb\" data-element_type=\"container\">\n\t\t\t\t<div class=\"elementor-element elementor-element-a6125ab elementor-widget elementor-widget-button\" data-id=\"a6125ab\" data-element_type=\"widget\" data-widget_type=\"button.default\">\n\t\t\t\t<div class=\"elementor-widget-container\">\n\t\t\t\t\t\t\t\t\t<div class=\"elementor-button-wrapper\">\n\t\t\t\t\t<a class=\"elementor-button elementor-button-link elementor-size-sm\" href=\"https:\/\/trustpack.lt\/lv\/sazinieties-ar-2\/\">\n\t\t\t\t\t\t<span class=\"elementor-button-content-wrapper\">\n\t\t\t\t\t\t<span class=\"elementor-button-icon\">\n\t\t\t\t<i aria-hidden=\"true\" class=\"fas fa-long-arrow-alt-right\"><\/i>\t\t\t<\/span>\n\t\t\t\t\t\t\t\t\t<span class=\"elementor-button-text\">Kontaktid<\/span>\n\t\t\t\t\t<\/span>\n\t\t\t\t\t<\/a>\n\t\t\t\t<\/div>\n\t\t\t\t\t\t\t\t<\/div>\n\t\t\t\t<\/div>\n\t\t\t\t<\/div>\n\t\t\t\t\t<\/div>\n\t\t\t\t<\/div>\n\t\t<div class=\"elementor-element elementor-element-01d453c elementor-hidden-desktop elementor-hidden-tablet elementor-hidden-mobile e-flex e-con-boxed e-con e-parent\" data-id=\"01d453c\" data-element_type=\"container\">\n\t\t\t\t\t<div class=\"e-con-inner\">\n\t\t<div class=\"elementor-element elementor-element-556c664 e-con-full e-flex e-con e-child\" data-id=\"556c664\" data-element_type=\"container\">\n\t\t\t\t<div class=\"elementor-element elementor-element-ea5e379 elementor-widget elementor-widget-heading\" data-id=\"ea5e379\" data-element_type=\"widget\" data-widget_type=\"heading.default\">\n\t\t\t\t<div class=\"elementor-widget-container\">\n\t\t\t\t\t<h5 class=\"elementor-heading-title elementor-size-default\">Trusted packaging partner for Swedish companies.<\/h5>\t\t\t\t<\/div>\n\t\t\t\t<\/div>\n\t\t\t\t<div class=\"elementor-element elementor-element-2bec4b0 elementor-widget elementor-widget-text-editor\" data-id=\"2bec4b0\" data-element_type=\"widget\" data-widget_type=\"text-editor.default\">\n\t\t\t\t<div class=\"elementor-widget-container\">\n\t\t\t\t\t\t\t\t\t<div class=\"ql-block\" data-block-id=\"block-4fa2919d-f0a2-4f87-93fe-13b8c6d0c561\">Supporting Swedish brands with scalable carton and paper packaging production<\/div>\t\t\t\t\t\t\t\t<\/div>\n\t\t\t\t<\/div>\n\t\t\t\t<div class=\"elementor-element elementor-element-60652ba elementor-widget elementor-widget-image\" data-id=\"60652ba\" data-element_type=\"widget\" data-widget_type=\"image.default\">\n\t\t\t\t<div class=\"elementor-widget-container\">\n\t\t\t\t\t\t\t\t\t\t\t\t\t\t\t<img loading=\"lazy\" decoding=\"async\" width=\"770\" height=\"1024\" src=\"https:\/\/trustpack.lt\/wp-content\/uploads\/2026\/03\/Siluett-logo-4F-1-770x1024.png\" class=\"attachment-large size-large wp-image-4037\" alt=\"\" srcset=\"https:\/\/trustpack.lt\/wp-content\/uploads\/2026\/03\/Siluett-logo-4F-1-770x1024.png 770w, https:\/\/trustpack.lt\/wp-content\/uploads\/2026\/03\/Siluett-logo-4F-1-226x300.png 226w, https:\/\/trustpack.lt\/wp-content\/uploads\/2026\/03\/Siluett-logo-4F-1-768x1021.png 768w, https:\/\/trustpack.lt\/wp-content\/uploads\/2026\/03\/Siluett-logo-4F-1-9x12.png 9w, https:\/\/trustpack.lt\/wp-content\/uploads\/2026\/03\/Siluett-logo-4F-1.png 815w\" sizes=\"auto, (max-width: 770px) 100vw, 770px\" title=\"\">\t\t\t\t\t\t\t\t\t\t\t\t\t\t\t<\/div>\n\t\t\t\t<\/div>\n\t\t\t\t<\/div>\n\t\t\t\t\t<\/div>\n\t\t\t\t<\/div>\n\t\t\t\t<\/div>","protected":false},"excerpt":{"rendered":"<p>Personiska uzman\u012bba katram klientam un vi\u0146a vajadz\u012bb\u0101m Katrs projekts s\u0101kas ar pareiziem risin\u0101jumiem. T\u0101p\u0113c m\u016bsu eksperti sniedz profesion\u0101las konsult\u0101cijas par visiem iepakojuma un eti\u0137e\u0161u dizaina un ra\u017eo\u0161anas aspektiem. M\u0113s konsult\u0113jam par optim\u0101lu materi\u0101lu izv\u0113li, pal\u012bdzam izveidot funkcion\u0101lu un pievilc\u012bgu dizainu, nodro\u0161in\u0101m est\u0113tisku noform\u0113jumu un sniedzam padomus, k\u0101 sabalans\u0113t ra\u017eo\u0161anu ar ilgtsp\u0113j\u012bbas pras\u012bb\u0101m. M\u016bsu m\u0113r\u0137is ir pal\u012bdz\u0113t m\u016bsu klientiem [...]<\/p>","protected":false},"author":1,"featured_media":0,"parent":0,"menu_order":0,"comment_status":"closed","ping_status":"closed","template":"","meta":{"footnotes":""},"class_list":["post-3237","page","type-page","status-publish","hentry"],"_links":{"self":[{"href":"https:\/\/trustpack.lt\/lv\/wp-json\/wp\/v2\/pages\/3237","targetHints":{"allow":["GET"]}}],"collection":[{"href":"https:\/\/trustpack.lt\/lv\/wp-json\/wp\/v2\/pages"}],"about":[{"href":"https:\/\/trustpack.lt\/lv\/wp-json\/wp\/v2\/types\/page"}],"author":[{"embeddable":true,"href":"https:\/\/trustpack.lt\/lv\/wp-json\/wp\/v2\/users\/1"}],"replies":[{"embeddable":true,"href":"https:\/\/trustpack.lt\/lv\/wp-json\/wp\/v2\/comments?post=3237"}],"version-history":[{"count":18,"href":"https:\/\/trustpack.lt\/lv\/wp-json\/wp\/v2\/pages\/3237\/revisions"}],"predecessor-version":[{"id":4049,"href":"https:\/\/trustpack.lt\/lv\/wp-json\/wp\/v2\/pages\/3237\/revisions\/4049"}],"wp:attachment":[{"href":"https:\/\/trustpack.lt\/lv\/wp-json\/wp\/v2\/media?parent=3237"}],"curies":[{"name":"wp","href":"https:\/\/api.w.org\/{rel}","templated":true}]}}