{"id":3528,"date":"2025-11-05T15:04:30","date_gmt":"2025-11-05T13:04:30","guid":{"rendered":"https:\/\/trustpack.lt\/?page_id=3528"},"modified":"2026-02-25T17:13:22","modified_gmt":"2026-02-25T15:13:22","slug":"emuars","status":"publish","type":"page","link":"https:\/\/trustpack.lt\/lv\/emuars\/","title":{"rendered":"Blogs"},"content":{"rendered":"<div data-elementor-type=\"wp-page\" data-elementor-id=\"3528\" class=\"elementor elementor-3528\">\n\t\t\t\t<div class=\"elementor-element elementor-element-3e0f08f e-flex e-con-boxed e-con e-parent\" data-id=\"3e0f08f\" data-element_type=\"container\" data-settings=\"{&quot;background_background&quot;:&quot;gradient&quot;}\">\n\t\t\t\t\t<div class=\"e-con-inner\">\n\t\t<div class=\"elementor-element elementor-element-2677945 e-con-full e-flex e-con e-child\" data-id=\"2677945\" data-element_type=\"container\">\n\t\t\t\t<div class=\"elementor-element elementor-element-79633a6 elementor-widget elementor-widget-heading\" data-id=\"79633a6\" data-element_type=\"widget\" data-widget_type=\"heading.default\">\n\t\t\t\t<div class=\"elementor-widget-container\">\n\t\t\t\t\t<h1 class=\"elementor-heading-title elementor-size-default\">Blogs<\/h1>\t\t\t\t<\/div>\n\t\t\t\t<\/div>\n\t\t\t\t<div class=\"elementor-element elementor-element-dc57f45 elementor-widget-divider--view-line elementor-widget elementor-widget-divider\" data-id=\"dc57f45\" data-element_type=\"widget\" data-widget_type=\"divider.default\">\n\t\t\t\t<div class=\"elementor-widget-container\">\n\t\t\t\t\t\t\t<div class=\"elementor-divider\">\n\t\t\t<span class=\"elementor-divider-separator\">\n\t\t\t\t\t\t<\/span>\n\t\t<\/div>\n\t\t\t\t\t\t<\/div>\n\t\t\t\t<\/div>\n\t\t\t\t<\/div>\n\t\t\t\t\t<\/div>\n\t\t\t\t<\/div>\n\t\t<div class=\"elementor-element elementor-element-2b2456e e-flex e-con-boxed e-con e-parent\" data-id=\"2b2456e\" data-element_type=\"container\">\n\t\t\t\t\t<div class=\"e-con-inner\">\n\t\t\t\t<div class=\"elementor-element elementor-element-c000571 elementor-widget elementor-widget-elementskit-blog-posts\" data-id=\"c000571\" data-element_type=\"widget\" data-widget_type=\"elementskit-blog-posts.default\">\n\t\t\t\t<div class=\"elementor-widget-container\">\n\t\t\t\t\t<div class=\"ekit-wid-con\" >        <div id=\"post-items--c000571\" class=\"row post-items\">\n                    <div class=\"col-md-12\">\n\n                                    <div class=\"elementskit-blog-block-post\">\n                        <div class=\"row no-gutters\">\n                                                            <div class=\"col-md-6 order-1\">\n                                    <a href=\"https:\/\/trustpack.lt\/lv\/kartona-konditorejas-iepakojums-ka-izveleties-piemerotu-iepakojumu-desertiem\/\" class=\"elementskit-entry-thumb\">\n                                        <img decoding=\"async\" src=\"https:\/\/trustpack.lt\/wp-content\/uploads\/2026\/02\/image-4-1024x682.jpeg\" alt=\"Kartona konditorejas izstr\u0101d\u0101jumu iepakojums: k\u0101 izv\u0113l\u0113ties pareizo desertu iepakojumu\" title=\"\">\n                                    <\/a><!-- .elementskit-entry-thumb END -->\n                                <\/div>\n                            \n                            <div class=\"col-md-6 order-2\">\n                                <div class=\"elementskit-post-body\">\n                                    <div class=\"elementskit-entry-header\">\n                                        \t\t\t\t\t\t\t\t\t\t\t\t\t\t\t<h2 class=\"entry-title\">\n\t\t\t\t\t<a href=\"https:\/\/trustpack.lt\/lv\/kartona-konditorejas-iepakojums-ka-izveleties-piemerotu-iepakojumu-desertiem\/\">\n\t\t\t\t\t\tKartona konditorejas izstr\u0101d\u0101jumu iepakojums: k\u0101 izv\u0113l\u0113ties pareizo desertu iepakojumu\t\t\t\t\t<\/a>\n\t\t\t\t<\/h2>\n\t\t\t                                        \n                                                                                                                                        \n                                            \n                                                                                <\/div><!-- .elementskit-entry-header END -->\n\n                                                                            <div class=\"elementskit-post-footer\">\n                                                                                            <p>Konditerijos verslai, rinkdamiesi pakuotes, da\u017enai susiduria su keliomis pagrindin\u0117mis problemomis vienu metu. Pakuot\u0117 turi patikimai apsaugoti desertus transportavimo metu, i\u0161laikyti j\u0173 form\u0105 ir estetin\u012f vaizd\u0105, o kartu b\u016bti patogi logistikai ir sand\u0117liavimui. Per silpna konstrukcija\u2026<\/p>\n                                                                                                                                <\/div><!-- .elementskit-post-footer END -->\n                                                                    <\/div><!-- .elementskit-post-body END -->\n                            <\/div>\n                        <\/div>\n                    <\/div><!-- .elementskit-blog-block-post .radius .gradient-bg END -->\n                \n            <\/div>\n                    <div class=\"col-md-12\">\n\n                                    <div class=\"elementskit-blog-block-post\">\n                        <div class=\"row no-gutters\">\n                                                            <div class=\"col-md-6 order-1\">\n                                    <a href=\"https:\/\/trustpack.lt\/lv\/kartona-zalu-iepakojums-drosiba-un-premium-tels\/\" class=\"elementskit-entry-thumb\">\n                                        <img decoding=\"async\" src=\"https:\/\/trustpack.lt\/wp-content\/uploads\/2026\/02\/image-2-1024x768.jpeg\" alt=\"Kartona farmaceitiskais iepakojums: dro\u0161\u012bba un augst\u0101k\u0101s kvalit\u0101tes t\u0113ls\" title=\"\">\n                                    <\/a><!-- .elementskit-entry-thumb END -->\n                                <\/div>\n                            \n                            <div class=\"col-md-6 order-2\">\n                                <div class=\"elementskit-post-body\">\n                                    <div class=\"elementskit-entry-header\">\n                                        \t\t\t\t\t\t\t\t\t\t\t\t\t\t\t<h2 class=\"entry-title\">\n\t\t\t\t\t<a href=\"https:\/\/trustpack.lt\/lv\/kartona-zalu-iepakojums-drosiba-un-premium-tels\/\">\n\t\t\t\t\t\tKartona farmaceitiskais iepakojums: dro\u0161\u012bba un augst\u0101k\u0101s kvalit\u0101tes t\u0113ls\t\t\t\t\t<\/a>\n\t\t\t\t<\/h2>\n\t\t\t                                        \n                                                                                                                                        \n                                            \n                                                                                <\/div><!-- .elementskit-entry-header END -->\n\n                                                                            <div class=\"elementskit-post-footer\">\n                                                                                            <p>\u0160iandien vaist\u0173 pakuot\u0117s atlieka kur kas daugiau nei tik apsaugin\u0119 funkcij\u0105. Pakuot\u0117s yra neatsiejama produkto dalis, tiesiogiai veikianti vartotojo pasitik\u0117jim\u0105, vaisto suvokiam\u0105 kokyb\u0119 ir atitikt\u012f grie\u017etiems farmacijos reikalavimams. Dar prie\u0161 perskaitant informacin\u012f lapel\u012f ar i\u0161bandant\u2026<\/p>\n                                                                                                                                <\/div><!-- .elementskit-post-footer END -->\n                                                                    <\/div><!-- .elementskit-post-body END -->\n                            <\/div>\n                        <\/div>\n                    <\/div><!-- .elementskit-blog-block-post .radius .gradient-bg END -->\n                \n            <\/div>\n                    <div class=\"col-md-12\">\n\n                                    <div class=\"elementskit-blog-block-post\">\n                        <div class=\"row no-gutters\">\n                                                            <div class=\"col-md-6 order-1\">\n                                    <a href=\"https:\/\/trustpack.lt\/lv\/kastes-ar-apdruku-ka-iepakojums-kas-rada-un-palielina-zimola-vertibu\/\" class=\"elementskit-entry-thumb\">\n                                        <img decoding=\"async\" src=\"https:\/\/trustpack.lt\/wp-content\/uploads\/2026\/02\/image-1024x682.jpeg\" alt=\"Apdruk\u0101tas kastes: k\u0101 iepakojums rada un palielina z\u012bmola v\u0113rt\u012bbu\" title=\"\">\n                                    <\/a><!-- .elementskit-entry-thumb END -->\n                                <\/div>\n                            \n                            <div class=\"col-md-6 order-2\">\n                                <div class=\"elementskit-post-body\">\n                                    <div class=\"elementskit-entry-header\">\n                                        \t\t\t\t\t\t\t\t\t\t\t\t\t\t\t<h2 class=\"entry-title\">\n\t\t\t\t\t<a href=\"https:\/\/trustpack.lt\/lv\/kastes-ar-apdruku-ka-iepakojums-kas-rada-un-palielina-zimola-vertibu\/\">\n\t\t\t\t\t\tApdruk\u0101tas kastes: k\u0101 iepakojums rada un palielina z\u012bmola v\u0113rt\u012bbu\t\t\t\t\t<\/a>\n\t\t\t\t<\/h2>\n\t\t\t                                        \n                                                                                                                                        \n                                            \n                                                                                <\/div><!-- .elementskit-entry-header END -->\n\n                                                                            <div class=\"elementskit-post-footer\">\n                                                                                            <p>\u0160iandien pakuot\u0117s da\u017enai tampa pirmuoju prek\u0117s \u017eenklo kontaktu su klientu \u2013 dar prie\u0161 produkt\u0105, reklam\u0105 ar patirt\u012f. Klientas pamato d\u0117\u017eut\u0119 lentynoje, gauna siunt\u0105 \u012f namus ar atidaro verslo dovan\u0105, ir b\u016btent pakuot\u0117 formuoja pirm\u0105j\u012f \u012fsp\u016bd\u012f.\u2026<\/p>\n                                                                                                                                <\/div><!-- .elementskit-post-footer END -->\n                                                                    <\/div><!-- .elementskit-post-body END -->\n                            <\/div>\n                        <\/div>\n                    <\/div><!-- .elementskit-blog-block-post .radius .gradient-bg END -->\n                \n            <\/div>\n                    <div class=\"col-md-12\">\n\n                                    <div class=\"elementskit-blog-block-post\">\n                        <div class=\"row no-gutters\">\n                                                            <div class=\"col-md-6 order-1\">\n                                    <a href=\"https:\/\/trustpack.lt\/lv\/ka-izveleties-piemerotako-partikas-iepakojumu\/\" class=\"elementskit-entry-thumb\">\n                                        <img decoding=\"async\" src=\"https:\/\/trustpack.lt\/wp-content\/uploads\/2025\/12\/image-4-1024x768.jpeg\" alt=\"K\u0101 izv\u0113l\u0113ties sev piem\u0113rot\u0101ko p\u0101rtikas iepakojuma?\" title=\"\">\n                                    <\/a><!-- .elementskit-entry-thumb END -->\n                                <\/div>\n                            \n                            <div class=\"col-md-6 order-2\">\n                                <div class=\"elementskit-post-body\">\n                                    <div class=\"elementskit-entry-header\">\n                                        \t\t\t\t\t\t\t\t\t\t\t\t\t\t\t<h2 class=\"entry-title\">\n\t\t\t\t\t<a href=\"https:\/\/trustpack.lt\/lv\/ka-izveleties-piemerotako-partikas-iepakojumu\/\">\n\t\t\t\t\t\tK\u0101 izv\u0113l\u0113ties sev piem\u0113rot\u0101ko p\u0101rtikas iepakojuma?\t\t\t\t\t<\/a>\n\t\t\t\t<\/h2>\n\t\t\t                                        \n                                                                                                                                        \n                                            \n                                                                                <\/div><!-- .elementskit-entry-header END -->\n\n                                                                            <div class=\"elementskit-post-footer\">\n                                                                                            <p>Tinkama maisto pakuot\u0117 tiesiogiai lemia produkto \u0161vie\u017eum\u0105, vartotojo saugum\u0105 ir prek\u0117s \u017eenklo \u012fvaizd\u012f. Ta\u010diau verslai da\u017enai susiduria su dilema: rinktis prakti\u0161kum\u0105, estetik\u0105 ar tvarum\u0105? \u0160iame straipsnyje rasite ai\u0161kius kriterijus, padedan\u010dius suprasti, kokia pakuot\u0117 geriausiai tinka\u2026<\/p>\n                                                                                                                                <\/div><!-- .elementskit-post-footer END -->\n                                                                    <\/div><!-- .elementskit-post-body END -->\n                            <\/div>\n                        <\/div>\n                    <\/div><!-- .elementskit-blog-block-post .radius .gradient-bg END -->\n                \n            <\/div>\n                    <div class=\"col-md-12\">\n\n                                    <div class=\"elementskit-blog-block-post\">\n                        <div class=\"row no-gutters\">\n                                                            <div class=\"col-md-6 order-1\">\n                                    <a href=\"https:\/\/trustpack.lt\/lv\/iepakojuma-razosana-no-idejas-lidz-gatavam-iepakojumam\/\" class=\"elementskit-entry-thumb\">\n                                        <img decoding=\"async\" src=\"https:\/\/trustpack.lt\/wp-content\/uploads\/2025\/12\/image-1-1024x682.jpeg\" alt=\"Iepakojuma ra\u017eo\u0161ana: no idejas l\u012bdz gatavs iepakojums\" title=\"\">\n                                    <\/a><!-- .elementskit-entry-thumb END -->\n                                <\/div>\n                            \n                            <div class=\"col-md-6 order-2\">\n                                <div class=\"elementskit-post-body\">\n                                    <div class=\"elementskit-entry-header\">\n                                        \t\t\t\t\t\t\t\t\t\t\t\t\t\t\t<h2 class=\"entry-title\">\n\t\t\t\t\t<a href=\"https:\/\/trustpack.lt\/lv\/iepakojuma-razosana-no-idejas-lidz-gatavam-iepakojumam\/\">\n\t\t\t\t\t\tIepakojuma ra\u017eo\u0161ana: no idejas l\u012bdz gatavs iepakojums\t\t\t\t\t<\/a>\n\t\t\t\t<\/h2>\n\t\t\t                                        \n                                                                                                                                        \n                                            \n                                                                                <\/div><!-- .elementskit-entry-header END -->\n\n                                                                            <div class=\"elementskit-post-footer\">\n                                                                                            <p>Pakuo\u010di\u0173 gamyba jau seniai neb\u0117ra tik techninis gamybos procesas, kuriame med\u017eiaga paver\u010diama d\u0117\u017eute. Tai procesas, sujungiantis, k\u016bryb\u0105, technologijas bei prek\u0117s \u017eenklo strategij\u0105. Nuo pirmos id\u0117jos ir dizaino eskiz\u0173 iki kruop\u0161\u010diai atliekamos spaudos ir kokyb\u0117s kontrol\u0117s\u2026<\/p>\n                                                                                                                                <\/div><!-- .elementskit-post-footer END -->\n                                                                    <\/div><!-- .elementskit-post-body END -->\n                            <\/div>\n                        <\/div>\n                    <\/div><!-- .elementskit-blog-block-post .radius .gradient-bg END -->\n                \n            <\/div>\n                    <div class=\"col-md-12\">\n\n                                    <div class=\"elementskit-blog-block-post\">\n                        <div class=\"row no-gutters\">\n                                                            <div class=\"col-md-6 order-1\">\n                                    <a href=\"https:\/\/trustpack.lt\/lv\/aizkaru-tendences-2026-gadam\/\" class=\"elementskit-entry-thumb\">\n                                        <img decoding=\"async\" src=\"https:\/\/trustpack.lt\/wp-content\/uploads\/2025\/11\/image-1-1024x768.jpeg\" alt=\"Iepakojuma tendences 2026 gads\" title=\"\">\n                                    <\/a><!-- .elementskit-entry-thumb END -->\n                                <\/div>\n                            \n                            <div class=\"col-md-6 order-2\">\n                                <div class=\"elementskit-post-body\">\n                                    <div class=\"elementskit-entry-header\">\n                                        \t\t\t\t\t\t\t\t\t\t\t\t\t\t\t<h2 class=\"entry-title\">\n\t\t\t\t\t<a href=\"https:\/\/trustpack.lt\/lv\/aizkaru-tendences-2026-gadam\/\">\n\t\t\t\t\t\tIepakojuma tendences 2026 gads\t\t\t\t\t<\/a>\n\t\t\t\t<\/h2>\n\t\t\t                                        \n                                                                                                                                        \n                                            \n                                                                                <\/div><!-- .elementskit-entry-header END -->\n\n                                                                            <div class=\"elementskit-post-footer\">\n                                                                                            <p>Pakuo\u010di\u0173 sektorius \u0161iuo metu i\u0161gyvena spart\u0173 poky\u010di\u0173 laikotarp\u012f. Verslai ir vartotojai vis labiau vertina tvarum\u0105, geresn\u0119 vartotojo patirt\u012f bei atsi\u017evelgia \u012f grie\u017et\u0117jan\u010dius reguliavimo reikalavimus. Tokie sprendimai, kaip QR kodai ar papildytos realyb\u0117s elementai vis da\u017eniau\u2026<\/p>\n                                                                                                                                <\/div><!-- .elementskit-post-footer END -->\n                                                                    <\/div><!-- .elementskit-post-body END -->\n                            <\/div>\n                        <\/div>\n                    <\/div><!-- .elementskit-blog-block-post .radius .gradient-bg END -->\n                \n            <\/div>\n                    <div class=\"col-md-12\">\n\n                                    <div class=\"elementskit-blog-block-post\">\n                        <div class=\"row no-gutters\">\n                                                            <div class=\"col-md-6 order-1\">\n                                    <a href=\"https:\/\/trustpack.lt\/lv\/ilgtspejigs-iepakojums-ko-svarigi-zinat-pirms-pasutisanas\/\" class=\"elementskit-entry-thumb\">\n                                        <img decoding=\"async\" src=\"https:\/\/trustpack.lt\/wp-content\/uploads\/2025\/06\/thumbnail_15_244598_Speedmaster-XL-106-8LYYL-1-1024x819.jpg\" alt=\"Ilgtsp\u0113j\u012bgas iepakojums: k\u0101ds ir svar\u012bgi zin\u0101t, pirms pas\u016bt\u012b\u0161anas\" title=\"\">\n                                    <\/a><!-- .elementskit-entry-thumb END -->\n                                <\/div>\n                            \n                            <div class=\"col-md-6 order-2\">\n                                <div class=\"elementskit-post-body\">\n                                    <div class=\"elementskit-entry-header\">\n                                        \t\t\t\t\t\t\t\t\t\t\t\t\t\t\t<h2 class=\"entry-title\">\n\t\t\t\t\t<a href=\"https:\/\/trustpack.lt\/lv\/ilgtspejigs-iepakojums-ko-svarigi-zinat-pirms-pasutisanas\/\">\n\t\t\t\t\t\tIlgtsp\u0113j\u012bgas iepakojums: k\u0101ds ir svar\u012bgi zin\u0101t, pirms pas\u016bt\u012b\u0161anas\t\t\t\t\t<\/a>\n\t\t\t\t<\/h2>\n\t\t\t                                        \n                                                                                                                                        \n                                            \n                                                                                <\/div><!-- .elementskit-entry-header END -->\n\n                                                                            <div class=\"elementskit-post-footer\">\n                                                                                            <p>\u0160iuolaikin\u0117je rinkoje tvari pakuot\u0117 neb\u0117ra tik mada \u2013 tai verslo atsakomyb\u0117s ir s\u0105moningo po\u017ei\u016brio \u012f aplink\u0105 simbolis. Vartotojai vis da\u017eniau renkasi produktus, kuri\u0173 ekologi\u0161kos pakuot\u0117s atspindi prek\u0117s \u017eenklo vertybes, o tai rei\u0161kia, kad tvarumas tampa\u2026<\/p>\n                                                                                                                                <\/div><!-- .elementskit-post-footer END -->\n                                                                    <\/div><!-- .elementskit-post-body END -->\n                            <\/div>\n                        <\/div>\n                    <\/div><!-- .elementskit-blog-block-post .radius .gradient-bg END -->\n                \n            <\/div>\n                    <div class=\"col-md-12\">\n\n                                    <div class=\"elementskit-blog-block-post\">\n                        <div class=\"row no-gutters\">\n                                                            <div class=\"col-md-6 order-1\">\n                                    <a href=\"https:\/\/trustpack.lt\/lv\/ka-izveleties-augstakas-kvalitates-iepakojumu-sava-zimola-konstrukcijai-un-kvalitates-celvedis\/\" class=\"elementskit-entry-thumb\">\n                                        <img decoding=\"async\" src=\"https:\/\/trustpack.lt\/wp-content\/uploads\/2025\/06\/GP-kompozicija-kosmetika-parfumerija-1024x791.jpg\" alt=\"K\u0101 izv\u0113l\u0113ties PREMIUM iepakojumu j\u016bsu z\u012bmols: dizaina un kvalit\u0101tes rokasgr\u0101mata\" title=\"\">\n                                    <\/a><!-- .elementskit-entry-thumb END -->\n                                <\/div>\n                            \n                            <div class=\"col-md-6 order-2\">\n                                <div class=\"elementskit-post-body\">\n                                    <div class=\"elementskit-entry-header\">\n                                        \t\t\t\t\t\t\t\t\t\t\t\t\t\t\t<h2 class=\"entry-title\">\n\t\t\t\t\t<a href=\"https:\/\/trustpack.lt\/lv\/ka-izveleties-augstakas-kvalitates-iepakojumu-sava-zimola-konstrukcijai-un-kvalitates-celvedis\/\">\n\t\t\t\t\t\tK\u0101 izv\u0113l\u0113ties PREMIUM iepakojumu j\u016bsu z\u012bmols: dizaina un kvalit\u0101tes rokasgr\u0101mata\t\t\t\t\t<\/a>\n\t\t\t\t<\/h2>\n\t\t\t                                        \n                                                                                                                                        \n                                            \n                                                                                <\/div><!-- .elementskit-entry-header END -->\n\n                                                                            <div class=\"elementskit-post-footer\">\n                                                                                            <p>\u0160iuolaikin\u0117je rinkoje pakuot\u0117 neb\u0117ra tik produkto apsauga, bet ir prek\u0117s \u017eenklo veidas. Produkto pakuot\u0117 sukuria pirm\u0105j\u012f \u012fsp\u016bd\u012f, didina prek\u0117s \u017eenklo vert\u0119 pirk\u0117j\u0173 akyse ir formuoja klient\u0173 lojalum\u0105. Tad kaip pasirinkti toki\u0105 pakuot\u0119, kuri ne tik\u2026<\/p>\n                                                                                                                                <\/div><!-- .elementskit-post-footer END -->\n                                                                    <\/div><!-- .elementskit-post-body END -->\n                            <\/div>\n                        <\/div>\n                    <\/div><!-- .elementskit-blog-block-post .radius .gradient-bg END -->\n                \n            <\/div>\n                <\/div>\n       <\/div>\t\t\t\t<\/div>\n\t\t\t\t<\/div>\n\t\t\t\t\t<\/div>\n\t\t\t\t<\/div>\n\t\t\t\t<\/div>","protected":false},"excerpt":{"rendered":"<p>Tinklara\u0161tis Sweden\u2019s Packaging Trends in 2026: What Brands and Designers Should Know Packaging in Sweden is entering 2026 under a very different set of expectations than even a few years ago. Decisions that were once driven primarily by cost, aesthetics or shelf impact are now shaped by&hellip; Packaging Trends in Finland for 2026: Key Insights [&hellip;]<\/p>","protected":false},"author":1,"featured_media":0,"parent":0,"menu_order":0,"comment_status":"closed","ping_status":"closed","template":"","meta":{"footnotes":""},"class_list":["post-3528","page","type-page","status-publish","hentry"],"_links":{"self":[{"href":"https:\/\/trustpack.lt\/lv\/wp-json\/wp\/v2\/pages\/3528","targetHints":{"allow":["GET"]}}],"collection":[{"href":"https:\/\/trustpack.lt\/lv\/wp-json\/wp\/v2\/pages"}],"about":[{"href":"https:\/\/trustpack.lt\/lv\/wp-json\/wp\/v2\/types\/page"}],"author":[{"embeddable":true,"href":"https:\/\/trustpack.lt\/lv\/wp-json\/wp\/v2\/users\/1"}],"replies":[{"embeddable":true,"href":"https:\/\/trustpack.lt\/lv\/wp-json\/wp\/v2\/comments?post=3528"}],"version-history":[{"count":3,"href":"https:\/\/trustpack.lt\/lv\/wp-json\/wp\/v2\/pages\/3528\/revisions"}],"predecessor-version":[{"id":3929,"href":"https:\/\/trustpack.lt\/lv\/wp-json\/wp\/v2\/pages\/3528\/revisions\/3929"}],"wp:attachment":[{"href":"https:\/\/trustpack.lt\/lv\/wp-json\/wp\/v2\/media?parent=3528"}],"curies":[{"name":"wp","href":"https:\/\/api.w.org\/{rel}","templated":true}]}}