{"id":1019,"date":"2025-06-22T22:05:47","date_gmt":"2025-06-22T22:05:47","guid":{"rendered":"https:\/\/trustpack.lt\/?page_id=1019"},"modified":"2025-09-01T10:10:15","modified_gmt":"2025-09-01T10:10:15","slug":"susisiekite","status":"publish","type":"page","link":"https:\/\/trustpack.lt\/nb\/susisiekite\/","title":{"rendered":"Kontakt"},"content":{"rendered":"<div data-elementor-type=\"wp-page\" data-elementor-id=\"1019\" class=\"elementor elementor-1019\">\n\t\t\t\t<div class=\"elementor-element elementor-element-3e0f08f e-flex e-con-boxed e-con e-parent\" data-id=\"3e0f08f\" data-element_type=\"container\">\n\t\t\t\t\t<div class=\"e-con-inner\">\n\t\t<div class=\"elementor-element elementor-element-2677945 e-con-full e-flex e-con e-child\" data-id=\"2677945\" data-element_type=\"container\">\n\t\t\t\t<div class=\"elementor-element elementor-element-79633a6 elementor-widget elementor-widget-heading\" data-id=\"79633a6\" data-element_type=\"widget\" data-widget_type=\"heading.default\">\n\t\t\t\t<div class=\"elementor-widget-container\">\n\t\t\t\t\t<h2 class=\"elementor-heading-title elementor-size-default\">Kontakt<\/h2>\t\t\t\t<\/div>\n\t\t\t\t<\/div>\n\t\t\t\t<div class=\"elementor-element elementor-element-dc57f45 elementor-widget-divider--view-line elementor-widget elementor-widget-divider\" data-id=\"dc57f45\" data-element_type=\"widget\" data-widget_type=\"divider.default\">\n\t\t\t\t<div class=\"elementor-widget-container\">\n\t\t\t\t\t\t\t<div class=\"elementor-divider\">\n\t\t\t<span class=\"elementor-divider-separator\">\n\t\t\t\t\t\t<\/span>\n\t\t<\/div>\n\t\t\t\t\t\t<\/div>\n\t\t\t\t<\/div>\n\t\t\t\t<div class=\"elementor-element elementor-element-8f2a5a5 elementor-widget elementor-widget-text-editor\" data-id=\"8f2a5a5\" data-element_type=\"widget\" data-widget_type=\"text-editor.default\">\n\t\t\t\t<div class=\"elementor-widget-container\">\n\t\t\t\t\t\t\t\t\t<p>Pra\u0161ome susisiekti su mumis apa\u010dioje nurodytais kontaktais arba u\u017epildykite U\u017eklausos form\u0105.<\/p><p>Tlf. <a href=\"tel:+37052499900\">+370 5 249 9900<\/a><br \/>Faks. +370 5 249 9901<br \/>El. e-post\u00a0<a class=\"autolinked\" href=\"mailto:info@trustpack.lt\" target=\"_blank\" rel=\"noopener noreferrer\" data-behavior=\"truncate\">info@trustpack.lt<\/a><\/p>\t\t\t\t\t\t\t\t<\/div>\n\t\t\t\t<\/div>\n\t\t\t\t<\/div>\n\t\t\t\t\t<\/div>\n\t\t\t\t<\/div>\n\t\t<div class=\"elementor-element elementor-element-a316d06 e-flex e-con-boxed e-con e-parent\" data-id=\"a316d06\" data-element_type=\"container\">\n\t\t\t\t\t<div class=\"e-con-inner\">\n\t\t<div class=\"elementor-element elementor-element-7279e9e e-con-full e-flex e-con e-child\" data-id=\"7279e9e\" data-element_type=\"container\">\n\t\t\t\t<div class=\"elementor-element elementor-element-6b8519d elementor-position-top elementor-widget elementor-widget-image-box\" data-id=\"6b8519d\" data-element_type=\"widget\" data-widget_type=\"image-box.default\">\n\t\t\t\t<div class=\"elementor-widget-container\">\n\t\t\t\t\t<div class=\"elementor-image-box-wrapper\"><figure class=\"elementor-image-box-img\"><a href=\"https:\/\/trustpack.lt\/nb\/foresporselsskjema\/\" tabindex=\"-1\"><img loading=\"lazy\" decoding=\"async\" width=\"71\" height=\"100\" src=\"https:\/\/trustpack.lt\/wp-content\/uploads\/2025\/06\/icon__file.png\" class=\"attachment-full size-full wp-image-1021\" alt=\"\" title=\"\" srcset=\"https:\/\/trustpack.lt\/wp-content\/uploads\/2025\/06\/icon__file.png 71w, https:\/\/trustpack.lt\/wp-content\/uploads\/2025\/06\/icon__file-9x12.png 9w\" sizes=\"auto, (max-width: 71px) 100vw, 71px\" \/><\/a><\/figure><div class=\"elementor-image-box-content\"><h3 class=\"elementor-image-box-title\"><a href=\"https:\/\/trustpack.lt\/nb\/foresporselsskjema\/\">Skjema<\/a><\/h3><p class=\"elementor-image-box-description\">P\u00e5 denne linken vil du finne informasjon skjemaet - fyll den s\u00e5 n\u00f8yaktig som mulig, s\u00e5 raskt og n\u00f8yaktig beregne kostnadene ved produksjonen.<\/p><\/div><\/div>\t\t\t\t<\/div>\n\t\t\t\t<\/div>\n\t\t\t\t<\/div>\n\t\t<div class=\"elementor-element elementor-element-5887151 e-con-full e-flex e-con e-child\" data-id=\"5887151\" data-element_type=\"container\">\n\t\t\t\t<div class=\"elementor-element elementor-element-0f5bc32 elementor-position-top elementor-widget elementor-widget-image-box\" data-id=\"0f5bc32\" data-element_type=\"widget\" data-widget_type=\"image-box.default\">\n\t\t\t\t<div class=\"elementor-widget-container\">\n\t\t\t\t\t<div class=\"elementor-image-box-wrapper\"><figure class=\"elementor-image-box-img\"><a href=\"https:\/\/trustpack.lt\/nb\/krav-til-trykkfiler\/\" tabindex=\"-1\"><img loading=\"lazy\" decoding=\"async\" width=\"92\" height=\"92\" src=\"https:\/\/trustpack.lt\/wp-content\/uploads\/2025\/06\/icon__works.png\" class=\"attachment-full size-full wp-image-1022\" alt=\"\" title=\"\" srcset=\"https:\/\/trustpack.lt\/wp-content\/uploads\/2025\/06\/icon__works.png 92w, https:\/\/trustpack.lt\/wp-content\/uploads\/2025\/06\/icon__works-12x12.png 12w\" sizes=\"auto, (max-width: 92px) 100vw, 92px\" \/><\/a><\/figure><div class=\"elementor-image-box-content\"><h3 class=\"elementor-image-box-title\"><a href=\"https:\/\/trustpack.lt\/nb\/krav-til-trykkfiler\/\"> Krav for \u00e5 skrive ut filen<\/a><\/h3><p class=\"elementor-image-box-description\">Denne linken inneholder informasjon, de trenger \u00e5 vite utarbeidelse av grafisk design layout til produksjon.<\/p><\/div><\/div>\t\t\t\t<\/div>\n\t\t\t\t<\/div>\n\t\t\t\t<\/div>\n\t\t\t\t\t<\/div>\n\t\t\t\t<\/div>\n\t\t\t\t<\/div>","protected":false},"excerpt":{"rendered":"<p>Susisiekite Pra\u0161ome susisiekti su mumis apa\u010dioje nurodytais kontaktais arba u\u017epildykite U\u017eklausos form\u0105. Tel. +370 5 249 9900Faks. +370 5 249 9901El. pa\u0161tas\u00a0info@trustpack.lt U\u017eklausos forma \u0160ioje nuorodoje rasite u\u017eklausos form\u0105 &#8211; u\u017epildykite j\u0105 kuo tiksliau &#8211; taip grei\u010diau ir tiksliau apskai\u010diuosime gamybos ka\u0161tus. Reikalavimai spaudos failui \u0160ioje nuorodoje pateikiama informacija, k\u0105 b\u016btina \u017einoti ruo\u0161iant grafinio dizaino [&hellip;]<\/p>","protected":false},"author":1,"featured_media":0,"parent":0,"menu_order":0,"comment_status":"closed","ping_status":"closed","template":"","meta":{"footnotes":""},"class_list":["post-1019","page","type-page","status-publish","hentry"],"_links":{"self":[{"href":"https:\/\/trustpack.lt\/nb\/wp-json\/wp\/v2\/pages\/1019","targetHints":{"allow":["GET"]}}],"collection":[{"href":"https:\/\/trustpack.lt\/nb\/wp-json\/wp\/v2\/pages"}],"about":[{"href":"https:\/\/trustpack.lt\/nb\/wp-json\/wp\/v2\/types\/page"}],"author":[{"embeddable":true,"href":"https:\/\/trustpack.lt\/nb\/wp-json\/wp\/v2\/users\/1"}],"replies":[{"embeddable":true,"href":"https:\/\/trustpack.lt\/nb\/wp-json\/wp\/v2\/comments?post=1019"}],"version-history":[{"count":0,"href":"https:\/\/trustpack.lt\/nb\/wp-json\/wp\/v2\/pages\/1019\/revisions"}],"wp:attachment":[{"href":"https:\/\/trustpack.lt\/nb\/wp-json\/wp\/v2\/media?parent=1019"}],"curies":[{"name":"wp","href":"https:\/\/api.w.org\/{rel}","templated":true}]}}