{"id":1247,"date":"2025-06-23T00:22:23","date_gmt":"2025-06-23T00:22:23","guid":{"rendered":"https:\/\/trustpack.lt\/?page_id=1247"},"modified":"2025-06-23T00:23:06","modified_gmt":"2025-06-23T00:23:06","slug":"krav-til-trykkfiler","status":"publish","type":"page","link":"https:\/\/trustpack.lt\/nb\/krav-til-trykkfiler\/","title":{"rendered":"Krav for \u00e5 skrive ut filen"},"content":{"rendered":"<div data-elementor-type=\"wp-page\" data-elementor-id=\"1247\" class=\"elementor elementor-1247\">\n\t\t\t\t<div class=\"elementor-element elementor-element-3e0f08f e-flex e-con-boxed e-con e-parent\" data-id=\"3e0f08f\" data-element_type=\"container\">\n\t\t\t\t\t<div class=\"e-con-inner\">\n\t\t<div class=\"elementor-element elementor-element-2677945 e-con-full e-flex e-con e-child\" data-id=\"2677945\" data-element_type=\"container\">\n\t\t\t\t<div class=\"elementor-element elementor-element-79633a6 elementor-widget elementor-widget-heading\" data-id=\"79633a6\" data-element_type=\"widget\" data-widget_type=\"heading.default\">\n\t\t\t\t<div class=\"elementor-widget-container\">\n\t\t\t\t\t<h2 class=\"elementor-heading-title elementor-size-default\">Krav for \u00e5 skrive ut filen\n<\/h2>\t\t\t\t<\/div>\n\t\t\t\t<\/div>\n\t\t\t\t<div class=\"elementor-element elementor-element-dc57f45 elementor-widget-divider--view-line elementor-widget elementor-widget-divider\" data-id=\"dc57f45\" data-element_type=\"widget\" data-widget_type=\"divider.default\">\n\t\t\t\t<div class=\"elementor-widget-container\">\n\t\t\t\t\t\t\t<div class=\"elementor-divider\">\n\t\t\t<span class=\"elementor-divider-separator\">\n\t\t\t\t\t\t<\/span>\n\t\t<\/div>\n\t\t\t\t\t\t<\/div>\n\t\t\t\t<\/div>\n\t\t\t\t<div class=\"elementor-element elementor-element-8f2a5a5 elementor-widget elementor-widget-text-editor\" data-id=\"8f2a5a5\" data-element_type=\"widget\" data-widget_type=\"text-editor.default\">\n\t\t\t\t<div class=\"elementor-widget-container\">\n\t\t\t\t\t\t\t\t\t<p>For kunde unnfanget ideen til den virkelige produktet, er \u00e5 g\u00e5 en lang vei \u2013 fra design til forberedelse til produktet realisering.<\/p><p>F\u00f8rste, sv\u00e6rt ansvarlig aktivitet \u2013 repr (ikispaustuviniai) fungerer, da en kunde av grafisk design layout \u00e5 v\u00e6re forberedt for produksjon av: valg av riktige materialer og teknologi.<\/p><h3>Memo klargj\u00f8re pressemelding:<\/h3><p><strong>Filer-format<\/strong>: PDF (Adobe PDF Preset: Illustrator Standard), AI, EPS, CDR. Tekstene m\u00e5 v\u00e6re konvertert til kurver. Importert grafikk inkludert i denne publikasjonen, eller som er gitt separat.<\/p><p><strong>Hefter, brosjyrer, lankstukai<\/strong>. Presentasjon av PDF\/X-3, st\u00f8rrelse p\u00e5 1:1, u\u017eleidimai for ark utenfor (2 mm).<\/p><p><strong>Emballasje<\/strong>: PDF (PDF bare i Adobe Illustrator, bevare den med opcij\u0173 sett av \"Illustrator standard\"), AI, EPS, CDR. Design mock-up (hotmail, \u012fmaut\u0117 og lignende fungerer, som produksjons-prosessen vil bli gjennomf\u00f8rt bigavimas, logging, konstruksjon, liming og t. t.) kan sendes inn for publisering av programmer, for eksempel Adobe Indesign eller QuarkXpress eller fra i\u0161eksportuotuose PDF eller EPS-formater. I egne sirkler indikerer kryssing av kniv, make-up, lokale, kongrevas, folie. Disse objektene m\u00e5 v\u00e6re \u00e5 farge i et eget punkt farge (det er \u00f8nskelig at fargen navn for \u00e5 gjenspeile tilsvarende operasjon, for eksempel \"krysset\", \"kongrevas\", \"gold foil\" og t. etc.). Krysset kniven brukes kun for det siste, sendt til v\u00e5rt selskap i konstrukt\u00f8ren. St\u00f8rrelse 1:1. U\u017eleidimai 2 mm.<\/p><p><strong>Etiketten<\/strong>. Presentasjonen er det samme som emballasje.<br \/>Hvis etiketten eller emballasjen er forberedt metalizuotam papir, er det n\u00f8dvendig \u00e5 spesifisere en hvit \"fot\" (base) steder. \"Pad\" \u012fskai\u010duojamas til farge.<\/p><p><strong>Grafikk-kvalitet<\/strong>: importerte til layout for raster-grafikk CMYK, \"Gr\u00e5toner\") oppl\u00f8sning m\u00e5 v\u00e6re ikke mindre enn 300 DPI \"Bitmap\" \u2013 om 1200 DPI.<\/p><p><strong>Fargekorrigering profil<\/strong>: \"Fogra39\". Totalt maling belegg skal ikke overstige 260%. offset papir (Ubestr\u00f8ket) eller 350 prosent. fint papir (Bestr\u00f8ket).<\/p><p><strong>Poenget med \u00e5rer<\/strong>\u00a0(Dot Gevinst): 20%. offset papir (Ubestr\u00f8ket) eller 9%. fint papir (Bestr\u00f8ket).<\/p><p><strong>Nyttige r\u00e5d for Deg.<\/strong><\/p><ul><li>Sm\u00e5 gjenstander eller tekster malt i svart farge (0C 0M 0Y 100B) m\u00e5 ha en aktiv attributtet \"overprint\" (eller \"flere\").<\/li><li>Hvis produktet vil v\u00e6re rektangul\u00e6r eller kvadratisk form, layout m\u00e5linger (Page setup) m\u00e5 v\u00e6re i samsvar med apipjaut\u0105 format. Godtgj\u00f8relse (bleed) apipjovimui skal ikke v\u00e6re mindre enn 2 mm.<\/li><li>Per replikere maketams vennligst angi endringer som ikke skal v\u00e6re perdarin\u0117ti totalt layout (hvis endringene er neradikal\u016bs).<\/li><li>For faste kunder, og produktet looper som produktene skal v\u00e6re laget av den avtalefestede system for identifikasjon, noe som gjenspeiles i produktet kode og layout versjon nummeret.<\/li><li>Oppsettet versjon nummer er endret i hver revisjon tid. Det er \u00f8nskelig at alle rettelser utf\u00f8rt av design byr\u00e5, som leverer layout. S\u00e5 for \u00e5 unng\u00e5 risiko for at produksjonen vil g\u00e5 i den forel\u00f8pige versjonen av layout.<\/li><li>Alltid vi er \u00e5pne for diskusjoner og forslag som styrker samarbeidet mellom stiftelsen og effektivt p\u00e5virke den samlede utfallet av arbeidet.<\/li><\/ul><p>UAB \"Trustpack\" Repr enhet personale<\/p>\t\t\t\t\t\t\t\t<\/div>\n\t\t\t\t<\/div>\n\t\t\t\t<\/div>\n\t\t\t\t\t<\/div>\n\t\t\t\t<\/div>\n\t\t\t\t<\/div>","protected":false},"excerpt":{"rendered":"<p>Reikalavimai spaudos failui Tam, kad kliento sumanyta id\u0117ja virst\u0173 realiu gaminiu, tenka nueiti ilg\u0105 keli\u0105 \u2013 nuo dizaino paruo\u0161imo iki produkto realizavimo. Pirmoji, itin atsakinga veikla \u2013 repro (ikispaustuviniai) darbai, kai klient\u0173 grafinio dizaino maketai paruo\u0161iami gamybai: parenkamos tinkamos med\u017eiagos ir technologijos. Atmintin\u0117 ruo\u0161iantiems spaudai: Byl\u0173 formatas: PDF (Adobe PDF Preset: Illustrator Default), AI, EPS, [&hellip;]<\/p>","protected":false},"author":1,"featured_media":0,"parent":0,"menu_order":0,"comment_status":"closed","ping_status":"closed","template":"","meta":{"footnotes":""},"class_list":["post-1247","page","type-page","status-publish","hentry"],"_links":{"self":[{"href":"https:\/\/trustpack.lt\/nb\/wp-json\/wp\/v2\/pages\/1247","targetHints":{"allow":["GET"]}}],"collection":[{"href":"https:\/\/trustpack.lt\/nb\/wp-json\/wp\/v2\/pages"}],"about":[{"href":"https:\/\/trustpack.lt\/nb\/wp-json\/wp\/v2\/types\/page"}],"author":[{"embeddable":true,"href":"https:\/\/trustpack.lt\/nb\/wp-json\/wp\/v2\/users\/1"}],"replies":[{"embeddable":true,"href":"https:\/\/trustpack.lt\/nb\/wp-json\/wp\/v2\/comments?post=1247"}],"version-history":[{"count":0,"href":"https:\/\/trustpack.lt\/nb\/wp-json\/wp\/v2\/pages\/1247\/revisions"}],"wp:attachment":[{"href":"https:\/\/trustpack.lt\/nb\/wp-json\/wp\/v2\/media?parent=1247"}],"curies":[{"name":"wp","href":"https:\/\/api.w.org\/{rel}","templated":true}]}}