{"id":1263,"date":"2025-06-23T00:28:47","date_gmt":"2025-06-23T00:28:47","guid":{"rendered":"https:\/\/trustpack.lt\/?page_id=1263"},"modified":"2025-07-07T05:24:46","modified_gmt":"2025-07-07T05:24:46","slug":"innkjopspolicy","status":"publish","type":"page","link":"https:\/\/trustpack.lt\/nb\/innkjopspolicy\/","title":{"rendered":"Anskaffelsespolicy"},"content":{"rendered":"<div data-elementor-type=\"wp-page\" data-elementor-id=\"1263\" class=\"elementor elementor-1263\">\n\t\t\t\t<div class=\"elementor-element elementor-element-3e0f08f e-flex e-con-boxed e-con e-parent\" data-id=\"3e0f08f\" data-element_type=\"container\">\n\t\t\t\t\t<div class=\"e-con-inner\">\n\t\t<div class=\"elementor-element elementor-element-2677945 e-con-full e-flex e-con e-child\" data-id=\"2677945\" data-element_type=\"container\">\n\t\t\t\t<div class=\"elementor-element elementor-element-79633a6 elementor-widget elementor-widget-heading\" data-id=\"79633a6\" data-element_type=\"widget\" data-widget_type=\"heading.default\">\n\t\t\t\t<div class=\"elementor-widget-container\">\n\t\t\t\t\t<h2 class=\"elementor-heading-title elementor-size-default\">Anskaffelsespolicy<\/h2>\t\t\t\t<\/div>\n\t\t\t\t<\/div>\n\t\t\t\t<div class=\"elementor-element elementor-element-dc57f45 elementor-widget-divider--view-line elementor-widget elementor-widget-divider\" data-id=\"dc57f45\" data-element_type=\"widget\" data-widget_type=\"divider.default\">\n\t\t\t\t<div class=\"elementor-widget-container\">\n\t\t\t\t\t\t\t<div class=\"elementor-divider\">\n\t\t\t<span class=\"elementor-divider-separator\">\n\t\t\t\t\t\t<\/span>\n\t\t<\/div>\n\t\t\t\t\t\t<\/div>\n\t\t\t\t<\/div>\n\t\t\t\t<div class=\"elementor-element elementor-element-6b864b3 elementor-widget elementor-widget-heading\" data-id=\"6b864b3\" data-element_type=\"widget\" data-widget_type=\"heading.default\">\n\t\t\t\t<div class=\"elementor-widget-container\">\n\t\t\t\t\t<h2 class=\"elementor-heading-title elementor-size-default\">UAB \"Trustpack anskaffelsespolicy<\/h2>\t\t\t\t<\/div>\n\t\t\t\t<\/div>\n\t\t\t\t<div class=\"elementor-element elementor-element-4b2b3ff elementor-widget elementor-widget-text-editor\" data-id=\"4b2b3ff\" data-element_type=\"widget\" data-widget_type=\"text-editor.default\">\n\t\t\t\t<div class=\"elementor-widget-container\">\n\t\t\t\t\t\t\t\t\t<p>Resultatene av anskaffelser, den st\u00f8rste oppmerksomhet for \u00e5 gi deres \u00e5penhet, trekke p\u00e5 rettferdighet og rettferdighet prinsipper.<\/p><p>V\u00e5rt m\u00e5l er at v\u00e5re produkter er produsert av h\u00f8yeste kvalitet. V\u00e5re produkter suksess avhenger alltid av r\u00e5stoff kvalitet, derfor vil vi arbeide for \u00e5 m\u00f8te hver klient ' s krav.<\/p><p>V\u00e5re aktiviteter er i samsvar med alle lover og regler. Vi nusistatyt\u0105 innkj\u00f8p etikk:<\/p>\t\t\t\t\t\t\t\t<\/div>\n\t\t\t\t<\/div>\n\t\t\t\t<div class=\"elementor-element elementor-element-76b6430 elementor-icon-list--layout-traditional elementor-list-item-link-full_width elementor-widget elementor-widget-icon-list\" data-id=\"76b6430\" data-element_type=\"widget\" data-widget_type=\"icon-list.default\">\n\t\t\t\t<div class=\"elementor-widget-container\">\n\t\t\t\t\t\t\t<ul class=\"elementor-icon-list-items\">\n\t\t\t\t\t\t\t<li class=\"elementor-icon-list-item\">\n\t\t\t\t\t\t\t\t\t\t\t<span class=\"elementor-icon-list-icon\">\n\t\t\t\t\t\t\t<i aria-hidden=\"true\" class=\"fas fa-dot-circle\"><\/i>\t\t\t\t\t\t<\/span>\n\t\t\t\t\t\t\t\t\t\t<span class=\"elementor-icon-list-text\">Forbudt personlige interesser med leverand\u00f8rer;<\/span>\n\t\t\t\t\t\t\t\t\t<\/li>\n\t\t\t\t\t\t\t\t<li class=\"elementor-icon-list-item\">\n\t\t\t\t\t\t\t\t\t\t\t<span class=\"elementor-icon-list-icon\">\n\t\t\t\t\t\t\t<i aria-hidden=\"true\" class=\"fas fa-dot-circle\"><\/i>\t\t\t\t\t\t<\/span>\n\t\t\t\t\t\t\t\t\t\t<span class=\"elementor-icon-list-text\">Forbudt ulike gjestfrihet gaver fra leverand\u00f8rer, tilgang til deres foresp\u00f8rsler og forslag;<\/span>\n\t\t\t\t\t\t\t\t\t<\/li>\n\t\t\t\t\t\t\t\t<li class=\"elementor-icon-list-item\">\n\t\t\t\t\t\t\t\t\t\t\t<span class=\"elementor-icon-list-icon\">\n\t\t\t\t\t\t\t<i aria-hidden=\"true\" class=\"fas fa-dot-circle\"><\/i>\t\t\t\t\t\t<\/span>\n\t\t\t\t\t\t\t\t\t\t<span class=\"elementor-icon-list-text\">Fremme sosial og milj\u00f8messig samarbeid.<\/span>\n\t\t\t\t\t\t\t\t\t<\/li>\n\t\t\t\t\t\t<\/ul>\n\t\t\t\t\t\t<\/div>\n\t\t\t\t<\/div>\n\t\t\t\t<div class=\"elementor-element elementor-element-0952492 elementor-widget elementor-widget-text-editor\" data-id=\"0952492\" data-element_type=\"widget\" data-widget_type=\"text-editor.default\">\n\t\t\t\t<div class=\"elementor-widget-container\">\n\t\t\t\t\t\t\t\t\t<p>Vi opprettholde en upartisk og RETTFERDIG TILN\u00c6RMING TIL LEVERAND\u00d8RER og streber etter \u00e5 opprette en arbeidsgruppe, tillitsbaserte relasjoner med dem. Krevende fra sine leverand\u00f8rer for \u00e5 levere kvalitet produkter til lavest mulig pris i forkant av avtalt tid, vi samarbeide med dem, \u00e5 fremme milj\u00f8-ideer og sosialt ansvarlig forretningsvirksomhet. Vi stoler p\u00e5 at v\u00e5re leverand\u00f8rer og forvente fra deres \u00e6rlig og langsiktig samarbeid.<\/p><p>Vi S\u00d8RGER for at hver av leverand\u00f8rene KONFIDENSIALITET, vet vi ikke avsl\u00f8re og offentlig neskelbiame leverand\u00f8rer av konfidensiell informasjon, som vi fikk for kj\u00f8p.<\/p><p>Vi er et samfunnsansvarlig SELSKAP, derfor forventer vi at leverand\u00f8rer med oss for \u00e5 s\u00f8ke etter pris reduksjon muligheter, redusere produktet milj\u00f8messig byrde.<\/p>\t\t\t\t\t\t\t\t<\/div>\n\t\t\t\t<\/div>\n\t\t\t\t<\/div>\n\t\t\t\t\t<\/div>\n\t\t\t\t<\/div>\n\t\t\t\t<\/div>","protected":false},"excerpt":{"rendered":"<p>Pirkim\u0173 politika UAB \u201eTrustpack\u201c PIRKIM\u0172 POLITIKA Vykdydami pirkimus, did\u017eiausi\u0105 d\u0117mes\u012f teikiame j\u0173 skaidrumui, remiam\u0117s s\u0105\u017einingumo bei teisingumo principais. SIEKIAME, kad m\u016bs\u0173 gaminami produktai b\u016bt\u0173 auk\u0161\u010diausios kokyb\u0117s. M\u016bs\u0173 gamini\u0173 s\u0117km\u0117 visada priklauso nuo \u017ealiav\u0173 kokyb\u0117s, tod\u0117l siekiame maksimaliai patenkinti kiekvieno kliento reikalavimus. M\u016bs\u0173 veikla ATITINKA visas teis\u0117s normas ir aktus. Vykdome nusistatyt\u0105 pirkim\u0173 etik\u0105: Draud\u017eiami asmeniniai [&hellip;]<\/p>","protected":false},"author":1,"featured_media":0,"parent":0,"menu_order":0,"comment_status":"closed","ping_status":"closed","template":"","meta":{"footnotes":""},"class_list":["post-1263","page","type-page","status-publish","hentry"],"_links":{"self":[{"href":"https:\/\/trustpack.lt\/nb\/wp-json\/wp\/v2\/pages\/1263","targetHints":{"allow":["GET"]}}],"collection":[{"href":"https:\/\/trustpack.lt\/nb\/wp-json\/wp\/v2\/pages"}],"about":[{"href":"https:\/\/trustpack.lt\/nb\/wp-json\/wp\/v2\/types\/page"}],"author":[{"embeddable":true,"href":"https:\/\/trustpack.lt\/nb\/wp-json\/wp\/v2\/users\/1"}],"replies":[{"embeddable":true,"href":"https:\/\/trustpack.lt\/nb\/wp-json\/wp\/v2\/comments?post=1263"}],"version-history":[{"count":0,"href":"https:\/\/trustpack.lt\/nb\/wp-json\/wp\/v2\/pages\/1263\/revisions"}],"wp:attachment":[{"href":"https:\/\/trustpack.lt\/nb\/wp-json\/wp\/v2\/media?parent=1263"}],"curies":[{"name":"wp","href":"https:\/\/api.w.org\/{rel}","templated":true}]}}