{"id":1277,"date":"2025-06-23T00:31:50","date_gmt":"2025-06-23T00:31:50","guid":{"rendered":"https:\/\/trustpack.lt\/?page_id=1277"},"modified":"2026-02-13T12:01:25","modified_gmt":"2026-02-13T10:01:25","slug":"personvernerklaering","status":"publish","type":"page","link":"https:\/\/trustpack.lt\/nb\/personvernerklaering\/","title":{"rendered":"Personvern"},"content":{"rendered":"<div data-elementor-type=\"wp-page\" data-elementor-id=\"1277\" class=\"elementor elementor-1277\">\n\t\t\t\t<div class=\"elementor-element elementor-element-3e0f08f e-flex e-con-boxed e-con e-parent\" data-id=\"3e0f08f\" data-element_type=\"container\">\n\t\t\t\t\t<div class=\"e-con-inner\">\n\t\t<div class=\"elementor-element elementor-element-2677945 e-con-full e-flex e-con e-child\" data-id=\"2677945\" data-element_type=\"container\">\n\t\t\t\t<div class=\"elementor-element elementor-element-79633a6 elementor-widget elementor-widget-heading\" data-id=\"79633a6\" data-element_type=\"widget\" data-widget_type=\"heading.default\">\n\t\t\t\t<div class=\"elementor-widget-container\">\n\t\t\t\t\t<h2 class=\"elementor-heading-title elementor-size-default\">Personvern<\/h2>\t\t\t\t<\/div>\n\t\t\t\t<\/div>\n\t\t\t\t<div class=\"elementor-element elementor-element-dc57f45 elementor-widget-divider--view-line elementor-widget elementor-widget-divider\" data-id=\"dc57f45\" data-element_type=\"widget\" data-widget_type=\"divider.default\">\n\t\t\t\t<div class=\"elementor-widget-container\">\n\t\t\t\t\t\t\t<div class=\"elementor-divider\">\n\t\t\t<span class=\"elementor-divider-separator\">\n\t\t\t\t\t\t<\/span>\n\t\t<\/div>\n\t\t\t\t\t\t<\/div>\n\t\t\t\t<\/div>\n\t\t\t\t<div class=\"elementor-element elementor-element-8f2a5a5 elementor-widget elementor-widget-text-editor\" data-id=\"8f2a5a5\" data-element_type=\"widget\" data-widget_type=\"text-editor.default\">\n\t\t\t\t<div class=\"elementor-widget-container\">\n\t\t\t\t\t\t\t\t\t<p>Dette personvernregler er til for de som liker JSC \"Trustpack\" (heretter referert til som Selskapet eller vi) tjenester, bes\u00f8k Selskapets nettsted www.trustpack.lt (heretter kalt Nettstedet).<\/p><p>Ved \u00e5 bruke Nettstedet, ved \u00e5 sende dataene dine, kan du fylle ut skjemaet, sender eller p\u00e5 annen m\u00e5te oppgi din curriculum vitae (CV), fortsette \u00e5 surfe p\u00e5 Nettstedet godtar du at Du har lest gjennom denne personvernerkl\u00e6ringen og ikke tankene sine bestemmelser, og du samtykker ogs\u00e5 til at Selskapet innhenter om Deg data som Selskapet mottar, n\u00e5r du surfer p\u00e5 Nettstedet, n\u00e5r du fylle ut foresp\u00f8rsel skjema, send CV til eller p\u00e5 annen m\u00e5te gjelder for Selskapet.<\/p><p>Denne personvernerkl\u00e6ringen vi gj\u00f8r ikke med Deg for \u00e5 bli enige om hvordan Dine personopplysninger vil bli behandlet. Vi du v\u00e6re informert om hva slags informasjon vi samler inn n\u00e5r du bes\u00f8ker Nettstedet som denne informasjonen til \u00e5 kommunisere, og hvordan vi kan bli kvitt.<\/p><p>Hvis du ikke er enig, at Selskapet samler inn om Deg, data, kan du ikke gi oss dine personlige data og\/ eller nenar\u0161yti Nettstedet.<\/p><h5><strong>1. Begreper som vi bruker i denne personvernerkl\u00e6ringen<\/strong><\/h5><p><em>Personlige data<\/em>\u00a0\u2013 eventuelle opplysninger om fysiske personen, identifisert eller identifiserbar (\"Du\"); en naturlig person, hvis identitet kan identifiseres, er den person hvis identitet, enten direkte eller indirekte kan stilles inn, s\u00e6rlig ved en identifikator, for eksempel navn og etternavn, posisjonsdata og online-id eller til ett eller flere av naturlig at personens fysiske, fysiologiske, genetiske, psykiske, \u00f8konomiske, kulturelle eller sosiale identitet funksjoner.<\/p><p><em>Data emnet<\/em>\u00a0\u2013 naturlig person (Du), som du bruker v\u00e5re tjenester, eller du er den rettmessige representant for person, eller personen som du bla gjennom Nettstedet.<\/p><p><em>Dataansvarlig<\/em>\u00a0\u2013 Selskapet UAB \"Trustpack\", som bestemmer data rammeverket, form\u00e5l av behandling og tiltak.Nettside \u2013 Bedrift nettsted\u00a0<a href=\"https:\/\/trustpack.lt\/nb\/\">www.trustpack.lt<\/a>.<\/p><p><em>Informasjonskapsler (eng. i informasjonskapsel)<\/em>\u00a0\u2013 lave-mest brukt tekstfil som inneholder et unikt identifikasjonsnummer som er sendt til hver av Data i henhold til enheten som kobles eller online p\u00e5 Nettstedet. Cookies er lagret i den registrertes enheten bare med samtykke av den. De tillater deg \u00e5 spore den registrertes handlinger p\u00e5 Nettstedet, innsamling av data, for \u00e5 sikre jevn drift av Nettstedet fungerer, overv\u00e5ke statistisk informasjon \u00e5 gi tilpasset tilbud.<\/p><p><em>Direkte markedsf\u00f8ring<\/em>\u00a0\u2013 aktiviteter, noen av informasjon til individet, spesialiserte forslag via telefon, e-post. ved e-post eller p\u00e5 annen m\u00e5te, for \u00e5 kunne tilby og\/ eller levere Selskapets varer \/ tjenester, ta kontakt med synspunkter eller motta p\u00e5 den andre et svar.<\/p><p><em>Datavern<\/em>\u00a0\u2013 I 2016. 27 April. Europaparlaments-og r\u00e5dsforordning (EU) 2016\/679 om beskyttelse av fysiske personer med hensyn til behandling av personopplysninger og om fri bevegelighet for slike opplysninger, og om oppheving av Direktiv 95\/46\/EF (General data protection regulation), Republikken Litauen om rettslig vern av personopplysninger lov, kompetent nasjonal institusjon som har etablert regler for behandling av personopplysninger.<\/p><h5><strong>2. Hvilke prinsipper vi f\u00f8lger n\u00e5r behandling av personopplysninger?\u00a0<\/strong><\/h5><p>Vi \u00f8nsker Dine personlige opplysninger bli behandlet i et rettferdig, gjennomsiktig og lovlig. Patikiname at alle personlige data som er behandlet i samsvar med Data protection lovgivning som regulerer behandling av personopplysninger.<\/p><p>Vi s\u00f8rger for at vi samler bare de personopplysninger som er n\u00f8dvendig for gjennomf\u00f8ring av Selskapets m\u00e5l, vi vil Dine data bli behandlet bare for de form\u00e5l som den ble samlet inn for, og bare i den utstrekning det er n\u00f8dvendig for spesifikk behandling av personopplysninger for \u00e5 oppn\u00e5 m\u00e5let. Vi garanterer at vi vil ta alle n\u00f8dvendige tiltak for \u00e5 sikre at un\u00f8yaktig og feil i data s\u00e5 snart som mulig vil bli slettet, eller rettet opp til h\u00f8yre.<\/p><p>Behandling av personlige data volum, avhenger av hvilke opplysninger Du gir n\u00e5r du bes\u00f8ker en nettside, kan du fylle ut et skjema eller gi dine data til ansettelse av Selskapet eller bes\u00f8ke Selskapets lokaler. Dataene er behandlet bare p\u00e5 lovlig behandling grunnlag.\u00a0<\/p><h5><strong>3. Hvilke personlige data m\u00e5 vi handle?\u00a0<\/strong><\/h5><p>Du direkte gir informasjon som Du oppgir ved \u00e5 fylle ut skjemaet for foresp\u00f8rsel om: navn, etternavn, e-post. e-post adresse, telefonnummer, selskapet eller organisasjonen du representerer, navn og annen informasjon som du oppgir mens du surfer p\u00e5 Nettstedet.<\/p><p>Din informasjon ansettelse av Selskapet for form\u00e5let. Hvis Du \u00f8nsker \u00e5 f\u00e5 ansettelse i Selskapet, vanligvis har vi til \u00e5 sende inn f\u00f8lgende personlig data: curriculum vitae (CV), navn, etternavn, e-post adresse. Hvis Du er i ferd med \u00e5 spare dere gi flere opplysninger (personopplysninger) som vi forst\u00e5r som klart ga uttrykk for Ditt samtykke til behandling av slik ekstra data som er gitt.<\/p><p>Informasjon, hvordan Du bruker Nettstedet v\u00e5rt: den informasjon som vi mottar n\u00e5r Du bes\u00f8ker Nettstedet, inkludert Din IP-adresse, geografisk lokacij\u0105, etc. informasjon om Din datamaskin eller annen bruk av apparatet. Samt informasjon om Dine handlinger p\u00e5 Nettsiden \u2013 statistikk over bes\u00f8k, varighet, siden i s\u00f8ker, antall klikk, surfing historie, etc.\u00a0<\/p><h5><strong>4. For hvilke form\u00e5l bruker vi Dine personopplysninger?\u00a0<\/strong><\/h5><p>Selskapet bruker personopplysninger for f\u00f8lgende form\u00e5l:<\/p><p>Selskapets tjenester \/ rekvisita bestille form\u00e5l. N\u00e5r du er ferdig skjema, Data emnet, m\u00e5 sende inn personlige data i den grad det kreves av den aktuelle tjenesten eller produktet du bestilte. Dataene som er brukt i innlevering av forslag for form\u00e5lene av, rettslige grunnlaget for behandlingen av kontrakt med en potensiell kunde gj\u00f8r det.\u00a0\u00a0<\/p><p>De personlige data som du oppgir kandidatuodami \u00e5 jobbe i et Selskap, behandling av en arbeidsavtale med en potensiell ansatt av konklusjonen i den hensikt, rettslige grunnlaget for behandling av kontrakten med data emne, noe som gj\u00f8r det til.<\/p><p>Nettstedet frav\u00e6rsstatistikk for analyse. Vi streber etter \u00e5 sikre feilfri drift og h\u00f8y kvalitet p\u00e5 Nettstedet funksjon, forbedre den, tilpasset kundenes behov. Data processing det juridiske grunnlaget \u2013 samtykke av Data emnet.<\/p><p>For direkte markedsf\u00f8ring. Vi streber etter \u00e5 opprettholde relasjoner med kunder, slik at vi kan gi deg spesielle tilbud, kampanjer etc., ogs\u00e5 administrere ber om at Du fyller inn n\u00e5r du s\u00f8ker til Selskapet. Data processing det juridiske grunnlaget \u2013 samtykke av Data emnet.<\/p><p>Andre form\u00e5l. Vi kan behandle Dine personopplysninger for andre form\u00e5l hvis vi har Din tillatelse.<\/p><h5><strong>5. Behandling av personlige data for sysselsetting av Selskapet i den hensikt<\/strong><\/h5><p>Hvis det gj\u00f8r Deg til en kandidat til en bestemt posisjon, men jobben tilbud til Deg som ikke har blitt gjort eller gjorde Du ikke, at kandidatuojate til en bestemt stilling, med Ditt samtykke, vi data vi kan samle inn og behandle Selskapets kandidater i en database for fremtidig ansatte atrankoms ikke lenger enn seks (6) m\u00e5neder) sikt. I dette tilfellet, for \u00e5 sende data inn i Selskapets kandidater (potensielle ansatte) database. Alle data i medhold vi kan vurdere Ditt kandidatur og for \u00e5 gi Deg tilbud om jobber i Selskapet. Data management er grunnlaget for dataene emne (Din) samtykke.\u00a0<\/p><p>Hvis Du ikke samtykker til lagring av personlige data og forvaltning av Selskapets kandidater i en database for fremtidig ansatte atrankoms, etter slutten av utvalget til en bestemt stilling, vil Dine data bli \u00f8delagt.\u00a0<\/p><p>Trekke sitt samtykke, kan Du n\u00e5r som helst ved \u00e5 kontakte oss som er nevnt nedenfor kontakter.\u00a0<\/p><h5><strong>6. Informasjon om bruk av informasjonskapsler (cookies)<\/strong><\/h5><p>V\u00e6r oppmerksom p\u00e5 at for \u00e5 sikre en mer behagelig opplevelse og for \u00e5 l\u00e6re mer om Stedet de bes\u00f8kendes adferd p\u00e5 Nettstedet bruker informasjonskapsler. Cookies tillate oss \u00e5 samle inn statistisk informasjon, for \u00e5 sikre kvaliteten p\u00e5 Nettsteder funksjonalitet.\u00a0<\/p><p>Nettstedet bruker informasjonskapsler (cookies for:<\/p><ul><li>laravel_session<\/li><li>XSRF-TOKEN<\/li><\/ul><p>Cookies kan bli plassert bare hvis det lar installasjonen innstillinger. Mens du surfer p\u00e5 Nettstedet, samtykker Du med cookies \u00e5 brenne. Ditt samtykke, kan du n\u00e5r som helst avbryte, ved \u00e5 endre nettleser innstillinger, og slette lagrede informasjonskapsler.<\/p><p>Mange nettlesere er innstilt slik at de automatisk aksepterer cookies. Du kan informasjonskapsler av, imidlertid, v\u00e6r oppmerksom p\u00e5 at cookie sletting kan forsinke Nettsted navigasjon, tid, blokkere tilgang til eller p\u00e5 annen m\u00e5te begrense noen funksjoner p\u00e5 Nettsiden, som er avgj\u00f8rende for \u00e5 gj\u00f8re Nettstedet fungere som hensiktsmessig. Hvis du vil ha mer informasjon om informasjonskapsler, kan du bes\u00f8ke nettstedet\u00a0<a href=\"http:\/\/www.allaboutcookies.org\/\" target=\"_blank\" rel=\"noopener\">http:\/\/www.allaboutcookies.org<\/a>der vil du finne detaljert, uavhengig informasjon om hvordan du deaktiverer informasjonskapsler via innstillingene i nettleseren din og hvordan du kan fjerne cookies som allerede finnes p\u00e5 Din datamaskin. For \u00e5 fjerne cookies fra din mobil, vil du trenger \u00e5 lese telefonens brukerh\u00e5ndbok.<\/p><h5><strong>7. Hvordan til \u00e5 melde deg ut for direkte markedsf\u00f8ring?<\/strong><\/h5><p>\u00c5 nekte Selskapet i direkte markedsf\u00f8ring, kan du klikke p\u00e5 waiver-lenken i den mottatte e-posten eller ved \u00e5 kontakte oss p\u00e5 de nedenfor nevnte kontakter.<\/p><h5><strong>8. Hvordan beskytter vi opplysningene Dine?<\/strong><\/h5><p>S\u00f8rg for at data vi samler inn er tilstrekkelig, og bare slik, noe som er n\u00f8dvendig for innsamling form\u00e5l. Vi garanterer at personopplysninger skal behandles rettferdig og brukes kun for det form\u00e5l som ble samlet inn.<\/p><p>Selskapet er sikkerheten av Din personlige data til 3 (tre) \u00e5r etter at deres bidrag, med mindre Data i henhold foresp\u00f8rsler ellers, eller med mindre det er p\u00e5krevd ved lov, eller med mindre annet er angitt i denne personvernpolicyen.<\/p><p>Selskapet forplikter seg til \u00e5 beskytte Dine personlige opplysninger fra uautorisert endring, formidling, bedrageri eller andre feil avhending av dem.<\/p><p>Selskapet er ikke ansvarlig for enhver upassende bruk av data, n\u00e5r det skjedde p\u00e5 den registrertes skyld.<\/p><h5><strong>9. Enten en Bedrift er med hjelp av prosessorer?<\/strong><\/h5><p>Selskapet skal behandle personopplysninger gjennom de personlige data av administratorer, som har gitt oss med regnskap, personaladministrasjon, Website hosting, data center og\/eller servere i leieavtalen, er DET vedlikehold, ekstern revisjon og andre tjenester.<\/p><p>Vi s\u00f8rger for at data prosessorer, som brukes til \u00e5 har rett til \u00e5 behandle Dine data kun i henhold til Selskapet instruksjoner og bare i den utstrekning dette er n\u00f8dvendig for riktig oppfyllelse av kontrakten forpliktelser, Selskapets drift. Ved hjelp av prosessorer, \u00f8nsker vi \u00e5 sikre at data prosessorer er implementert n\u00f8dvendige organisatoriske og tekniske sikkerhetstiltak og Dine data er hemmelig.<\/p><h5><strong>10. Dine data kan bli utlevert til andre mennesker?<\/strong><\/h5><p>Behandlingen av dine personlige data til tredjeparter, kan vi tilby:<br \/>(a) i tilfelle av en tvist \u2013 juridiske tjenester vi leverer til advokater;<br \/>(b) pasitelktiems data prosessorer;<br \/>(c) for offentlige myndigheter og andre personer i Republikken Litauen i samsvar med juridiske handlinger.<\/p><h5><strong>11. Hva slags brukt for data sikkerhetstiltak?<\/strong><\/h5><p>Vi s\u00f8rger for at Du gir personlige data konfidensialitet. Selskapet har f\u00e5tt p\u00e5 plass n\u00f8dvendig utstyr, for \u00e5 sikre brukernes data sikkerhet mot uautorisert hacking eller bruk, endring, ulovlig eller utilsiktet \u00f8deleggelse. Personopplysninger skal ikke overf\u00f8res utenfor den Europeiske Union.<\/p><h5><strong>12. Hva er Dine rettigheter?<\/strong><\/h5><p>(a) Tilgang til dine personlige data og hvordan de er behandlet (rett til innsyn).<br \/>(b) Be om retting eller, i lys av personlige data, form\u00e5lene med behandlingen, for \u00e5 supplere ufullstendige personopplysninger (retten til \u00e5 korrigere).<br \/>(c) Kreve at deres data bli \u00f8delagt eller til \u00e5 utsette sin behandling tiltak (med unntak for lagring) (rett til \u00e5 \u00f8delegge og retten til \u00e5 bli glemt).<br \/>(d) til \u00e5 Kreve at personopplysninger kontrolleren for \u00e5 begrense behandlingen av data (retten til \u00e5 begrense).<br \/>(e) Rett til \u00e5 overf\u00f8re data (rett til \u00e5 overf\u00f8re).<br \/>(f) til \u00e5 motsette seg behandling av personlige opplysninger for direkte markedsf\u00f8ring, men i s\u00e5 fall kan Du miste muligheten til \u00e5 bli informert om loven.<br \/>(g) \u00e5 Trekke gitt samtykke til behandling av personopplysninger for de form\u00e5l som samtykker har blitt sendt inn.<br \/>(h) Sende inn en klage til Staten data protection datatilsynet.<br \/>For \u00e5 ut\u00f8ve disse rettighetene, vennligst kontakt oss skriftlig eller kontakt oss nedenfor i den elektriske post mens du skriver en e-post adresse, som ble laget til oss. Telefonen av slik informasjon, kan vi ikke gi.<\/p><h5><strong>13. Avsluttende bestemmelser<\/strong><\/h5><p>Selskapet skal ikke v\u00e6re ansvarlig for eventuelle skader og\/eller tap av data, erstatning eller andre feil avhending av dem, som individet har lidd p\u00e5 grunn av ingen skyld av sine egne, bevisste oppf\u00f8rsel av tredjeparter, feil bruk av Nettstedet eller andre upassende handlinger, som skjedde ikke Selskapets skyld.<\/p><p>Selskapet forbeholder seg retten til \u00e5 avsl\u00e5 anmodninger om data behandling, hvis de er urimelig, utilstrekkelig og uforholdsmessig, samt hvor Dataene emnet er ikke egnet for Selskapet s\u00f8rget for data skjemaet.<\/p><p>N\u00e5r du fyller ut s\u00f8knaden, kan du skrive en e-post n\u00e5r du sender en foresp\u00f8rsel, eller p\u00e5 annen m\u00e5te ved \u00e5 kontakte Selskapet, trenger Du ikke tankene Selskapet rett til \u00e5 kontakte Deg tilbake.<\/p><p>Selskapet har rett til n\u00e5r som helst \u00e5 oppdatere retningslinjene for Personvern, som trer i kraft etter sin publisering p\u00e5 Nettstedet.<\/p><p>Alle data processing problemer kan du ta kontakt med de nedenfor nevnte kontakter:<\/p><p>UAB \"Trustpack\"<br \/>adresas: V\u0117trungi\u0173 g. 69, LT-06304 Vilnius, Lietuva<br \/>e-post:\u00a0<a href=\"mailto:info@trustpack.lt\"><span style=\"color: #1b2d59;\">info@trustpack.lt<\/span><\/a><\/p><p>Denne personvernerkl\u00e6ringen oppdatert: 2021-06-14<\/p>\t\t\t\t\t\t\t\t<\/div>\n\t\t\t\t<\/div>\n\t\t\t\t<\/div>\n\t\t\t\t\t<\/div>\n\t\t\t\t<\/div>\n\t\t\t\t<\/div>","protected":false},"excerpt":{"rendered":"<p>Privatumo politika \u0160i Privatumo politika yra skirta asmenims, kurie naudojasi UAB &#8222;Trustpack&#8221; (toliau vadinama Bendrov\u0117 arba mes) teikiamomis paslaugomis ir lankosi Bendrov\u0117s internetin\u0117je svetain\u0117je www.trustpack.lt (toliau vadinama Svetain\u0117). Naudodamiesi Svetaine, pateikdami savo duomenis, pildydami u\u017eklausos form\u0105, si\u0173sdami ar kitu b\u016bdu pateikdami savo gyvenimo apra\u0161ym\u0105 (CV), t\u0119sdami nar\u0161ym\u0105 Svetain\u0117je, J\u016bs patvirtinate, kad susipa\u017einote su \u0161ia Privatumo [&hellip;]<\/p>","protected":false},"author":1,"featured_media":0,"parent":0,"menu_order":0,"comment_status":"closed","ping_status":"closed","template":"","meta":{"footnotes":""},"class_list":["post-1277","page","type-page","status-publish","hentry"],"_links":{"self":[{"href":"https:\/\/trustpack.lt\/nb\/wp-json\/wp\/v2\/pages\/1277","targetHints":{"allow":["GET"]}}],"collection":[{"href":"https:\/\/trustpack.lt\/nb\/wp-json\/wp\/v2\/pages"}],"about":[{"href":"https:\/\/trustpack.lt\/nb\/wp-json\/wp\/v2\/types\/page"}],"author":[{"embeddable":true,"href":"https:\/\/trustpack.lt\/nb\/wp-json\/wp\/v2\/users\/1"}],"replies":[{"embeddable":true,"href":"https:\/\/trustpack.lt\/nb\/wp-json\/wp\/v2\/comments?post=1277"}],"version-history":[{"count":3,"href":"https:\/\/trustpack.lt\/nb\/wp-json\/wp\/v2\/pages\/1277\/revisions"}],"predecessor-version":[{"id":3902,"href":"https:\/\/trustpack.lt\/nb\/wp-json\/wp\/v2\/pages\/1277\/revisions\/3902"}],"wp:attachment":[{"href":"https:\/\/trustpack.lt\/nb\/wp-json\/wp\/v2\/media?parent=1277"}],"curies":[{"name":"wp","href":"https:\/\/api.w.org\/{rel}","templated":true}]}}