{"id":3528,"date":"2025-11-05T15:04:30","date_gmt":"2025-11-05T13:04:30","guid":{"rendered":"https:\/\/trustpack.lt\/?page_id=3528"},"modified":"2026-02-25T17:13:22","modified_gmt":"2026-02-25T15:13:22","slug":"blogg","status":"publish","type":"page","link":"https:\/\/trustpack.lt\/nb\/blogg\/","title":{"rendered":"Blogg"},"content":{"rendered":"<div data-elementor-type=\"wp-page\" data-elementor-id=\"3528\" class=\"elementor elementor-3528\">\n\t\t\t\t<div class=\"elementor-element elementor-element-3e0f08f e-flex e-con-boxed e-con e-parent\" data-id=\"3e0f08f\" data-element_type=\"container\" data-settings=\"{&quot;background_background&quot;:&quot;gradient&quot;}\">\n\t\t\t\t\t<div class=\"e-con-inner\">\n\t\t<div class=\"elementor-element elementor-element-2677945 e-con-full e-flex e-con e-child\" data-id=\"2677945\" data-element_type=\"container\">\n\t\t\t\t<div class=\"elementor-element elementor-element-79633a6 elementor-widget elementor-widget-heading\" data-id=\"79633a6\" data-element_type=\"widget\" data-widget_type=\"heading.default\">\n\t\t\t\t<div class=\"elementor-widget-container\">\n\t\t\t\t\t<h1 class=\"elementor-heading-title elementor-size-default\">Blogg<\/h1>\t\t\t\t<\/div>\n\t\t\t\t<\/div>\n\t\t\t\t<div class=\"elementor-element elementor-element-dc57f45 elementor-widget-divider--view-line elementor-widget elementor-widget-divider\" data-id=\"dc57f45\" data-element_type=\"widget\" data-widget_type=\"divider.default\">\n\t\t\t\t<div class=\"elementor-widget-container\">\n\t\t\t\t\t\t\t<div class=\"elementor-divider\">\n\t\t\t<span class=\"elementor-divider-separator\">\n\t\t\t\t\t\t<\/span>\n\t\t<\/div>\n\t\t\t\t\t\t<\/div>\n\t\t\t\t<\/div>\n\t\t\t\t<\/div>\n\t\t\t\t\t<\/div>\n\t\t\t\t<\/div>\n\t\t<div class=\"elementor-element elementor-element-2b2456e e-flex e-con-boxed e-con e-parent\" data-id=\"2b2456e\" data-element_type=\"container\">\n\t\t\t\t\t<div class=\"e-con-inner\">\n\t\t\t\t<div class=\"elementor-element elementor-element-c000571 elementor-widget elementor-widget-elementskit-blog-posts\" data-id=\"c000571\" data-element_type=\"widget\" data-widget_type=\"elementskit-blog-posts.default\">\n\t\t\t\t<div class=\"elementor-widget-container\">\n\t\t\t\t\t<div class=\"ekit-wid-con\" >        <div id=\"post-items--c000571\" class=\"row post-items\">\n                    <div class=\"col-md-12\">\n\n                                    <div class=\"elementskit-blog-block-post\">\n                        <div class=\"row no-gutters\">\n                                                            <div class=\"col-md-6 order-1\">\n                                    <a href=\"https:\/\/trustpack.lt\/nb\/konditoremballasje-av-kartong-hvordan-velge-riktig-emballasje-for-desserter\/\" class=\"elementskit-entry-thumb\">\n                                        <img decoding=\"async\" src=\"https:\/\/trustpack.lt\/wp-content\/uploads\/2026\/02\/image-4-1024x682.jpeg\" alt=\"Pappemballasje til konfekt: hvordan velge riktig emballasje til desserter\" title=\"\">\n                                    <\/a><!-- .elementskit-entry-thumb END -->\n                                <\/div>\n                            \n                            <div class=\"col-md-6 order-2\">\n                                <div class=\"elementskit-post-body\">\n                                    <div class=\"elementskit-entry-header\">\n                                        \t\t\t\t\t\t\t\t\t\t\t\t\t\t\t<h2 class=\"entry-title\">\n\t\t\t\t\t<a href=\"https:\/\/trustpack.lt\/nb\/konditoremballasje-av-kartong-hvordan-velge-riktig-emballasje-for-desserter\/\">\n\t\t\t\t\t\tPappemballasje til konfekt: hvordan velge riktig emballasje til desserter\t\t\t\t\t<\/a>\n\t\t\t\t<\/h2>\n\t\t\t                                        \n                                                                                                                                        \n                                            \n                                                                                <\/div><!-- .elementskit-entry-header END -->\n\n                                                                            <div class=\"elementskit-post-footer\">\n                                                                                            <p>Konditerijos verslai, rinkdamiesi pakuotes, da\u017enai susiduria su keliomis pagrindin\u0117mis problemomis vienu metu. Pakuot\u0117 turi patikimai apsaugoti desertus transportavimo metu, i\u0161laikyti j\u0173 form\u0105 ir estetin\u012f vaizd\u0105, o kartu b\u016bti patogi logistikai ir sand\u0117liavimui. Per silpna konstrukcija\u2026<\/p>\n                                                                                                                                <\/div><!-- .elementskit-post-footer END -->\n                                                                    <\/div><!-- .elementskit-post-body END -->\n                            <\/div>\n                        <\/div>\n                    <\/div><!-- .elementskit-blog-block-post .radius .gradient-bg END -->\n                \n            <\/div>\n                    <div class=\"col-md-12\">\n\n                                    <div class=\"elementskit-blog-block-post\">\n                        <div class=\"row no-gutters\">\n                                                            <div class=\"col-md-6 order-1\">\n                                    <a href=\"https:\/\/trustpack.lt\/nb\/legemiddelemballasje-av-kartong-sikkerhet-og-premium-image\/\" class=\"elementskit-entry-thumb\">\n                                        <img decoding=\"async\" src=\"https:\/\/trustpack.lt\/wp-content\/uploads\/2026\/02\/image-2-1024x768.jpeg\" alt=\"Pappemballasje for farmas\u00f8ytisk bruk: sikkerhet og f\u00f8rsteklasses image\" title=\"\">\n                                    <\/a><!-- .elementskit-entry-thumb END -->\n                                <\/div>\n                            \n                            <div class=\"col-md-6 order-2\">\n                                <div class=\"elementskit-post-body\">\n                                    <div class=\"elementskit-entry-header\">\n                                        \t\t\t\t\t\t\t\t\t\t\t\t\t\t\t<h2 class=\"entry-title\">\n\t\t\t\t\t<a href=\"https:\/\/trustpack.lt\/nb\/legemiddelemballasje-av-kartong-sikkerhet-og-premium-image\/\">\n\t\t\t\t\t\tPappemballasje for farmas\u00f8ytisk bruk: sikkerhet og f\u00f8rsteklasses image\t\t\t\t\t<\/a>\n\t\t\t\t<\/h2>\n\t\t\t                                        \n                                                                                                                                        \n                                            \n                                                                                <\/div><!-- .elementskit-entry-header END -->\n\n                                                                            <div class=\"elementskit-post-footer\">\n                                                                                            <p>\u0160iandien vaist\u0173 pakuot\u0117s atlieka kur kas daugiau nei tik apsaugin\u0119 funkcij\u0105. Pakuot\u0117s yra neatsiejama produkto dalis, tiesiogiai veikianti vartotojo pasitik\u0117jim\u0105, vaisto suvokiam\u0105 kokyb\u0119 ir atitikt\u012f grie\u017etiems farmacijos reikalavimams. Dar prie\u0161 perskaitant informacin\u012f lapel\u012f ar i\u0161bandant\u2026<\/p>\n                                                                                                                                <\/div><!-- .elementskit-post-footer END -->\n                                                                    <\/div><!-- .elementskit-post-body END -->\n                            <\/div>\n                        <\/div>\n                    <\/div><!-- .elementskit-blog-block-post .radius .gradient-bg END -->\n                \n            <\/div>\n                    <div class=\"col-md-12\">\n\n                                    <div class=\"elementskit-blog-block-post\">\n                        <div class=\"row no-gutters\">\n                                                            <div class=\"col-md-6 order-1\">\n                                    <a href=\"https:\/\/trustpack.lt\/nb\/esker-med-trykk-som-emballasje-som-skaper-og-oker-merkevareverdi\/\" class=\"elementskit-entry-thumb\">\n                                        <img decoding=\"async\" src=\"https:\/\/trustpack.lt\/wp-content\/uploads\/2026\/02\/image-1024x682.jpeg\" alt=\"Trykte esker: hvordan emballasje skaper og \u00f8ker merkeverdi\" title=\"\">\n                                    <\/a><!-- .elementskit-entry-thumb END -->\n                                <\/div>\n                            \n                            <div class=\"col-md-6 order-2\">\n                                <div class=\"elementskit-post-body\">\n                                    <div class=\"elementskit-entry-header\">\n                                        \t\t\t\t\t\t\t\t\t\t\t\t\t\t\t<h2 class=\"entry-title\">\n\t\t\t\t\t<a href=\"https:\/\/trustpack.lt\/nb\/esker-med-trykk-som-emballasje-som-skaper-og-oker-merkevareverdi\/\">\n\t\t\t\t\t\tTrykte esker: hvordan emballasje skaper og \u00f8ker merkeverdi\t\t\t\t\t<\/a>\n\t\t\t\t<\/h2>\n\t\t\t                                        \n                                                                                                                                        \n                                            \n                                                                                <\/div><!-- .elementskit-entry-header END -->\n\n                                                                            <div class=\"elementskit-post-footer\">\n                                                                                            <p>\u0160iandien pakuot\u0117s da\u017enai tampa pirmuoju prek\u0117s \u017eenklo kontaktu su klientu \u2013 dar prie\u0161 produkt\u0105, reklam\u0105 ar patirt\u012f. Klientas pamato d\u0117\u017eut\u0119 lentynoje, gauna siunt\u0105 \u012f namus ar atidaro verslo dovan\u0105, ir b\u016btent pakuot\u0117 formuoja pirm\u0105j\u012f \u012fsp\u016bd\u012f.\u2026<\/p>\n                                                                                                                                <\/div><!-- .elementskit-post-footer END -->\n                                                                    <\/div><!-- .elementskit-post-body END -->\n                            <\/div>\n                        <\/div>\n                    <\/div><!-- .elementskit-blog-block-post .radius .gradient-bg END -->\n                \n            <\/div>\n                    <div class=\"col-md-12\">\n\n                                    <div class=\"elementskit-blog-block-post\">\n                        <div class=\"row no-gutters\">\n                                                            <div class=\"col-md-6 order-1\">\n                                    <a href=\"https:\/\/trustpack.lt\/nb\/kaip-pasirinkti-tinkamiausia-maisto-pakuote\/\" class=\"elementskit-entry-thumb\">\n                                        <img decoding=\"async\" src=\"https:\/\/trustpack.lt\/wp-content\/uploads\/2025\/12\/image-4-1024x768.jpeg\" alt=\"Hvordan velge den mest passende mat emballasje?\" title=\"\">\n                                    <\/a><!-- .elementskit-entry-thumb END -->\n                                <\/div>\n                            \n                            <div class=\"col-md-6 order-2\">\n                                <div class=\"elementskit-post-body\">\n                                    <div class=\"elementskit-entry-header\">\n                                        \t\t\t\t\t\t\t\t\t\t\t\t\t\t\t<h2 class=\"entry-title\">\n\t\t\t\t\t<a href=\"https:\/\/trustpack.lt\/nb\/kaip-pasirinkti-tinkamiausia-maisto-pakuote\/\">\n\t\t\t\t\t\tHvordan velge den mest passende mat emballasje?\t\t\t\t\t<\/a>\n\t\t\t\t<\/h2>\n\t\t\t                                        \n                                                                                                                                        \n                                            \n                                                                                <\/div><!-- .elementskit-entry-header END -->\n\n                                                                            <div class=\"elementskit-post-footer\">\n                                                                                            <p>Egnet for mat emballasjen er fastsatt direkte ved produktet friskhet, brukeren sikkerhet og merkevaren. Men bedrifter er ofte overfor et dilemma: \u00e5 velge praktiske l\u00f8sninger, estetikk eller b\u00e6rekraft? I denne artikkelen vil du finne klare kriterier for \u00e5 forst\u00e5 hvilken pakke som passer best for...<\/p>\n                                                                                                                                <\/div><!-- .elementskit-post-footer END -->\n                                                                    <\/div><!-- .elementskit-post-body END -->\n                            <\/div>\n                        <\/div>\n                    <\/div><!-- .elementskit-blog-block-post .radius .gradient-bg END -->\n                \n            <\/div>\n                    <div class=\"col-md-12\">\n\n                                    <div class=\"elementskit-blog-block-post\">\n                        <div class=\"row no-gutters\">\n                                                            <div class=\"col-md-6 order-1\">\n                                    <a href=\"https:\/\/trustpack.lt\/nb\/pakuociu-gamyba-nuo-idejos-iki-paruostos-pakuotes\/\" class=\"elementskit-entry-thumb\">\n                                        <img decoding=\"async\" src=\"https:\/\/trustpack.lt\/wp-content\/uploads\/2025\/12\/image-1-1024x682.jpeg\" alt=\"Emballasje produksjon: fra id\u00e9 til klar emballasje\" title=\"\">\n                                    <\/a><!-- .elementskit-entry-thumb END -->\n                                <\/div>\n                            \n                            <div class=\"col-md-6 order-2\">\n                                <div class=\"elementskit-post-body\">\n                                    <div class=\"elementskit-entry-header\">\n                                        \t\t\t\t\t\t\t\t\t\t\t\t\t\t\t<h2 class=\"entry-title\">\n\t\t\t\t\t<a href=\"https:\/\/trustpack.lt\/nb\/pakuociu-gamyba-nuo-idejos-iki-paruostos-pakuotes\/\">\n\t\t\t\t\t\tEmballasje produksjon: fra id\u00e9 til klar emballasje\t\t\t\t\t<\/a>\n\t\t\t\t<\/h2>\n\t\t\t                                        \n                                                                                                                                        \n                                            \n                                                                                <\/div><!-- .elementskit-entry-header END -->\n\n                                                                            <div class=\"elementskit-post-footer\">\n                                                                                            <p>Emballasje produksjon har lenge v\u00e6rt ikke lenger bare for den tekniske produksjonen, der et stoff som er konvertert til en e-postkasse. Det er en prosess, tilkobling, kreativitet, teknologi, og merkevarestrategi. Fra f\u00f8rste id\u00e9 og design skisser til n\u00f8ye utf\u00f8rt av trykk og kvalitetskontroll av...<\/p>\n                                                                                                                                <\/div><!-- .elementskit-post-footer END -->\n                                                                    <\/div><!-- .elementskit-post-body END -->\n                            <\/div>\n                        <\/div>\n                    <\/div><!-- .elementskit-blog-block-post .radius .gradient-bg END -->\n                \n            <\/div>\n                    <div class=\"col-md-12\">\n\n                                    <div class=\"elementskit-blog-block-post\">\n                        <div class=\"row no-gutters\">\n                                                            <div class=\"col-md-6 order-1\">\n                                    <a href=\"https:\/\/trustpack.lt\/nb\/pakuociu-tendencijos-2026-metams\/\" class=\"elementskit-entry-thumb\">\n                                        <img decoding=\"async\" src=\"https:\/\/trustpack.lt\/wp-content\/uploads\/2025\/11\/image-1-1024x768.jpeg\" alt=\"Emballasje trender \u00e5r 2026\" title=\"\">\n                                    <\/a><!-- .elementskit-entry-thumb END -->\n                                <\/div>\n                            \n                            <div class=\"col-md-6 order-2\">\n                                <div class=\"elementskit-post-body\">\n                                    <div class=\"elementskit-entry-header\">\n                                        \t\t\t\t\t\t\t\t\t\t\t\t\t\t\t<h2 class=\"entry-title\">\n\t\t\t\t\t<a href=\"https:\/\/trustpack.lt\/nb\/pakuociu-tendencijos-2026-metams\/\">\n\t\t\t\t\t\tEmballasje trender \u00e5r 2026\t\t\t\t\t<\/a>\n\t\t\t\t<\/h2>\n\t\t\t                                        \n                                                                                                                                        \n                                            \n                                                                                <\/div><!-- .elementskit-entry-header END -->\n\n                                                                            <div class=\"elementskit-post-footer\">\n                                                                                            <p>Emballasjen sektor er for tiden opplever en rask perioden endringer. Bedrifter og forbrukere i stadig st\u00f8rre grad verdien av b\u00e6rekraft, en bedre brukeropplevelse, og tar hensyn til de stadig strengere regelverk. L\u00f8sninger som for eksempel QR-koder eller augmented reality elementer er stadig...<\/p>\n                                                                                                                                <\/div><!-- .elementskit-post-footer END -->\n                                                                    <\/div><!-- .elementskit-post-body END -->\n                            <\/div>\n                        <\/div>\n                    <\/div><!-- .elementskit-blog-block-post .radius .gradient-bg END -->\n                \n            <\/div>\n                    <div class=\"col-md-12\">\n\n                                    <div class=\"elementskit-blog-block-post\">\n                        <div class=\"row no-gutters\">\n                                                            <div class=\"col-md-6 order-1\">\n                                    <a href=\"https:\/\/trustpack.lt\/nb\/tvari-pakuote-ka-svarbu-zinoti-pries-uzsakant\/\" class=\"elementskit-entry-thumb\">\n                                        <img decoding=\"async\" src=\"https:\/\/trustpack.lt\/wp-content\/uploads\/2025\/06\/thumbnail_15_244598_Speedmaster-XL-106-8LYYL-1-1024x819.jpg\" alt=\"B\u00e6rekraftig emballasje: hva er viktig \u00e5 vite f\u00f8r du bestiller\" title=\"\">\n                                    <\/a><!-- .elementskit-entry-thumb END -->\n                                <\/div>\n                            \n                            <div class=\"col-md-6 order-2\">\n                                <div class=\"elementskit-post-body\">\n                                    <div class=\"elementskit-entry-header\">\n                                        \t\t\t\t\t\t\t\t\t\t\t\t\t\t\t<h2 class=\"entry-title\">\n\t\t\t\t\t<a href=\"https:\/\/trustpack.lt\/nb\/tvari-pakuote-ka-svarbu-zinoti-pries-uzsakant\/\">\n\t\t\t\t\t\tB\u00e6rekraftig emballasje: hva er viktig \u00e5 vite f\u00f8r du bestiller\t\t\t\t\t<\/a>\n\t\t\t\t<\/h2>\n\t\t\t                                        \n                                                                                                                                        \n                                            \n                                                                                <\/div><!-- .elementskit-entry-header END -->\n\n                                                                            <div class=\"elementskit-post-footer\">\n                                                                                            <p>I moderne marked for milj\u00f8vennlig emballasje er ikke lenger bare en fashion \u2013 det er bedriftens ansvar og bevisst tiln\u00e6rming til milj\u00f8-symbolet. Forbrukerne er i \u00f8kende grad velge produkter med gr\u00f8nn emballasje avspeiler merkets verdier, noe som betyr at b\u00e6rekraft blir...<\/p>\n                                                                                                                                <\/div><!-- .elementskit-post-footer END -->\n                                                                    <\/div><!-- .elementskit-post-body END -->\n                            <\/div>\n                        <\/div>\n                    <\/div><!-- .elementskit-blog-block-post .radius .gradient-bg END -->\n                \n            <\/div>\n                    <div class=\"col-md-12\">\n\n                                    <div class=\"elementskit-blog-block-post\">\n                        <div class=\"row no-gutters\">\n                                                            <div class=\"col-md-6 order-1\">\n                                    <a href=\"https:\/\/trustpack.lt\/nb\/kaip-issirinkti-premium-pakuote-savo-prekes-zenklui-konstrukcijos-ir-kokybes-gidas\/\" class=\"elementskit-entry-thumb\">\n                                        <img decoding=\"async\" src=\"https:\/\/trustpack.lt\/wp-content\/uploads\/2025\/06\/GP-kompozicija-kosmetika-parfumerija-1024x791.jpg\" alt=\"Hvordan \u00e5 velge en PREMIUM emballasje for merkevaren din: design og kvalitet guide\" title=\"\">\n                                    <\/a><!-- .elementskit-entry-thumb END -->\n                                <\/div>\n                            \n                            <div class=\"col-md-6 order-2\">\n                                <div class=\"elementskit-post-body\">\n                                    <div class=\"elementskit-entry-header\">\n                                        \t\t\t\t\t\t\t\t\t\t\t\t\t\t\t<h2 class=\"entry-title\">\n\t\t\t\t\t<a href=\"https:\/\/trustpack.lt\/nb\/kaip-issirinkti-premium-pakuote-savo-prekes-zenklui-konstrukcijos-ir-kokybes-gidas\/\">\n\t\t\t\t\t\tHvordan \u00e5 velge en PREMIUM emballasje for merkevaren din: design og kvalitet guide\t\t\t\t\t<\/a>\n\t\t\t\t<\/h2>\n\t\t\t                                        \n                                                                                                                                        \n                                            \n                                                                                <\/div><!-- .elementskit-entry-header END -->\n\n                                                                            <div class=\"elementskit-post-footer\">\n                                                                                            <p>I det moderne markedet emballasje er ikke lenger bare produktet beskyttelse, men ogs\u00e5 helt ansiktet. Produkt emballasje skaper det f\u00f8rste inntrykk, \u00f8ker merkevare verdi i \u00f8ynene av kj\u00f8pere og utvikle kundelojalitet. S\u00e5 hvordan velge den emballasje som ikke bare...<\/p>\n                                                                                                                                <\/div><!-- .elementskit-post-footer END -->\n                                                                    <\/div><!-- .elementskit-post-body END -->\n                            <\/div>\n                        <\/div>\n                    <\/div><!-- .elementskit-blog-block-post .radius .gradient-bg END -->\n                \n            <\/div>\n                <\/div>\n       <\/div>\t\t\t\t<\/div>\n\t\t\t\t<\/div>\n\t\t\t\t\t<\/div>\n\t\t\t\t<\/div>\n\t\t\t\t<\/div>","protected":false},"excerpt":{"rendered":"<p>Tinklara\u0161tis Sweden\u2019s Packaging Trends in 2026: What Brands and Designers Should Know Packaging in Sweden is entering 2026 under a very different set of expectations than even a few years ago. Decisions that were once driven primarily by cost, aesthetics or shelf impact are now shaped by&hellip; Packaging Trends in Finland for 2026: Key Insights [&hellip;]<\/p>","protected":false},"author":1,"featured_media":0,"parent":0,"menu_order":0,"comment_status":"closed","ping_status":"closed","template":"","meta":{"footnotes":""},"class_list":["post-3528","page","type-page","status-publish","hentry"],"_links":{"self":[{"href":"https:\/\/trustpack.lt\/nb\/wp-json\/wp\/v2\/pages\/3528","targetHints":{"allow":["GET"]}}],"collection":[{"href":"https:\/\/trustpack.lt\/nb\/wp-json\/wp\/v2\/pages"}],"about":[{"href":"https:\/\/trustpack.lt\/nb\/wp-json\/wp\/v2\/types\/page"}],"author":[{"embeddable":true,"href":"https:\/\/trustpack.lt\/nb\/wp-json\/wp\/v2\/users\/1"}],"replies":[{"embeddable":true,"href":"https:\/\/trustpack.lt\/nb\/wp-json\/wp\/v2\/comments?post=3528"}],"version-history":[{"count":3,"href":"https:\/\/trustpack.lt\/nb\/wp-json\/wp\/v2\/pages\/3528\/revisions"}],"predecessor-version":[{"id":3929,"href":"https:\/\/trustpack.lt\/nb\/wp-json\/wp\/v2\/pages\/3528\/revisions\/3929"}],"wp:attachment":[{"href":"https:\/\/trustpack.lt\/nb\/wp-json\/wp\/v2\/media?parent=3528"}],"curies":[{"name":"wp","href":"https:\/\/api.w.org\/{rel}","templated":true}]}}