{"id":760,"date":"2025-06-22T15:26:14","date_gmt":"2025-06-22T15:26:14","guid":{"rendered":"https:\/\/trustpack.lt\/?page_id=760"},"modified":"2025-09-01T16:12:22","modified_gmt":"2025-09-01T16:12:22","slug":"foresporselsskjema","status":"publish","type":"page","link":"https:\/\/trustpack.lt\/nb\/foresporselsskjema\/","title":{"rendered":"Skjema"},"content":{"rendered":"<div data-elementor-type=\"wp-page\" data-elementor-id=\"760\" class=\"elementor elementor-760\">\n\t\t\t\t<div class=\"elementor-element elementor-element-0883167 e-flex e-con-boxed e-con e-parent\" data-id=\"0883167\" data-element_type=\"container\">\n\t\t\t\t\t<div class=\"e-con-inner\">\n\t\t\t\t<div class=\"elementor-element elementor-element-79633a6 elementor-widget elementor-widget-heading\" data-id=\"79633a6\" data-element_type=\"widget\" data-widget_type=\"heading.default\">\n\t\t\t\t<div class=\"elementor-widget-container\">\n\t\t\t\t\t<h2 class=\"elementor-heading-title elementor-size-default\">Skjema<\/h2>\t\t\t\t<\/div>\n\t\t\t\t<\/div>\n\t\t\t\t<div class=\"elementor-element elementor-element-dc57f45 elementor-widget-divider--view-line elementor-widget elementor-widget-divider\" data-id=\"dc57f45\" data-element_type=\"widget\" data-widget_type=\"divider.default\">\n\t\t\t\t<div class=\"elementor-widget-container\">\n\t\t\t\t\t\t\t<div class=\"elementor-divider\">\n\t\t\t<span class=\"elementor-divider-separator\">\n\t\t\t\t\t\t<\/span>\n\t\t<\/div>\n\t\t\t\t\t\t<\/div>\n\t\t\t\t<\/div>\n\t\t\t\t<div class=\"elementor-element elementor-element-64451b0 elementor-hidden-desktop elementor-hidden-tablet elementor-icon-list--layout-traditional elementor-list-item-link-full_width elementor-widget elementor-widget-icon-list\" data-id=\"64451b0\" data-element_type=\"widget\" data-widget_type=\"icon-list.default\">\n\t\t\t\t<div class=\"elementor-widget-container\">\n\t\t\t\t\t\t\t<ul class=\"elementor-icon-list-items\">\n\t\t\t\t\t\t\t<li class=\"elementor-icon-list-item\">\n\t\t\t\t\t\t\t\t\t\t\t<a href=\"https:\/\/trustpack.lt\/nb\/krav-til-trykkfiler\/\">\n\n\t\t\t\t\t\t\t\t\t\t\t\t<span class=\"elementor-icon-list-icon\">\n\t\t\t\t\t\t\t<i aria-hidden=\"true\" class=\"fas fa-long-arrow-alt-right\"><\/i>\t\t\t\t\t\t<\/span>\n\t\t\t\t\t\t\t\t\t\t<span class=\"elementor-icon-list-text\">Krav for \u00e5 skrive ut filen<\/span>\n\t\t\t\t\t\t\t\t\t\t\t<\/a>\n\t\t\t\t\t\t\t\t\t<\/li>\n\t\t\t\t\t\t<\/ul>\n\t\t\t\t\t\t<\/div>\n\t\t\t\t<\/div>\n\t\t\t\t<div class=\"elementor-element elementor-element-2115040 elementor-widget elementor-widget-formidable\" data-id=\"2115040\" data-element_type=\"widget\" data-widget_type=\"formidable.default\">\n\t\t\t\t<div class=\"elementor-widget-container\">\n\t\t\t\t\t<div class=\"frm_forms  with_frm_style frm_style_formidable-style\" id=\"frm_form_2_container\" data-token=\"1c74aa11356aa5aa45dce8d719447b3c\">\n<form enctype=\"multipart\/form-data\" method=\"post\" class=\"frm-show-form  frm_pro_form\" id=\"form_uzklausos-forma\" data-token=\"1c74aa11356aa5aa45dce8d719447b3c\" action=\"\">\n<div class=\"frm_form_fields\">\n<fieldset>\n<legend class=\"frm_screen_reader\">Skjema<\/legend>\r\n\r\n<div class=\"frm_fields_container\">\n<input type=\"hidden\" name=\"frm_action\" value=\"create\" \/>\n<input type=\"hidden\" name=\"form_id\" value=\"2\" \/>\n<input type=\"hidden\" name=\"frm_hide_fields_2\" id=\"frm_hide_fields_2\" value=\"\" \/>\n<input type=\"hidden\" name=\"form_key\" value=\"uzklausos-forma\" \/>\n<input type=\"hidden\" name=\"item_meta[0]\" value=\"\" \/>\n<input type=\"hidden\" id=\"frm_submit_entry_2\" name=\"frm_submit_entry_2\" value=\"cb9e92f6c1\" \/><input type=\"hidden\" name=\"_wp_http_referer\" value=\"\/nb\/wp-json\/wp\/v2\/pages\/760\" \/><div id=\"frm_field_7_container\" class=\"frm_form_field form-field  frm_required_field frm_top_container frm6 frm_first\">\r\n\t<label for=\"field_220d2\" id=\"field_220d2_label\" class=\"frm_primary_label\">Produkt, tjeneste navn*\r\n\t\t<span class=\"frm_required\" aria-hidden=\"true\"><\/span>\r\n\t<\/label>\r\n\t<input  type=\"text\" id=\"field_220d2\" name=\"item_meta[7]\" value=\"\"  data-reqmsg=\"Produkto - paslaugos pavadinimas* cannot be blank.\" aria-required=\"true\" data-invmsg=\"Produkto - paslaugos pavadinimas* is invalid\" aria-invalid=\"false\"   \/>\r\n\t\r\n\t\r\n<\/div>\n<div id=\"frm_field_33_container\" class=\"frm_form_field  frm6 frm_html_container form-field\">\n<p style=\"text-align: right;\"><span style=\"color: #1b2d59;\"><a style=\"color: #1b2d59;\" href=\"https:\/\/trustpack.lt\/nb\/krav-til-trykkfiler\/\"><span class=\"elementor-icon-list-text\">Krav for \u00e5 skrive ut filen<\/span><\/a><\/span><\/p>\n<\/div>\n<div id=\"frm_field_8_container\" class=\"frm_form_field form-field  frm_required_field frm_top_container frm4 frm_first\">\r\n\t<label for=\"field_1tcxm\" id=\"field_1tcxm_label\" class=\"frm_primary_label\">Pc.**\r\n\t\t<span class=\"frm_required\" aria-hidden=\"true\"><\/span>\r\n\t<\/label>\r\n\t<input  type=\"text\" id=\"field_1tcxm\" name=\"item_meta[8]\" value=\"\"  data-reqmsg=\"Vnt.** cannot be blank.\" aria-required=\"true\" data-invmsg=\"Vnt.** is invalid\" aria-invalid=\"false\"   \/>\r\n\t\r\n\t\r\n<\/div>\n<div id=\"frm_field_9_container\" class=\"frm_form_field form-field  frm_top_container frm4\">\r\n\t<label for=\"field_onuv\" id=\"field_onuv_label\" class=\"frm_primary_label\">Produkt dimensjoner\r\n\t\t<span class=\"frm_required\" aria-hidden=\"true\"><\/span>\r\n\t<\/label>\r\n\t<input  type=\"text\" id=\"field_onuv\" name=\"item_meta[9]\" value=\"\"  data-invmsg=\"Gaminio matmenys is invalid\" aria-invalid=\"false\"   \/>\r\n\t\r\n\t\r\n<\/div>\n<div id=\"frm_field_110_container\" class=\"frm_form_field form-field  frm_top_container frm4\">\n\t<label for=\"field_nab1f\" id=\"field_nab1f_label\" class=\"frm_primary_label\">Papir\/papp*\n\t\t<span class=\"frm_required\" aria-hidden=\"true\"><\/span>\n\t<\/label>\n\t\t\t<select name=\"item_meta[110]\" id=\"field_nab1f\"  data-frmval=\"[&quot;Popierius&quot;]\" data-invmsg=\"Popierius\/ Kartonas* is invalid\" aria-invalid=\"false\"  >\n\t\t<option  value=\"Popierius\" selected='selected'>Papir<\/option><option  value=\"GC1 kartonas (balta\/balta)\">GC1-kartong (hvit\/hvit)<\/option><option  value=\"GC2 kartonas (balta\/gelsva)\">GC2-kartong (hvit\/gulaktig)<\/option><option  value=\"GD kartonas (balta\/pilka)\">GD-papp (hvit\/gr\u00e5)<\/option><option  value=\"Kraft kartonas (balta\/ruda)\">Kraftkartong (hvit\/brun)<\/option>\t<\/select>\n\t\n\t\n\t\n<\/div>\n<div id=\"frm_field_11_container\" class=\"frm_form_field form-field  frm_required_field frm_top_container frm6 frm_first\">\r\n\t<label for=\"field_dniog\" id=\"field_dniog_label\" class=\"frm_primary_label\">Den ytre siden av middels*\r\n\t\t<span class=\"frm_required\" aria-hidden=\"true\"><\/span>\r\n\t<\/label>\r\n\t\t\t<select name=\"item_meta[11]\" id=\"field_dniog\"  data-frmval=\"4\" data-reqmsg=\"I\u0161orin\u0117s pus\u0117s spalvingumas* cannot be blank.\" aria-required=\"true\" data-invmsg=\"I\u0161orin\u0117s pus\u0117s spalvingumas* is invalid\" aria-invalid=\"false\"  >\n\t\t<option  value=\"0\">0<\/option><option  value=\"1\">1<\/option><option  value=\"2\">2<\/option><option  value=\"3\">3<\/option><option  value=\"4\" selected='selected'>4<\/option><option  value=\"5\">5<\/option><option  value=\"6\">6<\/option><option  value=\"7\">7<\/option><option  value=\"8\">8<\/option>\t<\/select>\n\t\r\n\t\r\n\t\r\n<\/div>\n<div id=\"frm_field_12_container\" class=\"frm_form_field form-field  frm_required_field frm_top_container frm6\">\r\n\t<label for=\"field_jspq9\" id=\"field_jspq9_label\" class=\"frm_primary_label\">Den indre siden av middels*\r\n\t\t<span class=\"frm_required\" aria-hidden=\"true\"><\/span>\r\n\t<\/label>\r\n\t\t\t<select name=\"item_meta[12]\" id=\"field_jspq9\"  data-frmval=\"0\" data-reqmsg=\"Vidin\u0117s pus\u0117s spalvingumas* cannot be blank.\" aria-required=\"true\" data-invmsg=\"Vidin\u0117s pus\u0117s spalvingumas* is invalid\" aria-invalid=\"false\"  >\n\t\t<option  value=\"0\" selected='selected'>0<\/option><option  value=\"1\">1<\/option><option  value=\"2\">2<\/option><option  value=\"3\">3<\/option><option  value=\"4\">4<\/option><option  value=\"5\">5<\/option><option  value=\"6\">6<\/option><option  value=\"7\">7<\/option><option  value=\"8\">8<\/option>\t<\/select>\n\t\r\n\t\r\n\t\r\n<\/div>\n<input type=\"hidden\" name=\"item_meta[13]\" id=\"field_25cei-0\" value=\"\"     \/>\n<div id=\"frm_field_14_container\" class=\"frm_form_field form-field  frm_required_field frm_top_container frm3 vertical_radio\">\r\n\t<div  id=\"field_1ecjz_label\" class=\"frm_primary_label\">Lakkering*\r\n\t\t<span class=\"frm_required\" aria-hidden=\"true\"><\/span>\r\n\t<\/div>\r\n\t<div class=\"frm_opt_container\" aria-labelledby=\"field_1ecjz_label\" role=\"group\">\t\t<div class=\"frm_checkbox\" id=\"frm_checkbox_14-0\">\t\t\t<label  for=\"field_1ecjz-0\">\n\t\t\t<input type=\"checkbox\" name=\"item_meta[14][]\" id=\"field_1ecjz-0\" value=\"Be lako\"  data-reqmsg=\"Lakavimas* cannot be blank.\" data-invmsg=\"Lakavimas* is invalid\" aria-invalid=\"false\"   aria-required=\"true\"  \/> Uten lakk<\/label><\/div>\n\t\t<div class=\"frm_checkbox\" id=\"frm_checkbox_14-1\">\t\t\t<label  for=\"field_1ecjz-1\">\n\t\t\t<input type=\"checkbox\" name=\"item_meta[14][]\" id=\"field_1ecjz-1\" value=\"Blizgus lakas\"  data-reqmsg=\"Lakavimas* cannot be blank.\" data-invmsg=\"Lakavimas* is invalid\" aria-invalid=\"false\"   \/> Glanset lakk<\/label><\/div>\n\t\t<div class=\"frm_checkbox\" id=\"frm_checkbox_14-2\">\t\t\t<label  for=\"field_1ecjz-2\">\n\t\t\t<input type=\"checkbox\" name=\"item_meta[14][]\" id=\"field_1ecjz-2\" value=\"Matinis lakas\"  data-reqmsg=\"Lakavimas* cannot be blank.\" data-invmsg=\"Lakavimas* is invalid\" aria-invalid=\"false\"   \/> Skarp kraft<\/label><\/div>\n\t\t<div class=\"frm_checkbox\" id=\"frm_checkbox_14-3\">\t\t\t<label  for=\"field_1ecjz-3\">\n\t\t\t<input type=\"checkbox\" name=\"item_meta[14][]\" id=\"field_1ecjz-3\" value=\"UV dalinis lakas\"  data-reqmsg=\"Lakavimas* cannot be blank.\" data-invmsg=\"Lakavimas* is invalid\" aria-invalid=\"false\"   \/> UV-delvis lakk<\/label><\/div>\n<\/div>\r\n\t\r\n\t\r\n<\/div>\n<div id=\"frm_field_15_container\" class=\"frm_form_field form-field  frm_required_field frm_top_container frm3 vertical_radio\">\r\n\t<div  id=\"field_3vr8e_label\" class=\"frm_primary_label\">Ekstra finish\r\n\t\t<span class=\"frm_required\" aria-hidden=\"true\"><\/span>\r\n\t<\/div>\r\n\t<div class=\"frm_opt_container\" aria-labelledby=\"field_3vr8e_label\" role=\"group\">\t\t<div class=\"frm_checkbox\" id=\"frm_checkbox_15-0\">\t\t\t<label  for=\"field_3vr8e-0\">\n\t\t\t<input type=\"checkbox\" name=\"item_meta[15][]\" id=\"field_3vr8e-0\" value=\"Kar\u0161tas folijavimas\"  data-reqmsg=\"Papildoma apdaila cannot be blank.\" data-invmsg=\"Papildoma apdaila is invalid\" aria-invalid=\"false\"   aria-required=\"true\"  \/> Hot foiling<\/label><\/div>\n\t\t<div class=\"frm_checkbox\" id=\"frm_checkbox_15-1\">\t\t\t<label  for=\"field_3vr8e-1\">\n\t\t\t<input type=\"checkbox\" name=\"item_meta[15][]\" id=\"field_3vr8e-1\" value=\"Reljefinis \u012fspaudimas\/i\u0161k\u0117limas\"  data-reqmsg=\"Papildoma apdaila cannot be blank.\" data-invmsg=\"Papildoma apdaila is invalid\" aria-invalid=\"false\"   \/> Preget inneb\u00e6rer\/dock<\/label><\/div>\n\t\t<div class=\"frm_checkbox\" id=\"frm_checkbox_15-2\">\t\t\t<label  for=\"field_3vr8e-2\">\n\t\t\t<input type=\"checkbox\" name=\"item_meta[15][]\" id=\"field_3vr8e-2\" value=\"Laminavimas\"  data-reqmsg=\"Papildoma apdaila cannot be blank.\" data-invmsg=\"Papildoma apdaila is invalid\" aria-invalid=\"false\"   \/> Laminering<\/label><\/div>\n\t\t<div class=\"frm_checkbox\" id=\"frm_checkbox_15-3\">\t\t\t<label  for=\"field_3vr8e-3\">\n\t\t\t<input type=\"checkbox\" name=\"item_meta[15][]\" id=\"field_3vr8e-3\" value=\"Langelio klijavimas\"  data-reqmsg=\"Papildoma apdaila cannot be blank.\" data-invmsg=\"Papildoma apdaila is invalid\" aria-invalid=\"false\"   \/> Boksen dimensjonering<\/label><\/div>\n\t\t<div class=\"frm_checkbox\" id=\"frm_checkbox_15-5\">\t\t\t<label  for=\"field_3vr8e-5\">\n\t\t\t<input type=\"checkbox\" name=\"item_meta[15][]\" id=\"field_3vr8e-5\" value=\"Brailio ra\u0161tas\"  data-reqmsg=\"Papildoma apdaila cannot be blank.\" data-invmsg=\"Papildoma apdaila is invalid\" aria-invalid=\"false\"   \/> Punktskrift<\/label><\/div>\n<\/div>\r\n\t\r\n\t\r\n<\/div>\n<div id=\"frm_field_24_container\" class=\"frm_form_field form-field  frm_top_container frm3\">\r\n\t<label for=\"field_9zayd\" id=\"field_9zayd_label\" class=\"frm_primary_label\">Forslaget forventes f\u00f8r dato\r\n\t\t<span class=\"frm_required\" aria-hidden=\"true\"><\/span>\r\n\t<\/label>\r\n\t<input type=\"text\" id=\"field_9zayd\" name=\"item_meta[24]\" value=\"\"  maxlength=\"10\" data-invmsg=\"Pasi\u016blymas laukiamas iki datos is invalid\" class=\"frm_date\" aria-invalid=\"false\"  \/>\r\n\t\r\n\t\r\n<\/div>\n<div id=\"frm_field_23_container\" class=\"frm_form_field form-field  frm_required_field frm_top_container frm6 frm_first\">\r\n\t<label for=\"field_5bt9u\" id=\"field_5bt9u_label\" class=\"frm_primary_label\">Legg ved fil*\r\n\t\t<span class=\"frm_required\" aria-hidden=\"true\"><\/span>\r\n\t<\/label>\r\n\t<input type=\"hidden\"  data-reqmsg=\"Prisegti fail\u0105* negali b\u016bti tu\u0161\u010dias.\" data-invmsg=\"Prisegti fail\u0105* is invalid\" class=\"auto_width\" aria-invalid=\"false\"   name=\"item_meta[23][]\"  value=\"\"  data-frmfile=\"23\" \/>\n\n<div class=\"frm_dropzone frm_multi_upload frm_clearfix\" id=\"file23_dropzone\" role=\"group\" >\n\t<div class=\"fallback\">\n\t\t<input type=\"file\" name=\"file23[]\" id=\"field_5bt9u\"\n\t\t\t data-frmfile=\"23\" multiple=\"multiple\"  data-reqmsg=\"Prisegti fail\u0105* negali b\u016bti tu\u0161\u010dias.\" data-invmsg=\"Prisegti fail\u0105* is invalid\" class=\"auto_width\" aria-invalid=\"false\"  \t\t\t\/>\n\t\t\t\t<div class=\"frm_clearfix\"><\/div>\n\t<\/div>\n\t<div class=\"dz-message needsclick\">\n\t\t\t\t<svg  viewbox=\"0 0 18 18\" class=\"frmsvg frm-svg-icon\">\n\t<path viewbox=\"0 0 18 18\" fill-rule=\"evenodd\" clip-rule=\"evenodd\" d=\"M8.2 4v8a.8.8 0 001.5 0V4l2.1 2.2A.7.7 0 1013 5L9.5 1.7a.7.7 0 00-1.1 0L5.1 5.2a.8.8 0 001 1l2.1-2zm7.6 4.3c.4 0 .7.3.7.7v6.8c0 .4-.3.7-.8.7H2.3a.8.8 0 01-.8-.8V9A.8.8 0 013 9v6h12V9c0-.4.3-.8.8-.8z\"><\/path>\n<\/svg>\t\t<span class=\"frm_upload_text\"><button type=\"button\" aria-label=\"Prisegti fail\u0105*. \u012eKELTI. Maximum file size: 524.29MB\">LASTE opp<\/button><\/span>\n\t\t<span class=\"frm_compact_text\"><button type=\"button\" aria-label=\"Prisegti fail\u0105*. \u012eKELTI. Maximum file size: 524.29MB\">LASTE opp<\/button><\/span>\n\t\t<div class=\"frm_small_text\">\n\t\t\t<p>Maximum file size: 524.29MB<\/p>\n\t\t<\/div>\n\t<\/div>\n<\/div>\n\t\r\n\t\r\n\t\r\n<\/div>\n<div id=\"frm_field_16_container\" class=\"frm_form_field form-field  frm_top_container frm6\">\r\n\t<label for=\"field_w8rc0\" id=\"field_w8rc0_label\" class=\"frm_primary_label\">Flere merknader\r\n\t\t<span class=\"frm_required\" aria-hidden=\"true\"><\/span>\r\n\t<\/label>\r\n\t<textarea name=\"item_meta[16]\" id=\"field_w8rc0\" rows=\"5\"  data-invmsg=\"Papildomos pastabos is invalid\" aria-invalid=\"false\"  ><\/textarea>\r\n\t\r\n\t\r\n<\/div>\n<div id=\"frm_field_38_container\" class=\"frm_form_field form-field  frm_required_field frm_top_container frm3 frm_first\">\r\n\t<label for=\"field_jo9gz\" id=\"field_jo9gz_label\" class=\"frm_primary_label\">Fornavn, etternavn*\r\n\t\t<span class=\"frm_required\" aria-hidden=\"true\"><\/span>\r\n\t<\/label>\r\n\t<input  type=\"text\" id=\"field_jo9gz\" name=\"item_meta[38]\" value=\"\"  data-reqmsg=\"Vardas, pavard\u0117* cannot be blank.\" aria-required=\"true\" data-invmsg=\"Vardas, pavard\u0117* is invalid\" aria-invalid=\"false\"   \/>\r\n\t\r\n\t\r\n<\/div>\n<div id=\"frm_field_19_container\" class=\"frm_form_field form-field  frm_top_container frm3\">\r\n\t<label for=\"field_gt5nf\" id=\"field_gt5nf_label\" class=\"frm_primary_label\">Selskapet\r\n\t\t<span class=\"frm_required\" aria-hidden=\"true\"><\/span>\r\n\t<\/label>\r\n\t<input  type=\"text\" id=\"field_gt5nf\" name=\"item_meta[19]\" value=\"\"  data-invmsg=\"\u012emon\u0117 is invalid\" aria-invalid=\"false\"   \/>\r\n\t\r\n\t\r\n<\/div>\n<div id=\"frm_field_21_container\" class=\"frm_form_field form-field  frm_required_field frm_top_container frm3\">\r\n\t<label for=\"field_uzay2\" id=\"field_uzay2_label\" class=\"frm_primary_label\">El. e-post*\r\n\t\t<span class=\"frm_required\" aria-hidden=\"true\"><\/span>\r\n\t<\/label>\r\n\t<input type=\"email\" id=\"field_uzay2\" name=\"item_meta[21]\" value=\"\"  data-reqmsg=\"El. pa\u0161tas* cannot be blank.\" aria-required=\"true\" data-invmsg=\"El. pa\u0161tas* is invalid\" aria-invalid=\"false\"  \/>\r\n\t\r\n\t\r\n<\/div>\n<div id=\"frm_field_20_container\" class=\"frm_form_field form-field  frm_required_field frm_top_container frm3\">\r\n\t<label for=\"field_dfcwn\" id=\"field_dfcwn_label\" class=\"frm_primary_label\">Tlf. ingen.*\r\n\t\t<span class=\"frm_required\" aria-hidden=\"true\"><\/span>\r\n\t<\/label>\r\n\t<input type=\"tel\" id=\"field_dfcwn\" name=\"item_meta[20]\" value=\"\"  data-reqmsg=\"Tel. nr.* cannot be blank.\" aria-required=\"true\" data-invmsg=\"Tel. nr.* is invalid\" aria-invalid=\"false\" pattern=\"((\\+\\d{1,3}(-|.| )?\\(?\\d\\)?(-| |.)?\\d{1,5})|(\\(?\\d{2,6}\\)?))(-|.| )?(\\d{3,4})(-|.| )?(\\d{4})(( x| ext)\\d{1,5}){0,1}$\"  \/>\r\n\t\r\n\t\r\n<\/div>\n<div id=\"frm_field_22_container\" class=\"frm_form_field form-field  frm_required_field frm_top_container frm12 frm_first vertical_radio\">\r\n\t<div  id=\"field_oejbu_label\" class=\"frm_primary_label\">\r\n\t\t<span class=\"frm_required\" aria-hidden=\"true\"><\/span>\r\n\t<\/div>\r\n\t<div class=\"frm_opt_container\" aria-labelledby=\"field_oejbu_label\" role=\"group\">\t\t<div class=\"frm_checkbox\" id=\"frm_checkbox_22-0\">\t\t\t<label  for=\"field_oejbu-0\">\n\t\t\t<input type=\"checkbox\" name=\"item_meta[22][]\" id=\"field_oejbu-0\" value=\"U\u017epildydamas form\u0105 patvirtinu, kad su privatumo politika susipa\u017einau ir sutinku*\"  data-reqmsg=\"This field cannot be blank.\" data-invmsg=\"This field is invalid\" aria-invalid=\"false\"   aria-required=\"true\"  \/> Ved \u00e5 fylle ut skjemaet jeg bekrefter herved at personvernreglene jeg har lest, og jeg er enig*<\/label><\/div>\n<\/div>\r\n\t\r\n\t\r\n<\/div>\n<input type=\"hidden\" name=\"item_meta[75]\" id=\"field_5ark5\" value=\"\"     \/>\n<input type=\"hidden\" name=\"item_meta[91]\" id=\"field_utm_source2\" value=\"\"     \/>\n<input type=\"hidden\" name=\"item_meta[92]\" id=\"field_utm_medium2\" value=\"\"     \/>\n<input type=\"hidden\" name=\"item_meta[93]\" id=\"field_utm_campaign2\" value=\"\"     \/>\n<input type=\"hidden\" name=\"item_meta[94]\" id=\"field_utm_content2\" value=\"\"     \/>\n<input type=\"hidden\" name=\"item_meta[95]\" id=\"field_gclid2\" value=\"\"     \/>\n<input type=\"hidden\" name=\"item_meta[96]\" id=\"field_wbraid2\" value=\"\"     \/>\n<input type=\"hidden\" name=\"item_meta[97]\" id=\"field_gbraid2\" value=\"\"     \/>\n<input type=\"hidden\" name=\"item_meta[98]\" id=\"field_fbclid2\" value=\"\"     \/>\n<input type=\"hidden\" name=\"item_meta[99]\" id=\"field_msclkid2\" value=\"\"     \/>\n<input type=\"hidden\" name=\"item_meta[101]\" id=\"field_landing_page2\" value=\"\"     \/>\n<input type=\"hidden\" name=\"item_meta[102]\" id=\"field_page_url2\" value=\"\"     \/>\n<input type=\"hidden\" name=\"item_meta[103]\" id=\"field_channel2\" value=\"\"     \/>\n<input type=\"hidden\" name=\"item_meta[104]\" id=\"field_social_network2\" value=\"\"     \/>\n<input type=\"hidden\" name=\"item_meta[105]\" id=\"field_source_domain2\" value=\"\"     \/>\n<input type=\"hidden\" name=\"item_meta[106]\" id=\"field_utm_term\" value=\"\"     \/>\n<div id=\"frm_field_108_container\" class=\"frm_form_field form-field  frm_none_container\">\r\n\t<label for=\"g-recaptcha-response\" id=\"field_g1se4_label\" class=\"frm_primary_label\">Captcha\r\n\t\t<span class=\"frm_required\" aria-hidden=\"true\"><\/span>\r\n\t<\/label>\r\n\t<div  id=\"field_g1se4\" class=\"frm-g-recaptcha\" data-sitekey=\"6LfiElksAAAAAM69kggLPUP7LLVtJNklVwgeXP1b\" data-size=\"invisible\" data-theme=\"light\"><\/div>\r\n\t\r\n\t\r\n<\/div>\n<div id=\"frm_field_6_container\" class=\"frm_form_field form-field\">\r\n\t<div class=\"frm_submit frm_flex\">\r\n<button class=\"frm_button_submit frm_final_submit\" type=\"submit\"   formnovalidate=\"formnovalidate\">SEND<\/button>\r\n\r\n\r\n\r\n<\/div>\r\n<\/div>\n\t<input type=\"hidden\" name=\"item_key\" value=\"\" \/>\n\t\t\t<div id=\"frm_field_111_container\">\n\t\t\t<label for=\"field_7ihsd\" >\n\t\t\t\tIf you are human, leave this field blank.\t\t\t<\/label>\n\t\t\t<input  id=\"field_7ihsd\" type=\"text\" class=\"frm_form_field form-field frm_verify\" name=\"item_meta[111]\" value=\"\"  \/>\n\t\t<\/div>\n\t\t<input name=\"frm_state\" type=\"hidden\" value=\"9Yjy8RqtDafb\/ZVEyaruAZ8UZYgXMI6ZbCW4aZWXrC8Gu2FhAocRP1HFqZvbmUq+\" \/><\/div>\n<\/fieldset>\n<\/div>\n\n<input type=\"hidden\" name=\"trp-form-language\" value=\"nb\"\/><\/form>\n<\/div>\n\t\t\t\t<\/div>\n\t\t\t\t<\/div>\n\t\t\t\t\t<\/div>\n\t\t\t\t<\/div>\n\t\t\t\t<\/div>","protected":false},"excerpt":{"rendered":"<p>U\u017eklausos forma Reikalavimai spaudos failui U\u017eklausos forma Produkto &#8211; paslaugos pavadinimas* Reikalavimai spaudos failui Vnt.** Gaminio matmenys Popierius \/ Kartonas (Kuo tiksliau apib\u016bdinkite popieriaus r\u016b\u0161\u012f ir stor\u012f)* I\u0161orin\u0117s pus\u0117s spalvingumas* Be spaudos1+02+03+04+05+06+0 Vidin\u0117s pus\u0117s spalvingumas* Be spaudos1+02+03+04+05+06+0 Apdaila* Pjovimas Kirtimas Klijavimas Lankstymas Segimas Lakavimas* Be lako Dispersinis blizgus Dispersinis matinis UV blizgus UV matinis UV [&hellip;]<\/p>","protected":false},"author":1,"featured_media":0,"parent":0,"menu_order":0,"comment_status":"closed","ping_status":"closed","template":"","meta":{"footnotes":""},"class_list":["post-760","page","type-page","status-publish","hentry"],"_links":{"self":[{"href":"https:\/\/trustpack.lt\/nb\/wp-json\/wp\/v2\/pages\/760","targetHints":{"allow":["GET"]}}],"collection":[{"href":"https:\/\/trustpack.lt\/nb\/wp-json\/wp\/v2\/pages"}],"about":[{"href":"https:\/\/trustpack.lt\/nb\/wp-json\/wp\/v2\/types\/page"}],"author":[{"embeddable":true,"href":"https:\/\/trustpack.lt\/nb\/wp-json\/wp\/v2\/users\/1"}],"replies":[{"embeddable":true,"href":"https:\/\/trustpack.lt\/nb\/wp-json\/wp\/v2\/comments?post=760"}],"version-history":[{"count":0,"href":"https:\/\/trustpack.lt\/nb\/wp-json\/wp\/v2\/pages\/760\/revisions"}],"wp:attachment":[{"href":"https:\/\/trustpack.lt\/nb\/wp-json\/wp\/v2\/media?parent=760"}],"curies":[{"name":"wp","href":"https:\/\/api.w.org\/{rel}","templated":true}]}}